{"id":9643,"date":"2025-06-16T09:52:32","date_gmt":"2025-06-16T06:52:32","guid":{"rendered":"https:\/\/stem-eshop.gr\/?post_type=product&#038;p=9643"},"modified":"2025-06-16T09:54:57","modified_gmt":"2025-06-16T06:54:57","slug":"as-magnet-box-%ce%b1%ce%bb%cf%86%ce%b1%ce%b2%ce%ae%cf%84%ce%b1-91-%ce%b5%ce%ba%cf%80%ce%b1%ce%b9%ce%b4%ce%b5%cf%85%cf%84%ce%b9%ce%ba%ce%bf%ce%af-%cf%87%ce%ac%cf%81%cf%84%ce%b9%ce%bd%ce%bf%ce%b9-%ce%bc","status":"publish","type":"product","link":"https:\/\/stem-eshop.gr\/tr\/urun\/as-magnet-box-%ce%b1%ce%bb%cf%86%ce%b1%ce%b2%ce%ae%cf%84%ce%b1-91-%ce%b5%ce%ba%cf%80%ce%b1%ce%b9%ce%b4%ce%b5%cf%85%cf%84%ce%b9%ce%ba%ce%bf%ce%af-%cf%87%ce%ac%cf%81%cf%84%ce%b9%ce%bd%ce%bf%ce%b9-%ce%bc\/","title":{"rendered":"AS Magnet Box Alfabe 91 3+ Ya\u015f \u0130\u00e7in E\u011fitici Ka\u011f\u0131t Magnetler"},"content":{"rendered":"<p>AS M\u0131knat\u0131s Kutular\u0131 Nedir?<\/p>\n<p>Ah\u015fap ve ka\u011f\u0131t m\u0131knat\u0131slar kullanan Magnet Box serisi, \u00e7ocuklar\u0131n hayal g\u00fc\u00e7lerini harekete ge\u00e7irirken becerilerini geli\u015ftirmelerini sa\u011flar. Magnet Box ile oynayan \u00e7ocuklar, m\u0131knat\u0131slar\u0131 birle\u015ftirmeyi \u00f6\u011frenirken ince motor becerilerini ve el-g\u00f6z koordinasyonlar\u0131n\u0131 geli\u015ftirir. En \u00f6nemlisi, seri, i\u015f birli\u011fi ve empati duygusunu geli\u015ftirerek \u00e7ocu\u011fun sosyal ve duygusal geli\u015fimine yard\u0131mc\u0131 olur. Seri, 2021 Oyuncak \u00d6d\u00fclleri&#039;nde En \u0130yi E\u011fitici Oyuncak kategorisinde G\u00fcm\u00fc\u015f \u00d6d\u00fcl&#039;e lay\u0131k g\u00f6r\u00fclm\u00fc\u015ft\u00fcr.<\/p>","protected":false},"excerpt":{"rendered":"<p>B\u00fcy\u00fck Yunan ve Latin harflerinin yan\u0131 s\u0131ra hayvan ve nesne resimlerinin bulundu\u011fu 91 ka\u011f\u0131t m\u0131knat\u0131stan olu\u015fan e\u011fitici bir oyuncak. \u00c7ocuklar\u0131n alfabeyi tan\u0131malar\u0131na ve basit kelimeler olu\u015fturmalar\u0131na yard\u0131mc\u0131 olur. T\u00fcm bunlar, g\u00fcnl\u00fck kullan\u0131ma uygun ve ayn\u0131 zamanda manyetik y\u00fczey i\u00e7in taban g\u00f6revi g\u00f6ren dayan\u0131kl\u0131 bir kutuda yer almaktad\u0131r.<\/p>\n<p>Set, ebeveynlere ve \u00e7ocuklara alfabe etraf\u0131nda e\u011flenceli ve e\u011fitici aktiviteler i\u00e7in bir\u00e7ok f\u0131rsat sunuyor. \u00c7ocuklar \u00f6nce harfleri tan\u0131maya ba\u015fl\u0131yor, ard\u0131ndan hayvan ve nesne m\u0131knat\u0131slar\u0131yla birlikte hecelemeye ve daha sonra resimli rehberin yard\u0131m\u0131yla kelimeleri yazmaya ba\u015fl\u0131yorlar.<\/p>","protected":false},"featured_media":9650,"comment_status":"open","ping_status":"closed","template":"","meta":{"site-sidebar-layout":"default","site-content-layout":"","ast-site-content-layout":"default","site-content-style":"default","site-sidebar-style":"default","ast-global-header-display":"","ast-banner-title-visibility":"","ast-main-header-display":"","ast-hfb-above-header-display":"","ast-hfb-below-header-display":"","ast-hfb-mobile-header-display":"","site-post-title":"","ast-breadcrumbs-content":"","ast-featured-img":"","footer-sml-layout":"","ast-disable-related-posts":"","theme-transparent-header-meta":"default","adv-header-id-meta":"","stick-header-meta":"","header-above-stick-meta":"","header-main-stick-meta":"","header-below-stick-meta":"","astra-migrate-meta-layouts":"set","ast-page-background-enabled":"default","ast-page-background-meta":{"desktop":{"background-color":"var(--ast-global-color-5)","background-image":"","background-repeat":"repeat","background-position":"center center","background-size":"auto","background-attachment":"scroll","background-type":"","background-media":"","overlay-type":"","overlay-color":"","overlay-opacity":"","overlay-gradient":""},"tablet":{"background-color":"","background-image":"","background-repeat":"repeat","background-position":"center center","background-size":"auto","background-attachment":"scroll","background-type":"","background-media":"","overlay-type":"","overlay-color":"","overlay-opacity":"","overlay-gradient":""},"mobile":{"background-color":"","background-image":"","background-repeat":"repeat","background-position":"center center","background-size":"auto","background-attachment":"scroll","background-type":"","background-media":"","overlay-type":"","overlay-color":"","overlay-opacity":"","overlay-gradient":""}},"ast-content-background-meta":{"desktop":{"background-color":"var(--ast-global-color-4)","background-image":"","background-repeat":"repeat","background-position":"center center","background-size":"auto","background-attachment":"scroll","background-type":"","background-media":"","overlay-type":"","overlay-color":"","overlay-opacity":"","overlay-gradient":""},"tablet":{"background-color":"var(--ast-global-color-4)","background-image":"","background-repeat":"repeat","background-position":"center center","background-size":"auto","background-attachment":"scroll","background-type":"","background-media":"","overlay-type":"","overlay-color":"","overlay-opacity":"","overlay-gradient":""},"mobile":{"background-color":"var(--ast-global-color-4)","background-image":"","background-repeat":"repeat","background-position":"center center","background-size":"auto","background-attachment":"scroll","background-type":"","background-media":"","overlay-type":"","overlay-color":"","overlay-opacity":"","overlay-gradient":""}}},"product_brand":[99],"product_cat":[126,42,39,26],"product_tag":[],"class_list":{"0":"post-9643","1":"product","2":"type-product","3":"status-publish","4":"has-post-thumbnail","6":"product_brand-as","7":"product_cat-126","8":"product_cat-42","9":"product_cat-39","10":"product_cat-26","11":"desktop-align-left","12":"tablet-align-left","13":"mobile-align-left","15":"first","16":"instock","17":"taxable","18":"shipping-taxable","19":"purchasable","20":"product-type-simple"},"_links":{"self":[{"href":"https:\/\/stem-eshop.gr\/tr\/wp-json\/wp\/v2\/product\/9643","targetHints":{"allow":["GET"]}}],"collection":[{"href":"https:\/\/stem-eshop.gr\/tr\/wp-json\/wp\/v2\/product"}],"about":[{"href":"https:\/\/stem-eshop.gr\/tr\/wp-json\/wp\/v2\/types\/product"}],"replies":[{"embeddable":true,"href":"https:\/\/stem-eshop.gr\/tr\/wp-json\/wp\/v2\/comments?post=9643"}],"wp:featuredmedia":[{"embeddable":true,"href":"https:\/\/stem-eshop.gr\/tr\/wp-json\/wp\/v2\/media\/9650"}],"wp:attachment":[{"href":"https:\/\/stem-eshop.gr\/tr\/wp-json\/wp\/v2\/media?parent=9643"}],"wp:term":[{"taxonomy":"product_brand","embeddable":true,"href":"https:\/\/stem-eshop.gr\/tr\/wp-json\/wp\/v2\/product_brand?post=9643"},{"taxonomy":"product_cat","embeddable":true,"href":"https:\/\/stem-eshop.gr\/tr\/wp-json\/wp\/v2\/product_cat?post=9643"},{"taxonomy":"product_tag","embeddable":true,"href":"https:\/\/stem-eshop.gr\/tr\/wp-json\/wp\/v2\/product_tag?post=9643"}],"curies":[{"name":"wp","href":"https:\/\/api.w.org\/{rel}","templated":true}]}}