{"id":9634,"date":"2025-06-16T09:43:04","date_gmt":"2025-06-16T06:43:04","guid":{"rendered":"https:\/\/stem-eshop.gr\/?post_type=product&#038;p=9634"},"modified":"2025-06-16T09:43:44","modified_gmt":"2025-06-16T06:43:44","slug":"%ce%bc%ce%b1%ce%b8%ce%b1%ce%af%ce%bd%cf%89-%ce%ba%ce%b1%ce%b9-%ce%b4%ce%b7%ce%bc%ce%b9%ce%bf%cf%85%cf%81%ce%b3%cf%8e-lab-play-for-future-%ce%b5%ce%ba%cf%80%ce%b1%ce%b9%ce%b4%ce%b5%cf%85%cf%84%ce%b9","status":"publish","type":"product","link":"https:\/\/stem-eshop.gr\/tr\/urun\/%ce%bc%ce%b1%ce%b8%ce%b1%ce%af%ce%bd%cf%89-%ce%ba%ce%b1%ce%b9-%ce%b4%ce%b7%ce%bc%ce%b9%ce%bf%cf%85%cf%81%ce%b3%cf%8e-lab-play-for-future-%ce%b5%ce%ba%cf%80%ce%b1%ce%b9%ce%b4%ce%b5%cf%85%cf%84%ce%b9\/","title":{"rendered":"Learn and Create Lab Play For Future 7+ ya\u015f i\u00e7in e\u011fitici oyun Planet Earth"},"content":{"rendered":"<p>Set i\u00e7erisinde gezegenler ve D\u00fcnya&#039;y\u0131 \u00e7evreleyen t\u00fcm olaylar hakk\u0131nda detayl\u0131 bilgilerin yer ald\u0131\u011f\u0131 resimli bir k\u0131lavuz ve setle birlikte gelen malzemeleri kullanarak t\u00fcm notlar\u0131n\u0131z\u0131 tutabilece\u011finiz bir g\u00f6zlemci not defteri de bulunmaktad\u0131r.<\/p>\n<p>Oyun \u015funlar\u0131 i\u00e7erir:<\/p>\n<p>Plastik taban<\/p>\n<p>Mevsimleri g\u00f6steren diskler<\/p>\n<p>Hava durumu etiketleri<\/p>\n<p>D\u00f6ner kol<\/p>\n<p>Ay evresi diskleri<\/p>\n<p>\u00c7ift tarafl\u0131 bant<\/p>\n<p>Di\u015fliler<\/p>\n<p>Resimli d\u00fcnya<\/p>\n<p>G\u00fcne\u015f<\/p>\n<p>Ay<\/p>\n<p>G\u00f6zlemcinin not defteri<\/p>\n<p>Geri d\u00f6n\u00fc\u015ft\u00fcr\u00fclm\u00fc\u015f ka\u011f\u0131ttan yap\u0131lm\u0131\u015f resimli k\u0131lavuz<\/p>\n<p><em>7 ya\u015f ve \u00fczeri \u00e7ocuklar\u0131n kullan\u0131m\u0131na uygundur<br \/>\n\u0130talya&#039;da \u00fcretildi<br \/>\n<\/em><\/p>\n<p>Play For Future \u00fcr\u00fcnleri, Clementoni&#039;nin daha Sorumlu \u00dcr\u00fcnlere olan ba\u011fl\u0131l\u0131\u011f\u0131n\u0131n somut bir g\u00f6stergesidir. Do\u011faya sayg\u0131 mesaj\u0131 ve geri d\u00f6n\u00fc\u015ft\u00fcr\u00fclm\u00fc\u015f malzemelerden \u00fcretilen t\u00fcm \u00fcr\u00fcnlerde g\u00f6r\u00fcnen kalp \u015feklinde bir yaprak logosuyla Clementoni, yeni bir \u00e7evre dostu oyuncak serisi yaratma yolunda h\u0131zla ilerliyor. D\u00fcnyan\u0131n de\u011ferli kaynaklar\u0131na de\u011fer veren, do\u011fay\u0131 koruyan ve geri d\u00f6n\u00fc\u015ft\u00fcr\u00fclm\u00fc\u015f malzemeleri tercih eden \u00e7ocuklar, oyun yoluyla do\u011fay\u0131 sevmeyi \u00f6\u011freniyor!<\/p>\n<p>\u00d6\u011fren ve Yarat oyuncak serisi, zengin ekipman, detayl\u0131 bilgi ve etkileyici, g\u00fcvenli deneyler ve yap\u0131lar in\u015fa etme talimatlar\u0131 sunarak \u00e7ocuklara bilimi \u00f6\u011frenme f\u0131rsat\u0131 sunan bilim oyuncaklar\u0131 kategorisinde liderdir. \u00c7ocuklar\u0131n deneyler yaparken, bilimsel ara\u00e7lar\u0131 kullan\u0131rken, fizik, kimya, astronomi, biyoloji, botanik ve temel bilimsel ve do\u011fal olaylar\u0131 ke\u015ffederken e\u011flenecekleri yenilik\u00e7i bir oyuncak serisidir. \u00d6\u011fren ve Yarat oyuncaklar\u0131, \u00e7ocuklar\u0131n bilimin s\u0131rlar\u0131n\u0131 \u00f6\u011frenmeleri i\u00e7in en yarat\u0131c\u0131, e\u011flenceli ve g\u00fcvenli yoldur!<\/p>","protected":false},"excerpt":{"rendered":"<p>D\u00fcnya&#039;da mevsimlerin birbiri ard\u0131na gelmesinin nedenini hi\u00e7 merak ettiniz mi?<\/p>\n<p>Bu set, G\u00fcne\u015f&#039;in bu olgudaki rol\u00fcn\u00fc, K\u00fcresel Is\u0131nman\u0131n ne oldu\u011funu ve gezegenimiz D\u00fcnya&#039;ya yard\u0131m etmek i\u00e7in kendi k\u00fc\u00e7\u00fck \u00e7abalar\u0131m\u0131zla neler yapabilece\u011fimizi ke\u015ffetmenize yard\u0131mc\u0131 olacak. D\u00fcnya&#039;n\u0131n hareketini, mevsimleri, ekolojiyi ve \u00e7ok daha fazlas\u0131n\u0131 ke\u015ffetmek i\u00e7in y\u00fcksek kaliteli geri d\u00f6n\u00fc\u015ft\u00fcr\u00fclm\u00fc\u015f malzemelerden yap\u0131lm\u0131\u015f bir bilim seti! Muhte\u015fem 3B model sayesinde, D\u00fcnya&#039;n\u0131n G\u00fcne\u015f etraf\u0131ndaki d\u00f6n\u00fc\u015f\u00fc hakk\u0131nda her \u015feyi ke\u015ffedebilirsiniz. Daha da canl\u0131 bir temsil i\u00e7in ger\u00e7ek\u00e7i renkli gezegenlerle!<\/p>","protected":false},"featured_media":9642,"comment_status":"open","ping_status":"closed","template":"","meta":{"site-sidebar-layout":"default","site-content-layout":"","ast-site-content-layout":"default","site-content-style":"default","site-sidebar-style":"default","ast-global-header-display":"","ast-banner-title-visibility":"","ast-main-header-display":"","ast-hfb-above-header-display":"","ast-hfb-below-header-display":"","ast-hfb-mobile-header-display":"","site-post-title":"","ast-breadcrumbs-content":"","ast-featured-img":"","footer-sml-layout":"","ast-disable-related-posts":"","theme-transparent-header-meta":"default","adv-header-id-meta":"","stick-header-meta":"","header-above-stick-meta":"","header-main-stick-meta":"","header-below-stick-meta":"","astra-migrate-meta-layouts":"set","ast-page-background-enabled":"default","ast-page-background-meta":{"desktop":{"background-color":"var(--ast-global-color-5)","background-image":"","background-repeat":"repeat","background-position":"center center","background-size":"auto","background-attachment":"scroll","background-type":"","background-media":"","overlay-type":"","overlay-color":"","overlay-opacity":"","overlay-gradient":""},"tablet":{"background-color":"","background-image":"","background-repeat":"repeat","background-position":"center center","background-size":"auto","background-attachment":"scroll","background-type":"","background-media":"","overlay-type":"","overlay-color":"","overlay-opacity":"","overlay-gradient":""},"mobile":{"background-color":"","background-image":"","background-repeat":"repeat","background-position":"center center","background-size":"auto","background-attachment":"scroll","background-type":"","background-media":"","overlay-type":"","overlay-color":"","overlay-opacity":"","overlay-gradient":""}},"ast-content-background-meta":{"desktop":{"background-color":"var(--ast-global-color-4)","background-image":"","background-repeat":"repeat","background-position":"center center","background-size":"auto","background-attachment":"scroll","background-type":"","background-media":"","overlay-type":"","overlay-color":"","overlay-opacity":"","overlay-gradient":""},"tablet":{"background-color":"var(--ast-global-color-4)","background-image":"","background-repeat":"repeat","background-position":"center center","background-size":"auto","background-attachment":"scroll","background-type":"","background-media":"","overlay-type":"","overlay-color":"","overlay-opacity":"","overlay-gradient":""},"mobile":{"background-color":"var(--ast-global-color-4)","background-image":"","background-repeat":"repeat","background-position":"center center","background-size":"auto","background-attachment":"scroll","background-type":"","background-media":"","overlay-type":"","overlay-color":"","overlay-opacity":"","overlay-gradient":""}}},"product_brand":[114],"product_cat":[43,39,30,54,59,58],"product_tag":[],"class_list":{"0":"post-9634","1":"product","2":"type-product","3":"status-publish","4":"has-post-thumbnail","6":"product_brand-mathenw","7":"product_cat-43","8":"product_cat-39","9":"product_cat--6-9-","10":"product_cat-54","11":"product_cat-59","12":"product_cat-58","13":"desktop-align-left","14":"tablet-align-left","15":"mobile-align-left","17":"first","18":"instock","19":"taxable","20":"shipping-taxable","21":"purchasable","22":"product-type-simple"},"_links":{"self":[{"href":"https:\/\/stem-eshop.gr\/tr\/wp-json\/wp\/v2\/product\/9634","targetHints":{"allow":["GET"]}}],"collection":[{"href":"https:\/\/stem-eshop.gr\/tr\/wp-json\/wp\/v2\/product"}],"about":[{"href":"https:\/\/stem-eshop.gr\/tr\/wp-json\/wp\/v2\/types\/product"}],"replies":[{"embeddable":true,"href":"https:\/\/stem-eshop.gr\/tr\/wp-json\/wp\/v2\/comments?post=9634"}],"wp:featuredmedia":[{"embeddable":true,"href":"https:\/\/stem-eshop.gr\/tr\/wp-json\/wp\/v2\/media\/9642"}],"wp:attachment":[{"href":"https:\/\/stem-eshop.gr\/tr\/wp-json\/wp\/v2\/media?parent=9634"}],"wp:term":[{"taxonomy":"product_brand","embeddable":true,"href":"https:\/\/stem-eshop.gr\/tr\/wp-json\/wp\/v2\/product_brand?post=9634"},{"taxonomy":"product_cat","embeddable":true,"href":"https:\/\/stem-eshop.gr\/tr\/wp-json\/wp\/v2\/product_cat?post=9634"},{"taxonomy":"product_tag","embeddable":true,"href":"https:\/\/stem-eshop.gr\/tr\/wp-json\/wp\/v2\/product_tag?post=9634"}],"curies":[{"name":"wp","href":"https:\/\/api.w.org\/{rel}","templated":true}]}}