{"id":8368,"date":"2025-05-23T13:43:18","date_gmt":"2025-05-23T10:43:18","guid":{"rendered":"https:\/\/stem-eshop.gr\/?post_type=product&#038;p=8368"},"modified":"2025-05-23T13:43:19","modified_gmt":"2025-05-23T10:43:19","slug":"50-models-motorized-set-multi-model-set","status":"publish","type":"product","link":"https:\/\/stem-eshop.gr\/tr\/urun\/50-models-motorized-set-multi-model-set\/","title":{"rendered":"50 MODEL MOTORLU SET - \u00c7OKLU MODEL SETI"},"content":{"rendered":"<p>\u03a4\u03bf \u03ba\u03bb\u03b1\u03c3\u03b9\u03ba\u03cc \u03c3\u03cd\u03c3\u03c4\u03b7\u03bc\u03b1 \u03ba\u03b1\u03c4\u03b1\u03c3\u03ba\u03b5\u03c5\u03ae\u03c2 \u03b5\u03c6\u03b1\u03c1\u03bc\u03cc\u03b6\u03b5\u03c4\u03b1\u03b9, \u03ba\u03b1\u03b8\u03b9\u03c3\u03c4\u03ce\u03bd\u03c4\u03b1\u03c2 \u03c4\u03b1 \u03c3\u03b5\u03c4 \u03ba\u03b1\u03c4\u03ac\u03bb\u03bb\u03b7\u03bb\u03b1 \u03b3\u03b9\u03b1 \u03c0\u03b1\u03b9\u03b4\u03b9\u03ac \u03b1\u03c0\u03cc 6 \u03b5\u03c4\u03ce\u03bd, \u03c0\u03c1\u03bf\u03c3\u03c6\u03ad\u03c1\u03bf\u03bd\u03c4\u03b1\u03c2 \u03ad\u03bd\u03b1 \u03b5\u03bd\u03b4\u03b9\u03ac\u03bc\u03b5\u03c3\u03bf \u03b2\u03ae\u03bc\u03b1 \u03bc\u03b5\u03c4\u03b1\u03be\u03cd \u03c4\u03c9\u03bd \u03c3\u03b5\u03b9\u03c1\u03ce\u03bd Qboidz \u03ba\u03b1\u03b9 Mechanics. \u0397 \u03b1\u03bd\u03ac\u03c0\u03c4\u03c5\u03be\u03b7 \u03c4\u03b7\u03c2 \u03b4\u03b7\u03bc\u03b9\u03bf\u03c5\u03c1\u03b3\u03b9\u03ba\u03cc\u03c4\u03b7\u03c4\u03b1\u03c2 \u03b5\u03af\u03bd\u03b1\u03b9 \u03c4\u03bf \u03ba\u03b5\u03bd\u03c4\u03c1\u03b9\u03ba\u03cc \u03c3\u03b7\u03bc\u03b5\u03af\u03bf \u03b1\u03c5\u03c4\u03ae\u03c2 \u03c4\u03b7\u03c2 \u03c3\u03b5\u03b9\u03c1\u03ac\u03c2, \u03bc\u03b5 \u03c3\u03b5\u03c4 \u03c0\u03bf\u03c5 \u03be\u03b5\u03ba\u03b9\u03bd\u03bf\u03cd\u03bd \u03b1\u03c0\u03cc 10 \u03bc\u03bf\u03bd\u03c4\u03ad\u03bb\u03b1 \u03ba\u03b1\u03b9 \u03c6\u03c4\u03ac\u03bd\u03bf\u03c5\u03bd \u03ad\u03c9\u03c2 120 \u03bc\u03bf\u03bd\u03c4\u03ad\u03bb\u03b1!<\/p>\n<p>30 ve \u00fczeri modelden olu\u015fan t\u00fcm setler, arabalar, vin\u00e7ler, dinozorlar ve helikopterler gibi hareketli yap\u0131lar i\u00e7in yeni ENGINO\u00ae 2 h\u0131zl\u0131 motoru i\u00e7erir. Tek s\u0131n\u0131r, \u00e7ocu\u011funuzun hayal g\u00fcc\u00fcd\u00fcr!<\/p>","protected":false},"excerpt":{"rendered":"<p>Yeni CREATIVE BUILDER \u2013 Multimodel serisi, b\u00fcy\u00fck ba\u015far\u0131ya ula\u015fan INVENTOR 2017 serisinin en son y\u00fckseltmesidir ve ENGINO\u00ae&#039;nun en iyi \u00f6zelliklerini sergilemektedir: M\u00fcmk\u00fcn oldu\u011funca \u00e7ok say\u0131da modeli h\u0131zl\u0131 ve kolay bir \u015fekilde in\u015fa etme yetene\u011fi!<\/p>","protected":false},"featured_media":8376,"comment_status":"open","ping_status":"closed","template":"","meta":{"site-sidebar-layout":"default","site-content-layout":"","ast-site-content-layout":"default","site-content-style":"default","site-sidebar-style":"default","ast-global-header-display":"","ast-banner-title-visibility":"","ast-main-header-display":"","ast-hfb-above-header-display":"","ast-hfb-below-header-display":"","ast-hfb-mobile-header-display":"","site-post-title":"","ast-breadcrumbs-content":"","ast-featured-img":"","footer-sml-layout":"","ast-disable-related-posts":"","theme-transparent-header-meta":"default","adv-header-id-meta":"","stick-header-meta":"","header-above-stick-meta":"","header-main-stick-meta":"","header-below-stick-meta":"","astra-migrate-meta-layouts":"set","ast-page-background-enabled":"default","ast-page-background-meta":{"desktop":{"background-color":"var(--ast-global-color-5)","background-image":"","background-repeat":"repeat","background-position":"center center","background-size":"auto","background-attachment":"scroll","background-type":"","background-media":"","overlay-type":"","overlay-color":"","overlay-opacity":"","overlay-gradient":""},"tablet":{"background-color":"","background-image":"","background-repeat":"repeat","background-position":"center center","background-size":"auto","background-attachment":"scroll","background-type":"","background-media":"","overlay-type":"","overlay-color":"","overlay-opacity":"","overlay-gradient":""},"mobile":{"background-color":"","background-image":"","background-repeat":"repeat","background-position":"center center","background-size":"auto","background-attachment":"scroll","background-type":"","background-media":"","overlay-type":"","overlay-color":"","overlay-opacity":"","overlay-gradient":""}},"ast-content-background-meta":{"desktop":{"background-color":"var(--ast-global-color-4)","background-image":"","background-repeat":"repeat","background-position":"center center","background-size":"auto","background-attachment":"scroll","background-type":"","background-media":"","overlay-type":"","overlay-color":"","overlay-opacity":"","overlay-gradient":""},"tablet":{"background-color":"var(--ast-global-color-4)","background-image":"","background-repeat":"repeat","background-position":"center center","background-size":"auto","background-attachment":"scroll","background-type":"","background-media":"","overlay-type":"","overlay-color":"","overlay-opacity":"","overlay-gradient":""},"mobile":{"background-color":"var(--ast-global-color-4)","background-image":"","background-repeat":"repeat","background-position":"center center","background-size":"auto","background-attachment":"scroll","background-type":"","background-media":"","overlay-type":"","overlay-color":"","overlay-opacity":"","overlay-gradient":""}}},"product_brand":[95],"product_cat":[43,52,29,32,57,35,30,34,59],"product_tag":[],"class_list":{"0":"post-8368","1":"product","2":"type-product","3":"status-publish","4":"has-post-thumbnail","6":"product_brand-engino","7":"product_cat-43","8":"product_cat-52","9":"product_cat-29","10":"product_cat-32","11":"product_cat-57","12":"product_cat--10-12-","13":"product_cat--6-9-","14":"product_cat-34","15":"product_cat-59","16":"desktop-align-left","17":"tablet-align-left","18":"mobile-align-left","20":"first","21":"instock","22":"taxable","23":"shipping-taxable","24":"purchasable","25":"product-type-simple"},"_links":{"self":[{"href":"https:\/\/stem-eshop.gr\/tr\/wp-json\/wp\/v2\/product\/8368","targetHints":{"allow":["GET"]}}],"collection":[{"href":"https:\/\/stem-eshop.gr\/tr\/wp-json\/wp\/v2\/product"}],"about":[{"href":"https:\/\/stem-eshop.gr\/tr\/wp-json\/wp\/v2\/types\/product"}],"replies":[{"embeddable":true,"href":"https:\/\/stem-eshop.gr\/tr\/wp-json\/wp\/v2\/comments?post=8368"}],"wp:featuredmedia":[{"embeddable":true,"href":"https:\/\/stem-eshop.gr\/tr\/wp-json\/wp\/v2\/media\/8376"}],"wp:attachment":[{"href":"https:\/\/stem-eshop.gr\/tr\/wp-json\/wp\/v2\/media?parent=8368"}],"wp:term":[{"taxonomy":"product_brand","embeddable":true,"href":"https:\/\/stem-eshop.gr\/tr\/wp-json\/wp\/v2\/product_brand?post=8368"},{"taxonomy":"product_cat","embeddable":true,"href":"https:\/\/stem-eshop.gr\/tr\/wp-json\/wp\/v2\/product_cat?post=8368"},{"taxonomy":"product_tag","embeddable":true,"href":"https:\/\/stem-eshop.gr\/tr\/wp-json\/wp\/v2\/product_tag?post=8368"}],"curies":[{"name":"wp","href":"https:\/\/api.w.org\/{rel}","templated":true}]}}