{"id":7700,"date":"2025-05-21T12:46:18","date_gmt":"2025-05-21T12:46:18","guid":{"rendered":"https:\/\/stem-eshop.gr\/product\/inventor-motorized-%ce%b1%ce%b3%cf%89%ce%bd%ce%b9%cf%83%cf%84%ce%b9%ce%ba%cf%8c-%ce%b1%cf%85%cf%84%ce%bf%ce%ba%ce%af%ce%bd%ce%b7%cf%84%ce%bf-%ce%bc%ce%b5-10-%ce%bc%ce%bf%ce%bd%cf%84%ce%ad%ce%bb-2\/"},"modified":"2025-05-28T10:51:59","modified_gmt":"2025-05-28T07:51:59","slug":"inventor-motorized-%ce%b1%ce%b3%cf%89%ce%bd%ce%b9%cf%83%cf%84%ce%b9%ce%ba%cf%8c-%ce%b1%cf%85%cf%84%ce%bf%ce%ba%ce%af%ce%bd%ce%b7%cf%84%ce%bf-%ce%bc%ce%b5-10-%ce%bc%ce%bf%ce%bd%cf%84%ce%ad%ce%bb-2","status":"publish","type":"product","link":"https:\/\/stem-eshop.gr\/tr\/urun\/inventor-motorized-%ce%b1%ce%b3%cf%89%ce%bd%ce%b9%cf%83%cf%84%ce%b9%ce%ba%cf%8c-%ce%b1%cf%85%cf%84%ce%bf%ce%ba%ce%af%ce%bd%ce%b7%cf%84%ce%bf-%ce%bc%ce%b5-10-%ce%bc%ce%bf%ce%bd%cf%84%ce%ad%ce%bb-2\/","title":{"rendered":"10 bonus modele sahip INVENTOR MOTORLU \u201cyar\u0131\u015f arabas\u0131\u201d."},"content":{"rendered":"<p>Bu par\u00e7alar aras\u0131nda y\u00fcksek hassasiyetli tekerlekler, mekanizmalar ve ge\u00e7meli uygulama \u00f6zelli\u011fine sahip kavisli y\u00fczeyler yer al\u0131yor.<\/p>\n<p>Bu set, di\u015fli motor ilavesiyle \u00e7ocuklara meydan okuyor.<\/p>\n<p>Evde e\u011fitim i\u00e7in uygundur<\/p>\n<p>3D Olu\u015fturucu<\/p>","protected":false},"excerpt":{"rendered":"<p>Yeni INVENTOR serisi, etkileyici bir ana model de dahil olmak \u00fczere birden fazla model olu\u015fturma yetene\u011fiyle tematik bir yakla\u015f\u0131ma sahiptir. ENGINO\u00ae sistemine patent bekleyen bile\u015fenlerden olu\u015fan yeni bir k\u00fct\u00fcphane eklenerek hem estetik hem de teknik \u00f6zellikler iyile\u015ftirildi.<\/p>","protected":false},"featured_media":8315,"comment_status":"open","ping_status":"closed","template":"","meta":{"site-sidebar-layout":"default","site-content-layout":"","ast-site-content-layout":"default","site-content-style":"default","site-sidebar-style":"default","ast-global-header-display":"","ast-banner-title-visibility":"","ast-main-header-display":"","ast-hfb-above-header-display":"","ast-hfb-below-header-display":"","ast-hfb-mobile-header-display":"","site-post-title":"","ast-breadcrumbs-content":"","ast-featured-img":"","footer-sml-layout":"","ast-disable-related-posts":"","theme-transparent-header-meta":"default","adv-header-id-meta":"","stick-header-meta":"","header-above-stick-meta":"","header-main-stick-meta":"","header-below-stick-meta":"","astra-migrate-meta-layouts":"set","ast-page-background-enabled":"default","ast-page-background-meta":{"desktop":{"background-color":"var(--ast-global-color-5)","background-image":"","background-repeat":"repeat","background-position":"center center","background-size":"auto","background-attachment":"scroll","background-type":"","background-media":"","overlay-type":"","overlay-color":"","overlay-opacity":"","overlay-gradient":""},"tablet":{"background-color":"","background-image":"","background-repeat":"repeat","background-position":"center center","background-size":"auto","background-attachment":"scroll","background-type":"","background-media":"","overlay-type":"","overlay-color":"","overlay-opacity":"","overlay-gradient":""},"mobile":{"background-color":"","background-image":"","background-repeat":"repeat","background-position":"center center","background-size":"auto","background-attachment":"scroll","background-type":"","background-media":"","overlay-type":"","overlay-color":"","overlay-opacity":"","overlay-gradient":""}},"ast-content-background-meta":{"desktop":{"background-color":"var(--ast-global-color-4)","background-image":"","background-repeat":"repeat","background-position":"center center","background-size":"auto","background-attachment":"scroll","background-type":"","background-media":"","overlay-type":"","overlay-color":"","overlay-opacity":"","overlay-gradient":""},"tablet":{"background-color":"var(--ast-global-color-4)","background-image":"","background-repeat":"repeat","background-position":"center center","background-size":"auto","background-attachment":"scroll","background-type":"","background-media":"","overlay-type":"","overlay-color":"","overlay-opacity":"","overlay-gradient":""},"mobile":{"background-color":"var(--ast-global-color-4)","background-image":"","background-repeat":"repeat","background-position":"center center","background-size":"auto","background-attachment":"scroll","background-type":"","background-media":"","overlay-type":"","overlay-color":"","overlay-opacity":"","overlay-gradient":""}}},"product_brand":[95],"product_cat":[39,38,29,56,32,57,35,40,30,59,58],"product_tag":[],"class_list":{"0":"post-7700","1":"product","2":"type-product","3":"status-publish","4":"has-post-thumbnail","6":"product_brand-engino","7":"product_cat-39","8":"product_cat-38","9":"product_cat-29","10":"product_cat-56","11":"product_cat-32","12":"product_cat-57","13":"product_cat--10-12-","14":"product_cat--12-","15":"product_cat--6-9-","16":"product_cat-59","17":"product_cat-58","18":"desktop-align-left","19":"tablet-align-left","20":"mobile-align-left","22":"first","23":"instock","24":"taxable","25":"shipping-taxable","26":"purchasable","27":"product-type-simple"},"_links":{"self":[{"href":"https:\/\/stem-eshop.gr\/tr\/wp-json\/wp\/v2\/product\/7700","targetHints":{"allow":["GET"]}}],"collection":[{"href":"https:\/\/stem-eshop.gr\/tr\/wp-json\/wp\/v2\/product"}],"about":[{"href":"https:\/\/stem-eshop.gr\/tr\/wp-json\/wp\/v2\/types\/product"}],"replies":[{"embeddable":true,"href":"https:\/\/stem-eshop.gr\/tr\/wp-json\/wp\/v2\/comments?post=7700"}],"wp:featuredmedia":[{"embeddable":true,"href":"https:\/\/stem-eshop.gr\/tr\/wp-json\/wp\/v2\/media\/8315"}],"wp:attachment":[{"href":"https:\/\/stem-eshop.gr\/tr\/wp-json\/wp\/v2\/media?parent=7700"}],"wp:term":[{"taxonomy":"product_brand","embeddable":true,"href":"https:\/\/stem-eshop.gr\/tr\/wp-json\/wp\/v2\/product_brand?post=7700"},{"taxonomy":"product_cat","embeddable":true,"href":"https:\/\/stem-eshop.gr\/tr\/wp-json\/wp\/v2\/product_cat?post=7700"},{"taxonomy":"product_tag","embeddable":true,"href":"https:\/\/stem-eshop.gr\/tr\/wp-json\/wp\/v2\/product_tag?post=7700"}],"curies":[{"name":"wp","href":"https:\/\/api.w.org\/{rel}","templated":true}]}}