{"id":7556,"date":"2025-05-19T10:43:00","date_gmt":"2025-05-19T10:43:00","guid":{"rendered":"https:\/\/stem-eshop.gr\/product\/creative-builder-20-models-multimodel-set\/"},"modified":"2025-05-23T13:08:35","modified_gmt":"2025-05-23T10:08:35","slug":"creative-builder-20-models-multimodel-set","status":"publish","type":"product","link":"https:\/\/stem-eshop.gr\/tr\/urun\/creative-builder-20-models-multimodel-set\/","title":{"rendered":"CREATIVE BUILDER 20 MODEL \u00c7OKLU MODEL SET\u0130"},"content":{"rendered":"<p>Yeni CREATIVE BUILDER \u2013 Multimodel serisi, ba\u015far\u0131l\u0131 INVENTOR 2017 serisinin en yeni \u00fcyesi ve ENGINO\u00ae&#039;nun en iyi \u00f6zelliklerini sergiliyor: m\u00fcmk\u00fcn oldu\u011funca \u00e7ok modeli h\u0131zl\u0131 ve kolay bir \u015fekilde in\u015fa etme yetene\u011fi! Klasik yap\u0131 sistemi kullan\u0131larak \u00fcretilen setler, 6 ya\u015f ve \u00fczeri \u00e7ocuklar i\u00e7in uygun hale getiriliyor ve Qboidz ile Mechanics serileri aras\u0131nda bir ara basamak olu\u015fturuyor. 10 modelden ba\u015flay\u0131p 120 modele kadar uzanan bu serinin ana oda\u011f\u0131 yarat\u0131c\u0131l\u0131\u011f\u0131 geli\u015ftirmek! 30 model ve \u00fczeri t\u00fcm setler, arabalardan vin\u00e7lere, dinozorlara ve helikopterlere kadar yap\u0131lar\u0131 hareket ettiren yeni ENGINO\u00ae 2 h\u0131zl\u0131 motoru i\u00e7eriyor. Tek s\u0131n\u0131r, \u00e7ocu\u011fun hayal g\u00fcc\u00fc!<\/p>","protected":false},"excerpt":{"rendered":"<p>6 ya\u015f ve \u00fczeri i\u00e7in tasarlanan bu \u00e7ok modelli yap\u0131m oyunca\u011f\u0131, \u00e7ocu\u011funuzun yarat\u0131c\u0131l\u0131\u011f\u0131n\u0131 bir \u00fcst seviyeye ta\u015f\u0131yacak. Yarat\u0131c\u0131 yap\u0131m yoluyla STEM&#039;i ke\u015ffetmek ve ilgi duymak isteyen yeni ba\u015flayanlar i\u00e7in m\u00fckemmel bir model seti.<\/p>","protected":false},"featured_media":8341,"comment_status":"open","ping_status":"closed","template":"","meta":{"site-sidebar-layout":"default","site-content-layout":"","ast-site-content-layout":"default","site-content-style":"default","site-sidebar-style":"default","ast-global-header-display":"","ast-banner-title-visibility":"","ast-main-header-display":"","ast-hfb-above-header-display":"","ast-hfb-below-header-display":"","ast-hfb-mobile-header-display":"","site-post-title":"","ast-breadcrumbs-content":"","ast-featured-img":"","footer-sml-layout":"","ast-disable-related-posts":"","theme-transparent-header-meta":"default","adv-header-id-meta":"","stick-header-meta":"","header-above-stick-meta":"","header-main-stick-meta":"","header-below-stick-meta":"","astra-migrate-meta-layouts":"set","ast-page-background-enabled":"default","ast-page-background-meta":{"desktop":{"background-color":"var(--ast-global-color-5)","background-image":"","background-repeat":"repeat","background-position":"center center","background-size":"auto","background-attachment":"scroll","background-type":"","background-media":"","overlay-type":"","overlay-color":"","overlay-opacity":"","overlay-gradient":""},"tablet":{"background-color":"","background-image":"","background-repeat":"repeat","background-position":"center center","background-size":"auto","background-attachment":"scroll","background-type":"","background-media":"","overlay-type":"","overlay-color":"","overlay-opacity":"","overlay-gradient":""},"mobile":{"background-color":"","background-image":"","background-repeat":"repeat","background-position":"center center","background-size":"auto","background-attachment":"scroll","background-type":"","background-media":"","overlay-type":"","overlay-color":"","overlay-opacity":"","overlay-gradient":""}},"ast-content-background-meta":{"desktop":{"background-color":"var(--ast-global-color-4)","background-image":"","background-repeat":"repeat","background-position":"center center","background-size":"auto","background-attachment":"scroll","background-type":"","background-media":"","overlay-type":"","overlay-color":"","overlay-opacity":"","overlay-gradient":""},"tablet":{"background-color":"var(--ast-global-color-4)","background-image":"","background-repeat":"repeat","background-position":"center center","background-size":"auto","background-attachment":"scroll","background-type":"","background-media":"","overlay-type":"","overlay-color":"","overlay-opacity":"","overlay-gradient":""},"mobile":{"background-color":"var(--ast-global-color-4)","background-image":"","background-repeat":"repeat","background-position":"center center","background-size":"auto","background-attachment":"scroll","background-type":"","background-media":"","overlay-type":"","overlay-color":"","overlay-opacity":"","overlay-gradient":""}}},"product_brand":[95],"product_cat":[126,43,39,29,32,57,30,59],"product_tag":[],"class_list":{"0":"post-7556","1":"product","2":"type-product","3":"status-publish","4":"has-post-thumbnail","6":"product_brand-engino","7":"product_cat-126","8":"product_cat-43","9":"product_cat-39","10":"product_cat-29","11":"product_cat-32","12":"product_cat-57","13":"product_cat--6-9-","14":"product_cat-59","15":"desktop-align-left","16":"tablet-align-left","17":"mobile-align-left","19":"first","20":"instock","21":"taxable","22":"shipping-taxable","23":"purchasable","24":"product-type-simple"},"_links":{"self":[{"href":"https:\/\/stem-eshop.gr\/tr\/wp-json\/wp\/v2\/product\/7556","targetHints":{"allow":["GET"]}}],"collection":[{"href":"https:\/\/stem-eshop.gr\/tr\/wp-json\/wp\/v2\/product"}],"about":[{"href":"https:\/\/stem-eshop.gr\/tr\/wp-json\/wp\/v2\/types\/product"}],"replies":[{"embeddable":true,"href":"https:\/\/stem-eshop.gr\/tr\/wp-json\/wp\/v2\/comments?post=7556"}],"wp:featuredmedia":[{"embeddable":true,"href":"https:\/\/stem-eshop.gr\/tr\/wp-json\/wp\/v2\/media\/8341"}],"wp:attachment":[{"href":"https:\/\/stem-eshop.gr\/tr\/wp-json\/wp\/v2\/media?parent=7556"}],"wp:term":[{"taxonomy":"product_brand","embeddable":true,"href":"https:\/\/stem-eshop.gr\/tr\/wp-json\/wp\/v2\/product_brand?post=7556"},{"taxonomy":"product_cat","embeddable":true,"href":"https:\/\/stem-eshop.gr\/tr\/wp-json\/wp\/v2\/product_cat?post=7556"},{"taxonomy":"product_tag","embeddable":true,"href":"https:\/\/stem-eshop.gr\/tr\/wp-json\/wp\/v2\/product_tag?post=7556"}],"curies":[{"name":"wp","href":"https:\/\/api.w.org\/{rel}","templated":true}]}}