{"id":7529,"date":"2025-05-19T10:42:07","date_gmt":"2025-05-19T10:42:07","guid":{"rendered":"https:\/\/stem-eshop.gr\/product\/%cf%83%ce%b5%cf%84-%ce%bb%ce%bf%cf%8d%ce%bd%ce%b1-%cf%80%ce%b1%cf%81%ce%ba-london-eye-%ce%ba%ce%b1%ce%b9-%cf%81%cf%8c%ce%b4%ce%b1-%ce%bb%ce%bf%cf%8d%ce%bd%ce%b1-%cf%80%ce%b1%cf%81%ce%ba\/"},"modified":"2025-05-22T21:13:30","modified_gmt":"2025-05-22T18:13:30","slug":"%cf%83%ce%b5%cf%84-%ce%bb%ce%bf%cf%8d%ce%bd%ce%b1-%cf%80%ce%b1%cf%81%ce%ba-london-eye-%ce%ba%ce%b1%ce%b9-%cf%81%cf%8c%ce%b4%ce%b1-%ce%bb%ce%bf%cf%8d%ce%bd%ce%b1-%cf%80%ce%b1%cf%81%ce%ba","status":"publish","type":"product","link":"https:\/\/stem-eshop.gr\/tr\/urun\/%cf%83%ce%b5%cf%84-%ce%bb%ce%bf%cf%8d%ce%bd%ce%b1-%cf%80%ce%b1%cf%81%ce%ba-london-eye-%ce%ba%ce%b1%ce%b9-%cf%81%cf%8c%ce%b4%ce%b1-%ce%bb%ce%bf%cf%8d%ce%bd%ce%b1-%cf%80%ce%b1%cf%81%ce%ba\/","title":{"rendered":"E\u011flence Park\u0131 Seti: London Eye ve E\u011flence Park\u0131 Tekerle\u011fi"},"content":{"rendered":"<p>Ayr\u0131ca, bir di\u015fli kutusu, bir deney vinci, bir atl\u0131kar\u0131nca ve bir planetaryum da dahil olmak \u00fczere d\u00f6rt k\u00fc\u00e7\u00fck model in\u015fa ederek di\u015flilerle deneyler yapabilirsiniz. T\u00fcm modeller i\u00e7in kolay anla\u015f\u0131l\u0131r yap\u0131m talimatlar\u0131n\u0131 \u00e7evrimi\u00e7i olarak veya birlikte verilen k\u0131lavuzda bulabilirsiniz. K\u0131lavuz, ilgili \u00e7e\u015fitli bilimsel prensiplerin ayr\u0131nt\u0131l\u0131 a\u00e7\u0131klamalar\u0131n\u0131 sunar ve uygulamal\u0131 \u00f6\u011frenme i\u00e7in yenilik\u00e7i deneysel aktiviteler i\u00e7erir. Ayr\u0131ca, yeni edindi\u011finiz bilgileri test edebilece\u011finiz bir S\u0131nav b\u00f6l\u00fcm\u00fc de mevcuttur!<\/p>","protected":false},"excerpt":{"rendered":"<p>E\u011flence parklar\u0131nda, ana ilgi \u00e7ekici yerler genellikle heyecan verici, h\u0131zl\u0131 oyuncaklar veya yukar\u0131dan muhte\u015fem manzaralar sunan romantik, yava\u015f hareket eden d\u00f6nme dolaplard\u0131r. Bu set, bu oyuncaklar\u0131n d\u00f6rt b\u00fcy\u00fck \u00f6l\u00e7ekli modelini \u00e7al\u0131\u015ft\u0131ran bir di\u015fli motoru i\u00e7erir: d\u00f6nme dolap, London Eye, atl\u0131kar\u0131nca ve y\u00fckseltici oyuncak.<\/p>","protected":false},"featured_media":7530,"comment_status":"open","ping_status":"closed","template":"","meta":{"site-sidebar-layout":"default","site-content-layout":"","ast-site-content-layout":"default","site-content-style":"default","site-sidebar-style":"default","ast-global-header-display":"","ast-banner-title-visibility":"","ast-main-header-display":"","ast-hfb-above-header-display":"","ast-hfb-below-header-display":"","ast-hfb-mobile-header-display":"","site-post-title":"","ast-breadcrumbs-content":"","ast-featured-img":"","footer-sml-layout":"","ast-disable-related-posts":"","theme-transparent-header-meta":"default","adv-header-id-meta":"","stick-header-meta":"","header-above-stick-meta":"","header-main-stick-meta":"","header-below-stick-meta":"","astra-migrate-meta-layouts":"set","ast-page-background-enabled":"default","ast-page-background-meta":{"desktop":{"background-color":"var(--ast-global-color-5)","background-image":"","background-repeat":"repeat","background-position":"center center","background-size":"auto","background-attachment":"scroll","background-type":"","background-media":"","overlay-type":"","overlay-color":"","overlay-opacity":"","overlay-gradient":""},"tablet":{"background-color":"","background-image":"","background-repeat":"repeat","background-position":"center center","background-size":"auto","background-attachment":"scroll","background-type":"","background-media":"","overlay-type":"","overlay-color":"","overlay-opacity":"","overlay-gradient":""},"mobile":{"background-color":"","background-image":"","background-repeat":"repeat","background-position":"center center","background-size":"auto","background-attachment":"scroll","background-type":"","background-media":"","overlay-type":"","overlay-color":"","overlay-opacity":"","overlay-gradient":""}},"ast-content-background-meta":{"desktop":{"background-color":"var(--ast-global-color-4)","background-image":"","background-repeat":"repeat","background-position":"center center","background-size":"auto","background-attachment":"scroll","background-type":"","background-media":"","overlay-type":"","overlay-color":"","overlay-opacity":"","overlay-gradient":""},"tablet":{"background-color":"var(--ast-global-color-4)","background-image":"","background-repeat":"repeat","background-position":"center center","background-size":"auto","background-attachment":"scroll","background-type":"","background-media":"","overlay-type":"","overlay-color":"","overlay-opacity":"","overlay-gradient":""},"mobile":{"background-color":"var(--ast-global-color-4)","background-image":"","background-repeat":"repeat","background-position":"center center","background-size":"auto","background-attachment":"scroll","background-type":"","background-media":"","overlay-type":"","overlay-color":"","overlay-opacity":"","overlay-gradient":""}}},"product_brand":[95],"product_cat":[39,38,29,56,32,57,35,40,30,58],"product_tag":[],"class_list":{"0":"post-7529","1":"product","2":"type-product","3":"status-publish","4":"has-post-thumbnail","6":"product_brand-engino","7":"product_cat-39","8":"product_cat-38","9":"product_cat-29","10":"product_cat-56","11":"product_cat-32","12":"product_cat-57","13":"product_cat--10-12-","14":"product_cat--12-","15":"product_cat--6-9-","16":"product_cat-58","17":"desktop-align-left","18":"tablet-align-left","19":"mobile-align-left","21":"first","22":"instock","23":"taxable","24":"shipping-taxable","25":"purchasable","26":"product-type-simple"},"_links":{"self":[{"href":"https:\/\/stem-eshop.gr\/tr\/wp-json\/wp\/v2\/product\/7529","targetHints":{"allow":["GET"]}}],"collection":[{"href":"https:\/\/stem-eshop.gr\/tr\/wp-json\/wp\/v2\/product"}],"about":[{"href":"https:\/\/stem-eshop.gr\/tr\/wp-json\/wp\/v2\/types\/product"}],"replies":[{"embeddable":true,"href":"https:\/\/stem-eshop.gr\/tr\/wp-json\/wp\/v2\/comments?post=7529"}],"wp:featuredmedia":[{"embeddable":true,"href":"https:\/\/stem-eshop.gr\/tr\/wp-json\/wp\/v2\/media\/7530"}],"wp:attachment":[{"href":"https:\/\/stem-eshop.gr\/tr\/wp-json\/wp\/v2\/media?parent=7529"}],"wp:term":[{"taxonomy":"product_brand","embeddable":true,"href":"https:\/\/stem-eshop.gr\/tr\/wp-json\/wp\/v2\/product_brand?post=7529"},{"taxonomy":"product_cat","embeddable":true,"href":"https:\/\/stem-eshop.gr\/tr\/wp-json\/wp\/v2\/product_cat?post=7529"},{"taxonomy":"product_tag","embeddable":true,"href":"https:\/\/stem-eshop.gr\/tr\/wp-json\/wp\/v2\/product_tag?post=7529"}],"curies":[{"name":"wp","href":"https:\/\/api.w.org\/{rel}","templated":true}]}}