{"id":7498,"date":"2025-05-19T10:41:13","date_gmt":"2025-05-19T10:41:13","guid":{"rendered":"https:\/\/stem-eshop.gr\/product\/%ce%b1%ce%bd%ce%b1%ce%ba%ce%b1%ce%bb%cf%8d%cf%80%cf%84%ce%bf%ce%bd%cf%84%ce%b1%cf%82-%cf%84%ce%b9%cf%82-%ce%b1%cf%80%ce%bb%ce%ad%cf%82-%ce%bc%ce%b7%cf%87%ce%b1%ce%bd%ce%ad%cf%82-%ce%bc%ce%b7%cf%87\/"},"modified":"2025-05-22T21:13:30","modified_gmt":"2025-05-22T18:13:30","slug":"%ce%b1%ce%bd%ce%b1%ce%ba%ce%b1%ce%bb%cf%8d%cf%80%cf%84%ce%bf%ce%bd%cf%84%ce%b1%cf%82-%cf%84%ce%b9%cf%82-%ce%b1%cf%80%ce%bb%ce%ad%cf%82-%ce%bc%ce%b7%cf%87%ce%b1%ce%bd%ce%ad%cf%82-%ce%bc%ce%b7%cf%87","status":"publish","type":"product","link":"https:\/\/stem-eshop.gr\/tr\/urun\/%ce%b1%ce%bd%ce%b1%ce%ba%ce%b1%ce%bb%cf%8d%cf%80%cf%84%ce%bf%ce%bd%cf%84%ce%b1%cf%82-%cf%84%ce%b9%cf%82-%ce%b1%cf%80%ce%bb%ce%ad%cf%82-%ce%bc%ce%b7%cf%87%ce%b1%ce%bd%ce%ad%cf%82-%ce%bc%ce%b7%cf%87\/","title":{"rendered":"Basit makinelerin ke\u015ffi-g\u00fcc\u00fc katlayan mekanizmalar!"},"content":{"rendered":"<p>Kald\u0131ra\u00e7lar, kama, tekerlek ve akslar, vidalar, e\u011fik d\u00fczlemler, kasnaklar ve ayr\u0131ca daha geli\u015fmi\u015f di\u015fliler ve ba\u011flant\u0131lar konular\u0131n\u0131 kapsayan 60 i\u015flevsel model olu\u015fturun!<\/p>\n<p>T\u00fcm modeller i\u00e7in kolay anla\u015f\u0131l\u0131r yap\u0131m talimatlar\u0131n\u0131 \u00e7evrimi\u00e7i olarak veya birlikte verilen k\u0131lavuzlarda bulabilirsiniz. Bu kapsaml\u0131 k\u0131lavuzlar, ilgili farkl\u0131 bilimsel prensiplerin ayr\u0131nt\u0131l\u0131 a\u00e7\u0131klamalar\u0131n\u0131 sunar ve uygulamal\u0131 \u00f6\u011frenme i\u00e7in yenilik\u00e7i deneysel aktiviteler i\u00e7erir. Her b\u00f6l\u00fcm i\u00e7in yeni edindi\u011finiz bilgileri test etmeniz i\u00e7in test b\u00f6l\u00fcmleri de mevcuttur!<\/p>","protected":false},"excerpt":{"rendered":"<p>Bu set, &quot;STEM&#039;i Ke\u015ffetmek&quot; serisindeki temel 5 setin birle\u015fimidir ve basit makinelerin t\u00fcm mekanizmalar\u0131n\u0131 kapsar. Bu mekanizmalar mekanik avantaj sa\u011flar ve bir\u00e7ok makine ve cihazda kritik bile\u015fenlerdir. Kuvveti art\u0131rmak veya azaltmak, h\u0131z\u0131 art\u0131rmak veya azaltmak ve bir hareket t\u00fcr\u00fcn\u00fc di\u011ferine d\u00f6n\u00fc\u015ft\u00fcrmek i\u00e7in tasarlanm\u0131\u015ft\u0131r.\u00a0<\/p>","protected":false},"featured_media":7499,"comment_status":"open","ping_status":"closed","template":"","meta":{"site-sidebar-layout":"default","site-content-layout":"","ast-site-content-layout":"default","site-content-style":"default","site-sidebar-style":"default","ast-global-header-display":"","ast-banner-title-visibility":"","ast-main-header-display":"","ast-hfb-above-header-display":"","ast-hfb-below-header-display":"","ast-hfb-mobile-header-display":"","site-post-title":"","ast-breadcrumbs-content":"","ast-featured-img":"","footer-sml-layout":"","ast-disable-related-posts":"","theme-transparent-header-meta":"","adv-header-id-meta":"","stick-header-meta":"","header-above-stick-meta":"","header-main-stick-meta":"","header-below-stick-meta":"","astra-migrate-meta-layouts":"default","ast-page-background-enabled":"default","ast-page-background-meta":{"desktop":{"background-color":"var(--ast-global-color-5)","background-image":"","background-repeat":"repeat","background-position":"center center","background-size":"auto","background-attachment":"scroll","background-type":"","background-media":"","overlay-type":"","overlay-color":"","overlay-opacity":"","overlay-gradient":""},"tablet":{"background-color":"","background-image":"","background-repeat":"repeat","background-position":"center center","background-size":"auto","background-attachment":"scroll","background-type":"","background-media":"","overlay-type":"","overlay-color":"","overlay-opacity":"","overlay-gradient":""},"mobile":{"background-color":"","background-image":"","background-repeat":"repeat","background-position":"center center","background-size":"auto","background-attachment":"scroll","background-type":"","background-media":"","overlay-type":"","overlay-color":"","overlay-opacity":"","overlay-gradient":""}},"ast-content-background-meta":{"desktop":{"background-color":"var(--ast-global-color-4)","background-image":"","background-repeat":"repeat","background-position":"center center","background-size":"auto","background-attachment":"scroll","background-type":"","background-media":"","overlay-type":"","overlay-color":"","overlay-opacity":"","overlay-gradient":""},"tablet":{"background-color":"var(--ast-global-color-4)","background-image":"","background-repeat":"repeat","background-position":"center center","background-size":"auto","background-attachment":"scroll","background-type":"","background-media":"","overlay-type":"","overlay-color":"","overlay-opacity":"","overlay-gradient":""},"mobile":{"background-color":"var(--ast-global-color-4)","background-image":"","background-repeat":"repeat","background-position":"center center","background-size":"auto","background-attachment":"scroll","background-type":"","background-media":"","overlay-type":"","overlay-color":"","overlay-opacity":"","overlay-gradient":""}}},"product_brand":[95],"product_cat":[39,38,29,56,32,57,35,40,30,58],"product_tag":[],"class_list":{"0":"post-7498","1":"product","2":"type-product","3":"status-publish","4":"has-post-thumbnail","6":"product_brand-engino","7":"product_cat-39","8":"product_cat-38","9":"product_cat-29","10":"product_cat-56","11":"product_cat-32","12":"product_cat-57","13":"product_cat--10-12-","14":"product_cat--12-","15":"product_cat--6-9-","16":"product_cat-58","17":"desktop-align-left","18":"tablet-align-left","19":"mobile-align-left","21":"first","22":"instock","23":"taxable","24":"shipping-taxable","25":"purchasable","26":"product-type-simple"},"_links":{"self":[{"href":"https:\/\/stem-eshop.gr\/tr\/wp-json\/wp\/v2\/product\/7498","targetHints":{"allow":["GET"]}}],"collection":[{"href":"https:\/\/stem-eshop.gr\/tr\/wp-json\/wp\/v2\/product"}],"about":[{"href":"https:\/\/stem-eshop.gr\/tr\/wp-json\/wp\/v2\/types\/product"}],"replies":[{"embeddable":true,"href":"https:\/\/stem-eshop.gr\/tr\/wp-json\/wp\/v2\/comments?post=7498"}],"wp:featuredmedia":[{"embeddable":true,"href":"https:\/\/stem-eshop.gr\/tr\/wp-json\/wp\/v2\/media\/7499"}],"wp:attachment":[{"href":"https:\/\/stem-eshop.gr\/tr\/wp-json\/wp\/v2\/media?parent=7498"}],"wp:term":[{"taxonomy":"product_brand","embeddable":true,"href":"https:\/\/stem-eshop.gr\/tr\/wp-json\/wp\/v2\/product_brand?post=7498"},{"taxonomy":"product_cat","embeddable":true,"href":"https:\/\/stem-eshop.gr\/tr\/wp-json\/wp\/v2\/product_cat?post=7498"},{"taxonomy":"product_tag","embeddable":true,"href":"https:\/\/stem-eshop.gr\/tr\/wp-json\/wp\/v2\/product_tag?post=7498"}],"curies":[{"name":"wp","href":"https:\/\/api.w.org\/{rel}","templated":true}]}}