{"id":7478,"date":"2025-05-19T10:40:33","date_gmt":"2025-05-19T10:40:33","guid":{"rendered":"https:\/\/stem-eshop.gr\/product\/%ce%b1%ce%bd%ce%b1%ce%ba%ce%b1%ce%bb%cf%8d%cf%80%cf%84%ce%bf%ce%bd%cf%84%ce%b1%cf%82-%cf%84%ce%bf%cf%85%cf%82-%ce%bd%cf%8c%ce%bc%ce%bf%cf%85%cf%82-%cf%84%ce%bf%cf%85-%ce%bd%ce%b5%cf%8d%cf%84%cf%89\/"},"modified":"2025-05-22T21:13:29","modified_gmt":"2025-05-22T18:13:29","slug":"%ce%b1%ce%bd%ce%b1%ce%ba%ce%b1%ce%bb%cf%8d%cf%80%cf%84%ce%bf%ce%bd%cf%84%ce%b1%cf%82-%cf%84%ce%bf%cf%85%cf%82-%ce%bd%cf%8c%ce%bc%ce%bf%cf%85%cf%82-%cf%84%ce%bf%cf%85-%ce%bd%ce%b5%cf%8d%cf%84%cf%89","status":"publish","type":"product","link":"https:\/\/stem-eshop.gr\/tr\/urun\/%ce%b1%ce%bd%ce%b1%ce%ba%ce%b1%ce%bb%cf%8d%cf%80%cf%84%ce%bf%ce%bd%cf%84%ce%b1%cf%82-%cf%84%ce%bf%cf%85%cf%82-%ce%bd%cf%8c%ce%bc%ce%bf%cf%85%cf%82-%cf%84%ce%bf%cf%85-%ce%bd%ce%b5%cf%8d%cf%84%cf%89\/","title":{"rendered":"Newton Yasalar\u0131n\u0131 Ke\u015ffetmek - Eylemsizlik, Momentum, Kinetik ve Dinamik Enerji"},"content":{"rendered":"<p>Balistik manc\u0131n\u0131k, yer\u00e7ekimi fan\u0131, \u00e7arp\u0131\u015fma arabas\u0131, hareketli kabin, balonla \u00e7al\u0131\u015fan u\u00e7ak ve dragster dahil 8 i\u015flevsel model in\u015fa edin.<\/p>\n<p>T\u00fcm modeller i\u00e7in kolay yap\u0131m talimatlar\u0131n\u0131 internetten veya birlikte verilen k\u0131lavuzdan bulabilirsiniz.<\/p>\n<p>K\u0131lavuz, uygulanan farkl\u0131 bilimsel prensiplerin ayr\u0131nt\u0131l\u0131 a\u00e7\u0131klamalar\u0131n\u0131 sunar ve yaparak \u00f6\u011frenme i\u00e7in yenilik\u00e7i deneysel aktiviteler i\u00e7erir. Ayr\u0131ca, yeni bilgilerinizi test edebilece\u011finiz bir S\u0131nav b\u00f6l\u00fcm\u00fc de mevcuttur!<\/p>","protected":false},"excerpt":{"rendered":"<p>Klasik mekani\u011fin temelini olu\u015fturan ve g\u00fcn\u00fcm\u00fczde hala \u00e7o\u011fu g\u00fcnl\u00fck durumu tan\u0131mlayan Newton&#039;un hareket yasalar\u0131 hakk\u0131nda her \u015feyi \u00f6\u011frenin. Kinetik ve potansiyel enerjiyle deneyler yaparak enerjinin \u00f6zelliklerini ve bir formdan di\u011ferine nas\u0131l d\u00f6n\u00fc\u015ft\u00fc\u011f\u00fcn\u00fc ke\u015ffedin.<\/p>","protected":false},"featured_media":7479,"comment_status":"open","ping_status":"closed","template":"","meta":{"site-sidebar-layout":"default","site-content-layout":"","ast-site-content-layout":"default","site-content-style":"default","site-sidebar-style":"default","ast-global-header-display":"","ast-banner-title-visibility":"","ast-main-header-display":"","ast-hfb-above-header-display":"","ast-hfb-below-header-display":"","ast-hfb-mobile-header-display":"","site-post-title":"","ast-breadcrumbs-content":"","ast-featured-img":"","footer-sml-layout":"","ast-disable-related-posts":"","theme-transparent-header-meta":"","adv-header-id-meta":"","stick-header-meta":"","header-above-stick-meta":"","header-main-stick-meta":"","header-below-stick-meta":"","astra-migrate-meta-layouts":"default","ast-page-background-enabled":"default","ast-page-background-meta":{"desktop":{"background-color":"var(--ast-global-color-5)","background-image":"","background-repeat":"repeat","background-position":"center center","background-size":"auto","background-attachment":"scroll","background-type":"","background-media":"","overlay-type":"","overlay-color":"","overlay-opacity":"","overlay-gradient":""},"tablet":{"background-color":"","background-image":"","background-repeat":"repeat","background-position":"center center","background-size":"auto","background-attachment":"scroll","background-type":"","background-media":"","overlay-type":"","overlay-color":"","overlay-opacity":"","overlay-gradient":""},"mobile":{"background-color":"","background-image":"","background-repeat":"repeat","background-position":"center center","background-size":"auto","background-attachment":"scroll","background-type":"","background-media":"","overlay-type":"","overlay-color":"","overlay-opacity":"","overlay-gradient":""}},"ast-content-background-meta":{"desktop":{"background-color":"var(--ast-global-color-4)","background-image":"","background-repeat":"repeat","background-position":"center center","background-size":"auto","background-attachment":"scroll","background-type":"","background-media":"","overlay-type":"","overlay-color":"","overlay-opacity":"","overlay-gradient":""},"tablet":{"background-color":"var(--ast-global-color-4)","background-image":"","background-repeat":"repeat","background-position":"center center","background-size":"auto","background-attachment":"scroll","background-type":"","background-media":"","overlay-type":"","overlay-color":"","overlay-opacity":"","overlay-gradient":""},"mobile":{"background-color":"var(--ast-global-color-4)","background-image":"","background-repeat":"repeat","background-position":"center center","background-size":"auto","background-attachment":"scroll","background-type":"","background-media":"","overlay-type":"","overlay-color":"","overlay-opacity":"","overlay-gradient":""}}},"product_brand":[95],"product_cat":[39,38,29,56,32,57,35,40,30,58],"product_tag":[],"class_list":{"0":"post-7478","1":"product","2":"type-product","3":"status-publish","4":"has-post-thumbnail","6":"product_brand-engino","7":"product_cat-39","8":"product_cat-38","9":"product_cat-29","10":"product_cat-56","11":"product_cat-32","12":"product_cat-57","13":"product_cat--10-12-","14":"product_cat--12-","15":"product_cat--6-9-","16":"product_cat-58","17":"desktop-align-left","18":"tablet-align-left","19":"mobile-align-left","21":"first","22":"instock","23":"taxable","24":"shipping-taxable","25":"purchasable","26":"product-type-simple"},"_links":{"self":[{"href":"https:\/\/stem-eshop.gr\/tr\/wp-json\/wp\/v2\/product\/7478","targetHints":{"allow":["GET"]}}],"collection":[{"href":"https:\/\/stem-eshop.gr\/tr\/wp-json\/wp\/v2\/product"}],"about":[{"href":"https:\/\/stem-eshop.gr\/tr\/wp-json\/wp\/v2\/types\/product"}],"replies":[{"embeddable":true,"href":"https:\/\/stem-eshop.gr\/tr\/wp-json\/wp\/v2\/comments?post=7478"}],"wp:featuredmedia":[{"embeddable":true,"href":"https:\/\/stem-eshop.gr\/tr\/wp-json\/wp\/v2\/media\/7479"}],"wp:attachment":[{"href":"https:\/\/stem-eshop.gr\/tr\/wp-json\/wp\/v2\/media?parent=7478"}],"wp:term":[{"taxonomy":"product_brand","embeddable":true,"href":"https:\/\/stem-eshop.gr\/tr\/wp-json\/wp\/v2\/product_brand?post=7478"},{"taxonomy":"product_cat","embeddable":true,"href":"https:\/\/stem-eshop.gr\/tr\/wp-json\/wp\/v2\/product_cat?post=7478"},{"taxonomy":"product_tag","embeddable":true,"href":"https:\/\/stem-eshop.gr\/tr\/wp-json\/wp\/v2\/product_tag?post=7478"}],"curies":[{"name":"wp","href":"https:\/\/api.w.org\/{rel}","templated":true}]}}