{"id":7384,"date":"2025-05-19T10:34:28","date_gmt":"2025-05-19T10:34:28","guid":{"rendered":"https:\/\/stem-eshop.gr\/product\/makerzoid-programmable-toys-robot-master-200-in-1-coding-robot-kit\/"},"modified":"2026-04-28T18:26:25","modified_gmt":"2026-04-28T15:26:25","slug":"makerzoid-programmable-toys-robot-master-200-in-1-coding-robot-kit","status":"publish","type":"product","link":"https:\/\/stem-eshop.gr\/tr\/urun\/makerzoid-programmable-toys-robot-master-200-in-1-coding-robot-kit\/","title":{"rendered":"Makerzoid Programlanabilir Oyuncaklar Robot Ustas\u0131, 200&#039;\u00fc 1 Arada Kodlama Robot Kiti"},"content":{"rendered":"<p>Geli\u015ftirilmi\u015f merkezi kontrol \u00fcnitesi ve motoruyla Robot Master (Premium), makine, di\u015fli, yap\u0131, \u015fanz\u0131man vb. gibi bir\u00e7ok bilimsel m\u00fchendislik ve robot bilgisini bar\u0131nd\u0131ran, basit olandan karma\u015f\u0131\u011fa kadar 200&#039;e kadar robotu destekler.<\/p>\n<p>Bu set, \u00e7ocuklara evde bu oyuncakla oynarken nas\u0131l robot in\u015fa edeceklerini, kontrol edeceklerini ve kodlayacaklar\u0131n\u0131 \u00f6\u011fretmek i\u00e7in 3 seviyeye ayr\u0131lm\u0131\u015f 47 robotik dersiyle donat\u0131lm\u0131\u015ft\u0131r. Ayr\u0131ca, kodlama merkezlerinin robotik dersleri vermek i\u00e7in kullanabilece\u011fi g\u00fc\u00e7l\u00fc bir \u00f6\u011fretim arac\u0131d\u0131r.<\/p>\n<p>\u00c7ocuklar, s\u00fcr\u00fckle-b\u0131rak oyunu kadar basit grafiksel programlama \u00f6zelli\u011fine sahip bu etkile\u015fimli e\u011fitici oyuncakla oynarken kodlamay\u0131 \u00f6\u011frenecek ve yarat\u0131c\u0131 problem \u00e7\u00f6zme becerilerini geli\u015ftirecekler. Ayr\u0131ca, APP kontrol\u00fcyle bu teknoloji oyunca\u011f\u0131n\u0131 hayata ge\u00e7irebilirler.<\/p>\n<p>K\u0131lavuz, \u00e7ocuklara basitten karma\u015f\u0131\u011fa do\u011fru robot yapmay\u0131 \u00f6\u011fretiyor, b\u00f6ylece \u00e7ocuklar ak\u0131ll\u0131 cihazlar\u0131n m\u00fcdahalesi olmadan yarat\u0131c\u0131l\u0131\u011f\u0131n keyfini \u00e7\u0131karabiliyorlar. Ayr\u0131ca, robotlar\u0131 nas\u0131l in\u015fa edeceklerini, kontrol edeceklerini ve program yazacaklar\u0131n\u0131 \u00f6\u011freten bir UYGULAMA ile de donat\u0131lm\u0131\u015f.<\/p><\/p>","protected":false},"excerpt":{"rendered":"<p>ROBOT MASTER, \u00e7ocuklara heyecan verici ve keyifli bir \u015fekilde zengin bir STEAM bilgisi sunmak i\u00e7in robotik uzmanlar\u0131ndan olu\u015fan bir ekip taraf\u0131ndan geli\u015ftirildi. \u00c7ocuklar e\u011flenirken bir \u015feyler in\u015fa etmeyi, kodlamay\u0131 ve yaratmay\u0131 \u00f6\u011freniyorlar.<\/p>","protected":false},"featured_media":7385,"comment_status":"open","ping_status":"closed","template":"","meta":{"site-sidebar-layout":"default","site-content-layout":"","ast-site-content-layout":"default","site-content-style":"default","site-sidebar-style":"default","ast-global-header-display":"","ast-banner-title-visibility":"","ast-main-header-display":"","ast-hfb-above-header-display":"","ast-hfb-below-header-display":"","ast-hfb-mobile-header-display":"","site-post-title":"","ast-breadcrumbs-content":"","ast-featured-img":"","footer-sml-layout":"","ast-disable-related-posts":"","theme-transparent-header-meta":"","adv-header-id-meta":"","stick-header-meta":"","header-above-stick-meta":"","header-main-stick-meta":"","header-below-stick-meta":"","astra-migrate-meta-layouts":"default","ast-page-background-enabled":"default","ast-page-background-meta":{"desktop":{"background-color":"var(--ast-global-color-5)","background-image":"","background-repeat":"repeat","background-position":"center center","background-size":"auto","background-attachment":"scroll","background-type":"","background-media":"","overlay-type":"","overlay-color":"","overlay-opacity":"","overlay-gradient":""},"tablet":{"background-color":"","background-image":"","background-repeat":"repeat","background-position":"center center","background-size":"auto","background-attachment":"scroll","background-type":"","background-media":"","overlay-type":"","overlay-color":"","overlay-opacity":"","overlay-gradient":""},"mobile":{"background-color":"","background-image":"","background-repeat":"repeat","background-position":"center center","background-size":"auto","background-attachment":"scroll","background-type":"","background-media":"","overlay-type":"","overlay-color":"","overlay-opacity":"","overlay-gradient":""}},"ast-content-background-meta":{"desktop":{"background-color":"var(--ast-global-color-4)","background-image":"","background-repeat":"repeat","background-position":"center center","background-size":"auto","background-attachment":"scroll","background-type":"","background-media":"","overlay-type":"","overlay-color":"","overlay-opacity":"","overlay-gradient":""},"tablet":{"background-color":"var(--ast-global-color-4)","background-image":"","background-repeat":"repeat","background-position":"center center","background-size":"auto","background-attachment":"scroll","background-type":"","background-media":"","overlay-type":"","overlay-color":"","overlay-opacity":"","overlay-gradient":""},"mobile":{"background-color":"var(--ast-global-color-4)","background-image":"","background-repeat":"repeat","background-position":"center center","background-size":"auto","background-attachment":"scroll","background-type":"","background-media":"","overlay-type":"","overlay-color":"","overlay-opacity":"","overlay-gradient":""}}},"product_brand":[106],"product_cat":[43,33,29,57,35,30,45,34,28,59],"product_tag":[],"class_list":{"0":"post-7384","1":"product","2":"type-product","3":"status-publish","4":"has-post-thumbnail","6":"product_brand-makerzoid","7":"product_cat-43","8":"product_cat-33","9":"product_cat-29","10":"product_cat-57","11":"product_cat--10-12-","12":"product_cat--6-9-","13":"product_cat-45","14":"product_cat-34","15":"product_cat-28","16":"product_cat-59","17":"desktop-align-left","18":"tablet-align-left","19":"mobile-align-left","21":"first","22":"instock","23":"taxable","24":"shipping-taxable","25":"purchasable","26":"product-type-simple"},"_links":{"self":[{"href":"https:\/\/stem-eshop.gr\/tr\/wp-json\/wp\/v2\/product\/7384","targetHints":{"allow":["GET"]}}],"collection":[{"href":"https:\/\/stem-eshop.gr\/tr\/wp-json\/wp\/v2\/product"}],"about":[{"href":"https:\/\/stem-eshop.gr\/tr\/wp-json\/wp\/v2\/types\/product"}],"replies":[{"embeddable":true,"href":"https:\/\/stem-eshop.gr\/tr\/wp-json\/wp\/v2\/comments?post=7384"}],"wp:featuredmedia":[{"embeddable":true,"href":"https:\/\/stem-eshop.gr\/tr\/wp-json\/wp\/v2\/media\/7385"}],"wp:attachment":[{"href":"https:\/\/stem-eshop.gr\/tr\/wp-json\/wp\/v2\/media?parent=7384"}],"wp:term":[{"taxonomy":"product_brand","embeddable":true,"href":"https:\/\/stem-eshop.gr\/tr\/wp-json\/wp\/v2\/product_brand?post=7384"},{"taxonomy":"product_cat","embeddable":true,"href":"https:\/\/stem-eshop.gr\/tr\/wp-json\/wp\/v2\/product_cat?post=7384"},{"taxonomy":"product_tag","embeddable":true,"href":"https:\/\/stem-eshop.gr\/tr\/wp-json\/wp\/v2\/product_tag?post=7384"}],"curies":[{"name":"wp","href":"https:\/\/api.w.org\/{rel}","templated":true}]}}