{"id":7364,"date":"2025-05-19T10:34:16","date_gmt":"2025-05-19T10:34:16","guid":{"rendered":"https:\/\/stem-eshop.gr\/product\/makerzoid-superbot-26-in-1-coding-robot-kit\/"},"modified":"2025-12-25T19:51:00","modified_gmt":"2025-12-25T16:51:00","slug":"makerzoid-superbot-26-in-1-coding-robot-kit","status":"publish","type":"product","link":"https:\/\/stem-eshop.gr\/tr\/urun\/makerzoid-superbot-26-in-1-coding-robot-kit\/","title":{"rendered":"Makerzoid SUPERBOT 26&#039;s\u0131 1 Arada Kodlama Robotu Kiti"},"content":{"rendered":"<p>Superbot, in\u015fa edilebilecek 26&#039;dan fazla modelle birlikte 400&#039;den fazla tu\u011fla par\u00e7as\u0131na sahiptir.<\/p>\n<p>Bunlar \u00e7o\u011funlukla farkl\u0131 yar\u0131\u015f arabalar\u0131, kamyonlar, tasar\u0131m makineleri\u2026 vb.<\/p>\n<p>Dahili motoru (piller dahil de\u011fildir) yap\u0131m\u0131n\u0131 kolayla\u015ft\u0131r\u0131r.<\/p>\n<p>Ba\u015flang\u0131\u00e7 seviyesindeki programc\u0131lar i\u00e7in ilk ad\u0131m olarak \u00f6nerilir.<\/p>\n<p>Superbot, \u00e7ocuklara araba modellerini in\u015fa etme, oynama ve ard\u0131ndan onlarla sava\u015fma konusunda sonsuz e\u011flence sunuyor.<\/p>\n<p>App Store ve Google Play&#039;den \u00dcCRETS\u0130Z indirilebilen MAKZERZOID uygulamas\u0131yla, ak\u0131ll\u0131 cihazlara bluetooth ba\u011flant\u0131s\u0131yla \u00e7ocuklar, &quot;Yap&quot; b\u00f6l\u00fcm\u00fcnden modelleri kolayca in\u015fa edebiliyor ve ard\u0131ndan motorlu robotu her y\u00f6ne hareket ettirerek kontrol edebiliyorlar; bu da \u00e7ok e\u011flenceli.<\/p>\n<p>Superbot&#039;un ek avantajlar\u0131<\/p>\n<p>Superbot, \u00e7ocuklar\u0131n daha iyi anlayabilmeleri i\u00e7in basit ve kolay bir \u015fekilde kodlama bilgisi kat\u0131yor.<\/p>\n<p>Temel tasar\u0131m\u0131nda bilim, teknoloji, m\u00fchendislik, matematik ve sanat bilgisine yer verilmi\u015f olup, \u00e7ocuklar\u0131n mant\u0131ksal d\u00fc\u015f\u00fcnme, hayal g\u00fcc\u00fc, yarat\u0131c\u0131l\u0131k ve problem \u00e7\u00f6zme yeteneklerinin geli\u015fmesine yard\u0131mc\u0131 olabilecek niteliktedir.<\/p>","protected":false},"excerpt":{"rendered":"<p>S\u00fcperbot, haval\u0131 yar\u0131\u015f arabas\u0131 ve kamyon modelleri ve parlak renkleri temel al\u0131narak tasarland\u0131\u011f\u0131 i\u00e7in bir\u00e7ok hayran kazand\u0131.<\/p>\n<p>Yapman\u0131z gereken sadece komutlar\u0131n bir k\u0131sm\u0131n\u0131 &quot;Kodlama&quot; b\u00f6l\u00fcm\u00fcne s\u00fcr\u00fckleyip b\u0131rakmak ve ard\u0131ndan hareket ettirmek.<\/p>\n<p>Basit ama temel kodlama bilgisiyle dolu!!!!<\/p>","protected":false},"featured_media":7365,"comment_status":"open","ping_status":"closed","template":"","meta":{"site-sidebar-layout":"default","site-content-layout":"","ast-site-content-layout":"default","site-content-style":"default","site-sidebar-style":"default","ast-global-header-display":"","ast-banner-title-visibility":"","ast-main-header-display":"","ast-hfb-above-header-display":"","ast-hfb-below-header-display":"","ast-hfb-mobile-header-display":"","site-post-title":"","ast-breadcrumbs-content":"","ast-featured-img":"","footer-sml-layout":"","ast-disable-related-posts":"","theme-transparent-header-meta":"default","adv-header-id-meta":"","stick-header-meta":"","header-above-stick-meta":"","header-main-stick-meta":"","header-below-stick-meta":"","astra-migrate-meta-layouts":"set","ast-page-background-enabled":"default","ast-page-background-meta":{"desktop":{"background-color":"var(--ast-global-color-5)","background-image":"","background-repeat":"repeat","background-position":"center center","background-size":"auto","background-attachment":"scroll","background-type":"","background-media":"","overlay-type":"","overlay-color":"","overlay-opacity":"","overlay-gradient":""},"tablet":{"background-color":"","background-image":"","background-repeat":"repeat","background-position":"center center","background-size":"auto","background-attachment":"scroll","background-type":"","background-media":"","overlay-type":"","overlay-color":"","overlay-opacity":"","overlay-gradient":""},"mobile":{"background-color":"","background-image":"","background-repeat":"repeat","background-position":"center center","background-size":"auto","background-attachment":"scroll","background-type":"","background-media":"","overlay-type":"","overlay-color":"","overlay-opacity":"","overlay-gradient":""}},"ast-content-background-meta":{"desktop":{"background-color":"var(--ast-global-color-4)","background-image":"","background-repeat":"repeat","background-position":"center center","background-size":"auto","background-attachment":"scroll","background-type":"","background-media":"","overlay-type":"","overlay-color":"","overlay-opacity":"","overlay-gradient":""},"tablet":{"background-color":"var(--ast-global-color-4)","background-image":"","background-repeat":"repeat","background-position":"center center","background-size":"auto","background-attachment":"scroll","background-type":"","background-media":"","overlay-type":"","overlay-color":"","overlay-opacity":"","overlay-gradient":""},"mobile":{"background-color":"var(--ast-global-color-4)","background-image":"","background-repeat":"repeat","background-position":"center center","background-size":"auto","background-attachment":"scroll","background-type":"","background-media":"","overlay-type":"","overlay-color":"","overlay-opacity":"","overlay-gradient":""}}},"product_brand":[106],"product_cat":[33,29,56,57,35,30,45,34,28,59],"product_tag":[],"class_list":{"0":"post-7364","1":"product","2":"type-product","3":"status-publish","4":"has-post-thumbnail","6":"product_brand-makerzoid","7":"product_cat-33","8":"product_cat-29","9":"product_cat-56","10":"product_cat-57","11":"product_cat--10-12-","12":"product_cat--6-9-","13":"product_cat-45","14":"product_cat-34","15":"product_cat-28","16":"product_cat-59","17":"desktop-align-left","18":"tablet-align-left","19":"mobile-align-left","21":"first","22":"instock","23":"taxable","24":"shipping-taxable","25":"purchasable","26":"product-type-simple"},"_links":{"self":[{"href":"https:\/\/stem-eshop.gr\/tr\/wp-json\/wp\/v2\/product\/7364","targetHints":{"allow":["GET"]}}],"collection":[{"href":"https:\/\/stem-eshop.gr\/tr\/wp-json\/wp\/v2\/product"}],"about":[{"href":"https:\/\/stem-eshop.gr\/tr\/wp-json\/wp\/v2\/types\/product"}],"replies":[{"embeddable":true,"href":"https:\/\/stem-eshop.gr\/tr\/wp-json\/wp\/v2\/comments?post=7364"}],"wp:featuredmedia":[{"embeddable":true,"href":"https:\/\/stem-eshop.gr\/tr\/wp-json\/wp\/v2\/media\/7365"}],"wp:attachment":[{"href":"https:\/\/stem-eshop.gr\/tr\/wp-json\/wp\/v2\/media?parent=7364"}],"wp:term":[{"taxonomy":"product_brand","embeddable":true,"href":"https:\/\/stem-eshop.gr\/tr\/wp-json\/wp\/v2\/product_brand?post=7364"},{"taxonomy":"product_cat","embeddable":true,"href":"https:\/\/stem-eshop.gr\/tr\/wp-json\/wp\/v2\/product_cat?post=7364"},{"taxonomy":"product_tag","embeddable":true,"href":"https:\/\/stem-eshop.gr\/tr\/wp-json\/wp\/v2\/product_tag?post=7364"}],"curies":[{"name":"wp","href":"https:\/\/api.w.org\/{rel}","templated":true}]}}