{"id":7358,"date":"2025-05-19T10:14:22","date_gmt":"2025-05-19T10:14:22","guid":{"rendered":"https:\/\/stem-eshop.gr\/product\/%ce%b5%ce%be%cf%85%cf%80%ce%bd%ce%bf%cf%8d%ce%bb%ce%b7%cf%82-%ce%b5%ce%ba%cf%80%ce%b1%ce%b9%ce%b4%ce%b5%cf%85%cf%84%ce%b9%ce%ba%cf%8c-%cf%80%ce%b1%ce%b9%cf%87%ce%bd%ce%af%ce%b4%ce%b9-%ce%b3%ce%bd-2\/"},"modified":"2025-10-23T12:26:47","modified_gmt":"2025-10-23T09:26:47","slug":"%ce%b5%ce%be%cf%85%cf%80%ce%bd%ce%bf%cf%8d%ce%bb%ce%b7%cf%82-%ce%b5%ce%ba%cf%80%ce%b1%ce%b9%ce%b4%ce%b5%cf%85%cf%84%ce%b9%ce%ba%cf%8c-%cf%80%ce%b1%ce%b9%cf%87%ce%bd%ce%af%ce%b4%ce%b9-%ce%b3%ce%bd-2","status":"publish","type":"product","link":"https:\/\/stem-eshop.gr\/tr\/urun\/%ce%b5%ce%be%cf%85%cf%80%ce%bd%ce%bf%cf%8d%ce%bb%ce%b7%cf%82-%ce%b5%ce%ba%cf%80%ce%b1%ce%b9%ce%b4%ce%b5%cf%85%cf%84%ce%b9%ce%ba%cf%8c-%cf%80%ce%b1%ce%b9%cf%87%ce%bd%ce%af%ce%b4%ce%b9-%ce%b3%ce%bd-2\/","title":{"rendered":"6+ Ya\u015f \u0130\u00e7in Ak\u0131ll\u0131 E\u011fitici Oyun: Yunanistan&#039;\u0131 Biliyorum"},"content":{"rendered":"<p class=\"MsoNormal\">\u0130\u00e7inizdeki ka\u015fif yetene\u011finden yararlan\u0131n ve yolculu\u011funuzu rakiplerinizden \u00f6nce tamamlamak i\u00e7in en iyi rotalar\u0131 se\u00e7in!<\/p>\n<p class=\"MsoNormal\">Oyunun \u00e7ocuklar ve yeti\u015fkinler i\u00e7in 2 versiyonu bulunmaktad\u0131r.<\/p>\n<p class=\"MsoNormal\">Kamera, harita ve g\u00fcnl\u00fck. Bavulunuz, t\u00fcm d\u00fcnyay\u0131 ke\u015ffedece\u011finiz fantastik bir maceraya neredeyse haz\u0131r! Seyahat hedeflerinize ula\u015fmak i\u00e7in g\u00f6sterge paneline gidin, en h\u0131zl\u0131 ula\u015f\u0131m arac\u0131n\u0131 kullan\u0131n, ancak yol boyunca beklenmedik olaylara dikkat edin.<\/p>\n<p class=\"MsoNormal\">\u0130talya&#039;da \u00fcretildi<\/p>\n<p class=\"MsoNormal\">Exynnoulis&#039;in e\u011fitici oyunlar\u0131, okul \u00f6ncesi ve okul \u00e7a\u011f\u0131ndaki \u00e7ocuklar\u0131n \u00f6\u011frenme geli\u015fimini desteklemek i\u00e7in tasarlanm\u0131\u015f, zamans\u0131z ve yenilik\u00e7i bir seridir. Uzman e\u011fitimciler ve psikologlar taraf\u0131ndan incelenmi\u015f ve okullarda test edilmi\u015ftir. \u00c7ok \u00e7e\u015fitli e\u011fitim konular\u0131n\u0131 kapsayan bu oyunlar, \u00e7ocuklar\u0131n temel beceri ve bilgilerini basit ve e\u011flenceli bir \u015fekilde geli\u015ftirmelerine yard\u0131mc\u0131 olur!<\/p>\n<p class=\"MsoNormal\">","protected":false},"excerpt":{"rendered":"<p class=\"MsoNormal\">K\u00fc\u00e7\u00fck ka\u015fiflerin Yunanistan&#039;\u0131n harikalar\u0131n\u0131 ke\u015ffetmeleri ve co\u011frafyay\u0131 kolay ve e\u011flenceli bir \u015fekilde \u00f6\u011frenmeleri i\u00e7in haz\u0131rlanm\u0131\u015f bir masa oyunu.<\/p>\n<p class=\"MsoNormal\">Oyunun amac\u0131 oyuncunun hedefine ilk ula\u015fmas\u0131d\u0131r.<\/p>\n<p class=\"MsoNormal\">","protected":false},"featured_media":7359,"comment_status":"open","ping_status":"closed","template":"","meta":{"site-sidebar-layout":"default","site-content-layout":"","ast-site-content-layout":"default","site-content-style":"default","site-sidebar-style":"default","ast-global-header-display":"","ast-banner-title-visibility":"","ast-main-header-display":"","ast-hfb-above-header-display":"","ast-hfb-below-header-display":"","ast-hfb-mobile-header-display":"","site-post-title":"","ast-breadcrumbs-content":"","ast-featured-img":"","footer-sml-layout":"","ast-disable-related-posts":"","theme-transparent-header-meta":"default","adv-header-id-meta":"","stick-header-meta":"","header-above-stick-meta":"","header-main-stick-meta":"","header-below-stick-meta":"","astra-migrate-meta-layouts":"set","ast-page-background-enabled":"default","ast-page-background-meta":{"desktop":{"background-color":"var(--ast-global-color-5)","background-image":"","background-repeat":"repeat","background-position":"center center","background-size":"auto","background-attachment":"scroll","background-type":"","background-media":"","overlay-type":"","overlay-color":"","overlay-opacity":"","overlay-gradient":""},"tablet":{"background-color":"","background-image":"","background-repeat":"repeat","background-position":"center center","background-size":"auto","background-attachment":"scroll","background-type":"","background-media":"","overlay-type":"","overlay-color":"","overlay-opacity":"","overlay-gradient":""},"mobile":{"background-color":"","background-image":"","background-repeat":"repeat","background-position":"center center","background-size":"auto","background-attachment":"scroll","background-type":"","background-media":"","overlay-type":"","overlay-color":"","overlay-opacity":"","overlay-gradient":""}},"ast-content-background-meta":{"desktop":{"background-color":"var(--ast-global-color-4)","background-image":"","background-repeat":"repeat","background-position":"center center","background-size":"auto","background-attachment":"scroll","background-type":"","background-media":"","overlay-type":"","overlay-color":"","overlay-opacity":"","overlay-gradient":""},"tablet":{"background-color":"var(--ast-global-color-4)","background-image":"","background-repeat":"repeat","background-position":"center center","background-size":"auto","background-attachment":"scroll","background-type":"","background-media":"","overlay-type":"","overlay-color":"","overlay-opacity":"","overlay-gradient":""},"mobile":{"background-color":"var(--ast-global-color-4)","background-image":"","background-repeat":"repeat","background-position":"center center","background-size":"auto","background-attachment":"scroll","background-type":"","background-media":"","overlay-type":"","overlay-color":"","overlay-opacity":"","overlay-gradient":""}}},"product_brand":[112],"product_cat":[43,44,39,49,38,56,30],"product_tag":[],"class_list":{"0":"post-7358","1":"product","2":"type-product","3":"status-publish","4":"has-post-thumbnail","6":"product_brand-eksipnoulis","7":"product_cat-43","8":"product_cat-44","9":"product_cat-39","10":"product_cat-49","11":"product_cat-38","12":"product_cat-56","13":"product_cat--6-9-","14":"desktop-align-left","15":"tablet-align-left","16":"mobile-align-left","18":"first","19":"instock","20":"taxable","21":"shipping-taxable","22":"purchasable","23":"product-type-simple"},"_links":{"self":[{"href":"https:\/\/stem-eshop.gr\/tr\/wp-json\/wp\/v2\/product\/7358","targetHints":{"allow":["GET"]}}],"collection":[{"href":"https:\/\/stem-eshop.gr\/tr\/wp-json\/wp\/v2\/product"}],"about":[{"href":"https:\/\/stem-eshop.gr\/tr\/wp-json\/wp\/v2\/types\/product"}],"replies":[{"embeddable":true,"href":"https:\/\/stem-eshop.gr\/tr\/wp-json\/wp\/v2\/comments?post=7358"}],"wp:featuredmedia":[{"embeddable":true,"href":"https:\/\/stem-eshop.gr\/tr\/wp-json\/wp\/v2\/media\/7359"}],"wp:attachment":[{"href":"https:\/\/stem-eshop.gr\/tr\/wp-json\/wp\/v2\/media?parent=7358"}],"wp:term":[{"taxonomy":"product_brand","embeddable":true,"href":"https:\/\/stem-eshop.gr\/tr\/wp-json\/wp\/v2\/product_brand?post=7358"},{"taxonomy":"product_cat","embeddable":true,"href":"https:\/\/stem-eshop.gr\/tr\/wp-json\/wp\/v2\/product_cat?post=7358"},{"taxonomy":"product_tag","embeddable":true,"href":"https:\/\/stem-eshop.gr\/tr\/wp-json\/wp\/v2\/product_tag?post=7358"}],"curies":[{"name":"wp","href":"https:\/\/api.w.org\/{rel}","templated":true}]}}