{"id":7320,"date":"2025-05-19T10:12:55","date_gmt":"2025-05-19T10:12:55","guid":{"rendered":"https:\/\/stem-eshop.gr\/product\/as-magnet-box-%cf%83%cf%85%ce%bd%ce%b1%ce%b9%cf%83%ce%b8%ce%ae%ce%bc%ce%b1%cf%84%ce%b1-42-%ce%b5%ce%ba%cf%80%ce%b1%ce%b9%ce%b4%ce%b5%cf%85%cf%84%ce%b9%ce%ba%ce%bf%ce%af-%cf%87%ce%ac%cf%81%cf%84%ce%b9\/"},"modified":"2025-11-28T20:30:22","modified_gmt":"2025-11-28T17:30:22","slug":"as-magnet-box-%cf%83%cf%85%ce%bd%ce%b1%ce%b9%cf%83%ce%b8%ce%ae%ce%bc%ce%b1%cf%84%ce%b1-42-%ce%b5%ce%ba%cf%80%ce%b1%ce%b9%ce%b4%ce%b5%cf%85%cf%84%ce%b9%ce%ba%ce%bf%ce%af-%cf%87%ce%ac%cf%81%cf%84%ce%b9","status":"publish","type":"product","link":"https:\/\/stem-eshop.gr\/tr\/urun\/as-magnet-box-%cf%83%cf%85%ce%bd%ce%b1%ce%b9%cf%83%ce%b8%ce%ae%ce%bc%ce%b1%cf%84%ce%b1-42-%ce%b5%ce%ba%cf%80%ce%b1%ce%b9%ce%b4%ce%b5%cf%85%cf%84%ce%b9%ce%ba%ce%bf%ce%af-%cf%87%ce%ac%cf%81%cf%84%ce%b9\/","title":{"rendered":"AS Magnet Box Emotions 42 E\u011fitim Ka\u011f\u0131d\u0131 M\u0131knat\u0131slar\u0131"},"content":{"rendered":"<p class=\"MsoNormal\">Her m\u0131knat\u0131s, farkl\u0131 ifadeleri ve duygular\u0131 yans\u0131tmak i\u00e7in farkl\u0131 \u00f6zellikleri tasvir ediyor. Bir insan mutlu, \u00fczg\u00fcn veya \u00f6fkeliyken nas\u0131l g\u00f6r\u00fcn\u00fcr? K\u0131skan\u00e7l\u0131k, utan\u00e7, sevgi ve kayg\u0131 duygular\u0131 bir y\u00fczde nas\u0131l g\u00f6r\u00fcn\u00fcr?<\/p>","protected":false},"excerpt":{"rendered":"<p class=\"MsoNormal\">42 ka\u011f\u0131t m\u0131knat\u0131stan olu\u015fan e\u011fitici bir duygusal \u00f6\u011frenme oyunu. Set, \u00e7ocuklar\u0131 duygusal \u00f6\u011frenmeye al\u0131\u015ft\u0131rarak, \u00f6ncelikle \u00e7e\u015fitli y\u00fcz ifadelerini tan\u0131malar\u0131na ve ard\u0131ndan resimli rehberin yard\u0131m\u0131yla \u00e7e\u015fitli insan duygular\u0131n\u0131n ifadelerinde nas\u0131l yans\u0131t\u0131ld\u0131\u011f\u0131n\u0131 \u00f6\u011frenmelerine yard\u0131mc\u0131 olur.<\/p>","protected":false},"featured_media":7321,"comment_status":"open","ping_status":"closed","template":"","meta":{"site-sidebar-layout":"default","site-content-layout":"","ast-site-content-layout":"default","site-content-style":"default","site-sidebar-style":"default","ast-global-header-display":"","ast-banner-title-visibility":"","ast-main-header-display":"","ast-hfb-above-header-display":"","ast-hfb-below-header-display":"","ast-hfb-mobile-header-display":"","site-post-title":"","ast-breadcrumbs-content":"","ast-featured-img":"","footer-sml-layout":"","ast-disable-related-posts":"","theme-transparent-header-meta":"default","adv-header-id-meta":"","stick-header-meta":"","header-above-stick-meta":"","header-main-stick-meta":"","header-below-stick-meta":"","astra-migrate-meta-layouts":"set","ast-page-background-enabled":"default","ast-page-background-meta":{"desktop":{"background-color":"var(--ast-global-color-5)","background-image":"","background-repeat":"repeat","background-position":"center center","background-size":"auto","background-attachment":"scroll","background-type":"","background-media":"","overlay-type":"","overlay-color":"","overlay-opacity":"","overlay-gradient":""},"tablet":{"background-color":"","background-image":"","background-repeat":"repeat","background-position":"center center","background-size":"auto","background-attachment":"scroll","background-type":"","background-media":"","overlay-type":"","overlay-color":"","overlay-opacity":"","overlay-gradient":""},"mobile":{"background-color":"","background-image":"","background-repeat":"repeat","background-position":"center center","background-size":"auto","background-attachment":"scroll","background-type":"","background-media":"","overlay-type":"","overlay-color":"","overlay-opacity":"","overlay-gradient":""}},"ast-content-background-meta":{"desktop":{"background-color":"var(--ast-global-color-4)","background-image":"","background-repeat":"repeat","background-position":"center center","background-size":"auto","background-attachment":"scroll","background-type":"","background-media":"","overlay-type":"","overlay-color":"","overlay-opacity":"","overlay-gradient":""},"tablet":{"background-color":"var(--ast-global-color-4)","background-image":"","background-repeat":"repeat","background-position":"center center","background-size":"auto","background-attachment":"scroll","background-type":"","background-media":"","overlay-type":"","overlay-color":"","overlay-opacity":"","overlay-gradient":""},"mobile":{"background-color":"var(--ast-global-color-4)","background-image":"","background-repeat":"repeat","background-position":"center center","background-size":"auto","background-attachment":"scroll","background-type":"","background-media":"","overlay-type":"","overlay-color":"","overlay-opacity":"","overlay-gradient":""}}},"product_brand":[99],"product_cat":[126,42,43,44,38,29,30,26],"product_tag":[],"class_list":{"0":"post-7320","1":"product","2":"type-product","3":"status-publish","4":"has-post-thumbnail","6":"product_brand-as","7":"product_cat-126","8":"product_cat-42","9":"product_cat-43","10":"product_cat-44","11":"product_cat-38","12":"product_cat-29","13":"product_cat--6-9-","14":"product_cat-26","15":"desktop-align-left","16":"tablet-align-left","17":"mobile-align-left","19":"first","20":"instock","21":"taxable","22":"shipping-taxable","23":"purchasable","24":"product-type-simple"},"_links":{"self":[{"href":"https:\/\/stem-eshop.gr\/tr\/wp-json\/wp\/v2\/product\/7320","targetHints":{"allow":["GET"]}}],"collection":[{"href":"https:\/\/stem-eshop.gr\/tr\/wp-json\/wp\/v2\/product"}],"about":[{"href":"https:\/\/stem-eshop.gr\/tr\/wp-json\/wp\/v2\/types\/product"}],"replies":[{"embeddable":true,"href":"https:\/\/stem-eshop.gr\/tr\/wp-json\/wp\/v2\/comments?post=7320"}],"wp:featuredmedia":[{"embeddable":true,"href":"https:\/\/stem-eshop.gr\/tr\/wp-json\/wp\/v2\/media\/7321"}],"wp:attachment":[{"href":"https:\/\/stem-eshop.gr\/tr\/wp-json\/wp\/v2\/media?parent=7320"}],"wp:term":[{"taxonomy":"product_brand","embeddable":true,"href":"https:\/\/stem-eshop.gr\/tr\/wp-json\/wp\/v2\/product_brand?post=7320"},{"taxonomy":"product_cat","embeddable":true,"href":"https:\/\/stem-eshop.gr\/tr\/wp-json\/wp\/v2\/product_cat?post=7320"},{"taxonomy":"product_tag","embeddable":true,"href":"https:\/\/stem-eshop.gr\/tr\/wp-json\/wp\/v2\/product_tag?post=7320"}],"curies":[{"name":"wp","href":"https:\/\/api.w.org\/{rel}","templated":true}]}}