{"id":7306,"date":"2025-05-19T10:12:36","date_gmt":"2025-05-19T10:12:36","guid":{"rendered":"https:\/\/stem-eshop.gr\/product\/as-magnet-box-%ce%bc%ce%b1%ce%b8%ce%b1%ce%af%ce%bd%cf%89-%ce%bd%ce%b1-%ce%b3%cf%81%ce%ac%cf%86%cf%89-72-%ce%b5%ce%ba%cf%80%ce%b1%ce%b9%ce%b4%ce%b5%cf%85%cf%84%ce%b9%ce%ba%ce%bf%ce%af-%cf%87%ce%ac\/"},"modified":"2026-04-26T11:26:18","modified_gmt":"2026-04-26T08:26:18","slug":"as-magnet-box-%ce%bc%ce%b1%ce%b8%ce%b1%ce%af%ce%bd%cf%89-%ce%bd%ce%b1-%ce%b3%cf%81%ce%ac%cf%86%cf%89-72-%ce%b5%ce%ba%cf%80%ce%b1%ce%b9%ce%b4%ce%b5%cf%85%cf%84%ce%b9%ce%ba%ce%bf%ce%af-%cf%87%ce%ac","status":"publish","type":"product","link":"https:\/\/stem-eshop.gr\/tr\/urun\/as-magnet-box-%ce%bc%ce%b1%ce%b8%ce%b1%ce%af%ce%bd%cf%89-%ce%bd%ce%b1-%ce%b3%cf%81%ce%ac%cf%86%cf%89-72-%ce%b5%ce%ba%cf%80%ce%b1%ce%b9%ce%b4%ce%b5%cf%85%cf%84%ce%b9%ce%ba%ce%bf%ce%af-%cf%87%ce%ac\/","title":{"rendered":"AS Magnet Box 4+ Ya\u015f \u0130\u00e7in 72 E\u011fitici Ka\u011f\u0131t M\u0131knat\u0131s\u0131 Yazmay\u0131 \u00d6\u011frenin"},"content":{"rendered":"<p class=\"MsoNormal\">\u00d6zel yazma-silme tahtas\u0131 ve s\u00fcnger kalem sayesinde \u00e7ocu\u011funuzun istedi\u011fi kadar tekrarlayabilece\u011fi, ayr\u0131ca kendi kelimelerini yazabilece\u011fi, zorluk derecesi kademeli bir oyun!<\/p>\n<\/p>\n<p class=\"MsoNormal\">\u0130\u00e7erir:<\/p>\n<\/p>\n<p>72 ka\u011f\u0131t m\u0131knat\u0131s<\/p>\n<\/p>\n<p>1 s\u00fcngerli i\u015faretleyici<\/p>\n<\/p>\n<p>1 manyetik tahta<\/p>\n<\/p>\n<p>Kelime \u00f6\u011frenme ve telaffuz al\u0131\u015ft\u0131rmalar\u0131 i\u00e7in resimli rehber<\/p>\n<\/p>\n<p class=\"MsoNormal\">AS M\u0131knat\u0131s Kutular\u0131 Nedir?<\/p>\n<\/p>\n<p class=\"MsoNormal\">Ah\u015fap ve ka\u011f\u0131t m\u0131knat\u0131slar kullanan Magnet Box serisi, \u00e7ocuklar\u0131n hayal g\u00fc\u00e7lerini harekete ge\u00e7irirken becerilerini geli\u015ftirmelerini sa\u011flar. Magnet Box ile oynayan \u00e7ocuklar, m\u0131knat\u0131slar\u0131 birle\u015ftirmeyi \u00f6\u011frenirken ince motor becerilerini ve el-g\u00f6z koordinasyonlar\u0131n\u0131 geli\u015ftirir. En \u00f6nemlisi, seri, i\u015f birli\u011fi ve empati duygusunu geli\u015ftirerek \u00e7ocu\u011fun sosyal ve duygusal geli\u015fimine yard\u0131mc\u0131 olur. Seri, 2021 Oyuncak \u00d6d\u00fclleri&#039;nde En \u0130yi E\u011fitici Oyuncak kategorisinde G\u00fcm\u00fc\u015f \u00d6d\u00fcl&#039;e lay\u0131k g\u00f6r\u00fclm\u00fc\u015ft\u00fcr.<\/p><\/p>","protected":false},"excerpt":{"rendered":"<p class=\"MsoNormal\">AS Magnet Box I&#039;m Learning to Write, \u00e7ocu\u011fun m\u0131knat\u0131slarla oynayarak yazmay\u0131 \u00f6\u011frenmesini te\u015fvik eden e\u011fitici bir manyetik oyuncakt\u0131r.<\/p>\n<\/p>\n<p class=\"MsoNormal\">\u00c7ocuk \u00f6nce harfleri ve nas\u0131l yaz\u0131laca\u011f\u0131n\u0131 \u00f6\u011freniyor, sonra harf m\u0131knat\u0131slar\u0131n\u0131 basit kelimelerin kar\u015f\u0131l\u0131k gelen g\u00f6rselleriyle e\u015fle\u015ftiriyor ve son olarak ekteki kitap\u00e7\u0131kta g\u00f6r\u00fcnen yaz\u0131l\u0131\u015flar\u0131na g\u00f6re kelimeleri tahtaya yazma al\u0131\u015ft\u0131rmas\u0131 yap\u0131yor.<\/p><\/p>","protected":false},"featured_media":7307,"comment_status":"open","ping_status":"closed","template":"","meta":{"site-sidebar-layout":"default","site-content-layout":"","ast-site-content-layout":"default","site-content-style":"default","site-sidebar-style":"default","ast-global-header-display":"","ast-banner-title-visibility":"","ast-main-header-display":"","ast-hfb-above-header-display":"","ast-hfb-below-header-display":"","ast-hfb-mobile-header-display":"","site-post-title":"","ast-breadcrumbs-content":"","ast-featured-img":"","footer-sml-layout":"","ast-disable-related-posts":"","theme-transparent-header-meta":"","adv-header-id-meta":"","stick-header-meta":"","header-above-stick-meta":"","header-main-stick-meta":"","header-below-stick-meta":"","astra-migrate-meta-layouts":"default","ast-page-background-enabled":"default","ast-page-background-meta":{"desktop":{"background-color":"var(--ast-global-color-5)","background-image":"","background-repeat":"repeat","background-position":"center center","background-size":"auto","background-attachment":"scroll","background-type":"","background-media":"","overlay-type":"","overlay-color":"","overlay-opacity":"","overlay-gradient":""},"tablet":{"background-color":"","background-image":"","background-repeat":"repeat","background-position":"center center","background-size":"auto","background-attachment":"scroll","background-type":"","background-media":"","overlay-type":"","overlay-color":"","overlay-opacity":"","overlay-gradient":""},"mobile":{"background-color":"","background-image":"","background-repeat":"repeat","background-position":"center center","background-size":"auto","background-attachment":"scroll","background-type":"","background-media":"","overlay-type":"","overlay-color":"","overlay-opacity":"","overlay-gradient":""}},"ast-content-background-meta":{"desktop":{"background-color":"var(--ast-global-color-4)","background-image":"","background-repeat":"repeat","background-position":"center center","background-size":"auto","background-attachment":"scroll","background-type":"","background-media":"","overlay-type":"","overlay-color":"","overlay-opacity":"","overlay-gradient":""},"tablet":{"background-color":"var(--ast-global-color-4)","background-image":"","background-repeat":"repeat","background-position":"center center","background-size":"auto","background-attachment":"scroll","background-type":"","background-media":"","overlay-type":"","overlay-color":"","overlay-opacity":"","overlay-gradient":""},"mobile":{"background-color":"var(--ast-global-color-4)","background-image":"","background-repeat":"repeat","background-position":"center center","background-size":"auto","background-attachment":"scroll","background-type":"","background-media":"","overlay-type":"","overlay-color":"","overlay-opacity":"","overlay-gradient":""}}},"product_brand":[99],"product_cat":[126,42,43,38,29,47,30,26],"product_tag":[],"class_list":{"0":"post-7306","1":"product","2":"type-product","3":"status-publish","4":"has-post-thumbnail","6":"product_brand-as","7":"product_cat-126","8":"product_cat-42","9":"product_cat-43","10":"product_cat-38","11":"product_cat-29","12":"product_cat-47","13":"product_cat--6-9-","14":"product_cat-26","15":"desktop-align-left","16":"tablet-align-left","17":"mobile-align-left","19":"first","20":"instock","21":"taxable","22":"shipping-taxable","23":"purchasable","24":"product-type-simple"},"_links":{"self":[{"href":"https:\/\/stem-eshop.gr\/tr\/wp-json\/wp\/v2\/product\/7306","targetHints":{"allow":["GET"]}}],"collection":[{"href":"https:\/\/stem-eshop.gr\/tr\/wp-json\/wp\/v2\/product"}],"about":[{"href":"https:\/\/stem-eshop.gr\/tr\/wp-json\/wp\/v2\/types\/product"}],"replies":[{"embeddable":true,"href":"https:\/\/stem-eshop.gr\/tr\/wp-json\/wp\/v2\/comments?post=7306"}],"wp:featuredmedia":[{"embeddable":true,"href":"https:\/\/stem-eshop.gr\/tr\/wp-json\/wp\/v2\/media\/7307"}],"wp:attachment":[{"href":"https:\/\/stem-eshop.gr\/tr\/wp-json\/wp\/v2\/media?parent=7306"}],"wp:term":[{"taxonomy":"product_brand","embeddable":true,"href":"https:\/\/stem-eshop.gr\/tr\/wp-json\/wp\/v2\/product_brand?post=7306"},{"taxonomy":"product_cat","embeddable":true,"href":"https:\/\/stem-eshop.gr\/tr\/wp-json\/wp\/v2\/product_cat?post=7306"},{"taxonomy":"product_tag","embeddable":true,"href":"https:\/\/stem-eshop.gr\/tr\/wp-json\/wp\/v2\/product_tag?post=7306"}],"curies":[{"name":"wp","href":"https:\/\/api.w.org\/{rel}","templated":true}]}}