{"id":7277,"date":"2025-05-19T10:11:54","date_gmt":"2025-05-19T10:11:54","guid":{"rendered":"https:\/\/stem-eshop.gr\/product\/%ce%b5%ce%be%cf%85%cf%80%ce%bd%ce%bf%cf%8d%ce%bb%ce%b7%cf%82-%ce%b5%ce%ba%cf%80%ce%b1%ce%b9%ce%b4%ce%b5%cf%85%cf%84%ce%b9%ce%ba%cf%8c-%cf%80%ce%b1%ce%b9%cf%87%ce%bd%ce%af%ce%b4%ce%b9-%ce%b7%ce%bb-2\/"},"modified":"2026-04-08T14:35:41","modified_gmt":"2026-04-08T11:35:41","slug":"%ce%b5%ce%be%cf%85%cf%80%ce%bd%ce%bf%cf%8d%ce%bb%ce%b7%cf%82-%ce%b5%ce%ba%cf%80%ce%b1%ce%b9%ce%b4%ce%b5%cf%85%cf%84%ce%b9%ce%ba%cf%8c-%cf%80%ce%b1%ce%b9%cf%87%ce%bd%ce%af%ce%b4%ce%b9-%ce%b7%ce%bb-2","status":"publish","type":"product","link":"https:\/\/stem-eshop.gr\/tr\/urun\/%ce%b5%ce%be%cf%85%cf%80%ce%bd%ce%bf%cf%8d%ce%bb%ce%b7%cf%82-%ce%b5%ce%ba%cf%80%ce%b1%ce%b9%ce%b4%ce%b5%cf%85%cf%84%ce%b9%ce%ba%cf%8c-%cf%80%ce%b1%ce%b9%cf%87%ce%bd%ce%af%ce%b4%ce%b9-%ce%b7%ce%bb-2\/","title":{"rendered":"3-5 Ya\u015f Aras\u0131 \u00c7ocuklar \u0130\u00e7in Ak\u0131ll\u0131 E\u011fitici Oyuncak Elektronik Ansiklopedi"},"content":{"rendered":"<p class=\"MsoNormal\">\u039f\u03b9 72 \u03b4\u03c1\u03b1\u03c3\u03c4\u03b7\u03c1\u03b9\u03cc\u03c4\u03b7\u03c4\u03b5\u03c2 \u03b5\u03af\u03bd\u03b1\u03b9 \u03c7\u03c9\u03c1\u03b9\u03c3\u03bc\u03ad\u03bd\u03b5\u03c2 \u03c3\u03b5 \u03b4\u03b9\u03ac\u03c6\u03bf\u03c1\u03b5\u03c2 \u03ba\u03b1\u03c4\u03b7\u03b3\u03bf\u03c1\u03af\u03b5\u03c2 \u03c0\u03bf\u03c5 \u03b5\u03ba\u03c4\u03b5\u03af\u03bd\u03bf\u03bd\u03c4\u03b1\u03b9 \u03c3\u03b5 \u03c0\u03bf\u03bb\u03bb\u03bf\u03cd\u03c2 \u03c4\u03bf\u03bc\u03b5\u03af\u03c2 \u03c4\u03b7\u03c2 \u03c0\u03c1\u03bf\u03c3\u03c7\u03bf\u03bb\u03b9\u03ba\u03ae\u03c2 \u03b5\u03ba\u03c0\u03b1\u03af\u03b4\u03b5\u03c5\u03c3\u03b7\u03c2 \u03ba\u03b1\u03b9 \u03b2\u03bf\u03b7\u03b8\u03bf\u03cd\u03bd \u03c3\u03c4\u03b7\u03bd \u03ba\u03b1\u03c4\u03b1\u03bd\u03cc\u03b7\u03c3\u03b7 \u03b2\u03b1\u03c3\u03b9\u03ba\u03ce\u03bd \u03b5\u03bd\u03bd\u03bf\u03b9\u03ce\u03bd, \u03cc\u03c0\u03c9\u03c2: \u03bf\u03b9 \u03c0\u03bf\u03c3\u03cc\u03c4\u03b7\u03c4\u03b5\u03c2 \u03ba\u03b1\u03b9 \u03c4\u03b1 \u03bc\u03b5\u03b3\u03ad\u03b8\u03b7, \u03c4\u03b1 \u03c7\u03c1\u03ce\u03bc\u03b1\u03c4\u03b1 \u03ba\u03b1\u03b9 \u03c4\u03b1 \u03c3\u03c7\u03ae\u03bc\u03b1\u03c4\u03b1, \u03c4\u03b1 \u03b6\u03ce\u03b1 \u03ba\u03b1\u03b9 \u03c4\u03bf \u03c0\u03b5\u03c1\u03b9\u03b2\u03ac\u03bb\u03bb\u03bf\u03bd, \u03bf\u03b9 \u03b5\u03c0\u03bf\u03c7\u03ad\u03c2 \u03ba\u03b1\u03b9 \u03bf\u03b9 \u03c3\u03c5\u03bd\u03ae\u03b8\u03b5\u03b9\u03b5\u03c2 \u03ba.\u03ac. \u03a4\u03bf \u03c3\u03c4\u03c5\u03bb\u03cc \u03c0\u03bf\u03c5 \u03bc\u03b9\u03bb\u03ac\u03b5\u03b9 \u03ba\u03b1\u03b8\u03bf\u03b4\u03b7\u03b3\u03b5\u03af \u03c4\u03bf \u03c0\u03b1\u03b9\u03b4\u03af \u03c3\u03c4\u03bf \u03c0\u03b1\u03b9\u03c7\u03bd\u03af\u03b4\u03b9 \u03ba\u03b1\u03b9 \u03b1\u03c0\u03bf\u03ba\u03b1\u03bb\u03cd\u03c0\u03c4\u03b5\u03b9 \u03b1\u03bd \u03bf\u03b9 \u03b1\u03c0\u03b1\u03bd\u03c4\u03ae\u03c3\u03b5\u03b9\u03c2 \u03b5\u03af\u03bd\u03b1\u03b9 \u03c3\u03c9\u03c3\u03c4\u03ad\u03c2 \u03ae \u03bb\u03ac\u03b8\u03bf\u03c2 \u03bc\u03ad\u03c3\u03c9 \u03b5\u03bd\u03cc\u03c2 \u03b5\u03c6\u03ad \u03c6\u03c9\u03c4\u03b9\u03c3\u03bc\u03bf\u03cd \u03ba\u03b1\u03b9 \u03bc\u03b5 4 \u03b4\u03b9\u03b1\u03c6\u03bf\u03c1\u03b5\u03c4\u03b9\u03ba\u03ac \u03bc\u03b7\u03bd\u03cd\u03bc\u03b1\u03c4\u03b1.<\/p>\n<p class=\"MsoNormal\">Bu oyun \u00e7ocu\u011fun \u015funlar\u0131 geli\u015ftirmesine ve edinmesine yard\u0131mc\u0131 olur:<\/p>\n<p>\u03a3\u03c7\u03ae\u03bc\u03b1\u03c4\u03b1 \u03ba\u03b1\u03b9 \u03c7\u03c1\u03ce\u03bc\u03b1\u03c4\u03b1<\/p>\n<p>\u0391\u03c1\u03b9\u03b8\u03bc\u03bf\u03af \u03ba\u03b1\u03b9 \u03c0\u03c1\u03ce\u03c4\u03b5\u03c2 \u03c0\u03c1\u03ac\u03be\u03b5\u03b9\u03c2<\/p>\n<p>\u0393\u03bd\u03ce\u03c3\u03b5\u03b9\u03c2 \u03b3\u03b9\u03b1 \u03c4\u03b7\u03bd \u03ba\u03b1\u03c4\u03b1\u03bd\u03cc\u03b7\u03c3\u03b7 \u03c4\u03bf\u03c5 \u03ba\u03cc\u03c3\u03bc\u03bf\u03c5 \u03cc\u03c0\u03c9\u03c2 \u03c4\u03b1 \u03b6\u03ce\u03b1, \u03c4\u03bf \u03c0\u03b5\u03c1\u03b9\u03b2\u03ac\u03bb\u03bb\u03bf\u03bd, \u03bf \u03ba\u03cc\u03c3\u03bc\u03bf\u03c2 \u03c4\u03c9\u03bd \u03b5\u03bd\u03b7\u03bb\u03af\u03ba\u03c9\u03bd \u03ba\u03b1\u03b9 \u03c4\u03b1 \u03b5\u03c1\u03b3\u03b1\u03bb\u03b5\u03af\u03b1<\/p>\n<p>\u03a7\u03c9\u03c1\u03b9\u03ba\u03cc\u03c2 \u03c0\u03c1\u03bf\u03c3\u03b1\u03bd\u03b1\u03c4\u03bf\u03bb\u03b9\u03c3\u03bc\u03cc\u03c2<\/p>\n<p>\u039b\u03bf\u03b3\u03b9\u03ba\u03ae \u03ba\u03b1\u03b9 \u03c0\u03b1\u03c1\u03b1\u03c4\u03b7\u03c1\u03b7\u03c4\u03b9\u03ba\u03cc\u03c4\u03b7\u03c4\u03b1 \u03bc\u03ad\u03c3\u03c9 \u03c4\u03b7\u03c2 \u03b1\u03bd\u03b1\u03b3\u03bd\u03ce\u03c1\u03b9\u03c3\u03b7\u03c2, \u03c3\u03c5\u03c3\u03c7\u03ad\u03c4\u03b9\u03c3\u03b7\u03c2 \u03ba\u03b1\u03b9 \u03c4\u03b1\u03be\u03b9\u03bd\u03cc\u03bc\u03b7\u03c3\u03b7\u03c2 \u03b1\u03bd\u03c4\u03b9\u03ba\u03b5\u03b9\u03bc\u03ad\u03bd\u03c9\u03bd \u03bc\u03b5 \u03b2\u03ac\u03c3\u03b7 \u03bf\u03c1\u03b9\u03c3\u03bc\u03ad\u03bd\u03b1 \u03ba\u03c1\u03b9\u03c4\u03ae\u03c1\u03b9\u03b1<\/p>\n<p class=\"MsoNormal\">Paket \u015funlar\u0131 i\u00e7erir:<\/p>\n<p>36 \u03ba\u03ac\u03c1\u03c4\u03b5\u03c2 \u03bc\u03b5 72 \u03b5\u03ba\u03c0\u03b1\u03b9\u03b4\u03b5\u03c5\u03c4\u03b9\u03ba\u03ad\u03c2 \u03b4\u03c1\u03b1\u03c3\u03c4\u03b7\u03c1\u03b9\u03cc\u03c4\u03b7\u03c4\u03b5\u03c2<\/p>\n<p>1 \u03b7\u03bb\u03b5\u03ba\u03c4\u03c1\u03bf\u03bd\u03b9\u03ba\u03cc \u03c3\u03c4\u03c5\u03bb\u03cc \u03c0\u03bf\u03c5 \u03bc\u03b9\u03bb\u03ac\u03b5\u03b9 \u03ba\u03b1\u03b9 \u03c6\u03c9\u03c4\u03af\u03b6\u03b5\u03c4\u03b1\u03b9<\/p>\n<p><span style=\"font-size: 11pt;line-height: 107%;font-family: Calibri, sans-serif\">1 \u03b5\u03b3\u03c7\u03b5\u03b9\u03c1\u03af\u03b4\u03b9\u03bf \u03c7\u03c1\u03ae\u03c3\u03b7\u03c2<\/span><\/p>\n<p class=\"MsoNormal\">\u0130talya&#039;da \u00fcretildi<\/p>\n<p class=\"MsoNormal\">Exynnoulis&#039;in e\u011fitici oyunlar\u0131, okul \u00f6ncesi ve okul \u00e7a\u011f\u0131ndaki \u00e7ocuklar\u0131n \u00f6\u011frenme geli\u015fimini desteklemek i\u00e7in tasarlanm\u0131\u015f, zamans\u0131z ve yenilik\u00e7i bir seridir. Uzman e\u011fitimciler ve psikologlar taraf\u0131ndan incelenmi\u015f ve okullarda test edilmi\u015ftir. \u00c7ok \u00e7e\u015fitli e\u011fitim konular\u0131n\u0131 kapsayan bu oyunlar, \u00e7ocuklar\u0131n temel beceri ve bilgilerini basit ve e\u011flenceli bir \u015fekilde geli\u015ftirmelerine yard\u0131mc\u0131 olur!<\/p>","protected":false},"excerpt":{"rendered":"<p class=\"MsoNormal\">\u0397\u03bb\u03b5\u03ba\u03c4\u03c1\u03bf\u03bd\u03b9\u03ba\u03ae \u0395\u03b3\u03ba\u03c5\u03ba\u03bb\u03bf\u03c0\u03b1\u03af\u03b4\u03b5\u03b9\u03b1 \u03bc\u03b5 \u03b4\u03b9\u03b1\u03b4\u03c1\u03b1\u03c3\u03c4\u03b9\u03ba\u03cc \u03c3\u03c4\u03c5\u03bb\u03cc \u03c0\u03bf\u03c5 \u03bc\u03b9\u03bb\u03ac\u03b5\u03b9 \u03ba\u03b1\u03b9 \u03c6\u03c9\u03c4\u03af\u03b6\u03b5\u03c4\u03b1\u03b9! \u03a0\u03b5\u03c1\u03b9\u03bb\u03b1\u03bc\u03b2\u03ac\u03bd\u03b5\u03b9 \u03c0\u03ac\u03bd\u03c9 \u03b1\u03c0\u03cc 500 \u03b5\u03c1\u03c9\u03c4\u03ae\u03c3\u03b5\u03b9\u03c2 \u03ba\u03b1\u03b9 72 \u03b5\u03ba\u03c0\u03b1\u03b9\u03b4\u03b5\u03c5\u03c4\u03b9\u03ba\u03ac \u03b8\u03ad\u03bc\u03b1\u03c4\u03b1. \u0388\u03bd\u03b1 \u03b5\u03ba\u03c0\u03b1\u03b9\u03b4\u03b5\u03c5\u03c4\u03b9\u03ba\u03cc \u03c0\u03b1\u03b9\u03c7\u03bd\u03af\u03b4\u03b9 \u03c0\u03bf\u03c5 \u03b1\u03c0\u03b5\u03c5\u03b8\u03cd\u03bd\u03b5\u03c4\u03b1\u03b9 \u03c3\u03b5 \u03c0\u03b1\u03b9\u03b4\u03b9\u03ac 3 \u03b5\u03c4\u03ce\u03bd \u03ba\u03b1\u03b9 \u03ac\u03bd\u03c9. \u0395\u03af\u03bd\u03b1\u03b9 \u03c3\u03c7\u03b5\u03b4\u03b9\u03b1\u03c3\u03bc\u03ad\u03bd\u03bf \u03b3\u03b9\u03b1 \u03bd\u03b1 \u03b4\u03b9\u03b5\u03b3\u03b5\u03af\u03c1\u03b5\u03b9 \u03c4\u03b7 \u03c6\u03b1\u03bd\u03c4\u03b1\u03c3\u03af\u03b1 \u03c4\u03c9\u03bd \u03bc\u03b9\u03ba\u03c1\u03ce\u03bd \u03c0\u03b1\u03b9\u03b4\u03b9\u03ce\u03bd \u03ba\u03b1\u03b9 \u03c4\u03b7\u03bd \u03b5\u03c0\u03b9\u03b8\u03c5\u03bc\u03af\u03b1 \u03c4\u03bf\u03c5\u03c2 \u03b3\u03b9\u03b1 \u03b3\u03bd\u03ce\u03c3\u03b7.<\/p>","protected":false},"featured_media":7278,"comment_status":"open","ping_status":"closed","template":"","meta":{"site-sidebar-layout":"default","site-content-layout":"","ast-site-content-layout":"default","site-content-style":"default","site-sidebar-style":"default","ast-global-header-display":"","ast-banner-title-visibility":"","ast-main-header-display":"","ast-hfb-above-header-display":"","ast-hfb-below-header-display":"","ast-hfb-mobile-header-display":"","site-post-title":"","ast-breadcrumbs-content":"","ast-featured-img":"","footer-sml-layout":"","ast-disable-related-posts":"","theme-transparent-header-meta":"default","adv-header-id-meta":"","stick-header-meta":"","header-above-stick-meta":"","header-main-stick-meta":"","header-below-stick-meta":"","astra-migrate-meta-layouts":"set","ast-page-background-enabled":"default","ast-page-background-meta":{"desktop":{"background-color":"var(--ast-global-color-5)","background-image":"","background-repeat":"repeat","background-position":"center center","background-size":"auto","background-attachment":"scroll","background-type":"","background-media":"","overlay-type":"","overlay-color":"","overlay-opacity":"","overlay-gradient":""},"tablet":{"background-color":"","background-image":"","background-repeat":"repeat","background-position":"center center","background-size":"auto","background-attachment":"scroll","background-type":"","background-media":"","overlay-type":"","overlay-color":"","overlay-opacity":"","overlay-gradient":""},"mobile":{"background-color":"","background-image":"","background-repeat":"repeat","background-position":"center center","background-size":"auto","background-attachment":"scroll","background-type":"","background-media":"","overlay-type":"","overlay-color":"","overlay-opacity":"","overlay-gradient":""}},"ast-content-background-meta":{"desktop":{"background-color":"var(--ast-global-color-4)","background-image":"","background-repeat":"repeat","background-position":"center center","background-size":"auto","background-attachment":"scroll","background-type":"","background-media":"","overlay-type":"","overlay-color":"","overlay-opacity":"","overlay-gradient":""},"tablet":{"background-color":"var(--ast-global-color-4)","background-image":"","background-repeat":"repeat","background-position":"center center","background-size":"auto","background-attachment":"scroll","background-type":"","background-media":"","overlay-type":"","overlay-color":"","overlay-opacity":"","overlay-gradient":""},"mobile":{"background-color":"var(--ast-global-color-4)","background-image":"","background-repeat":"repeat","background-position":"center center","background-size":"auto","background-attachment":"scroll","background-type":"","background-media":"","overlay-type":"","overlay-color":"","overlay-opacity":"","overlay-gradient":""}}},"product_brand":[112],"product_cat":[126,42,43,44,39,49,38,26,58],"product_tag":[],"class_list":{"0":"post-7277","1":"product","2":"type-product","3":"status-publish","4":"has-post-thumbnail","6":"product_brand-eksipnoulis","7":"product_cat-126","8":"product_cat-42","9":"product_cat-43","10":"product_cat-44","11":"product_cat-39","12":"product_cat-49","13":"product_cat-38","14":"product_cat-26","15":"product_cat-58","16":"desktop-align-left","17":"tablet-align-left","18":"mobile-align-left","20":"first","21":"instock","22":"taxable","23":"shipping-taxable","24":"purchasable","25":"product-type-simple"},"_links":{"self":[{"href":"https:\/\/stem-eshop.gr\/tr\/wp-json\/wp\/v2\/product\/7277","targetHints":{"allow":["GET"]}}],"collection":[{"href":"https:\/\/stem-eshop.gr\/tr\/wp-json\/wp\/v2\/product"}],"about":[{"href":"https:\/\/stem-eshop.gr\/tr\/wp-json\/wp\/v2\/types\/product"}],"replies":[{"embeddable":true,"href":"https:\/\/stem-eshop.gr\/tr\/wp-json\/wp\/v2\/comments?post=7277"}],"wp:featuredmedia":[{"embeddable":true,"href":"https:\/\/stem-eshop.gr\/tr\/wp-json\/wp\/v2\/media\/7278"}],"wp:attachment":[{"href":"https:\/\/stem-eshop.gr\/tr\/wp-json\/wp\/v2\/media?parent=7277"}],"wp:term":[{"taxonomy":"product_brand","embeddable":true,"href":"https:\/\/stem-eshop.gr\/tr\/wp-json\/wp\/v2\/product_brand?post=7277"},{"taxonomy":"product_cat","embeddable":true,"href":"https:\/\/stem-eshop.gr\/tr\/wp-json\/wp\/v2\/product_cat?post=7277"},{"taxonomy":"product_tag","embeddable":true,"href":"https:\/\/stem-eshop.gr\/tr\/wp-json\/wp\/v2\/product_tag?post=7277"}],"curies":[{"name":"wp","href":"https:\/\/api.w.org\/{rel}","templated":true}]}}