{"id":7266,"date":"2025-05-19T10:11:45","date_gmt":"2025-05-19T10:11:45","guid":{"rendered":"https:\/\/stem-eshop.gr\/product\/as-magnet-box-%cf%84%ce%bf-%ce%b7%ce%bc%ce%b5%cf%81%ce%bf%ce%bb%cf%8c%ce%b3%ce%b9%cf%8c-%ce%bc%ce%bf%cf%85-%ce%bc%ce%b5-%ce%bc%ce%b1%cf%81%ce%ba%ce%b1%ce%b4%cf%8c%cf%81%ce%bf-45-%ce%b5%ce%ba%cf%80\/"},"modified":"2026-01-14T16:27:00","modified_gmt":"2026-01-14T13:27:00","slug":"as-magnet-box-%cf%84%ce%bf-%ce%b7%ce%bc%ce%b5%cf%81%ce%bf%ce%bb%cf%8c%ce%b3%ce%b9%cf%8c-%ce%bc%ce%bf%cf%85-%ce%bc%ce%b5-%ce%bc%ce%b1%cf%81%ce%ba%ce%b1%ce%b4%cf%8c%cf%81%ce%bf-45-%ce%b5%ce%ba%cf%80","status":"publish","type":"product","link":"https:\/\/stem-eshop.gr\/tr\/urun\/as-magnet-box-%cf%84%ce%bf-%ce%b7%ce%bc%ce%b5%cf%81%ce%bf%ce%bb%cf%8c%ce%b3%ce%b9%cf%8c-%ce%bc%ce%bf%cf%85-%ce%bc%ce%b5-%ce%bc%ce%b1%cf%81%ce%ba%ce%b1%ce%b4%cf%8c%cf%81%ce%bf-45-%ce%b5%ce%ba%cf%80\/","title":{"rendered":"AS Magnet Box My Diary With Marker 45 3+ Ya\u015f \u00c7ocuklar \u0130\u00e7in E\u011fitici Ka\u011f\u0131t M\u0131knat\u0131slar"},"content":{"rendered":"<p class=\"MsoNormal\">\u00c7ocuklar g\u00fcnl\u00fck rutini takip ederek haftan\u0131n g\u00fcnlerini, aylar\u0131 \u00f6\u011frenir, zaman\u0131n s\u00fcreklili\u011fini anlar ve son olarak d\u00fcn\u00fc, bug\u00fcn\u00fc ve yar\u0131n\u0131, ge\u00e7mi\u015fi ve gelece\u011fi alg\u0131lar. 45 adet ka\u011f\u0131t m\u0131knat\u0131s, \u00e7ocuklar\u0131n yakla\u015fan etkinlikler, tatiller, hafta sonlar\u0131 ve daha fazlas\u0131 hakk\u0131nda \u00e7evrelerindeki insanlarla ileti\u015fim kurmas\u0131na destek olur.<\/p>\n<p>Takvimi doldurmak, m\u0131knat\u0131slar\u0131 ilgili noktalara hareket ettirerek olduk\u00e7a kolayd\u0131r. Tahta, evin i\u00e7inde veya d\u0131\u015f\u0131nda herhangi bir manyetik y\u00fczeye tutturulabilir.<\/p>\n<p>AS M\u0131knat\u0131s Kutular\u0131 Nedir?<\/p>\n<p>Ah\u015fap ve ka\u011f\u0131t m\u0131knat\u0131slar kullanan Magnet Box serisi, \u00e7ocuklar\u0131n hayal g\u00fc\u00e7lerini harekete ge\u00e7irirken becerilerini geli\u015ftirmelerini sa\u011flar. Magnet Box ile oynayan \u00e7ocuklar, m\u0131knat\u0131slar\u0131 birle\u015ftirmeyi \u00f6\u011frenirken ince motor becerilerini ve el-g\u00f6z koordinasyonlar\u0131n\u0131 geli\u015ftirir. En \u00f6nemlisi, seri, i\u015f birli\u011fi ve empati duygusunu geli\u015ftirerek \u00e7ocu\u011fun sosyal ve duygusal geli\u015fimine yard\u0131mc\u0131 olur. Seri, 2021 Oyuncak \u00d6d\u00fclleri&#039;nde En \u0130yi E\u011fitici Oyuncak kategorisinde G\u00fcm\u00fc\u015f \u00d6d\u00fcl&#039;e lay\u0131k g\u00f6r\u00fclm\u00fc\u015ft\u00fcr.<\/p><\/p>","protected":false},"excerpt":{"rendered":"<p class=\"MsoNormal\">Bug\u00fcn g\u00fcnlerden ne? Hava nas\u0131l? Yaz hangi aylardan olu\u015fuyor? Bir \u00e7ocuk i\u00e7in \u00e7ok \u015fey ifade eden ve karma\u015f\u0131k olan basit g\u00fcnl\u00fck sorular.<\/p><\/p>","protected":false},"featured_media":7267,"comment_status":"open","ping_status":"closed","template":"","meta":{"site-sidebar-layout":"default","site-content-layout":"","ast-site-content-layout":"default","site-content-style":"default","site-sidebar-style":"default","ast-global-header-display":"","ast-banner-title-visibility":"","ast-main-header-display":"","ast-hfb-above-header-display":"","ast-hfb-below-header-display":"","ast-hfb-mobile-header-display":"","site-post-title":"","ast-breadcrumbs-content":"","ast-featured-img":"","footer-sml-layout":"","ast-disable-related-posts":"","theme-transparent-header-meta":"","adv-header-id-meta":"","stick-header-meta":"","header-above-stick-meta":"","header-main-stick-meta":"","header-below-stick-meta":"","astra-migrate-meta-layouts":"default","ast-page-background-enabled":"default","ast-page-background-meta":{"desktop":{"background-color":"var(--ast-global-color-5)","background-image":"","background-repeat":"repeat","background-position":"center center","background-size":"auto","background-attachment":"scroll","background-type":"","background-media":"","overlay-type":"","overlay-color":"","overlay-opacity":"","overlay-gradient":""},"tablet":{"background-color":"","background-image":"","background-repeat":"repeat","background-position":"center center","background-size":"auto","background-attachment":"scroll","background-type":"","background-media":"","overlay-type":"","overlay-color":"","overlay-opacity":"","overlay-gradient":""},"mobile":{"background-color":"","background-image":"","background-repeat":"repeat","background-position":"center center","background-size":"auto","background-attachment":"scroll","background-type":"","background-media":"","overlay-type":"","overlay-color":"","overlay-opacity":"","overlay-gradient":""}},"ast-content-background-meta":{"desktop":{"background-color":"var(--ast-global-color-4)","background-image":"","background-repeat":"repeat","background-position":"center center","background-size":"auto","background-attachment":"scroll","background-type":"","background-media":"","overlay-type":"","overlay-color":"","overlay-opacity":"","overlay-gradient":""},"tablet":{"background-color":"var(--ast-global-color-4)","background-image":"","background-repeat":"repeat","background-position":"center center","background-size":"auto","background-attachment":"scroll","background-type":"","background-media":"","overlay-type":"","overlay-color":"","overlay-opacity":"","overlay-gradient":""},"mobile":{"background-color":"var(--ast-global-color-4)","background-image":"","background-repeat":"repeat","background-position":"center center","background-size":"auto","background-attachment":"scroll","background-type":"","background-media":"","overlay-type":"","overlay-color":"","overlay-opacity":"","overlay-gradient":""}}},"product_brand":[99],"product_cat":[42,43,44,39,50,56,37,26],"product_tag":[],"class_list":{"0":"post-7266","1":"product","2":"type-product","3":"status-publish","4":"has-post-thumbnail","6":"product_brand-as","7":"product_cat-42","8":"product_cat-43","9":"product_cat-44","10":"product_cat-39","11":"product_cat-50","12":"product_cat-56","13":"product_cat-37","14":"product_cat-26","15":"desktop-align-left","16":"tablet-align-left","17":"mobile-align-left","19":"first","20":"instock","21":"taxable","22":"shipping-taxable","23":"purchasable","24":"product-type-simple"},"_links":{"self":[{"href":"https:\/\/stem-eshop.gr\/tr\/wp-json\/wp\/v2\/product\/7266","targetHints":{"allow":["GET"]}}],"collection":[{"href":"https:\/\/stem-eshop.gr\/tr\/wp-json\/wp\/v2\/product"}],"about":[{"href":"https:\/\/stem-eshop.gr\/tr\/wp-json\/wp\/v2\/types\/product"}],"replies":[{"embeddable":true,"href":"https:\/\/stem-eshop.gr\/tr\/wp-json\/wp\/v2\/comments?post=7266"}],"wp:featuredmedia":[{"embeddable":true,"href":"https:\/\/stem-eshop.gr\/tr\/wp-json\/wp\/v2\/media\/7267"}],"wp:attachment":[{"href":"https:\/\/stem-eshop.gr\/tr\/wp-json\/wp\/v2\/media?parent=7266"}],"wp:term":[{"taxonomy":"product_brand","embeddable":true,"href":"https:\/\/stem-eshop.gr\/tr\/wp-json\/wp\/v2\/product_brand?post=7266"},{"taxonomy":"product_cat","embeddable":true,"href":"https:\/\/stem-eshop.gr\/tr\/wp-json\/wp\/v2\/product_cat?post=7266"},{"taxonomy":"product_tag","embeddable":true,"href":"https:\/\/stem-eshop.gr\/tr\/wp-json\/wp\/v2\/product_tag?post=7266"}],"curies":[{"name":"wp","href":"https:\/\/api.w.org\/{rel}","templated":true}]}}