{"id":7248,"date":"2025-05-19T09:56:16","date_gmt":"2025-05-19T09:56:16","guid":{"rendered":"https:\/\/stem-eshop.gr\/product\/%cf%80%cf%89%cf%82-%ce%bb%ce%b5%ce%b9%cf%84%ce%bf%cf%85%cf%81%ce%b3%ce%bf%cf%8d%ce%bd-%cf%84%ce%b1-%ce%b1%ce%b5%cf%81%ce%bf%cf%83%ce%ba%ce%ac%cf%86%ce%b7-%cf%84%ce%b5%cf%87%ce%bd%ce%bf%ce%bb%ce%bf\/"},"modified":"2025-05-23T13:03:44","modified_gmt":"2025-05-23T10:03:44","slug":"%cf%80%cf%89%cf%82-%ce%bb%ce%b5%ce%b9%cf%84%ce%bf%cf%85%cf%81%ce%b3%ce%bf%cf%8d%ce%bd-%cf%84%ce%b1-%ce%b1%ce%b5%cf%81%ce%bf%cf%83%ce%ba%ce%ac%cf%86%ce%b7-%cf%84%ce%b5%cf%87%ce%bd%ce%bf%ce%bb%ce%bf","status":"publish","type":"product","link":"https:\/\/stem-eshop.gr\/tr\/urun\/%cf%80%cf%89%cf%82-%ce%bb%ce%b5%ce%b9%cf%84%ce%bf%cf%85%cf%81%ce%b3%ce%bf%cf%8d%ce%bd-%cf%84%ce%b1-%ce%b1%ce%b5%cf%81%ce%bf%cf%83%ce%ba%ce%ac%cf%86%ce%b7-%cf%84%ce%b5%cf%87%ce%bd%ce%bf%ce%bb%ce%bf\/","title":{"rendered":"U\u00e7aklar nas\u0131l \u00e7al\u0131\u015f\u0131r - Motor Teknolojisi"},"content":{"rendered":"<p>Havac\u0131l\u0131\u011f\u0131n geli\u015fimi, D\u00fcnya&#039;n\u0131n etraf\u0131ndaki seyahat etme bi\u00e7imimizi tamamen de\u011fi\u015ftirdi\u011fi i\u00e7in insanl\u0131k tarihinin en \u00f6nemli ba\u015far\u0131lar\u0131ndan biri olarak kabul edilir.<\/p>\n<p>Pilot olmay\u0131 m\u0131 d\u00fc\u015f\u00fcn\u00fcyorsunuz?<\/p>\n<p>Pilotlar u\u00e7a\u011f\u0131 nas\u0131l kontrol eder ve akrobasi manevralar\u0131n\u0131 nas\u0131l ger\u00e7ekle\u015ftirir?<\/p>\n<p>U\u00e7u\u015fu hangi kuvvetler etkiler?<\/p>\n<p>Helikopterler nas\u0131l u\u00e7ar?<\/p>","protected":false},"excerpt":{"rendered":"<p>Tatil veya i\u015f ama\u00e7l\u0131 u\u00e7akla seyahat etmek olduk\u00e7a yayg\u0131n bir aktivitedir.<\/p>\n<p>U\u00e7aklar, h\u0131zl\u0131 ula\u015f\u0131m\u0131 g\u00fcvenlikle birle\u015ftirmek i\u00e7in tasarlanm\u0131\u015ft\u0131r.<\/p>","protected":false},"featured_media":8334,"comment_status":"open","ping_status":"closed","template":"","meta":{"site-sidebar-layout":"default","site-content-layout":"","ast-site-content-layout":"default","site-content-style":"default","site-sidebar-style":"default","ast-global-header-display":"","ast-banner-title-visibility":"","ast-main-header-display":"","ast-hfb-above-header-display":"","ast-hfb-below-header-display":"","ast-hfb-mobile-header-display":"","site-post-title":"","ast-breadcrumbs-content":"","ast-featured-img":"","footer-sml-layout":"","ast-disable-related-posts":"","theme-transparent-header-meta":"default","adv-header-id-meta":"","stick-header-meta":"","header-above-stick-meta":"","header-main-stick-meta":"","header-below-stick-meta":"","astra-migrate-meta-layouts":"set","ast-page-background-enabled":"default","ast-page-background-meta":{"desktop":{"background-color":"var(--ast-global-color-5)","background-image":"","background-repeat":"repeat","background-position":"center center","background-size":"auto","background-attachment":"scroll","background-type":"","background-media":"","overlay-type":"","overlay-color":"","overlay-opacity":"","overlay-gradient":""},"tablet":{"background-color":"","background-image":"","background-repeat":"repeat","background-position":"center center","background-size":"auto","background-attachment":"scroll","background-type":"","background-media":"","overlay-type":"","overlay-color":"","overlay-opacity":"","overlay-gradient":""},"mobile":{"background-color":"","background-image":"","background-repeat":"repeat","background-position":"center center","background-size":"auto","background-attachment":"scroll","background-type":"","background-media":"","overlay-type":"","overlay-color":"","overlay-opacity":"","overlay-gradient":""}},"ast-content-background-meta":{"desktop":{"background-color":"var(--ast-global-color-4)","background-image":"","background-repeat":"repeat","background-position":"center center","background-size":"auto","background-attachment":"scroll","background-type":"","background-media":"","overlay-type":"","overlay-color":"","overlay-opacity":"","overlay-gradient":""},"tablet":{"background-color":"var(--ast-global-color-4)","background-image":"","background-repeat":"repeat","background-position":"center center","background-size":"auto","background-attachment":"scroll","background-type":"","background-media":"","overlay-type":"","overlay-color":"","overlay-opacity":"","overlay-gradient":""},"mobile":{"background-color":"var(--ast-global-color-4)","background-image":"","background-repeat":"repeat","background-position":"center center","background-size":"auto","background-attachment":"scroll","background-type":"","background-media":"","overlay-type":"","overlay-color":"","overlay-opacity":"","overlay-gradient":""}}},"product_brand":[95],"product_cat":[39,38,29,56,32,57,35,40,30,59],"product_tag":[],"class_list":{"0":"post-7248","1":"product","2":"type-product","3":"status-publish","4":"has-post-thumbnail","6":"product_brand-engino","7":"product_cat-39","8":"product_cat-38","9":"product_cat-29","10":"product_cat-56","11":"product_cat-32","12":"product_cat-57","13":"product_cat--10-12-","14":"product_cat--12-","15":"product_cat--6-9-","16":"product_cat-59","17":"desktop-align-left","18":"tablet-align-left","19":"mobile-align-left","21":"first","22":"instock","23":"taxable","24":"shipping-taxable","25":"purchasable","26":"product-type-simple"},"_links":{"self":[{"href":"https:\/\/stem-eshop.gr\/tr\/wp-json\/wp\/v2\/product\/7248","targetHints":{"allow":["GET"]}}],"collection":[{"href":"https:\/\/stem-eshop.gr\/tr\/wp-json\/wp\/v2\/product"}],"about":[{"href":"https:\/\/stem-eshop.gr\/tr\/wp-json\/wp\/v2\/types\/product"}],"replies":[{"embeddable":true,"href":"https:\/\/stem-eshop.gr\/tr\/wp-json\/wp\/v2\/comments?post=7248"}],"wp:featuredmedia":[{"embeddable":true,"href":"https:\/\/stem-eshop.gr\/tr\/wp-json\/wp\/v2\/media\/8334"}],"wp:attachment":[{"href":"https:\/\/stem-eshop.gr\/tr\/wp-json\/wp\/v2\/media?parent=7248"}],"wp:term":[{"taxonomy":"product_brand","embeddable":true,"href":"https:\/\/stem-eshop.gr\/tr\/wp-json\/wp\/v2\/product_brand?post=7248"},{"taxonomy":"product_cat","embeddable":true,"href":"https:\/\/stem-eshop.gr\/tr\/wp-json\/wp\/v2\/product_cat?post=7248"},{"taxonomy":"product_tag","embeddable":true,"href":"https:\/\/stem-eshop.gr\/tr\/wp-json\/wp\/v2\/product_tag?post=7248"}],"curies":[{"name":"wp","href":"https:\/\/api.w.org\/{rel}","templated":true}]}}