{"id":7238,"date":"2025-05-19T09:55:56","date_gmt":"2025-05-19T09:55:56","guid":{"rendered":"https:\/\/stem-eshop.gr\/product\/%cf%80%cf%89%cf%82-%ce%bb%ce%b5%ce%b9%cf%84%ce%bf%cf%85%cf%81%ce%b3%ce%bf%cf%8d%ce%bd-%cf%84%ce%b1-%ce%b1%cf%85%cf%84%ce%bf%ce%ba%ce%af%ce%bd%ce%b7%cf%84%ce%b1-%cf%84%ce%b5%cf%87%ce%bd%ce%bf%ce%bb\/"},"modified":"2025-05-22T21:13:29","modified_gmt":"2025-05-22T18:13:29","slug":"%cf%80%cf%89%cf%82-%ce%bb%ce%b5%ce%b9%cf%84%ce%bf%cf%85%cf%81%ce%b3%ce%bf%cf%8d%ce%bd-%cf%84%ce%b1-%ce%b1%cf%85%cf%84%ce%bf%ce%ba%ce%af%ce%bd%ce%b7%cf%84%ce%b1-%cf%84%ce%b5%cf%87%ce%bd%ce%bf%ce%bb","status":"publish","type":"product","link":"https:\/\/stem-eshop.gr\/tr\/urun\/%cf%80%cf%89%cf%82-%ce%bb%ce%b5%ce%b9%cf%84%ce%bf%cf%85%cf%81%ce%b3%ce%bf%cf%8d%ce%bd-%cf%84%ce%b1-%ce%b1%cf%85%cf%84%ce%bf%ce%ba%ce%af%ce%bd%ce%b7%cf%84%ce%b1-%cf%84%ce%b5%cf%87%ce%bd%ce%bf%ce%bb\/","title":{"rendered":"Arabalar nas\u0131l \u00e7al\u0131\u015f\u0131r - Motor Teknolojisi"},"content":{"rendered":"<p>Otomobiller 20. y\u00fczy\u0131lda yayg\u0131n olarak kullan\u0131lmaya ba\u015fland\u0131 ve geli\u015fmi\u015f ekonomilerimiz onlara ba\u011f\u0131ml\u0131 hale geldi.<\/p>\n<p>Otomobilin mucidi kimdir?<\/p>\n<p>Bir araban\u0131n ana par\u00e7alar\u0131 nelerdir ve nas\u0131l \u00e7al\u0131\u015f\u0131rlar?<\/p>\n<p>Yolcu g\u00fcvenli\u011fi ve konforu ne kadar \u00f6nemli?<\/p>\n<p>Otomotiv m\u00fchendisleri hangi fizik yasalar\u0131n\u0131 bilmelidir?<\/p>","protected":false},"excerpt":{"rendered":"<p>Arabalar veya motorlu ta\u015f\u0131tlar muhtemelen insanlar\u0131 ve mallar\u0131 ta\u015f\u0131man\u0131n en yayg\u0131n yoludur.<\/p>\n<p>Boyutlar\u0131 ve tasar\u0131mlar\u0131 farkl\u0131l\u0131k g\u00f6sterebilir ancak hepsi \u00f6ncelikli olarak yollarda giden ve tekerlekleri olan motorlu ta\u015f\u0131tlar olarak tan\u0131mlan\u0131r.<\/p>","protected":false},"featured_media":7239,"comment_status":"open","ping_status":"closed","template":"","meta":{"site-sidebar-layout":"default","site-content-layout":"","ast-site-content-layout":"default","site-content-style":"default","site-sidebar-style":"default","ast-global-header-display":"","ast-banner-title-visibility":"","ast-main-header-display":"","ast-hfb-above-header-display":"","ast-hfb-below-header-display":"","ast-hfb-mobile-header-display":"","site-post-title":"","ast-breadcrumbs-content":"","ast-featured-img":"","footer-sml-layout":"","ast-disable-related-posts":"","theme-transparent-header-meta":"default","adv-header-id-meta":"","stick-header-meta":"","header-above-stick-meta":"","header-main-stick-meta":"","header-below-stick-meta":"","astra-migrate-meta-layouts":"set","ast-page-background-enabled":"default","ast-page-background-meta":{"desktop":{"background-color":"var(--ast-global-color-5)","background-image":"","background-repeat":"repeat","background-position":"center center","background-size":"auto","background-attachment":"scroll","background-type":"","background-media":"","overlay-type":"","overlay-color":"","overlay-opacity":"","overlay-gradient":""},"tablet":{"background-color":"","background-image":"","background-repeat":"repeat","background-position":"center center","background-size":"auto","background-attachment":"scroll","background-type":"","background-media":"","overlay-type":"","overlay-color":"","overlay-opacity":"","overlay-gradient":""},"mobile":{"background-color":"","background-image":"","background-repeat":"repeat","background-position":"center center","background-size":"auto","background-attachment":"scroll","background-type":"","background-media":"","overlay-type":"","overlay-color":"","overlay-opacity":"","overlay-gradient":""}},"ast-content-background-meta":{"desktop":{"background-color":"var(--ast-global-color-4)","background-image":"","background-repeat":"repeat","background-position":"center center","background-size":"auto","background-attachment":"scroll","background-type":"","background-media":"","overlay-type":"","overlay-color":"","overlay-opacity":"","overlay-gradient":""},"tablet":{"background-color":"var(--ast-global-color-4)","background-image":"","background-repeat":"repeat","background-position":"center center","background-size":"auto","background-attachment":"scroll","background-type":"","background-media":"","overlay-type":"","overlay-color":"","overlay-opacity":"","overlay-gradient":""},"mobile":{"background-color":"var(--ast-global-color-4)","background-image":"","background-repeat":"repeat","background-position":"center center","background-size":"auto","background-attachment":"scroll","background-type":"","background-media":"","overlay-type":"","overlay-color":"","overlay-opacity":"","overlay-gradient":""}}},"product_brand":[95],"product_cat":[39,38,29,56,32,57,35,40,30,59],"product_tag":[],"class_list":{"0":"post-7238","1":"product","2":"type-product","3":"status-publish","4":"has-post-thumbnail","6":"product_brand-engino","7":"product_cat-39","8":"product_cat-38","9":"product_cat-29","10":"product_cat-56","11":"product_cat-32","12":"product_cat-57","13":"product_cat--10-12-","14":"product_cat--12-","15":"product_cat--6-9-","16":"product_cat-59","17":"desktop-align-left","18":"tablet-align-left","19":"mobile-align-left","21":"first","22":"instock","23":"taxable","24":"shipping-taxable","25":"purchasable","26":"product-type-simple"},"_links":{"self":[{"href":"https:\/\/stem-eshop.gr\/tr\/wp-json\/wp\/v2\/product\/7238","targetHints":{"allow":["GET"]}}],"collection":[{"href":"https:\/\/stem-eshop.gr\/tr\/wp-json\/wp\/v2\/product"}],"about":[{"href":"https:\/\/stem-eshop.gr\/tr\/wp-json\/wp\/v2\/types\/product"}],"replies":[{"embeddable":true,"href":"https:\/\/stem-eshop.gr\/tr\/wp-json\/wp\/v2\/comments?post=7238"}],"wp:featuredmedia":[{"embeddable":true,"href":"https:\/\/stem-eshop.gr\/tr\/wp-json\/wp\/v2\/media\/7239"}],"wp:attachment":[{"href":"https:\/\/stem-eshop.gr\/tr\/wp-json\/wp\/v2\/media?parent=7238"}],"wp:term":[{"taxonomy":"product_brand","embeddable":true,"href":"https:\/\/stem-eshop.gr\/tr\/wp-json\/wp\/v2\/product_brand?post=7238"},{"taxonomy":"product_cat","embeddable":true,"href":"https:\/\/stem-eshop.gr\/tr\/wp-json\/wp\/v2\/product_cat?post=7238"},{"taxonomy":"product_tag","embeddable":true,"href":"https:\/\/stem-eshop.gr\/tr\/wp-json\/wp\/v2\/product_tag?post=7238"}],"curies":[{"name":"wp","href":"https:\/\/api.w.org\/{rel}","templated":true}]}}