{"id":7142,"date":"2025-05-19T09:34:38","date_gmt":"2025-05-19T09:34:38","guid":{"rendered":"https:\/\/stem-eshop.gr\/product\/ngs-%cf%81%ce%bf%ce%bc%cf%80%cf%8c%cf%84-%ce%b4%ce%b5%ce%b9%ce%bd%cf%8c%cf%83%ce%b1%cf%85%cf%81%ce%bf%cf%82-%ce%bc%ce%b5-%ce%b7%ce%bb%ce%b9%ce%b1%ce%ba%ce%ae-%ce%b5%ce%bd%ce%ad%cf%81%ce%b3%ce%b5%ce%b9\/"},"modified":"2025-05-23T13:55:18","modified_gmt":"2025-05-23T10:55:18","slug":"ngs-%cf%81%ce%bf%ce%bc%cf%80%cf%8c%cf%84-%ce%b4%ce%b5%ce%b9%ce%bd%cf%8c%cf%83%ce%b1%cf%85%cf%81%ce%bf%cf%82-%ce%bc%ce%b5-%ce%b7%ce%bb%ce%b9%ce%b1%ce%ba%ce%ae-%ce%b5%ce%bd%ce%ad%cf%81%ce%b3%ce%b5%ce%b9","status":"publish","type":"product","link":"https:\/\/stem-eshop.gr\/tr\/urun\/ngs-%cf%81%ce%bf%ce%bc%cf%80%cf%8c%cf%84-%ce%b4%ce%b5%ce%b9%ce%bd%cf%8c%cf%83%ce%b1%cf%85%cf%81%ce%bf%cf%82-%ce%bc%ce%b5-%ce%b7%ce%bb%ce%b9%ce%b1%ce%ba%ce%ae-%ce%b5%ce%bd%ce%ad%cf%81%ce%b3%ce%b5%ce%b9\/","title":{"rendered":"NGS G\u00fcne\u015f Enerjili Dinozor Robotu"},"content":{"rendered":"<p class=\"MsoNormal\" style=\"text-align: justify\">Dinozor robot, g\u00fcne\u015f enerjisini toplay\u0131p elektri\u011fe d\u00f6n\u00fc\u015ft\u00fcren fotovoltaik panellere sahiptir. Bu enerji pillerde depolan\u0131r ve robotun motorlar\u0131n\u0131 ve elektronik aksam\u0131n\u0131 \u00e7al\u0131\u015ft\u0131rmak i\u00e7in kullan\u0131l\u0131r. Robot, y\u00fcr\u00fcme, kuyru\u011funu sallama veya a\u011fz\u0131n\u0131 a\u00e7ma gibi \u00e7e\u015fitli hareketler yapacak \u015fekilde programlanabilir.<\/p>","protected":false},"excerpt":{"rendered":"<p class=\"MsoNormal\" style=\"text-align: justify\">G\u00fcne\u015f enerjisiyle \u00e7al\u0131\u015fan dinozor robotu, bir dinozorun \u015feklini ve hareketlerini taklit eden ve g\u00fcne\u015f enerjisiyle \u00e7al\u0131\u015fan otonom bir mekanik yarat\u0131kt\u0131r. Tasar\u0131m\u0131, mekanik, elektronik ve yenilenebilir enerji teknolojilerini bir araya getirerek e\u011fitici ve e\u011flenceli bir ara\u00e7 olu\u015fturur.<\/p>","protected":false},"featured_media":8398,"comment_status":"open","ping_status":"closed","template":"","meta":{"site-sidebar-layout":"default","site-content-layout":"","ast-site-content-layout":"default","site-content-style":"default","site-sidebar-style":"default","ast-global-header-display":"","ast-banner-title-visibility":"","ast-main-header-display":"","ast-hfb-above-header-display":"","ast-hfb-below-header-display":"","ast-hfb-mobile-header-display":"","site-post-title":"","ast-breadcrumbs-content":"","ast-featured-img":"","footer-sml-layout":"","ast-disable-related-posts":"","theme-transparent-header-meta":"default","adv-header-id-meta":"","stick-header-meta":"","header-above-stick-meta":"","header-main-stick-meta":"","header-below-stick-meta":"","astra-migrate-meta-layouts":"set","ast-page-background-enabled":"default","ast-page-background-meta":{"desktop":{"background-color":"var(--ast-global-color-5)","background-image":"","background-repeat":"repeat","background-position":"center center","background-size":"auto","background-attachment":"scroll","background-type":"","background-media":"","overlay-type":"","overlay-color":"","overlay-opacity":"","overlay-gradient":""},"tablet":{"background-color":"","background-image":"","background-repeat":"repeat","background-position":"center center","background-size":"auto","background-attachment":"scroll","background-type":"","background-media":"","overlay-type":"","overlay-color":"","overlay-opacity":"","overlay-gradient":""},"mobile":{"background-color":"","background-image":"","background-repeat":"repeat","background-position":"center center","background-size":"auto","background-attachment":"scroll","background-type":"","background-media":"","overlay-type":"","overlay-color":"","overlay-opacity":"","overlay-gradient":""}},"ast-content-background-meta":{"desktop":{"background-color":"var(--ast-global-color-4)","background-image":"","background-repeat":"repeat","background-position":"center center","background-size":"auto","background-attachment":"scroll","background-type":"","background-media":"","overlay-type":"","overlay-color":"","overlay-opacity":"","overlay-gradient":""},"tablet":{"background-color":"var(--ast-global-color-4)","background-image":"","background-repeat":"repeat","background-position":"center center","background-size":"auto","background-attachment":"scroll","background-type":"","background-media":"","overlay-type":"","overlay-color":"","overlay-opacity":"","overlay-gradient":""},"mobile":{"background-color":"var(--ast-global-color-4)","background-image":"","background-repeat":"repeat","background-position":"center center","background-size":"auto","background-attachment":"scroll","background-type":"","background-media":"","overlay-type":"","overlay-color":"","overlay-opacity":"","overlay-gradient":""}}},"product_brand":[107],"product_cat":[43,46,38,29,32,35,30,34,59,58],"product_tag":[],"class_list":{"0":"post-7142","1":"product","2":"type-product","3":"status-publish","4":"has-post-thumbnail","6":"product_brand-ngs","7":"product_cat-43","8":"product_cat-46","9":"product_cat-38","10":"product_cat-29","11":"product_cat-32","12":"product_cat--10-12-","13":"product_cat--6-9-","14":"product_cat-34","15":"product_cat-59","16":"product_cat-58","17":"desktop-align-left","18":"tablet-align-left","19":"mobile-align-left","21":"first","22":"instock","23":"taxable","24":"shipping-taxable","25":"purchasable","26":"product-type-simple"},"_links":{"self":[{"href":"https:\/\/stem-eshop.gr\/tr\/wp-json\/wp\/v2\/product\/7142","targetHints":{"allow":["GET"]}}],"collection":[{"href":"https:\/\/stem-eshop.gr\/tr\/wp-json\/wp\/v2\/product"}],"about":[{"href":"https:\/\/stem-eshop.gr\/tr\/wp-json\/wp\/v2\/types\/product"}],"replies":[{"embeddable":true,"href":"https:\/\/stem-eshop.gr\/tr\/wp-json\/wp\/v2\/comments?post=7142"}],"wp:featuredmedia":[{"embeddable":true,"href":"https:\/\/stem-eshop.gr\/tr\/wp-json\/wp\/v2\/media\/8398"}],"wp:attachment":[{"href":"https:\/\/stem-eshop.gr\/tr\/wp-json\/wp\/v2\/media?parent=7142"}],"wp:term":[{"taxonomy":"product_brand","embeddable":true,"href":"https:\/\/stem-eshop.gr\/tr\/wp-json\/wp\/v2\/product_brand?post=7142"},{"taxonomy":"product_cat","embeddable":true,"href":"https:\/\/stem-eshop.gr\/tr\/wp-json\/wp\/v2\/product_cat?post=7142"},{"taxonomy":"product_tag","embeddable":true,"href":"https:\/\/stem-eshop.gr\/tr\/wp-json\/wp\/v2\/product_tag?post=7142"}],"curies":[{"name":"wp","href":"https:\/\/api.w.org\/{rel}","templated":true}]}}