{"id":7119,"date":"2025-05-19T09:34:07","date_gmt":"2025-05-19T09:34:07","guid":{"rendered":"https:\/\/stem-eshop.gr\/product\/%ce%bc%ce%b1%ce%b8%ce%b1%ce%af%ce%bd%cf%89-%ce%ba%ce%b1%ce%b9-%ce%b4%ce%b7%ce%bc%ce%b9%ce%bf%cf%85%cf%81%ce%b3%cf%8e-robotics-%ce%b5%ce%ba%cf%80%ce%b1%ce%b9%ce%b4%ce%b5%cf%85%cf%84%ce%b9%ce%ba%cf%8c\/"},"modified":"2026-01-03T22:34:14","modified_gmt":"2026-01-03T19:34:14","slug":"%ce%bc%ce%b1%ce%b8%ce%b1%ce%af%ce%bd%cf%89-%ce%ba%ce%b1%ce%b9-%ce%b4%ce%b7%ce%bc%ce%b9%ce%bf%cf%85%cf%81%ce%b3%cf%8e-robotics-%ce%b5%ce%ba%cf%80%ce%b1%ce%b9%ce%b4%ce%b5%cf%85%cf%84%ce%b9%ce%ba%cf%8c","status":"publish","type":"product","link":"https:\/\/stem-eshop.gr\/tr\/urun\/%ce%bc%ce%b1%ce%b8%ce%b1%ce%af%ce%bd%cf%89-%ce%ba%ce%b1%ce%b9-%ce%b4%ce%b7%ce%bc%ce%b9%ce%bf%cf%85%cf%81%ce%b3%cf%8e-robotics-%ce%b5%ce%ba%cf%80%ce%b1%ce%b9%ce%b4%ce%b5%cf%85%cf%84%ce%b9%ce%ba%cf%8c\/","title":{"rendered":"\u00d6\u011frenin ve Robotik E\u011fitici Oyuncak Robotik Laboratuvar\u0131 Robo Panda 8+ Y\u0131ld\u0131r"},"content":{"rendered":"<p class=\"MsoNormal\">D\u00f6nme hareketi, y\u00f6n de\u011fi\u015ftirerek duvarlardan &quot;sekmesini&quot; sa\u011flar. Oyun boyunca \u00e7ocuk, belirli bir motor tipinin hareketini g\u00f6rmesini sa\u011flayan e\u011flenceli ve ayn\u0131 zamanda heyecan verici bir oyun dinami\u011fine \u00e7ekilir. Birle\u015ftirdikten sonra, her zaman ayaklar\u0131n\u0131n \u00fczerine yerle\u015ftirin, hafif\u00e7e itin ve bir, iki, \u00fc\u00e7, say\u0131s\u0131z kez yuvarlanmas\u0131n\u0131 izleyin!<\/p>\n<p class=\"MsoNormal\">8 ya\u015f ve \u00fczeri \u00e7ocuklar\u0131n kullan\u0131m\u0131na uygundur.<\/p>\n<p class=\"MsoNormal\">\u0130talya&#039;da \u00fcretilmektedir.<\/p>\n<p class=\"MsoNormal\">\u00d6\u011fren ve Yarat Robotik serisi, \u00e7ocuklar\u0131n bu alanlardaki bilgilerini geli\u015ftirmek ve te\u015fvik etmek i\u00e7in STEM (Fen Bilimi, Teknoloji, M\u00fchendislik, Matematik) konular\u0131n\u0131 te\u015fvik eder. \u00c7ocuklar deneyler yaparak becerilerini geli\u015ftirir ve bilim ve teknoloji d\u00fcnyas\u0131yla tan\u0131\u015f\u0131rlar.<\/p>\n<p class=\"MsoNormal\">\u00d6\u011fren ve Yarat oyuncak serisi, zengin ekipman, detayl\u0131 bilgi ve etkileyici, g\u00fcvenli deneyler ve yap\u0131lar in\u015fa etme talimatlar\u0131 sunarak \u00e7ocuklara bilimi \u00f6\u011frenme f\u0131rsat\u0131 sunan bilim oyuncaklar\u0131 kategorisinde liderdir. \u00c7ocuklar\u0131n deneyler yaparken, bilimsel ara\u00e7lar\u0131 kullan\u0131rken, fizik, kimya, astronomi, biyoloji, botanik ve temel bilimsel ve do\u011fal olaylar\u0131 ke\u015ffederken e\u011flenecekleri yenilik\u00e7i bir oyuncak serisidir. \u00d6\u011fren ve Yarat oyuncaklar\u0131, \u00e7ocuklar\u0131n bilimin s\u0131rlar\u0131n\u0131 \u00f6\u011frenmeleri i\u00e7in en yarat\u0131c\u0131, e\u011flenceli ve g\u00fcvenli yoldur!<\/p>","protected":false},"excerpt":{"rendered":"<p class=\"MsoNormal\">Sevimli g\u00f6r\u00fcn\u00fcm\u00fcyle herkesin g\u00f6zdesi! E\u015fsiz bir oyun deneyimi i\u00e7in bir araya getirilebilen e\u011flenceli bir Panda robot. Pandan\u0131n hareketlerini, kendine \u00f6zg\u00fc komik el becerisiyle taklit eden 25 cm boyundaki robot, ger\u00e7ekmi\u015f gibi g\u00f6r\u00fcn\u00fcyor! Motoru, pandan\u0131n art arda otomatik hareketlerle takla atmas\u0131n\u0131 sa\u011fl\u0131yor.<\/p>","protected":false},"featured_media":7120,"comment_status":"open","ping_status":"closed","template":"","meta":{"site-sidebar-layout":"default","site-content-layout":"","ast-site-content-layout":"default","site-content-style":"default","site-sidebar-style":"default","ast-global-header-display":"","ast-banner-title-visibility":"","ast-main-header-display":"","ast-hfb-above-header-display":"","ast-hfb-below-header-display":"","ast-hfb-mobile-header-display":"","site-post-title":"","ast-breadcrumbs-content":"","ast-featured-img":"","footer-sml-layout":"","ast-disable-related-posts":"","theme-transparent-header-meta":"default","adv-header-id-meta":"","stick-header-meta":"","header-above-stick-meta":"","header-main-stick-meta":"","header-below-stick-meta":"","astra-migrate-meta-layouts":"set","ast-page-background-enabled":"default","ast-page-background-meta":{"desktop":{"background-color":"var(--ast-global-color-5)","background-image":"","background-repeat":"repeat","background-position":"center center","background-size":"auto","background-attachment":"scroll","background-type":"","background-media":"","overlay-type":"","overlay-color":"","overlay-opacity":"","overlay-gradient":""},"tablet":{"background-color":"","background-image":"","background-repeat":"repeat","background-position":"center center","background-size":"auto","background-attachment":"scroll","background-type":"","background-media":"","overlay-type":"","overlay-color":"","overlay-opacity":"","overlay-gradient":""},"mobile":{"background-color":"","background-image":"","background-repeat":"repeat","background-position":"center center","background-size":"auto","background-attachment":"scroll","background-type":"","background-media":"","overlay-type":"","overlay-color":"","overlay-opacity":"","overlay-gradient":""}},"ast-content-background-meta":{"desktop":{"background-color":"var(--ast-global-color-4)","background-image":"","background-repeat":"repeat","background-position":"center center","background-size":"auto","background-attachment":"scroll","background-type":"","background-media":"","overlay-type":"","overlay-color":"","overlay-opacity":"","overlay-gradient":""},"tablet":{"background-color":"var(--ast-global-color-4)","background-image":"","background-repeat":"repeat","background-position":"center center","background-size":"auto","background-attachment":"scroll","background-type":"","background-media":"","overlay-type":"","overlay-color":"","overlay-opacity":"","overlay-gradient":""},"mobile":{"background-color":"var(--ast-global-color-4)","background-image":"","background-repeat":"repeat","background-position":"center center","background-size":"auto","background-attachment":"scroll","background-type":"","background-media":"","overlay-type":"","overlay-color":"","overlay-opacity":"","overlay-gradient":""}}},"product_brand":[114],"product_cat":[33,38,29,56,35,30,45,34,28,59],"product_tag":[],"class_list":{"0":"post-7119","1":"product","2":"type-product","3":"status-publish","4":"has-post-thumbnail","6":"product_brand-mathenw","7":"product_cat-33","8":"product_cat-38","9":"product_cat-29","10":"product_cat-56","11":"product_cat--10-12-","12":"product_cat--6-9-","13":"product_cat-45","14":"product_cat-34","15":"product_cat-28","16":"product_cat-59","17":"desktop-align-left","18":"tablet-align-left","19":"mobile-align-left","21":"first","22":"instock","23":"taxable","24":"shipping-taxable","25":"purchasable","26":"product-type-simple"},"_links":{"self":[{"href":"https:\/\/stem-eshop.gr\/tr\/wp-json\/wp\/v2\/product\/7119","targetHints":{"allow":["GET"]}}],"collection":[{"href":"https:\/\/stem-eshop.gr\/tr\/wp-json\/wp\/v2\/product"}],"about":[{"href":"https:\/\/stem-eshop.gr\/tr\/wp-json\/wp\/v2\/types\/product"}],"replies":[{"embeddable":true,"href":"https:\/\/stem-eshop.gr\/tr\/wp-json\/wp\/v2\/comments?post=7119"}],"wp:featuredmedia":[{"embeddable":true,"href":"https:\/\/stem-eshop.gr\/tr\/wp-json\/wp\/v2\/media\/7120"}],"wp:attachment":[{"href":"https:\/\/stem-eshop.gr\/tr\/wp-json\/wp\/v2\/media?parent=7119"}],"wp:term":[{"taxonomy":"product_brand","embeddable":true,"href":"https:\/\/stem-eshop.gr\/tr\/wp-json\/wp\/v2\/product_brand?post=7119"},{"taxonomy":"product_cat","embeddable":true,"href":"https:\/\/stem-eshop.gr\/tr\/wp-json\/wp\/v2\/product_cat?post=7119"},{"taxonomy":"product_tag","embeddable":true,"href":"https:\/\/stem-eshop.gr\/tr\/wp-json\/wp\/v2\/product_tag?post=7119"}],"curies":[{"name":"wp","href":"https:\/\/api.w.org\/{rel}","templated":true}]}}