{"id":7112,"date":"2025-05-19T09:33:58","date_gmt":"2025-05-19T09:33:58","guid":{"rendered":"https:\/\/stem-eshop.gr\/product\/%ce%bc%ce%b1%ce%b8%ce%b1%ce%af%ce%bd%cf%89-%ce%ba%ce%b1%ce%b9-%ce%b4%ce%b7%ce%bc%ce%b9%ce%bf%cf%85%cf%81%ce%b3%cf%8e-lab-%ce%b5%ce%ba%cf%80%ce%b1%ce%b9%ce%b4%ce%b5%cf%85%cf%84%ce%b9%ce%ba%cf%8c-6\/"},"modified":"2025-05-22T21:13:21","modified_gmt":"2025-05-22T18:13:21","slug":"%ce%bc%ce%b1%ce%b8%ce%b1%ce%af%ce%bd%cf%89-%ce%ba%ce%b1%ce%b9-%ce%b4%ce%b7%ce%bc%ce%b9%ce%bf%cf%85%cf%81%ce%b3%cf%8e-lab-%ce%b5%ce%ba%cf%80%ce%b1%ce%b9%ce%b4%ce%b5%cf%85%cf%84%ce%b9%ce%ba%cf%8c-6","status":"publish","type":"product","link":"https:\/\/stem-eshop.gr\/tr\/urun\/%ce%bc%ce%b1%ce%b8%ce%b1%ce%af%ce%bd%cf%89-%ce%ba%ce%b1%ce%b9-%ce%b4%ce%b7%ce%bc%ce%b9%ce%bf%cf%85%cf%81%ce%b3%cf%8e-lab-%ce%b5%ce%ba%cf%80%ce%b1%ce%b9%ce%b4%ce%b5%cf%85%cf%84%ce%b9%ce%ba%cf%8c-6\/","title":{"rendered":"\u00d6\u011freniyorum ve Laboratuvar E\u011fitici Oyunu Olu\u015fturuyorum 9+ Ya\u015f\u0131ndaki \u00c7ocuklar \u0130\u00e7in \u0130lk Kimyam"},"content":{"rendered":"<p class=\"MsoNormal\">Set \u015funlar\u0131 i\u00e7erir:<\/p>\n<\/p>\n<p>Huni<\/p>\n<\/p>\n<p>Filtre ka\u011f\u0131d\u0131<\/p>\n<\/p>\n<p>Spatula<\/p>\n<\/p>\n<p>Periyodik tablo ve \u00e7ok daha fazlas\u0131<\/p>\n<\/p>\n<p class=\"MsoNormal\">Kimyan\u0131n s\u0131rlar\u0131n\u0131 kolay, g\u00fcvenli ve e\u011flenceli bir \u015fekilde ke\u015ffetmek i\u00e7in temel teknikleri \u00f6\u011frenin ve her deneyin arkas\u0131ndaki a\u00e7\u0131klamay\u0131 ke\u015ffedin! Resimli ad\u0131m ad\u0131m bilimsel k\u0131lavuzdaki ipu\u00e7lar\u0131n\u0131 izleyin ve g\u00f6zlerinizin \u00f6n\u00fcnde ger\u00e7ekle\u015fecek de\u011fi\u015fimleri izleyin!<\/p>\n<\/p>\n<p class=\"MsoNormal\">9 ya\u015f ve \u00fczeri \u00e7ocuklar\u0131n kullan\u0131m\u0131na uygundur.<\/p>\n<\/p>\n<p class=\"MsoNormal\">\u0130talya&#039;da \u00fcretilmektedir.<\/p>\n<\/p>\n<p class=\"MsoNormal\">\u00d6\u011fren ve Yarat oyuncak serisi, zengin ekipman, detayl\u0131 bilgi ve etkileyici, g\u00fcvenli deneyler ve yap\u0131lar in\u015fa etme talimatlar\u0131yla \u00e7ocuklara bilim hakk\u0131nda bilgi edinme f\u0131rsat\u0131 sunan bilim oyuncaklar\u0131 kategorisinin \u00f6nc\u00fclerindendir. \u00c7ocuklar\u0131n deneyler yaparak, bilimsel aletler kullanarak, fizik, kimya, astronomi, biyoloji, botanik ve temel bilimsel ve do\u011fal olaylar\u0131 ke\u015ffederek e\u011flenecekleri yenilik\u00e7i bir oyuncak serisidir. \u00d6\u011fren ve Yarat oyuncaklar\u0131, \u00e7ocuklar\u0131n bilimin s\u0131rlar\u0131n\u0131 \u00f6\u011frenmeleri i\u00e7in en yarat\u0131c\u0131, e\u011flenceli ve g\u00fcvenli yoldur!<\/p><\/p>","protected":false},"excerpt":{"rendered":"<p class=\"MsoNormal\">Kimya d\u00fcnyas\u0131n\u0131 gizemle birle\u015ftiren bu bilim setiyle bilim daha da e\u011flenceli hale geliyor! Kimya deneylerini ve yarat\u0131mlar\u0131n\u0131n ard\u0131ndaki t\u00fcm s\u0131rlar\u0131 \u00f6\u011frenmek ister misiniz? Art\u0131k bu bilim seti ve \u00f6zel aletleriyle bir\u00e7ok kolay ve g\u00fcvenli deney yapabilir ve evinizde ger\u00e7ek bir laboratuvar yaratabilirsiniz! Set, pH ka\u011f\u0131d\u0131 sayesinde kar\u0131\u015f\u0131mlar, filtrasyonlar ve pH ile ilgili deneyler i\u00e7in ihtiyac\u0131n\u0131z olan her \u015feyi i\u00e7eriyor.<\/p>","protected":false},"featured_media":7113,"comment_status":"open","ping_status":"closed","template":"","meta":{"site-sidebar-layout":"default","site-content-layout":"","ast-site-content-layout":"default","site-content-style":"default","site-sidebar-style":"default","ast-global-header-display":"","ast-banner-title-visibility":"","ast-main-header-display":"","ast-hfb-above-header-display":"","ast-hfb-below-header-display":"","ast-hfb-mobile-header-display":"","site-post-title":"","ast-breadcrumbs-content":"","ast-featured-img":"","footer-sml-layout":"","ast-disable-related-posts":"","theme-transparent-header-meta":"","adv-header-id-meta":"","stick-header-meta":"","header-above-stick-meta":"","header-main-stick-meta":"","header-below-stick-meta":"","astra-migrate-meta-layouts":"default","ast-page-background-enabled":"default","ast-page-background-meta":{"desktop":{"background-color":"var(--ast-global-color-5)","background-image":"","background-repeat":"repeat","background-position":"center center","background-size":"auto","background-attachment":"scroll","background-type":"","background-media":"","overlay-type":"","overlay-color":"","overlay-opacity":"","overlay-gradient":""},"tablet":{"background-color":"","background-image":"","background-repeat":"repeat","background-position":"center center","background-size":"auto","background-attachment":"scroll","background-type":"","background-media":"","overlay-type":"","overlay-color":"","overlay-opacity":"","overlay-gradient":""},"mobile":{"background-color":"","background-image":"","background-repeat":"repeat","background-position":"center center","background-size":"auto","background-attachment":"scroll","background-type":"","background-media":"","overlay-type":"","overlay-color":"","overlay-opacity":"","overlay-gradient":""}},"ast-content-background-meta":{"desktop":{"background-color":"var(--ast-global-color-4)","background-image":"","background-repeat":"repeat","background-position":"center center","background-size":"auto","background-attachment":"scroll","background-type":"","background-media":"","overlay-type":"","overlay-color":"","overlay-opacity":"","overlay-gradient":""},"tablet":{"background-color":"var(--ast-global-color-4)","background-image":"","background-repeat":"repeat","background-position":"center center","background-size":"auto","background-attachment":"scroll","background-type":"","background-media":"","overlay-type":"","overlay-color":"","overlay-opacity":"","overlay-gradient":""},"mobile":{"background-color":"var(--ast-global-color-4)","background-image":"","background-repeat":"repeat","background-position":"center center","background-size":"auto","background-attachment":"scroll","background-type":"","background-media":"","overlay-type":"","overlay-color":"","overlay-opacity":"","overlay-gradient":""}}},"product_brand":[114],"product_cat":[39,52,38,56,35,40,30,58,51],"product_tag":[],"class_list":{"0":"post-7112","1":"product","2":"type-product","3":"status-publish","4":"has-post-thumbnail","6":"product_brand-mathenw","7":"product_cat-39","8":"product_cat-52","9":"product_cat-38","10":"product_cat-56","11":"product_cat--10-12-","12":"product_cat--12-","13":"product_cat--6-9-","14":"product_cat-58","15":"product_cat-51","16":"desktop-align-left","17":"tablet-align-left","18":"mobile-align-left","20":"first","21":"instock","22":"taxable","23":"shipping-taxable","24":"purchasable","25":"product-type-simple"},"_links":{"self":[{"href":"https:\/\/stem-eshop.gr\/tr\/wp-json\/wp\/v2\/product\/7112","targetHints":{"allow":["GET"]}}],"collection":[{"href":"https:\/\/stem-eshop.gr\/tr\/wp-json\/wp\/v2\/product"}],"about":[{"href":"https:\/\/stem-eshop.gr\/tr\/wp-json\/wp\/v2\/types\/product"}],"replies":[{"embeddable":true,"href":"https:\/\/stem-eshop.gr\/tr\/wp-json\/wp\/v2\/comments?post=7112"}],"wp:featuredmedia":[{"embeddable":true,"href":"https:\/\/stem-eshop.gr\/tr\/wp-json\/wp\/v2\/media\/7113"}],"wp:attachment":[{"href":"https:\/\/stem-eshop.gr\/tr\/wp-json\/wp\/v2\/media?parent=7112"}],"wp:term":[{"taxonomy":"product_brand","embeddable":true,"href":"https:\/\/stem-eshop.gr\/tr\/wp-json\/wp\/v2\/product_brand?post=7112"},{"taxonomy":"product_cat","embeddable":true,"href":"https:\/\/stem-eshop.gr\/tr\/wp-json\/wp\/v2\/product_cat?post=7112"},{"taxonomy":"product_tag","embeddable":true,"href":"https:\/\/stem-eshop.gr\/tr\/wp-json\/wp\/v2\/product_tag?post=7112"}],"curies":[{"name":"wp","href":"https:\/\/api.w.org\/{rel}","templated":true}]}}