{"id":7023,"date":"2025-05-19T09:11:47","date_gmt":"2025-05-19T09:11:47","guid":{"rendered":"https:\/\/stem-eshop.gr\/product\/makerzoid-200-in-1-scratch-jr-coding-robot-kit-stem-smart-robot-premium-education\/"},"modified":"2026-03-17T15:36:48","modified_gmt":"2026-03-17T12:36:48","slug":"makerzoid-200-in-1-scratch-jr-coding-robot-kit-stem-smart-robot-premium-education","status":"publish","type":"product","link":"https:\/\/stem-eshop.gr\/tr\/urun\/makerzoid-200-in-1-scratch-jr-coding-robot-kit-stem-smart-robot-premium-education\/","title":{"rendered":"Makerzoid 200&#039;\u00fc 1 Arada Scratch Jr Kodlama Robotu Kiti \u2013 STEM Ak\u0131ll\u0131 Robot Premium E\u011fitimi"},"content":{"rendered":"<p>Gen\u00e7 beyinler i\u00e7in programlama d\u00fcnyas\u0131nda devrim yaratacak STEM programlama oyunuyla e\u011fitici bir maceraya at\u0131l\u0131n.<\/p>\n<p>Yenilik\u00e7i kodlama e\u011fitim seti, programlamay\u0131 basitle\u015ftiren ve \u00e7ocuklar\u0131n programlaman\u0131n temellerini zahmetsizce ke\u015ffetmeleri i\u00e7in ideal bir ba\u015flang\u0131\u00e7 noktas\u0131 haline getiren Scratch Jr&#039;\u0131 i\u00e7eriyor.<\/p>\n<p>STEM \u00f6\u011frenme seti, programlaman\u0131n sadece e\u011fitici de\u011fil ayn\u0131 zamanda e\u011flenceli oldu\u011fu bir d\u00fcnyaya a\u00e7\u0131lan bir kap\u0131d\u0131r!<\/p>\n<p>Scratch Jr, kodlaman\u0131n \u00f6tesinde, matematik, dil ve sanat unsurlar\u0131n\u0131 birle\u015ftirerek disiplinleraras\u0131 \u00f6\u011frenmeyi destekler.<\/p>\n<p>Premium yap\u0131 setimizle etkile\u015fim kurmak, k\u00fc\u00e7\u00fck ya\u015ftaki \u00e7ocuklar i\u00e7in b\u00fct\u00fcnsel bir e\u011fitim deneyimi sunar ve yarat\u0131c\u0131l\u0131\u011f\u0131 te\u015fvik ederek \u00e7ocuklar\u0131n kodlama ve hikaye anlat\u0131m\u0131 yoluyla kendilerini ifade etmelerine olanak tan\u0131r.<\/p>\n<p>Robotik seti, \u00e7ocuklar\u0131n ele\u015ftirel d\u00fc\u015f\u00fcnme becerilerini geli\u015ftirerek, sorunlar\u0131 kendi ba\u015flar\u0131na \u00e7\u00f6zmelerine olanak sa\u011fl\u0131yor.<\/p>\n<p>Yenilik ve heyecan\u0131n harmanland\u0131\u011f\u0131 DIY robotik setimizle yarat\u0131c\u0131l\u0131\u011f\u0131n g\u00fcc\u00fcn\u00fc ortaya \u00e7\u0131kar\u0131n.<\/p>\n<p>G\u00fc\u00e7l\u00fc bir Bluetooth motoruyla birle\u015ftirilen bu bilim seti, \u00fc\u00e7l\u00fc kontrol se\u00e7ene\u011fi sunuyor.<\/p>\n<p>D\u00fc\u011fmeler arac\u0131l\u0131\u011f\u0131yla dokunsal hassasiyetle etkile\u015fime ge\u00e7in (ELEKTR\u0130K MODU), AKILLI MOD&#039;da sens\u00f6r entegrasyonuyla etkile\u015fimli yan\u0131tlar deneyimleyin veya BLUETOOTH MODU ile geli\u015fmi\u015f \u00f6zelliklerden yararlan\u0131n.<\/p>\n<p>Burada kontrol esneklikle bulu\u015fuyor, her ya\u015f i\u00e7in ideal.<\/p>\n<p>Elektrikli \u00e7al\u0131\u015fma (do\u011frudan kontrol) \u2013 Manuel hassasiyet i\u00e7in dokunmatik d\u00fc\u011fmeler.<\/p>\n<p>Ak\u0131ll\u0131 Mod \u2013 Daha heyecanl\u0131 anlar ya\u015famak i\u00e7in IR sens\u00f6r\u00fcyle etkile\u015fimli etkile\u015fim.<\/p>\n<p>Bluetooth Modu \u2013 Geli\u015fmi\u015f \u00f6zellikler arayanlar i\u00e7in geli\u015fmi\u015f programlama modu.<\/p>\n<p>Bir dizi zorluk sunan Ak\u0131ll\u0131 Robot Premium E\u011fitim Seti, gen\u00e7 ka\u015fifleri temel yap\u0131lardan karma\u015f\u0131k elektrikle \u00e7al\u0131\u015fan ve uzaktan kumandal\u0131, esnek deneyimler sunan programlanabilir yap\u0131land\u0131rmalara kadar heyecan verici bir e\u011fitim yolculu\u011funa \u00e7\u0131kar\u0131yor.<\/p>\n<p>\u00c7ocuklar\u0131n geli\u015fen ilgi ve becerilerine paralel olarak b\u00fcy\u00fcyen, \u00e7ok y\u00f6nl\u00fc olas\u0131l\u0131klar dizisiyle zihni b\u00fcy\u00fcl\u00fcyor.<\/p>\n<p>2 boyutlu ve \u00e7\u0131\u011f\u0131r a\u00e7an 3 boyutlu olarak g\u00f6sterilen yenilik\u00e7i yap\u0131m talimatlar\u0131yla kodlama kiti, montaj s\u00fcrecini \u00f6nemli \u00f6l\u00e7\u00fcde iyile\u015ftiriyor ve \u00e7ocu\u011fun uzamsal hayal g\u00fcc\u00fcn\u00fc ve mant\u0131ksal d\u00fc\u015f\u00fcnme becerilerini geli\u015ftirerek keyifli ve anlaml\u0131 hale getiriyor.<\/p>\n<p>Bu t\u00fcr ad\u0131m ad\u0131m talimatlar, montaj deneyimini ilgi \u00e7ekici ve basit hale getirerek yeniden tan\u0131ml\u0131yor.<\/p>\n<p>\u00c7ocuklar in\u015faat\u0131n s\u00fcr\u00fckleyici d\u00fcnyas\u0131nda gezinirken yarat\u0131c\u0131l\u0131\u011f\u0131 harekete ge\u00e7irin ve bili\u015fsel geli\u015fimi art\u0131r\u0131n.<\/p>","protected":false},"excerpt":{"rendered":"<p>Yarat\u0131c\u0131l\u0131\u011f\u0131n\u0131z\u0131 zirveye ta\u015f\u0131yan e\u015fsiz bir harika olan \u00e7\u0131\u011f\u0131r a\u00e7an Smart Robot Premium robot kodlama oyunuyla s\u0131n\u0131rs\u0131z olas\u0131l\u0131klar\u0131n kilidini a\u00e7\u0131n.<\/p>\n<p>200&#039;den fazla farkl\u0131 robotik yarat\u0131m in\u015fa edin, birle\u015ftirirken ve yarat\u0131rken sonsuz ke\u015fif maceras\u0131na dal\u0131n ve e\u011flencenin t\u00fcm yelpazesini ortaya \u00e7\u0131kar\u0131n.<\/p>\n<p>\u00c7ok y\u00f6nl\u00fc kodlama kitiyle, her yap\u0131 ke\u015ffedilmeyi bekleyen e\u015fsiz bir ba\u015fyap\u0131t. Daha \u00f6nce hi\u00e7 olmad\u0131\u011f\u0131 gibi bir hayal g\u00fcc\u00fc ve ke\u015fif yolculu\u011funa \u00e7\u0131k\u0131n!<\/p>","protected":false},"featured_media":8408,"comment_status":"open","ping_status":"closed","template":"","meta":{"site-sidebar-layout":"default","site-content-layout":"","ast-site-content-layout":"default","site-content-style":"default","site-sidebar-style":"default","ast-global-header-display":"","ast-banner-title-visibility":"","ast-main-header-display":"","ast-hfb-above-header-display":"","ast-hfb-below-header-display":"","ast-hfb-mobile-header-display":"","site-post-title":"","ast-breadcrumbs-content":"","ast-featured-img":"","footer-sml-layout":"","ast-disable-related-posts":"","theme-transparent-header-meta":"default","adv-header-id-meta":"","stick-header-meta":"","header-above-stick-meta":"","header-main-stick-meta":"","header-below-stick-meta":"","astra-migrate-meta-layouts":"set","ast-page-background-enabled":"default","ast-page-background-meta":{"desktop":{"background-color":"var(--ast-global-color-5)","background-image":"","background-repeat":"repeat","background-position":"center center","background-size":"auto","background-attachment":"scroll","background-type":"","background-media":"","overlay-type":"","overlay-color":"","overlay-opacity":"","overlay-gradient":""},"tablet":{"background-color":"","background-image":"","background-repeat":"repeat","background-position":"center center","background-size":"auto","background-attachment":"scroll","background-type":"","background-media":"","overlay-type":"","overlay-color":"","overlay-opacity":"","overlay-gradient":""},"mobile":{"background-color":"","background-image":"","background-repeat":"repeat","background-position":"center center","background-size":"auto","background-attachment":"scroll","background-type":"","background-media":"","overlay-type":"","overlay-color":"","overlay-opacity":"","overlay-gradient":""}},"ast-content-background-meta":{"desktop":{"background-color":"var(--ast-global-color-4)","background-image":"","background-repeat":"repeat","background-position":"center center","background-size":"auto","background-attachment":"scroll","background-type":"","background-media":"","overlay-type":"","overlay-color":"","overlay-opacity":"","overlay-gradient":""},"tablet":{"background-color":"var(--ast-global-color-4)","background-image":"","background-repeat":"repeat","background-position":"center center","background-size":"auto","background-attachment":"scroll","background-type":"","background-media":"","overlay-type":"","overlay-color":"","overlay-opacity":"","overlay-gradient":""},"mobile":{"background-color":"var(--ast-global-color-4)","background-image":"","background-repeat":"repeat","background-position":"center center","background-size":"auto","background-attachment":"scroll","background-type":"","background-media":"","overlay-type":"","overlay-color":"","overlay-opacity":"","overlay-gradient":""}}},"product_brand":[106],"product_cat":[43,33,29,57,35,30,45,34,28,59],"product_tag":[],"class_list":{"0":"post-7023","1":"product","2":"type-product","3":"status-publish","4":"has-post-thumbnail","6":"product_brand-makerzoid","7":"product_cat-43","8":"product_cat-33","9":"product_cat-29","10":"product_cat-57","11":"product_cat--10-12-","12":"product_cat--6-9-","13":"product_cat-45","14":"product_cat-34","15":"product_cat-28","16":"product_cat-59","17":"desktop-align-left","18":"tablet-align-left","19":"mobile-align-left","21":"first","22":"instock","23":"taxable","24":"shipping-taxable","25":"purchasable","26":"product-type-simple"},"_links":{"self":[{"href":"https:\/\/stem-eshop.gr\/tr\/wp-json\/wp\/v2\/product\/7023","targetHints":{"allow":["GET"]}}],"collection":[{"href":"https:\/\/stem-eshop.gr\/tr\/wp-json\/wp\/v2\/product"}],"about":[{"href":"https:\/\/stem-eshop.gr\/tr\/wp-json\/wp\/v2\/types\/product"}],"replies":[{"embeddable":true,"href":"https:\/\/stem-eshop.gr\/tr\/wp-json\/wp\/v2\/comments?post=7023"}],"wp:featuredmedia":[{"embeddable":true,"href":"https:\/\/stem-eshop.gr\/tr\/wp-json\/wp\/v2\/media\/8408"}],"wp:attachment":[{"href":"https:\/\/stem-eshop.gr\/tr\/wp-json\/wp\/v2\/media?parent=7023"}],"wp:term":[{"taxonomy":"product_brand","embeddable":true,"href":"https:\/\/stem-eshop.gr\/tr\/wp-json\/wp\/v2\/product_brand?post=7023"},{"taxonomy":"product_cat","embeddable":true,"href":"https:\/\/stem-eshop.gr\/tr\/wp-json\/wp\/v2\/product_cat?post=7023"},{"taxonomy":"product_tag","embeddable":true,"href":"https:\/\/stem-eshop.gr\/tr\/wp-json\/wp\/v2\/product_tag?post=7023"}],"curies":[{"name":"wp","href":"https:\/\/api.w.org\/{rel}","templated":true}]}}