{"id":6988,"date":"2025-05-19T09:11:24","date_gmt":"2025-05-19T09:11:24","guid":{"rendered":"https:\/\/stem-eshop.gr\/product\/%ce%bc%ce%b7%cf%87%ce%b1%ce%bd%ce%b9%ce%ba%ce%ae-%cf%81%ce%bf%ce%bc%cf%80%ce%bf%cf%84%ce%b9%ce%ba%ce%ae-%ce%ba%ce%b1%cf%84%ce%b1%cf%83%ce%ba%ce%b5%cf%85%ce%ae-%cf%86%cf%89%cf%84%ce%b5%ce%b9%ce%bd\/"},"modified":"2025-12-31T09:06:27","modified_gmt":"2025-12-31T06:06:27","slug":"%ce%bc%ce%b7%cf%87%ce%b1%ce%bd%ce%b9%ce%ba%ce%ae-%cf%81%ce%bf%ce%bc%cf%80%ce%bf%cf%84%ce%b9%ce%ba%ce%ae-%ce%ba%ce%b1%cf%84%ce%b1%cf%83%ce%ba%ce%b5%cf%85%ce%ae-%cf%86%cf%89%cf%84%ce%b5%ce%b9%ce%bd","status":"publish","type":"product","link":"https:\/\/stem-eshop.gr\/tr\/urun\/%ce%bc%ce%b7%cf%87%ce%b1%ce%bd%ce%b9%ce%ba%ce%ae-%cf%81%ce%bf%ce%bc%cf%80%ce%bf%cf%84%ce%b9%ce%ba%ce%ae-%ce%ba%ce%b1%cf%84%ce%b1%cf%83%ce%ba%ce%b5%cf%85%ce%ae-%cf%86%cf%89%cf%84%ce%b5%ce%b9%ce%bd\/","title":{"rendered":"Mekanik Robotik: Trafik I\u015f\u0131\u011f\u0131 Yap\u0131m\u0131"},"content":{"rendered":"<p style=\"margin: 0px 0px 10px;padding: 0px;font-family: 'Open Sans', sans-serif;font-size: 15px;line-height: 1.3;letter-spacing: 0.7px;background-color: #ffffff\">\u00c7ALI\u015eMA \u015eEKL\u0130:<br \/>\nTrafik \u0131\u015f\u0131klar\u0131 ak\u0131ll\u0131 bir dijital elektronik sistemle \u00e7al\u0131\u015f\u0131r. Dijital elektronik sistemlerde yaln\u0131zca iki t\u00fcr sinyal vard\u0131r: a\u00e7\u0131k ve kapal\u0131. Manuel modda, d\u00fc\u011fmeye her bast\u0131\u011f\u0131n\u0131zda, s\u0131f\u0131rdan \u00fc\u00e7e kadar 2 bitlik ikili say\u0131lar (0 ve 1) sayan bir saya\u00e7 devresine a\u00e7\u0131k sinyali g\u00f6nderilir. Bu saya\u00e7, \u0131\u015f\u0131klara ba\u011fl\u0131d\u0131r. S\u0131f\u0131rda k\u0131rm\u0131z\u0131 LED&#039;e bir sinyal g\u00f6nderir, birde sar\u0131 LED&#039;e bir sinyal g\u00f6nderir, ikide ye\u015fil LED&#039;e bir sinyal g\u00f6nderir ve \u00fc\u00e7te saya\u00e7 s\u0131f\u0131ra d\u00f6ner. D\u00fc\u011fmeye tekrar bast\u0131\u011f\u0131n\u0131zda saya\u00e7 s\u0131f\u0131ra d\u00f6ner. Otomatik modda ise, ayr\u0131 bir zamanlama devresi saya\u00e7 devresine her iki saniyede bir sinyal g\u00f6ndererek \u0131\u015f\u0131klar\u0131n otomatik olarak de\u011fi\u015fmesini sa\u011flar.<\/p>\n<p style=\"margin: 0px 0px 10px;padding: 0px;font-family: 'Open Sans', sans-serif;font-size: 15px;line-height: 1.3;letter-spacing: 0.7px;background-color: #ffffff\">\u0130\u00c7\u0130NDEK\u0130LER:<br \/>\nPar\u00e7a A: \u00d6n lamba kapa\u011f\u0131 x 1, B: Arka lamba kapa\u011f\u0131 x 1, C: Dahili kontrol sistemi x 1, D: Pil kapa\u011f\u0131 x 1, E: Terminal kapaklar\u0131 x 2, F: Vidalar x 5. Ayr\u0131ca gerekli ancak bu pakete dahil olmayanlar: 2 x 1,5V AAA pil, k\u00fc\u00e7\u00fck bir d\u00fcz u\u00e7lu tornavida.<\/p>\n<p style=\"margin: 0px 0px 10px;padding: 0px;font-family: 'Open Sans', sans-serif;font-size: 15px;line-height: 1.3;letter-spacing: 0.7px;background-color: #ffffff\">Talimatlar Yunanca olarak eklenmi\u015ftir.<\/p>\n<p style=\"margin: 0px 0px 10px;padding: 0px;font-family: 'Open Sans', sans-serif;font-size: 15px;line-height: 1.3;letter-spacing: 0.7px;background-color: #ffffff\">","protected":false},"excerpt":{"rendered":"<p><span style=\"font-family: 'Open Sans', sans-serif;font-size: 15px;letter-spacing: 0.7px;background-color: #ffffff\">Bu Trafik I\u015f\u0131\u011f\u0131n\u0131 yap\u0131n ve elektronik devrelerin sinyalleri nas\u0131l kontrol etti\u011fini \u00f6\u011frenin.<\/span><\/p>","protected":false},"featured_media":6989,"comment_status":"open","ping_status":"closed","template":"","meta":{"site-sidebar-layout":"default","site-content-layout":"","ast-site-content-layout":"default","site-content-style":"default","site-sidebar-style":"default","ast-global-header-display":"","ast-banner-title-visibility":"","ast-main-header-display":"","ast-hfb-above-header-display":"","ast-hfb-below-header-display":"","ast-hfb-mobile-header-display":"","site-post-title":"","ast-breadcrumbs-content":"","ast-featured-img":"","footer-sml-layout":"","ast-disable-related-posts":"","theme-transparent-header-meta":"default","adv-header-id-meta":"","stick-header-meta":"","header-above-stick-meta":"","header-main-stick-meta":"","header-below-stick-meta":"","astra-migrate-meta-layouts":"set","ast-page-background-enabled":"default","ast-page-background-meta":{"desktop":{"background-color":"var(--ast-global-color-5)","background-image":"","background-repeat":"repeat","background-position":"center center","background-size":"auto","background-attachment":"scroll","background-type":"","background-media":"","overlay-type":"","overlay-color":"","overlay-opacity":"","overlay-gradient":""},"tablet":{"background-color":"","background-image":"","background-repeat":"repeat","background-position":"center center","background-size":"auto","background-attachment":"scroll","background-type":"","background-media":"","overlay-type":"","overlay-color":"","overlay-opacity":"","overlay-gradient":""},"mobile":{"background-color":"","background-image":"","background-repeat":"repeat","background-position":"center center","background-size":"auto","background-attachment":"scroll","background-type":"","background-media":"","overlay-type":"","overlay-color":"","overlay-opacity":"","overlay-gradient":""}},"ast-content-background-meta":{"desktop":{"background-color":"var(--ast-global-color-4)","background-image":"","background-repeat":"repeat","background-position":"center center","background-size":"auto","background-attachment":"scroll","background-type":"","background-media":"","overlay-type":"","overlay-color":"","overlay-opacity":"","overlay-gradient":""},"tablet":{"background-color":"var(--ast-global-color-4)","background-image":"","background-repeat":"repeat","background-position":"center center","background-size":"auto","background-attachment":"scroll","background-type":"","background-media":"","overlay-type":"","overlay-color":"","overlay-opacity":"","overlay-gradient":""},"mobile":{"background-color":"var(--ast-global-color-4)","background-image":"","background-repeat":"repeat","background-position":"center center","background-size":"auto","background-attachment":"scroll","background-type":"","background-media":"","overlay-type":"","overlay-color":"","overlay-opacity":"","overlay-gradient":""}}},"product_brand":[96],"product_cat":[33,29,56,32,57,35,40,30,34,28],"product_tag":[],"class_list":{"0":"post-6988","1":"product","2":"type-product","3":"status-publish","4":"has-post-thumbnail","6":"product_brand-4m","7":"product_cat-33","8":"product_cat-29","9":"product_cat-56","10":"product_cat-32","11":"product_cat-57","12":"product_cat--10-12-","13":"product_cat--12-","14":"product_cat--6-9-","15":"product_cat-34","16":"product_cat-28","17":"desktop-align-left","18":"tablet-align-left","19":"mobile-align-left","21":"first","22":"instock","23":"taxable","24":"shipping-taxable","25":"purchasable","26":"product-type-simple"},"_links":{"self":[{"href":"https:\/\/stem-eshop.gr\/tr\/wp-json\/wp\/v2\/product\/6988","targetHints":{"allow":["GET"]}}],"collection":[{"href":"https:\/\/stem-eshop.gr\/tr\/wp-json\/wp\/v2\/product"}],"about":[{"href":"https:\/\/stem-eshop.gr\/tr\/wp-json\/wp\/v2\/types\/product"}],"replies":[{"embeddable":true,"href":"https:\/\/stem-eshop.gr\/tr\/wp-json\/wp\/v2\/comments?post=6988"}],"wp:featuredmedia":[{"embeddable":true,"href":"https:\/\/stem-eshop.gr\/tr\/wp-json\/wp\/v2\/media\/6989"}],"wp:attachment":[{"href":"https:\/\/stem-eshop.gr\/tr\/wp-json\/wp\/v2\/media?parent=6988"}],"wp:term":[{"taxonomy":"product_brand","embeddable":true,"href":"https:\/\/stem-eshop.gr\/tr\/wp-json\/wp\/v2\/product_brand?post=6988"},{"taxonomy":"product_cat","embeddable":true,"href":"https:\/\/stem-eshop.gr\/tr\/wp-json\/wp\/v2\/product_cat?post=6988"},{"taxonomy":"product_tag","embeddable":true,"href":"https:\/\/stem-eshop.gr\/tr\/wp-json\/wp\/v2\/product_tag?post=6988"}],"curies":[{"name":"wp","href":"https:\/\/api.w.org\/{rel}","templated":true}]}}