{"id":6986,"date":"2025-05-19T09:11:21","date_gmt":"2025-05-19T09:11:21","guid":{"rendered":"https:\/\/stem-eshop.gr\/product\/%ce%bf%ce%b9%ce%ba%ce%bf%ce%bb%ce%bf%ce%b3%ce%b9%ce%ba%ce%ae-%ce%b5%cf%80%ce%b9%cf%83%cf%84%ce%ae%ce%bc%ce%b7-%ce%b1%ce%bd%cf%84%ce%bb%ce%af%ce%b1-%ce%bd%ce%b5%cf%81%ce%bf%cf%8d-%ce%bc%ce%b5-%cf%85\/"},"modified":"2025-06-24T13:58:23","modified_gmt":"2025-06-24T10:58:23","slug":"%ce%bf%ce%b9%ce%ba%ce%bf%ce%bb%ce%bf%ce%b3%ce%b9%ce%ba%ce%ae-%ce%b5%cf%80%ce%b9%cf%83%cf%84%ce%ae%ce%bc%ce%b7-%ce%b1%ce%bd%cf%84%ce%bb%ce%af%ce%b1-%ce%bd%ce%b5%cf%81%ce%bf%cf%8d-%ce%bc%ce%b5-%cf%85","status":"publish","type":"product","link":"https:\/\/stem-eshop.gr\/tr\/urun\/%ce%bf%ce%b9%ce%ba%ce%bf%ce%bb%ce%bf%ce%b3%ce%b9%ce%ba%ce%ae-%ce%b5%cf%80%ce%b9%cf%83%cf%84%ce%ae%ce%bc%ce%b7-%ce%b1%ce%bd%cf%84%ce%bb%ce%af%ce%b1-%ce%bd%ce%b5%cf%81%ce%bf%cf%8d-%ce%bc%ce%b5-%cf%85\/","title":{"rendered":"Ekolojik Bilim: Hibrit Panelli Su Pompas\u0131"},"content":{"rendered":"<p style=\"margin: 0px 0px 10px;padding: 0px;font-family: 'Open Sans', sans-serif;font-size: 15px;line-height: 1.3;letter-spacing: 0.7px;background-color: #ffffff\">\u00c7ALI\u015eMA \u015eEKL\u0130: G\u00fcne\u015f \u0131\u015f\u0131\u011f\u0131 bir enerji t\u00fcr\u00fcd\u00fcr. G\u00fcne\u015f \u0131\u015f\u0131\u011f\u0131 g\u00fcne\u015f h\u00fccresine \u00e7arpt\u0131\u011f\u0131nda, bir miktar fotonu (\u0131\u015f\u0131k par\u00e7ac\u0131\u011f\u0131) elektri\u011fe d\u00f6n\u00fc\u015ft\u00fcr\u00fcr. Elektrik ak\u0131m\u0131 h\u00fccrelerden motora akarak onu \u00e7al\u0131\u015ft\u0131r\u0131r. Ak\u00fcy\u00fc \u00e7al\u0131\u015ft\u0131rmak i\u00e7in d\u00f6nd\u00fc\u011f\u00fcnde, elektrik ak\u0131m\u0131n\u0131n ak\u00fcden motora ters y\u00f6nde akmas\u0131n\u0131 sa\u011flar. \u015eanz\u0131man i\u00e7indeki di\u015flilerin amac\u0131, motorun h\u0131z\u0131n\u0131 d\u00fc\u015f\u00fcrerek makinenin su pompalamas\u0131 i\u00e7in daha fazla g\u00fc\u00e7 \u00fcretmektir.<\/p>\n<p style=\"margin: 0px 0px 10px;padding: 0px;font-family: 'Open Sans', sans-serif;font-size: 15px;line-height: 1.3;letter-spacing: 0.7px;background-color: #ffffff\">\u0130\u00c7\u0130NDEK\u0130LER: B\u00f6l\u00fcm A: \u015eanz\u0131man, B: Ak\u00fc \u00dcnitesi, C: Silindir \u00dcst\u00fc, D: Piston Ba\u011flant\u0131s\u0131, E: Pompa Taban\u0131, F: Ana \u00c7er\u00e7eve, G: G\u00fcne\u015f Paneli Ba\u011flant\u0131s\u0131, H: Piston, I: Silindir Taban\u0131, I1: Orta Silindir, I2: Silindir Ba\u011flant\u0131s\u0131, K: Pimler, L: K\u00fc\u00e7\u00fck Di\u015fli Ba\u011flant\u0131s\u0131, M: \u015eekil Kollar\u0131, N: \u015eekil Ayaklar\u0131, X: \u015eekil Ba\u011flant\u0131lar\u0131, O: \u015eekil G\u00f6vdesi ve Ba\u015f\u0131, P: B\u00fcy\u00fck Di\u015fli Ba\u011flant\u0131s\u0131, P: G\u00fcne\u015f Paneli Taban\u0131, S: G\u00fcne\u015f Paneli, T: Ak\u00fc Kapa\u011f\u0131, Y: Motor Kapa\u011f\u0131, F: Y\u00fcz Mankenleri, X: Motor, Y: G\u00fcne\u015f paneli kablolar\u0131, \u03a9: Terminal kapaklar\u0131, \u03a91: K\u00fc\u00e7\u00fck vidalar.<\/p>\n<p style=\"margin: 0px 0px 10px;padding: 0px;font-family: 'Open Sans', sans-serif;font-size: 15px;line-height: 1.3;letter-spacing: 0.7px;background-color: #ffffff\">Talimatlar Yunanca olarak eklenmi\u015ftir.<\/p>\n<p style=\"margin: 0px 0px 10px;padding: 0px;font-family: 'Open Sans', sans-serif;font-size: 15px;font-weight: 400;line-height: 1.3;color: #000000;font-style: normal;letter-spacing: 0.7px;text-indent: 0px;text-transform: none;background-color: #ffffff\">6\/YP. \u2013 24\/KIB.<\/p>","protected":false},"excerpt":{"rendered":"<p><span style=\"font-family: 'Open Sans', sans-serif;font-size: 15px;letter-spacing: 0.7px;background-color: #ffffff\">G\u00fcne\u015f enerjisiyle \u00e7al\u0131\u015fan bir su pompas\u0131 yap\u0131n! Pille de \u00e7al\u0131\u015fabilir. Talimatlarda yer alan e\u011flenceli bilgileri okuyun ve su pompalar\u0131 hakk\u0131nda \u00f6nemli bilgiler edinin.<\/span><\/p>","protected":false},"featured_media":6987,"comment_status":"open","ping_status":"closed","template":"","meta":{"site-sidebar-layout":"default","site-content-layout":"","ast-site-content-layout":"default","site-content-style":"default","site-sidebar-style":"default","ast-global-header-display":"","ast-banner-title-visibility":"","ast-main-header-display":"","ast-hfb-above-header-display":"","ast-hfb-below-header-display":"","ast-hfb-mobile-header-display":"","site-post-title":"","ast-breadcrumbs-content":"","ast-featured-img":"","footer-sml-layout":"","ast-disable-related-posts":"","theme-transparent-header-meta":"default","adv-header-id-meta":"","stick-header-meta":"","header-above-stick-meta":"","header-main-stick-meta":"","header-below-stick-meta":"","astra-migrate-meta-layouts":"set","ast-page-background-enabled":"default","ast-page-background-meta":{"desktop":{"background-color":"var(--ast-global-color-5)","background-image":"","background-repeat":"repeat","background-position":"center center","background-size":"auto","background-attachment":"scroll","background-type":"","background-media":"","overlay-type":"","overlay-color":"","overlay-opacity":"","overlay-gradient":""},"tablet":{"background-color":"","background-image":"","background-repeat":"repeat","background-position":"center center","background-size":"auto","background-attachment":"scroll","background-type":"","background-media":"","overlay-type":"","overlay-color":"","overlay-opacity":"","overlay-gradient":""},"mobile":{"background-color":"","background-image":"","background-repeat":"repeat","background-position":"center center","background-size":"auto","background-attachment":"scroll","background-type":"","background-media":"","overlay-type":"","overlay-color":"","overlay-opacity":"","overlay-gradient":""}},"ast-content-background-meta":{"desktop":{"background-color":"var(--ast-global-color-4)","background-image":"","background-repeat":"repeat","background-position":"center center","background-size":"auto","background-attachment":"scroll","background-type":"","background-media":"","overlay-type":"","overlay-color":"","overlay-opacity":"","overlay-gradient":""},"tablet":{"background-color":"var(--ast-global-color-4)","background-image":"","background-repeat":"repeat","background-position":"center center","background-size":"auto","background-attachment":"scroll","background-type":"","background-media":"","overlay-type":"","overlay-color":"","overlay-opacity":"","overlay-gradient":""},"mobile":{"background-color":"var(--ast-global-color-4)","background-image":"","background-repeat":"repeat","background-position":"center center","background-size":"auto","background-attachment":"scroll","background-type":"","background-media":"","overlay-type":"","overlay-color":"","overlay-opacity":"","overlay-gradient":""}}},"product_brand":[96],"product_cat":[46,39,38,29,56,30,26,58],"product_tag":[],"class_list":{"0":"post-6986","1":"product","2":"type-product","3":"status-publish","4":"has-post-thumbnail","6":"product_brand-4m","7":"product_cat-46","8":"product_cat-39","9":"product_cat-38","10":"product_cat-29","11":"product_cat-56","12":"product_cat--6-9-","13":"product_cat-26","14":"product_cat-58","15":"desktop-align-left","16":"tablet-align-left","17":"mobile-align-left","19":"first","20":"instock","21":"taxable","22":"shipping-taxable","23":"purchasable","24":"product-type-simple"},"_links":{"self":[{"href":"https:\/\/stem-eshop.gr\/tr\/wp-json\/wp\/v2\/product\/6986","targetHints":{"allow":["GET"]}}],"collection":[{"href":"https:\/\/stem-eshop.gr\/tr\/wp-json\/wp\/v2\/product"}],"about":[{"href":"https:\/\/stem-eshop.gr\/tr\/wp-json\/wp\/v2\/types\/product"}],"replies":[{"embeddable":true,"href":"https:\/\/stem-eshop.gr\/tr\/wp-json\/wp\/v2\/comments?post=6986"}],"wp:featuredmedia":[{"embeddable":true,"href":"https:\/\/stem-eshop.gr\/tr\/wp-json\/wp\/v2\/media\/6987"}],"wp:attachment":[{"href":"https:\/\/stem-eshop.gr\/tr\/wp-json\/wp\/v2\/media?parent=6986"}],"wp:term":[{"taxonomy":"product_brand","embeddable":true,"href":"https:\/\/stem-eshop.gr\/tr\/wp-json\/wp\/v2\/product_brand?post=6986"},{"taxonomy":"product_cat","embeddable":true,"href":"https:\/\/stem-eshop.gr\/tr\/wp-json\/wp\/v2\/product_cat?post=6986"},{"taxonomy":"product_tag","embeddable":true,"href":"https:\/\/stem-eshop.gr\/tr\/wp-json\/wp\/v2\/product_tag?post=6986"}],"curies":[{"name":"wp","href":"https:\/\/api.w.org\/{rel}","templated":true}]}}