{"id":6979,"date":"2025-05-19T09:11:15","date_gmt":"2025-05-19T09:11:15","guid":{"rendered":"https:\/\/stem-eshop.gr\/product\/%ce%bf%ce%b9%ce%ba%ce%bf%ce%bb%ce%bf%ce%b3%ce%b9%ce%ba%ce%ae-%ce%b5%cf%80%ce%b9%cf%83%cf%84%ce%ae%ce%bc%ce%b7-%ce%ba%ce%b1%cf%84%ce%b1%cf%83%ce%ba%ce%b5%cf%85%ce%ae-%ce%b1%ce%bd%ce%b5%ce%bc%ce%bf\/"},"modified":"2026-04-01T18:05:18","modified_gmt":"2026-04-01T15:05:18","slug":"%ce%bf%ce%b9%ce%ba%ce%bf%ce%bb%ce%bf%ce%b3%ce%b9%ce%ba%ce%ae-%ce%b5%cf%80%ce%b9%cf%83%cf%84%ce%ae%ce%bc%ce%b7-%ce%ba%ce%b1%cf%84%ce%b1%cf%83%ce%ba%ce%b5%cf%85%ce%ae-%ce%b1%ce%bd%ce%b5%ce%bc%ce%bf","status":"publish","type":"product","link":"https:\/\/stem-eshop.gr\/tr\/urun\/%ce%bf%ce%b9%ce%ba%ce%bf%ce%bb%ce%bf%ce%b3%ce%b9%ce%ba%ce%ae-%ce%b5%cf%80%ce%b9%cf%83%cf%84%ce%ae%ce%bc%ce%b7-%ce%ba%ce%b1%cf%84%ce%b1%cf%83%ce%ba%ce%b5%cf%85%ce%ae-%ce%b1%ce%bd%ce%b5%ce%bc%ce%bf\/","title":{"rendered":"Ekolojik Bilim: R\u00fczgar T\u00fcrbini \u0130n\u015faat\u0131"},"content":{"rendered":"<p style=\"margin: 0px 0px 10px;padding: 0px;font-family: 'Open Sans', sans-serif;font-size: 15px;line-height: 1.3;letter-spacing: 0.7px;background-color: #ffffff\">\u00c7ALI\u015eMA \u015eEKL\u0130: R\u00fczg\u00e2r havay\u0131 hareket ettirir ve hareket eden her \u015feyin enerjisi vard\u0131r. Kanad\u0131n yan taraf\u0131, g\u00fcne\u015f enerjisini d\u00f6nme kuvvetine d\u00f6n\u00fc\u015ft\u00fcr\u00fcr ve bu da rotorun d\u00f6nmesini sa\u011flar. R\u00fczg\u00e2r t\u00fcrbini r\u00fczg\u00e2r enerjisini yakalar ve rotor ve \u015faft ile merkezi \u015faft arac\u0131l\u0131\u011f\u0131yla jenerat\u00f6re aktar\u0131r. Jenerat\u00f6r, rotorun kinetik enerjisini elektrik enerjisine d\u00f6n\u00fc\u015ft\u00fcr\u00fcr ve bu da LED&#039;i yakar. R\u00fczg\u00e2r g\u00fcl\u00fc, rotorun m\u00fcmk\u00fcn oldu\u011funca fazla r\u00fczg\u00e2r toplamas\u0131n\u0131 sa\u011flamak i\u00e7in rotoru r\u00fczg\u00e2r\u0131n y\u00f6n\u00fcne \u00e7evirir. Rotor r\u00fczg\u00e2ra de\u011fil de yana do\u011fru bak\u0131yorsa, r\u00fczg\u00e2r g\u00fcl\u00fcn\u00fcn yan taraf\u0131n\u0131 iter ve bu da haznenin, rotor r\u00fczg\u00e2ra d\u00f6nene kadar d\u00f6nmesini sa\u011flar.<\/p>\n<p style=\"margin: 0px 0px 10px;padding: 0px;font-family: 'Open Sans', sans-serif;font-size: 15px;line-height: 1.3;letter-spacing: 0.7px;background-color: #ffffff\">\u0130\u00c7ER\u0130K: B\u00f6l\u00fcm 1: Oda X 1, B\u00f6l\u00fcm 2: Oda kapa\u011f\u0131 X 1, B\u00f6l\u00fcm 3: Kanat X 3, B\u00f6l\u00fcm 4: Monte edilmi\u015f jenerat\u00f6r ve LED X 1, B\u00f6l\u00fcm 5: Braket X 1, B\u00f6l\u00fcm 6: Kule taban\u0131 X 1, B\u00f6l\u00fcm 7: Kanat kuyru\u011fu X 1, B\u00f6l\u00fcm 8: Rotorlu ana \u015faft X 1, B\u00f6l\u00fcm 9: \u015eaft \u00fczerindeki di\u015fli X 1, B\u00f6l\u00fcm 10: Kuyruk anteni X 1, B\u00f6l\u00fcm 11:<br \/>\nKule X 1, Par\u00e7a 12: Metal kasa X 2, Par\u00e7a 13: Vida X 17.<\/p>\n<p style=\"margin: 0px 0px 10px;padding: 0px;font-family: 'Open Sans', sans-serif;font-size: 15px;line-height: 1.3;letter-spacing: 0.7px;background-color: #ffffff\">Talimatlar Yunanca olarak eklenmi\u015ftir.<\/p>","protected":false},"excerpt":{"rendered":"<p><span style=\"font-family: 'Open Sans', sans-serif;font-size: 15px;letter-spacing: 0.7px;background-color: #ffffff\">Kendi r\u00fczgar t\u00fcrbininizi in\u015fa edin, r\u00fczgar\u0131 yakalay\u0131p elektri\u011fe nas\u0131l d\u00f6n\u00fc\u015ft\u00fcrd\u00fc\u011f\u00fcn\u00fc izleyin! Talimatlarda yer alan e\u011flenceli bilgileri okuyun ve r\u00fczgar enerjisi hakk\u0131nda ilgin\u00e7 ger\u00e7ekleri \u00f6\u011frenin.<\/span><\/p>","protected":false},"featured_media":6980,"comment_status":"open","ping_status":"closed","template":"","meta":{"site-sidebar-layout":"default","site-content-layout":"","ast-site-content-layout":"default","site-content-style":"default","site-sidebar-style":"default","ast-global-header-display":"","ast-banner-title-visibility":"","ast-main-header-display":"","ast-hfb-above-header-display":"","ast-hfb-below-header-display":"","ast-hfb-mobile-header-display":"","site-post-title":"","ast-breadcrumbs-content":"","ast-featured-img":"","footer-sml-layout":"","ast-disable-related-posts":"","theme-transparent-header-meta":"default","adv-header-id-meta":"","stick-header-meta":"","header-above-stick-meta":"","header-main-stick-meta":"","header-below-stick-meta":"","astra-migrate-meta-layouts":"set","ast-page-background-enabled":"default","ast-page-background-meta":{"desktop":{"background-color":"var(--ast-global-color-5)","background-image":"","background-repeat":"repeat","background-position":"center center","background-size":"auto","background-attachment":"scroll","background-type":"","background-media":"","overlay-type":"","overlay-color":"","overlay-opacity":"","overlay-gradient":""},"tablet":{"background-color":"","background-image":"","background-repeat":"repeat","background-position":"center center","background-size":"auto","background-attachment":"scroll","background-type":"","background-media":"","overlay-type":"","overlay-color":"","overlay-opacity":"","overlay-gradient":""},"mobile":{"background-color":"","background-image":"","background-repeat":"repeat","background-position":"center center","background-size":"auto","background-attachment":"scroll","background-type":"","background-media":"","overlay-type":"","overlay-color":"","overlay-opacity":"","overlay-gradient":""}},"ast-content-background-meta":{"desktop":{"background-color":"var(--ast-global-color-4)","background-image":"","background-repeat":"repeat","background-position":"center center","background-size":"auto","background-attachment":"scroll","background-type":"","background-media":"","overlay-type":"","overlay-color":"","overlay-opacity":"","overlay-gradient":""},"tablet":{"background-color":"var(--ast-global-color-4)","background-image":"","background-repeat":"repeat","background-position":"center center","background-size":"auto","background-attachment":"scroll","background-type":"","background-media":"","overlay-type":"","overlay-color":"","overlay-opacity":"","overlay-gradient":""},"mobile":{"background-color":"var(--ast-global-color-4)","background-image":"","background-repeat":"repeat","background-position":"center center","background-size":"auto","background-attachment":"scroll","background-type":"","background-media":"","overlay-type":"","overlay-color":"","overlay-opacity":"","overlay-gradient":""}}},"product_brand":[96],"product_cat":[46,39,38,29,56,30,54,26,58],"product_tag":[],"class_list":{"0":"post-6979","1":"product","2":"type-product","3":"status-publish","4":"has-post-thumbnail","6":"product_brand-4m","7":"product_cat-46","8":"product_cat-39","9":"product_cat-38","10":"product_cat-29","11":"product_cat-56","12":"product_cat--6-9-","13":"product_cat-54","14":"product_cat-26","15":"product_cat-58","16":"desktop-align-left","17":"tablet-align-left","18":"mobile-align-left","20":"first","21":"instock","22":"taxable","23":"shipping-taxable","24":"purchasable","25":"product-type-simple"},"_links":{"self":[{"href":"https:\/\/stem-eshop.gr\/tr\/wp-json\/wp\/v2\/product\/6979","targetHints":{"allow":["GET"]}}],"collection":[{"href":"https:\/\/stem-eshop.gr\/tr\/wp-json\/wp\/v2\/product"}],"about":[{"href":"https:\/\/stem-eshop.gr\/tr\/wp-json\/wp\/v2\/types\/product"}],"replies":[{"embeddable":true,"href":"https:\/\/stem-eshop.gr\/tr\/wp-json\/wp\/v2\/comments?post=6979"}],"wp:featuredmedia":[{"embeddable":true,"href":"https:\/\/stem-eshop.gr\/tr\/wp-json\/wp\/v2\/media\/6980"}],"wp:attachment":[{"href":"https:\/\/stem-eshop.gr\/tr\/wp-json\/wp\/v2\/media?parent=6979"}],"wp:term":[{"taxonomy":"product_brand","embeddable":true,"href":"https:\/\/stem-eshop.gr\/tr\/wp-json\/wp\/v2\/product_brand?post=6979"},{"taxonomy":"product_cat","embeddable":true,"href":"https:\/\/stem-eshop.gr\/tr\/wp-json\/wp\/v2\/product_cat?post=6979"},{"taxonomy":"product_tag","embeddable":true,"href":"https:\/\/stem-eshop.gr\/tr\/wp-json\/wp\/v2\/product_tag?post=6979"}],"curies":[{"name":"wp","href":"https:\/\/api.w.org\/{rel}","templated":true}]}}