{"id":6919,"date":"2025-05-19T09:09:20","date_gmt":"2025-05-19T09:09:20","guid":{"rendered":"https:\/\/stem-eshop.gr\/product\/ngs-%ce%b7%ce%bb%ce%b5%ce%ba%cf%84%cf%81%ce%bf%ce%bd%ce%b9%ce%ba%cf%8c-%cf%80%ce%b1%ce%b9%cf%87%ce%bd%ce%af%ce%b4%ce%b9-%ce%ba%cf%85%ce%ba%ce%bb%cf%89%ce%bc%ce%ac%cf%84%cf%89%ce%bd-diy\/"},"modified":"2025-11-19T11:09:31","modified_gmt":"2025-11-19T08:09:31","slug":"ngs-%ce%b7%ce%bb%ce%b5%ce%ba%cf%84%cf%81%ce%bf%ce%bd%ce%b9%ce%ba%cf%8c-%cf%80%ce%b1%ce%b9%cf%87%ce%bd%ce%af%ce%b4%ce%b9-%ce%ba%cf%85%ce%ba%ce%bb%cf%89%ce%bc%ce%ac%cf%84%cf%89%ce%bd-diy","status":"publish","type":"product","link":"https:\/\/stem-eshop.gr\/tr\/urun\/ngs-%ce%b7%ce%bb%ce%b5%ce%ba%cf%84%cf%81%ce%bf%ce%bd%ce%b9%ce%ba%cf%8c-%cf%80%ce%b1%ce%b9%cf%87%ce%bd%ce%af%ce%b4%ce%b9-%ce%ba%cf%85%ce%ba%ce%bb%cf%89%ce%bc%ce%ac%cf%84%cf%89%ce%bd-diy\/","title":{"rendered":"NGS Elektronik Devre Kendin Yap Oyunca\u011f\u0131"},"content":{"rendered":"<p class=\"MsoNormal\">Piller, kablolar, anahtarlar, LED&#039;ler, diren\u00e7ler ve k\u00fc\u00e7\u00fck elektronik bile\u015fenler gibi birbirine ba\u011flanarak i\u015flevsel devreler olu\u015fturabilen \u00e7e\u015fitli bile\u015fenler i\u00e7erir. \u00c7ocuklar temel devreleri nas\u0131l olu\u015fturacaklar\u0131n\u0131, elektrik ak\u0131\u015f\u0131n\u0131 nas\u0131l anlayacaklar\u0131n\u0131 ve \u0131\u015f\u0131k g\u00f6stergeleri ve hareketler arac\u0131l\u0131\u011f\u0131yla \u00e7al\u0131\u015fmalar\u0131n\u0131n sonu\u00e7lar\u0131n\u0131 nas\u0131l g\u00f6receklerini \u00f6\u011frenirler.<\/p>\n<\/p>\n<p class=\"MsoNormal\">\u00c7ocuklar i\u00e7in bilimsel devre oyuncaklar\u0131 ve kendin yap elektronik devre oyuncaklar\u0131 bir\u00e7ok avantaj sunar:<\/p>\n<\/p>\n<p>E\u011fitim ve \u00d6\u011frenme: \u00c7ocuklar\u0131n elektronik ve fizi\u011fin temel prensiplerini anlamalar\u0131na yard\u0131mc\u0131 olun<\/p>\n<\/p>\n<p>Uygulamal\u0131 Deneyim: \u00c7ocuklar ger\u00e7ek ara\u00e7lar ve bile\u015fenlerle \u00e7al\u0131\u015fma deneyimi kazan\u0131rlar<\/p>\n<\/p>\n<p>Yarat\u0131c\u0131l\u0131k ve Yenilik: \u00c7ocuklar\u0131 yarat\u0131c\u0131 d\u00fc\u015f\u00fcnmeye ve yeni fikirler denemeye te\u015fvik edin<\/p>\n<\/p>\n<p>Problem \u00c7\u00f6zme: Problem \u00e7\u00f6zme ve ele\u015ftirel d\u00fc\u015f\u00fcnme becerilerini geli\u015ftirin<\/p>\n<\/p>\n<p>G\u00fcven ve \u00d6zg\u00fcven: \u00c7ocuklar\u0131n projelerinin tamamland\u0131\u011f\u0131n\u0131 ve i\u015fe yarad\u0131\u011f\u0131n\u0131 g\u00f6rd\u00fcklerinde \u00f6zg\u00fcvenleri artar.<\/p><\/p>","protected":false},"excerpt":{"rendered":"<p class=\"MsoNormal\">Teknolojinin g\u00fcnl\u00fck hayat\u0131m\u0131zda bask\u0131n bir rol oynad\u0131\u011f\u0131 modern d\u00fcnyada, elektroni\u011fin ve elektrik devrelerinin temel prensiplerini anlamak \u00e7ok \u00f6nemlidir. \u00c7ocuklar i\u00e7in bilimsel devre oyuncaklar\u0131 ve kendin yap elektronik devre oyuncaklar\u0131, \u00e7ocuklara bu kavramlar\u0131 uygulamal\u0131 ve etkile\u015fimli etkinlikler yoluyla tan\u0131tmak i\u00e7in tasarlanm\u0131\u015ft\u0131r.<span lang=\"en-us\" xml:lang=\"en-us\"><\/span><\/p><\/p>","protected":false},"featured_media":6920,"comment_status":"open","ping_status":"closed","template":"","meta":{"site-sidebar-layout":"default","site-content-layout":"","ast-site-content-layout":"default","site-content-style":"default","site-sidebar-style":"default","ast-global-header-display":"","ast-banner-title-visibility":"","ast-main-header-display":"","ast-hfb-above-header-display":"","ast-hfb-below-header-display":"","ast-hfb-mobile-header-display":"","site-post-title":"","ast-breadcrumbs-content":"","ast-featured-img":"","footer-sml-layout":"","ast-disable-related-posts":"","theme-transparent-header-meta":"","adv-header-id-meta":"","stick-header-meta":"","header-above-stick-meta":"","header-main-stick-meta":"","header-below-stick-meta":"","astra-migrate-meta-layouts":"default","ast-page-background-enabled":"default","ast-page-background-meta":{"desktop":{"background-color":"var(--ast-global-color-5)","background-image":"","background-repeat":"repeat","background-position":"center center","background-size":"auto","background-attachment":"scroll","background-type":"","background-media":"","overlay-type":"","overlay-color":"","overlay-opacity":"","overlay-gradient":""},"tablet":{"background-color":"","background-image":"","background-repeat":"repeat","background-position":"center center","background-size":"auto","background-attachment":"scroll","background-type":"","background-media":"","overlay-type":"","overlay-color":"","overlay-opacity":"","overlay-gradient":""},"mobile":{"background-color":"","background-image":"","background-repeat":"repeat","background-position":"center center","background-size":"auto","background-attachment":"scroll","background-type":"","background-media":"","overlay-type":"","overlay-color":"","overlay-opacity":"","overlay-gradient":""}},"ast-content-background-meta":{"desktop":{"background-color":"var(--ast-global-color-4)","background-image":"","background-repeat":"repeat","background-position":"center center","background-size":"auto","background-attachment":"scroll","background-type":"","background-media":"","overlay-type":"","overlay-color":"","overlay-opacity":"","overlay-gradient":""},"tablet":{"background-color":"var(--ast-global-color-4)","background-image":"","background-repeat":"repeat","background-position":"center center","background-size":"auto","background-attachment":"scroll","background-type":"","background-media":"","overlay-type":"","overlay-color":"","overlay-opacity":"","overlay-gradient":""},"mobile":{"background-color":"var(--ast-global-color-4)","background-image":"","background-repeat":"repeat","background-position":"center center","background-size":"auto","background-attachment":"scroll","background-type":"","background-media":"","overlay-type":"","overlay-color":"","overlay-opacity":"","overlay-gradient":""}}},"product_brand":[107],"product_cat":[43,44,39,52,38,35,30,59,58],"product_tag":[],"class_list":{"0":"post-6919","1":"product","2":"type-product","3":"status-publish","4":"has-post-thumbnail","6":"product_brand-ngs","7":"product_cat-43","8":"product_cat-44","9":"product_cat-39","10":"product_cat-52","11":"product_cat-38","12":"product_cat--10-12-","13":"product_cat--6-9-","14":"product_cat-59","15":"product_cat-58","16":"desktop-align-left","17":"tablet-align-left","18":"mobile-align-left","20":"first","21":"instock","22":"taxable","23":"shipping-taxable","24":"purchasable","25":"product-type-simple"},"_links":{"self":[{"href":"https:\/\/stem-eshop.gr\/tr\/wp-json\/wp\/v2\/product\/6919","targetHints":{"allow":["GET"]}}],"collection":[{"href":"https:\/\/stem-eshop.gr\/tr\/wp-json\/wp\/v2\/product"}],"about":[{"href":"https:\/\/stem-eshop.gr\/tr\/wp-json\/wp\/v2\/types\/product"}],"replies":[{"embeddable":true,"href":"https:\/\/stem-eshop.gr\/tr\/wp-json\/wp\/v2\/comments?post=6919"}],"wp:featuredmedia":[{"embeddable":true,"href":"https:\/\/stem-eshop.gr\/tr\/wp-json\/wp\/v2\/media\/6920"}],"wp:attachment":[{"href":"https:\/\/stem-eshop.gr\/tr\/wp-json\/wp\/v2\/media?parent=6919"}],"wp:term":[{"taxonomy":"product_brand","embeddable":true,"href":"https:\/\/stem-eshop.gr\/tr\/wp-json\/wp\/v2\/product_brand?post=6919"},{"taxonomy":"product_cat","embeddable":true,"href":"https:\/\/stem-eshop.gr\/tr\/wp-json\/wp\/v2\/product_cat?post=6919"},{"taxonomy":"product_tag","embeddable":true,"href":"https:\/\/stem-eshop.gr\/tr\/wp-json\/wp\/v2\/product_tag?post=6919"}],"curies":[{"name":"wp","href":"https:\/\/api.w.org\/{rel}","templated":true}]}}