{"id":6913,"date":"2025-05-19T09:09:04","date_gmt":"2025-05-19T09:09:04","guid":{"rendered":"https:\/\/stem-eshop.gr\/product\/ngs-%cf%83%ce%b5%cf%84-1000-%cf%84%ce%bf%cf%85%ce%b2%ce%bb%ce%ac%ce%ba%ce%b9%ce%b1\/"},"modified":"2025-12-24T13:56:48","modified_gmt":"2025-12-24T10:56:48","slug":"ngs-%cf%83%ce%b5%cf%84-1000-%cf%84%ce%bf%cf%85%ce%b2%ce%bb%ce%ac%ce%ba%ce%b9%ce%b1","status":"publish","type":"product","link":"https:\/\/stem-eshop.gr\/tr\/urun\/ngs-%cf%83%ce%b5%cf%84-1000-%cf%84%ce%bf%cf%85%ce%b2%ce%bb%ce%ac%ce%ba%ce%b9%ce%b1\/","title":{"rendered":"NGS 1000 tu\u011fla seti"},"content":{"rendered":"<p class=\"MsoNormal\">1000 tu\u011fla ile bir\u00e7ok yarat\u0131c\u0131 ve ilgin\u00e7 \u015fey yapabilirsiniz.<\/p>\n<p class=\"MsoNormal\">\u0130\u015fte birka\u00e7 fikir:<\/p>\n<p class=\"MsoNormal\">\u0130n\u015faatlar ve Yap\u0131lar \u2013 K\u00fc\u00e7\u00fck Kasabalar veya K\u00f6yler<\/p>\n<p class=\"MsoNormal\">Sanatsal Yarat\u0131mlar \u2013 3B Harfler ve Rakamlar<\/p>\n<p class=\"MsoNormal\">E\u011fitici ve Oyunlar \u2013 Matematik Oyunlar\u0131 veya Strateji Oyunlar\u0131<\/p>\n<p class=\"MsoNormal\">Etkile\u015fimli Yap\u0131lar \u2013 Mekanik Modeller<\/p>\n<p class=\"MsoNormal\">Olas\u0131l\u0131klar sonsuzdur ve yarat\u0131c\u0131l\u0131\u011f\u0131n\u0131z \u00e7ok ilgin\u00e7 ve benzersiz sonu\u00e7lara yol a\u00e7abilir.<\/p>\n<p class=\"MsoNormal\">Tu\u011flalar\u0131n\u0131zla e\u011flenin!<\/p>","protected":false},"excerpt":{"rendered":"<p class=\"MsoNormal\">Tu\u011flalar hayal g\u00fcc\u00fcn\u00fc yaratmak ve ifade etmek i\u00e7in m\u00fckemmel bir malzemedir.<\/p>\n<p class=\"MsoNormal\">1000 tu\u011fla ile olas\u0131l\u0131klar sonsuzdur ve tek s\u0131n\u0131rlay\u0131c\u0131 fakt\u00f6r hayal g\u00fcc\u00fcn\u00fczd\u00fcr. Karma\u015f\u0131k yap\u0131lardan ve yap\u0131lardan sanatsal yarat\u0131mlara ve e\u011fitici oyuncaklara kadar, tu\u011flalar hayal edebilece\u011finiz her \u015feyi in\u015fa etmek i\u00e7in bir ara\u00e7 olabilir.<\/p>","protected":false},"featured_media":6914,"comment_status":"open","ping_status":"closed","template":"","meta":{"site-sidebar-layout":"default","site-content-layout":"","ast-site-content-layout":"default","site-content-style":"default","site-sidebar-style":"default","ast-global-header-display":"","ast-banner-title-visibility":"","ast-main-header-display":"","ast-hfb-above-header-display":"","ast-hfb-below-header-display":"","ast-hfb-mobile-header-display":"","site-post-title":"","ast-breadcrumbs-content":"","ast-featured-img":"","footer-sml-layout":"","ast-disable-related-posts":"","theme-transparent-header-meta":"default","adv-header-id-meta":"","stick-header-meta":"","header-above-stick-meta":"","header-main-stick-meta":"","header-below-stick-meta":"","astra-migrate-meta-layouts":"set","ast-page-background-enabled":"default","ast-page-background-meta":{"desktop":{"background-color":"var(--ast-global-color-5)","background-image":"","background-repeat":"repeat","background-position":"center center","background-size":"auto","background-attachment":"scroll","background-type":"","background-media":"","overlay-type":"","overlay-color":"","overlay-opacity":"","overlay-gradient":""},"tablet":{"background-color":"","background-image":"","background-repeat":"repeat","background-position":"center center","background-size":"auto","background-attachment":"scroll","background-type":"","background-media":"","overlay-type":"","overlay-color":"","overlay-opacity":"","overlay-gradient":""},"mobile":{"background-color":"","background-image":"","background-repeat":"repeat","background-position":"center center","background-size":"auto","background-attachment":"scroll","background-type":"","background-media":"","overlay-type":"","overlay-color":"","overlay-opacity":"","overlay-gradient":""}},"ast-content-background-meta":{"desktop":{"background-color":"var(--ast-global-color-4)","background-image":"","background-repeat":"repeat","background-position":"center center","background-size":"auto","background-attachment":"scroll","background-type":"","background-media":"","overlay-type":"","overlay-color":"","overlay-opacity":"","overlay-gradient":""},"tablet":{"background-color":"var(--ast-global-color-4)","background-image":"","background-repeat":"repeat","background-position":"center center","background-size":"auto","background-attachment":"scroll","background-type":"","background-media":"","overlay-type":"","overlay-color":"","overlay-opacity":"","overlay-gradient":""},"mobile":{"background-color":"var(--ast-global-color-4)","background-image":"","background-repeat":"repeat","background-position":"center center","background-size":"auto","background-attachment":"scroll","background-type":"","background-media":"","overlay-type":"","overlay-color":"","overlay-opacity":"","overlay-gradient":""}}},"product_brand":[107],"product_cat":[126,43,29,32,57,35,30,59],"product_tag":[],"class_list":{"0":"post-6913","1":"product","2":"type-product","3":"status-publish","4":"has-post-thumbnail","6":"product_brand-ngs","7":"product_cat-126","8":"product_cat-43","9":"product_cat-29","10":"product_cat-32","11":"product_cat-57","12":"product_cat--10-12-","13":"product_cat--6-9-","14":"product_cat-59","15":"desktop-align-left","16":"tablet-align-left","17":"mobile-align-left","19":"first","20":"outofstock","21":"taxable","22":"shipping-taxable","23":"purchasable","24":"product-type-simple"},"_links":{"self":[{"href":"https:\/\/stem-eshop.gr\/tr\/wp-json\/wp\/v2\/product\/6913","targetHints":{"allow":["GET"]}}],"collection":[{"href":"https:\/\/stem-eshop.gr\/tr\/wp-json\/wp\/v2\/product"}],"about":[{"href":"https:\/\/stem-eshop.gr\/tr\/wp-json\/wp\/v2\/types\/product"}],"replies":[{"embeddable":true,"href":"https:\/\/stem-eshop.gr\/tr\/wp-json\/wp\/v2\/comments?post=6913"}],"wp:featuredmedia":[{"embeddable":true,"href":"https:\/\/stem-eshop.gr\/tr\/wp-json\/wp\/v2\/media\/6914"}],"wp:attachment":[{"href":"https:\/\/stem-eshop.gr\/tr\/wp-json\/wp\/v2\/media?parent=6913"}],"wp:term":[{"taxonomy":"product_brand","embeddable":true,"href":"https:\/\/stem-eshop.gr\/tr\/wp-json\/wp\/v2\/product_brand?post=6913"},{"taxonomy":"product_cat","embeddable":true,"href":"https:\/\/stem-eshop.gr\/tr\/wp-json\/wp\/v2\/product_cat?post=6913"},{"taxonomy":"product_tag","embeddable":true,"href":"https:\/\/stem-eshop.gr\/tr\/wp-json\/wp\/v2\/product_tag?post=6913"}],"curies":[{"name":"wp","href":"https:\/\/api.w.org\/{rel}","templated":true}]}}