{"id":6908,"date":"2025-05-19T09:08:58","date_gmt":"2025-05-19T09:08:58","guid":{"rendered":"https:\/\/stem-eshop.gr\/product\/%ce%bc%ce%b1%ce%b8%ce%b1%ce%af%ce%bd%cf%89-%ce%ba%ce%b1%ce%b9-%ce%b4%ce%b7%ce%bc%ce%b9%ce%bf%cf%85%cf%81%ce%b3%cf%8e-lab-%ce%b5%ce%ba%cf%80%ce%b1%ce%b9%ce%b4%ce%b5%cf%85%cf%84%ce%b9%ce%ba%cf%8c-5\/"},"modified":"2025-10-06T10:09:09","modified_gmt":"2025-10-06T07:09:09","slug":"%ce%bc%ce%b1%ce%b8%ce%b1%ce%af%ce%bd%cf%89-%ce%ba%ce%b1%ce%b9-%ce%b4%ce%b7%ce%bc%ce%b9%ce%bf%cf%85%cf%81%ce%b3%cf%8e-lab-%ce%b5%ce%ba%cf%80%ce%b1%ce%b9%ce%b4%ce%b5%cf%85%cf%84%ce%b9%ce%ba%cf%8c-5","status":"publish","type":"product","link":"https:\/\/stem-eshop.gr\/tr\/urun\/%ce%bc%ce%b1%ce%b8%ce%b1%ce%af%ce%bd%cf%89-%ce%ba%ce%b1%ce%b9-%ce%b4%ce%b7%ce%bc%ce%b9%ce%bf%cf%85%cf%81%ce%b3%cf%8e-lab-%ce%b5%ce%ba%cf%80%ce%b1%ce%b9%ce%b4%ce%b5%cf%85%cf%84%ce%b9%ce%ba%cf%8c-5\/","title":{"rendered":"7+ Y\u0131ld\u0131r Biyolojik Sera Laboratuvar E\u011fitim Oyunca\u011f\u0131 \u00d6\u011freniyorum ve Olu\u015fturuyorum"},"content":{"rendered":"<p class=\"MsoNormal\">Oyun \u015funlar\u0131 i\u00e7erir:<\/p>\n<p>Temel<\/p>\n<p>S\u00fctunlar<\/p>\n<p>\u015eeffaf duvarlar<\/p>\n<p>Bar\u0131nak<\/p>\n<p>Biyolojik olarak par\u00e7alanabilir saks\u0131lar<\/p>\n<p>Organik tohum torbas\u0131<\/p>\n<p>Turba<\/p>\n<p>Kapakl\u0131 bardak<\/p>\n<p>Tohum torbas\u0131<\/p>\n<p>Damlal\u0131k<\/p>\n<p>Spatula<\/p>\n<p>Ma\u015falar<\/p>\n<p>Resimli kullan\u0131m k\u0131lavuzu<\/p>\n<p class=\"MsoNormal\">7 ya\u015f ve \u00fczeri \u00e7ocuklar\u0131n kullan\u0131m\u0131na uygundur<\/p>\n<p class=\"MsoNormal\" style=\"text-align: justify\">\u0130talya&#039;da \u00fcretildi<\/p>\n<p class=\"MsoNormal\" style=\"text-align: justify\">\u00d6\u011fren ve Yarat oyuncak serisi, zengin ekipman, detayl\u0131 bilgi ve etkileyici, g\u00fcvenli deneyler ve yap\u0131lar in\u015fa etme talimatlar\u0131 sunarak \u00e7ocuklara bilimi \u00f6\u011frenme f\u0131rsat\u0131 sunan bilim oyuncaklar\u0131 kategorisinde liderdir. \u00c7ocuklar\u0131n deneyler yaparken, bilimsel ara\u00e7lar\u0131 kullan\u0131rken, fizik, kimya, astronomi, biyoloji, botanik ve temel bilimsel ve do\u011fal olaylar\u0131 ke\u015ffederken e\u011flenecekleri yenilik\u00e7i bir oyuncak serisidir. \u00d6\u011fren ve Yarat oyuncaklar\u0131, \u00e7ocuklar\u0131n bilimin s\u0131rlar\u0131n\u0131 \u00f6\u011frenmeleri i\u00e7in en yarat\u0131c\u0131, e\u011flenceli ve g\u00fcvenli yoldur!<\/p>","protected":false},"excerpt":{"rendered":"<p class=\"MsoNormal\">Organik tar\u0131m\u0131n s\u0131rlar\u0131n\u0131 ke\u015ffedin ve kendi do\u011fal seran\u0131z\u0131 in\u015fa edin!<\/p>\n<p class=\"MsoNormal\">Hi\u00e7 merak ettiniz mi neden b\u00f6yle adland\u0131r\u0131l\u0131yor?<\/p>\n<p class=\"MsoNormal\">Bu organik serada, sebze yeti\u015ftirme ve zararl\u0131 maddeler kullanmadan nas\u0131l filizlendirip b\u00fcy\u00fctebilece\u011finiz hakk\u0131nda e\u011flenirken bir\u00e7ok bilgi edineceksiniz! \u00d6zel saks\u0131lar ve organik tohumlarla bah\u00e7ecilik yetene\u011finizi test edin! Organik tar\u0131m bilimi, organik tohumlar, yeti\u015ftirme ve toprak bile\u015fimi, damla sulama sistemi ve daha bir\u00e7ok s\u0131r hakk\u0131nda zengin i\u00e7erikli resimli bir kullan\u0131m k\u0131lavuzu da i\u00e7eriyor!<\/p>","protected":false},"featured_media":6909,"comment_status":"open","ping_status":"closed","template":"","meta":{"site-sidebar-layout":"default","site-content-layout":"","ast-site-content-layout":"default","site-content-style":"default","site-sidebar-style":"default","ast-global-header-display":"","ast-banner-title-visibility":"","ast-main-header-display":"","ast-hfb-above-header-display":"","ast-hfb-below-header-display":"","ast-hfb-mobile-header-display":"","site-post-title":"","ast-breadcrumbs-content":"","ast-featured-img":"","footer-sml-layout":"","ast-disable-related-posts":"","theme-transparent-header-meta":"default","adv-header-id-meta":"","stick-header-meta":"","header-above-stick-meta":"","header-main-stick-meta":"","header-below-stick-meta":"","astra-migrate-meta-layouts":"set","ast-page-background-enabled":"default","ast-page-background-meta":{"desktop":{"background-color":"var(--ast-global-color-5)","background-image":"","background-repeat":"repeat","background-position":"center center","background-size":"auto","background-attachment":"scroll","background-type":"","background-media":"","overlay-type":"","overlay-color":"","overlay-opacity":"","overlay-gradient":""},"tablet":{"background-color":"","background-image":"","background-repeat":"repeat","background-position":"center center","background-size":"auto","background-attachment":"scroll","background-type":"","background-media":"","overlay-type":"","overlay-color":"","overlay-opacity":"","overlay-gradient":""},"mobile":{"background-color":"","background-image":"","background-repeat":"repeat","background-position":"center center","background-size":"auto","background-attachment":"scroll","background-type":"","background-media":"","overlay-type":"","overlay-color":"","overlay-opacity":"","overlay-gradient":""}},"ast-content-background-meta":{"desktop":{"background-color":"var(--ast-global-color-4)","background-image":"","background-repeat":"repeat","background-position":"center center","background-size":"auto","background-attachment":"scroll","background-type":"","background-media":"","overlay-type":"","overlay-color":"","overlay-opacity":"","overlay-gradient":""},"tablet":{"background-color":"var(--ast-global-color-4)","background-image":"","background-repeat":"repeat","background-position":"center center","background-size":"auto","background-attachment":"scroll","background-type":"","background-media":"","overlay-type":"","overlay-color":"","overlay-opacity":"","overlay-gradient":""},"mobile":{"background-color":"var(--ast-global-color-4)","background-image":"","background-repeat":"repeat","background-position":"center center","background-size":"auto","background-attachment":"scroll","background-type":"","background-media":"","overlay-type":"","overlay-color":"","overlay-opacity":"","overlay-gradient":""}}},"product_brand":[114],"product_cat":[39,38,56,35,30,54,58,51],"product_tag":[],"class_list":{"0":"post-6908","1":"product","2":"type-product","3":"status-publish","4":"has-post-thumbnail","6":"product_brand-mathenw","7":"product_cat-39","8":"product_cat-38","9":"product_cat-56","10":"product_cat--10-12-","11":"product_cat--6-9-","12":"product_cat-54","13":"product_cat-58","14":"product_cat-51","15":"desktop-align-left","16":"tablet-align-left","17":"mobile-align-left","19":"first","20":"instock","21":"taxable","22":"shipping-taxable","23":"purchasable","24":"product-type-simple"},"_links":{"self":[{"href":"https:\/\/stem-eshop.gr\/tr\/wp-json\/wp\/v2\/product\/6908","targetHints":{"allow":["GET"]}}],"collection":[{"href":"https:\/\/stem-eshop.gr\/tr\/wp-json\/wp\/v2\/product"}],"about":[{"href":"https:\/\/stem-eshop.gr\/tr\/wp-json\/wp\/v2\/types\/product"}],"replies":[{"embeddable":true,"href":"https:\/\/stem-eshop.gr\/tr\/wp-json\/wp\/v2\/comments?post=6908"}],"wp:featuredmedia":[{"embeddable":true,"href":"https:\/\/stem-eshop.gr\/tr\/wp-json\/wp\/v2\/media\/6909"}],"wp:attachment":[{"href":"https:\/\/stem-eshop.gr\/tr\/wp-json\/wp\/v2\/media?parent=6908"}],"wp:term":[{"taxonomy":"product_brand","embeddable":true,"href":"https:\/\/stem-eshop.gr\/tr\/wp-json\/wp\/v2\/product_brand?post=6908"},{"taxonomy":"product_cat","embeddable":true,"href":"https:\/\/stem-eshop.gr\/tr\/wp-json\/wp\/v2\/product_cat?post=6908"},{"taxonomy":"product_tag","embeddable":true,"href":"https:\/\/stem-eshop.gr\/tr\/wp-json\/wp\/v2\/product_tag?post=6908"}],"curies":[{"name":"wp","href":"https:\/\/api.w.org\/{rel}","templated":true}]}}