{"id":6879,"date":"2025-05-19T08:54:50","date_gmt":"2025-05-19T08:54:50","guid":{"rendered":"https:\/\/stem-eshop.gr\/product\/dr-stem-t%ce%bf-%ce%ad%ce%be%cf%85%cf%80%ce%bd%ce%bf-%cf%83%cf%80%ce%af%cf%84%ce%b9-%cf%83%cf%84%ce%bf-%ce%b5%cf%81%ce%b3%ce%b1%cf%83%cf%84%ce%ae%cf%81%ce%b9%ce%bf-%ce%b4%ce%b5%ce%be%ce%b9%ce%bf\/"},"modified":"2025-12-31T09:06:27","modified_gmt":"2025-12-31T06:06:27","slug":"dr-stem-t%ce%bf-%ce%ad%ce%be%cf%85%cf%80%ce%bd%ce%bf-%cf%83%cf%80%ce%af%cf%84%ce%b9-%cf%83%cf%84%ce%bf-%ce%b5%cf%81%ce%b3%ce%b1%cf%83%cf%84%ce%ae%cf%81%ce%b9%ce%bf-%ce%b4%ce%b5%ce%be%ce%b9%ce%bf","status":"publish","type":"product","link":"https:\/\/stem-eshop.gr\/tr\/urun\/dr-stem-t%ce%bf-%ce%ad%ce%be%cf%85%cf%80%ce%bd%ce%bf-%cf%83%cf%80%ce%af%cf%84%ce%b9-%cf%83%cf%84%ce%bf-%ce%b5%cf%81%ce%b3%ce%b1%cf%83%cf%84%ce%ae%cf%81%ce%b9%ce%bf-%ce%b4%ce%b5%ce%be%ce%b9%ce%bf\/","title":{"rendered":"Dr STEM \u2013 Beceri Laboratuvar\u0131ndaki Ak\u0131ll\u0131 Ev \u2013 Kitap 2"},"content":{"rendered":"<p class=\"MsoNormal\">Ak\u0131ll\u0131 Ev Beceri Laboratuvar\u0131 serisinin 2. kitab\u0131nda sunulan \u00f6nerilen e\u011fitim etkinlikleri, a\u015fa\u011f\u0131daki hedeflere sahip b\u00fct\u00fcnsel STE(A)M yakla\u015f\u0131m\u0131yla uygulanmaktad\u0131r:<\/p>\n<p class=\"MsoNormal\">otomasyon kavram\u0131n\u0131 anlamak,<\/p>\n<p class=\"MsoNormal\">\n<p>Arduino hesaplama platformunun kullan\u0131m\u0131,<\/p>\n<p class=\"MsoNormal\">Ak\u0131ll\u0131 ev yap\u0131m\u0131nda sens\u00f6r ve akt\u00fcat\u00f6rlerin kullan\u0131m\u0131,<\/p>\n<p class=\"MsoNormal\">kod geli\u015ftirme,<\/p>\n<p class=\"MsoNormal\">\u00c7al\u0131\u015fma, tasar\u0131m, geli\u015ftirme ve de\u011ferlendirme s\u00fcre\u00e7lerine a\u015final\u0131k.<\/p>\n<p class=\"MsoNormal\">\n<p class=\"MsoNormal\"><span lang=\"en-us\" xml:lang=\"en-us\">The<\/span>\u00a0k\u0131saltma\u00a0<span lang=\"en-us\" xml:lang=\"en-us\">ST<\/span>A<span lang=\"en-us\" xml:lang=\"en-us\">M<\/span>\u00a0(<span lang=\"en-us\" xml:lang=\"en-us\">Bilim<\/span>,\u00a0<span lang=\"en-us\" xml:lang=\"en-us\">Teknoloji<\/span>,\u00a0<span lang=\"en-us\" xml:lang=\"en-us\">M\u00fchendislik<\/span>,\u00a0<span lang=\"en-us\" xml:lang=\"en-us\">Sanatlar<\/span>,\u00a0\u00a0<span lang=\"en-us\" xml:lang=\"en-us\">Matematik<\/span>\u00a0\u2013 Fen, Teknoloji, M\u00fchendislik, Sanat, Matematik) be\u015f disiplin (Fen, Teknoloji, M\u00fchendislik, Sanat ve Matematik) arac\u0131l\u0131\u011f\u0131yla \u00f6\u011frenmeye b\u00fct\u00fcnc\u00fcl bir yakla\u015f\u0131m kavram\u0131n\u0131 tan\u0131mlamak i\u00e7in kullan\u0131l\u0131r.<\/p>\n<p class=\"MsoNormal\">Sanat\u0131n \u00e7e\u015fitli bi\u00e7imleri e\u011fitimin \u00f6nemli bir par\u00e7as\u0131 haline geliyor\u00a0<span lang=\"en-us\" xml:lang=\"en-us\">ST<\/span>A<span lang=\"en-us\" xml:lang=\"en-us\">M<\/span>Hayal g\u00fcc\u00fc ve yarat\u0131c\u0131l\u0131k, inovasyonun ortaya \u00e7\u0131kmas\u0131n\u0131n temelini olu\u015ftururken ayn\u0131 zamanda ele\u015ftirel d\u00fc\u015f\u00fcncenin geli\u015fmesine de katk\u0131da bulunmaktad\u0131r.<\/p>\n<p class=\"MsoNormal\">The\u00a0<span lang=\"en-us\" xml:lang=\"en-us\">ST<\/span>A<span lang=\"en-us\" xml:lang=\"en-us\">M<\/span>\u00a0\u00c7ocu\u011fun d\u00fcnyay\u0131 ke\u015ffederken zihninin \u00f6\u011frenme bi\u00e7imini \u00e7er\u00e7evelerken, Hesaplamal\u0131 D\u00fc\u015f\u00fcnmenin geli\u015fimine de katk\u0131da bulunur!<\/p>\n<p class=\"MsoNormal\">Hepimiz bir problemi \u00e7\u00f6zmenin nadiren sadece matematik, fizik veya kimya gibi tek bir bilgi setine ihtiya\u00e7 duydu\u011funu biliyoruz. \u00d6rne\u011fin, karma\u015f\u0131k ve g\u00fcvenli binalar tasarlamak i\u00e7in teknoloji, m\u00fchendislik, sanat ve matematik gibi bir\u00e7ok bilim dal\u0131n\u0131 bir arada kullanan bir mimar\u0131 d\u00fc\u015f\u00fcn\u00fcn!<\/p>\n<p class=\"MsoNormal\">Bu nedenle,\u00a0<span lang=\"en-us\" xml:lang=\"en-us\">BUHAR<\/span>\u00a0farkl\u0131 bilgi ve bilim alanlar\u0131n\u0131n b\u00fct\u00fcnle\u015ftirilmesi ve dahil edilmesidir.<\/p>\n<p class=\"MsoNormal\">E\u011fitimsel yakla\u015f\u0131mla\u00a0\u00a0<span lang=\"en-us\" xml:lang=\"en-us\">ST<\/span>A<span lang=\"en-us\" xml:lang=\"en-us\">M<\/span>\u00a0\u00d6\u011frenciler, ger\u00e7ek bir soruna \u00e7\u00f6z\u00fcm bulmay\u0131, do\u011fal olaylar\u0131 anlamay\u0131 veya 21. y\u00fczy\u0131l\u0131n s\u00fcrekli de\u011fi\u015fen i\u015f piyasas\u0131nda rekabet edebilmelerine yard\u0131mc\u0131 olacak uygun becerileri geli\u015ftirmeyi hedefleyerek do\u011fa bilimleri, teknoloji, m\u00fchendislik, sanat ve matemati\u011fi uygularlar.<\/p>\n<p class=\"MsoNormal\">Bu nedenle\u00a0<span lang=\"en-us\" xml:lang=\"en-us\">BUHAR<\/span>\u00a021. y\u00fczy\u0131l e\u011fitiminin temeli olarak kabul edilen d\u00f6rt unsuru i\u00e7erir:<\/p>\n<p class=\"MsoNormal\">Yarat\u0131c\u0131l\u0131k, Ele\u015ftirel D\u00fc\u015f\u00fcnme, \u0130\u015fbirli\u011fi ve \u0130leti\u015fim<\/p>\n<p class=\"MsoNormal\">E\u011fitim\u00a0<span lang=\"en-us\" xml:lang=\"en-us\">ST<\/span>A<span lang=\"en-us\" xml:lang=\"en-us\">M<\/span>\u00a0Art\u0131k 30&#039;dan fazla mesle\u011fin bilgi gerektirmesi nedeniyle bu \u00e7ok \u00f6nemlidir\u00a0<span lang=\"en-us\" xml:lang=\"en-us\">ST<\/span>A<span lang=\"en-us\" xml:lang=\"en-us\">M<\/span>\u00a0Yak\u0131n gelecekte!<\/p>\n<p class=\"MsoNormal\">Yazarlar: Konstantinos Kalovrektis, Sarantos Psycharis<\/p>\n<p class=\"MsoNormal\">Boyut: 21 x 29 cm.<\/p>\n<p class=\"MsoNormal\">Sayfalar: 104<\/p>\n<p class=\"MsoNormal\">BARKOD: 9789605634506<\/p>\n<p class=\"MsoNormal\">ISBN: 978-960-563-450-6<\/p>\n<p class=\"MsoNormal\">Kapak: Yumu\u015fak kapak<\/p>\n<p class=\"MsoNormal\">Yay\u0131n tarihi: 18-11-2021<\/p>","protected":false},"excerpt":{"rendered":"<p class=\"MsoNormal\">Dr STEM e\u011fitim serisi, 21. y\u00fczy\u0131l Ekonomisi ve D\u00f6rd\u00fcnc\u00fc Sanayi Devrimi&#039;nin gerektirdi\u011fi &quot;STE(A)M becerileri&quot;ni edinmelerine yard\u0131mc\u0131 olmak ve \u00f6zellikle Hesaplamal\u0131 D\u00fc\u015f\u00fcnme \u00fczerine odaklanarak Zihinsel Beceriler geli\u015ftirmeyi ama\u00e7layan 8 ya\u015f ve \u00fczeri \u00f6\u011fretmen ve \u00f6\u011frencilere y\u00f6neliktir.<\/p>","protected":false},"featured_media":5062,"comment_status":"open","ping_status":"closed","template":"","meta":{"site-sidebar-layout":"default","site-content-layout":"","ast-site-content-layout":"default","site-content-style":"default","site-sidebar-style":"default","ast-global-header-display":"","ast-banner-title-visibility":"","ast-main-header-display":"","ast-hfb-above-header-display":"","ast-hfb-below-header-display":"","ast-hfb-mobile-header-display":"","site-post-title":"","ast-breadcrumbs-content":"","ast-featured-img":"","footer-sml-layout":"","ast-disable-related-posts":"","theme-transparent-header-meta":"default","adv-header-id-meta":"","stick-header-meta":"","header-above-stick-meta":"","header-main-stick-meta":"","header-below-stick-meta":"","astra-migrate-meta-layouts":"set","ast-page-background-enabled":"default","ast-page-background-meta":{"desktop":{"background-color":"var(--ast-global-color-5)","background-image":"","background-repeat":"repeat","background-position":"center center","background-size":"auto","background-attachment":"scroll","background-type":"","background-media":"","overlay-type":"","overlay-color":"","overlay-opacity":"","overlay-gradient":""},"tablet":{"background-color":"","background-image":"","background-repeat":"repeat","background-position":"center center","background-size":"auto","background-attachment":"scroll","background-type":"","background-media":"","overlay-type":"","overlay-color":"","overlay-opacity":"","overlay-gradient":""},"mobile":{"background-color":"","background-image":"","background-repeat":"repeat","background-position":"center center","background-size":"auto","background-attachment":"scroll","background-type":"","background-media":"","overlay-type":"","overlay-color":"","overlay-opacity":"","overlay-gradient":""}},"ast-content-background-meta":{"desktop":{"background-color":"var(--ast-global-color-4)","background-image":"","background-repeat":"repeat","background-position":"center center","background-size":"auto","background-attachment":"scroll","background-type":"","background-media":"","overlay-type":"","overlay-color":"","overlay-opacity":"","overlay-gradient":""},"tablet":{"background-color":"var(--ast-global-color-4)","background-image":"","background-repeat":"repeat","background-position":"center center","background-size":"auto","background-attachment":"scroll","background-type":"","background-media":"","overlay-type":"","overlay-color":"","overlay-opacity":"","overlay-gradient":""},"mobile":{"background-color":"var(--ast-global-color-4)","background-image":"","background-repeat":"repeat","background-position":"center center","background-size":"auto","background-attachment":"scroll","background-type":"","background-media":"","overlay-type":"","overlay-color":"","overlay-opacity":"","overlay-gradient":""}}},"product_brand":[111],"product_cat":[25],"product_tag":[],"class_list":{"0":"post-6879","1":"product","2":"type-product","3":"status-publish","4":"has-post-thumbnail","6":"product_brand-ellinoekdotiki","7":"product_cat--steam","8":"desktop-align-left","9":"tablet-align-left","10":"mobile-align-left","12":"first","13":"instock","14":"taxable","15":"shipping-taxable","16":"purchasable","17":"product-type-simple"},"_links":{"self":[{"href":"https:\/\/stem-eshop.gr\/tr\/wp-json\/wp\/v2\/product\/6879","targetHints":{"allow":["GET"]}}],"collection":[{"href":"https:\/\/stem-eshop.gr\/tr\/wp-json\/wp\/v2\/product"}],"about":[{"href":"https:\/\/stem-eshop.gr\/tr\/wp-json\/wp\/v2\/types\/product"}],"replies":[{"embeddable":true,"href":"https:\/\/stem-eshop.gr\/tr\/wp-json\/wp\/v2\/comments?post=6879"}],"wp:featuredmedia":[{"embeddable":true,"href":"https:\/\/stem-eshop.gr\/tr\/wp-json\/wp\/v2\/media\/5062"}],"wp:attachment":[{"href":"https:\/\/stem-eshop.gr\/tr\/wp-json\/wp\/v2\/media?parent=6879"}],"wp:term":[{"taxonomy":"product_brand","embeddable":true,"href":"https:\/\/stem-eshop.gr\/tr\/wp-json\/wp\/v2\/product_brand?post=6879"},{"taxonomy":"product_cat","embeddable":true,"href":"https:\/\/stem-eshop.gr\/tr\/wp-json\/wp\/v2\/product_cat?post=6879"},{"taxonomy":"product_tag","embeddable":true,"href":"https:\/\/stem-eshop.gr\/tr\/wp-json\/wp\/v2\/product_tag?post=6879"}],"curies":[{"name":"wp","href":"https:\/\/api.w.org\/{rel}","templated":true}]}}