{"id":6878,"date":"2025-05-19T08:54:50","date_gmt":"2025-05-19T08:54:50","guid":{"rendered":"https:\/\/stem-eshop.gr\/product\/dr-stem-t%ce%bf-%ce%ad%ce%be%cf%85%cf%80%ce%bd%ce%bf-%ce%b8%ce%b5%cf%81%ce%bc%ce%bf%ce%ba%ce%ae%cf%80%ce%b9%ce%bf-%cf%83%cf%84%ce%bf-%ce%b5%cf%81%ce%b3%ce%b1%cf%83%cf%84%ce%ae%cf%81%ce%b9%ce%bf\/"},"modified":"2025-12-25T14:07:56","modified_gmt":"2025-12-25T11:07:56","slug":"dr-stem-t%ce%bf-%ce%ad%ce%be%cf%85%cf%80%ce%bd%ce%bf-%ce%b8%ce%b5%cf%81%ce%bc%ce%bf%ce%ba%ce%ae%cf%80%ce%b9%ce%bf-%cf%83%cf%84%ce%bf-%ce%b5%cf%81%ce%b3%ce%b1%cf%83%cf%84%ce%ae%cf%81%ce%b9%ce%bf","status":"publish","type":"product","link":"https:\/\/stem-eshop.gr\/tr\/urun\/dr-stem-t%ce%bf-%ce%ad%ce%be%cf%85%cf%80%ce%bd%ce%bf-%ce%b8%ce%b5%cf%81%ce%bc%ce%bf%ce%ba%ce%ae%cf%80%ce%b9%ce%bf-%cf%83%cf%84%ce%bf-%ce%b5%cf%81%ce%b3%ce%b1%cf%83%cf%84%ce%ae%cf%81%ce%b9%ce%bf\/","title":{"rendered":"Dr STEM \u2013 Beceri Laboratuvar\u0131ndaki Ak\u0131ll\u0131 Sera \u2013 Kitap 1"},"content":{"rendered":"<p class=\"MsoNormal\">\u039f\u03b9 \u03c0\u03c1\u03bf\u03c4\u03b5\u03b9\u03bd\u03cc\u03bc\u03b5\u03bd\u03b5\u03c2 \u03b5\u03ba\u03c0\u03b1\u03b9\u03b4\u03b5\u03c5\u03c4\u03b9\u03ba\u03ad\u03c2 \u03b4\u03c1\u03b1\u03c3\u03c4\u03b7\u03c1\u03b9\u03cc\u03c4\u03b7\u03c4\u03b5\u03c2 \u03c0\u03bf\u03c5 \u03c0\u03b1\u03c1\u03bf\u03c5\u03c3\u03b9\u03ac\u03b6\u03bf\u03bd\u03c4\u03b1\u03b9 \u03c3\u03c4\u03bf 1\u03bf \u03b2\u03b9\u03b2\u03bb\u03af\u03bf \u03c4\u03b7\u03c2 \u03c3\u03b5\u03b9\u03c1\u03ac\u03c2 \u03a4\u03bf \u03ad\u03be\u03c5\u03c0\u03bd\u03bf \u03b8\u03b5\u03c1\u03bc\u03bf\u03ba\u03ae\u03c0\u03b9\u03bf \u03c3\u03c4\u03bf \u0395\u03c1\u03b3\u03b1\u03c3\u03c4\u03ae\u03c1\u03b9\u03bf \u0394\u03b5\u03be\u03b9\u03bf\u03c4\u03ae\u03c4\u03c9\u03bd \u03c5\u03bb\u03bf\u03c0\u03bf\u03b9\u03bf\u03cd\u03bd\u03c4\u03b1\u03b9 \u03bc\u03ad\u03c3\u03c9 \u03c4\u03b7\u03c2 \u03bf\u03bb\u03b9\u03c3\u03c4\u03b9\u03ba\u03ae\u03c2 \u03c0\u03c1\u03bf\u03c3\u03ad\u03b3\u03b3\u03b9\u03c3\u03b7\u03c2 <span lang=\"en-us\" xml:lang=\"en-us\">ST<\/span>(<span lang=\"en-us\" xml:lang=\"en-us\">A<\/span>)<span lang=\"en-us\" xml:lang=\"en-us\">M<\/span> \u03bc\u03b5 \u03c3\u03c4\u03cc\u03c7\u03bf\u03c5\u03c2:<\/p>\n<p class=\"MsoNormal\">\u03c4\u03b7\u03bd \u03ba\u03b1\u03c4\u03ac\u03ba\u03c4\u03b7\u03c3\u03b7 \u03b8\u03b5\u03bc\u03b5\u03bb\u03b9\u03c9\u03b4\u03ce\u03bd \u03b3\u03bd\u03ce\u03c3\u03b5\u03c9\u03bd \u03b3\u03b9\u03b1 \u03c4\u03bf\u03c5\u03c2 \u03c6\u03c5\u03c4\u03b9\u03ba\u03bf\u03cd\u03c2 \u03bf\u03c1\u03b3\u03b1\u03bd\u03b9\u03c3\u03bc\u03bf\u03cd\u03c2,<\/p>\n<p class=\"MsoNormal\">\u03c4\u03b7 \u03c7\u03c1\u03ae\u03c3\u03b7 \u03b1\u03b9\u03c3\u03b8\u03b7\u03c4\u03ae\u03c1\u03c9\u03bd \u03ba\u03b1\u03b9 \u03b5\u03bd\u03b5\u03c1\u03b3\u03bf\u03c0\u03bf\u03b9\u03b7\u03c4\u03ce\u03bd \u03c3\u03c4\u03b7\u03bd \u03ba\u03b1\u03c4\u03b1\u03c3\u03ba\u03b5\u03c5\u03ae \u03b5\u03bd\u03cc\u03c2 \u03ad\u03be\u03c5\u03c0\u03bd\u03bf\u03c5 \u03b8\u03b5\u03c1\u03bc\u03bf\u03ba\u03b7\u03c0\u03af\u03bf\u03c5,<\/p>\n<p class=\"MsoNormal\">\u03c4\u03b7 \u03c7\u03c1\u03ae\u03c3\u03b7 \u03c4\u03b7\u03c2 \u03c5\u03c0\u03bf\u03bb\u03bf\u03b3\u03b9\u03c3\u03c4\u03b9\u03ba\u03ae\u03c2 \u03c0\u03bb\u03b1\u03c4\u03c6\u03cc\u03c1\u03bc\u03b1\u03c2 <span lang=\"en-us\" xml:lang=\"en-us\">micro<\/span>:<span lang=\"en-us\" xml:lang=\"en-us\">bit<\/span>,<\/p>\n<p class=\"MsoNormal\">kod geli\u015ftirme,<\/p>\n<p class=\"MsoNormal\">\u00c7al\u0131\u015fma, tasar\u0131m, geli\u015ftirme ve de\u011ferlendirme s\u00fcre\u00e7lerine a\u015final\u0131k.<\/p>\n<p class=\"MsoNormal\">\n<p class=\"MsoNormal\"><span lang=\"en-us\" xml:lang=\"en-us\"><\/span><span lang=\"en-us\" xml:lang=\"en-us\">The<\/span> k\u0131saltma <span lang=\"en-us\" xml:lang=\"en-us\">ST<\/span>A<span lang=\"en-us\" xml:lang=\"en-us\">M<\/span> (<span lang=\"en-us\" xml:lang=\"en-us\">Bilim<\/span>, <span lang=\"en-us\" xml:lang=\"en-us\">Teknoloji<\/span>, <span lang=\"en-us\" xml:lang=\"en-us\">M\u00fchendislik<\/span>, <span lang=\"en-us\" xml:lang=\"en-us\">Sanatlar<\/span>,\u00a0 <span lang=\"en-us\" xml:lang=\"en-us\">Matematik<\/span> \u2013 Fen, Teknoloji, M\u00fchendislik, Sanat, Matematik) be\u015f disiplin (Fen, Teknoloji, M\u00fchendislik, Sanat ve Matematik) arac\u0131l\u0131\u011f\u0131yla \u00f6\u011frenmeye b\u00fct\u00fcnc\u00fcl bir yakla\u015f\u0131m kavram\u0131n\u0131 tan\u0131mlamak i\u00e7in kullan\u0131l\u0131r.\u00a0 <span lang=\"en-us\" xml:lang=\"en-us\"><\/span><\/p>\n<p class=\"MsoNormal\">Sanat\u0131n \u00e7e\u015fitli bi\u00e7imleri e\u011fitimin \u00f6nemli bir par\u00e7as\u0131 haline geliyor <span lang=\"en-us\" xml:lang=\"en-us\">ST<\/span>A<span lang=\"en-us\" xml:lang=\"en-us\">M<\/span>Hayal g\u00fcc\u00fc ve yarat\u0131c\u0131l\u0131k, inovasyonun ortaya \u00e7\u0131kmas\u0131n\u0131n temelini olu\u015ftururken ayn\u0131 zamanda ele\u015ftirel d\u00fc\u015f\u00fcncenin geli\u015fmesine de katk\u0131da bulunmaktad\u0131r.\u00a0 <span lang=\"en-us\" xml:lang=\"en-us\"><\/span><\/p>\n<p class=\"MsoNormal\">The <span lang=\"en-us\" xml:lang=\"en-us\">ST<\/span>A<span lang=\"en-us\" xml:lang=\"en-us\">M<\/span> \u00c7ocu\u011fun d\u00fcnyay\u0131 ke\u015ffederken zihninin \u00f6\u011frenme bi\u00e7imini \u00e7er\u00e7evelerken, Hesaplamal\u0131 D\u00fc\u015f\u00fcnmenin geli\u015fimine de katk\u0131da bulunur!<\/p>\n<p class=\"MsoNormal\">\u039a\u03b1\u03c4\u03b1\u03bd\u03bf\u03bf\u03cd\u03bc\u03b5 \u03cc\u03bb\u03bf\u03b9 \u03bc\u03b1\u03c2 \u03cc\u03c4\u03b9 \u03c3\u03c0\u03ac\u03bd\u03b9\u03b1 \u03b7 \u03b1\u03bd\u03c4\u03b9\u03bc\u03b5\u03c4\u03ce\u03c0\u03b9\u03c3\u03b7 \u03b5\u03bd\u03cc\u03c2 \u03c0\u03c1\u03bf\u03b2\u03bb\u03ae\u03bc\u03b1\u03c4\u03bf\u03c2 \u03b1\u03c0\u03b1\u03b9\u03c4\u03b5\u03af \u03bc\u03cc\u03bd\u03bf \u03ad\u03bd\u03b1 \u03c3\u03cd\u03bd\u03bf\u03bb\u03bf \u03b3\u03bd\u03ce\u03c3\u03b5\u03c9\u03bd, \u03cc\u03c0\u03c9\u03c2 \u03bc\u03cc\u03bd\u03bf \u03c4\u03b1 \u03bc\u03b1\u03b8\u03b7\u03bc\u03b1\u03c4\u03b9\u03ba\u03ac \u03ae \u03bc\u03cc\u03bd\u03bf\u00a0 \u03c6\u03c5\u03c3\u03b9\u03ba\u03ae \u03ae \u03c7\u03b7\u03bc\u03b5\u03af\u03b1. \u0393\u03b9\u03b1 \u03c0\u03b1\u03c1\u03ac\u03b4\u03b5\u03b9\u03b3\u03bc\u03b1 \u03c6\u03b1\u03bd\u03c4\u03b1\u03c3\u03c4\u03b5\u03af\u03c4\u03b5 \u03ad\u03bd\u03b1\u03bd \u03b1\u03c1\u03c7\u03b9\u03c4\u03ad\u03ba\u03c4\u03bf\u03bd\u03b1 \u03cc\u03c0\u03bf\u03c5 \u03b3\u03b9\u03b1 \u03bd\u03b1 \u03c3\u03c7\u03b5\u03b4\u03b9\u03ac\u03c3\u03b5\u03b9 \u03c0\u03bf\u03bb\u03cd\u03c0\u03bb\u03bf\u03ba\u03b1 \u03ba\u03b1\u03b9 \u03b1\u03c3\u03c6\u03b1\u03bb\u03ae \u03ba\u03c4\u03af\u03c1\u03b9\u03b1 \u03c7\u03c1\u03b7\u03c3\u03b9\u03bc\u03bf\u03c0\u03bf\u03b9\u03b5\u03af \u03c3\u03c5\u03bd\u03b4\u03c5\u03b1\u03c3\u03c4\u03b9\u03ba\u03ac \u03c0\u03bf\u03bb\u03bb\u03ad\u03c2 \u03b5\u03c0\u03b9\u03c3\u03c4\u03ae\u03bc\u03b5\u03c2, \u03cc\u03c0\u03c9\u03c2 \u03c4\u03b5\u03c7\u03bd\u03bf\u03bb\u03bf\u03b3\u03af\u03b1, \u03bc\u03b7\u03c7\u03b1\u03bd\u03b9\u03ba\u03ae, \u03c4\u03ad\u03c7\u03bd\u03b7 \u03ba\u03b1\u03b9 \u03bc\u03b1\u03b8\u03b7\u03bc\u03b1\u03c4\u03b9\u03ba\u03ac!\u00a0 <span lang=\"en-us\" xml:lang=\"en-us\"><\/span><\/p>\n<p class=\"MsoNormal\">Bu nedenle, <span lang=\"en-us\" xml:lang=\"en-us\">BUHAR<\/span> farkl\u0131 bilgi ve bilim alanlar\u0131n\u0131n b\u00fct\u00fcnle\u015ftirilmesi ve dahil edilmesidir.<span lang=\"en-us\" xml:lang=\"en-us\"><\/span><\/p>\n<p class=\"MsoNormal\">E\u011fitimsel yakla\u015f\u0131mla\u00a0 <span lang=\"en-us\" xml:lang=\"en-us\">ST<\/span>A<span lang=\"en-us\" xml:lang=\"en-us\">M<\/span> \u03bf\u03b9 \u03bc\u03b1\u03b8\u03b7\u03c4\u03ad\u03c2 \u03b5\u03c6\u03b1\u03c1\u03bc\u03cc\u03b6\u03bf\u03c5\u03bd \u03c4\u03b9\u03c2 \u03c6\u03c5\u03c3\u03b9\u03ba\u03ad\u03c2 \u03b5\u03c0\u03b9\u03c3\u03c4\u03ae\u03bc\u03b5\u03c2, \u03c4\u03b7\u03bd \u03c4\u03b5\u03c7\u03bd\u03bf\u03bb\u03bf\u03b3\u03af\u03b1, \u03c4\u03b7 \u03bc\u03b7\u03c7\u03b1\u03bd\u03b9\u03ba\u03ae, \u03c4\u03b7\u03bd \u03c4\u03ad\u03c7\u03bd\u03b7 \u03ba\u03b1\u03b9 \u03c4\u03b1 \u03bc\u03b1\u03b8\u03b7\u03bc\u03b1\u03c4\u03b9\u03ba\u03ac, \u03c3\u03c4\u03bf\u03c7\u03b5\u03cd\u03bf\u03bd\u03c4\u03b1\u03c2:\u00a0 \u03b5\u03af\u03c4\u03b5 \u03c3\u03c4\u03b7\u03bd \u03b5\u03be\u03b5\u03cd\u03c1\u03b5\u03c3\u03b7 \u03bb\u03cd\u03c3\u03b7\u03c2 \u03c3\u03b5 \u03ad\u03bd\u03b1 \u03c0\u03c1\u03b1\u03b3\u03bc\u03b1\u03c4\u03b9\u03ba\u03cc \u03c0\u03c1\u03cc\u03b2\u03bb\u03b7\u03bc\u03b1, \u03b5\u03af\u03c4\u03b5 \u03c3\u03c4\u03b7\u03bd \u03ba\u03b1\u03c4\u03b1\u03bd\u03cc\u03b7\u03c3\u03b7 \u03c6\u03c5\u03c3\u03b9\u03ba\u03ce\u03bd \u03c6\u03b1\u03b9\u03bd\u03bf\u03bc\u03ad\u03bd\u03c9\u03bd, \u03b5\u03af\u03c4\u03b5 \u03c3\u03c4\u03b7\u03bd \u03b1\u03bd\u03ac\u03c0\u03c4\u03c5\u03be\u03b7 \u03ba\u03b1\u03c4\u03ac\u03bb\u03bb\u03b7\u03bb\u03c9\u03bd \u03b4\u03b5\u03be\u03b9\u03bf\u03c4\u03ae\u03c4\u03c9\u03bd \u03c0\u03bf\u03c5 \u03b8\u03b1 \u03c4\u03bf\u03c5\u03c2 \u03b2\u03bf\u03b7\u03b8\u03ae\u03c3\u03bf\u03c5\u03bd \u03bd\u03b1 \u03b5\u03af\u03bd\u03b1\u03b9 \u03b1\u03bd\u03c4\u03b1\u03b3\u03c9\u03bd\u03b9\u03c3\u03c4\u03b9\u03ba\u03bf\u03af \u03c3\u03c4\u03b7\u03bd \u03b4\u03b9\u03b1\u03c1\u03ba\u03ce\u03c2 \u03bc\u03b5\u03c4\u03b1\u03b2\u03b1\u03bb\u03bb\u03cc\u03bc\u03b5\u03bd\u03b7 \u03b1\u03b3\u03bf\u03c1\u03ac \u03b5\u03c1\u03b3\u03b1\u03c3\u03af\u03b1\u03c2 \u03c4\u03bf\u03c5 21\u03bf\u03c5 \u03b1\u03b9\u03ce\u03bd\u03b1.<span lang=\"en-us\" xml:lang=\"en-us\"><\/span><\/p>\n<p class=\"MsoNormal\">Bu nedenle <span lang=\"en-us\" xml:lang=\"en-us\">BUHAR<\/span> 21. y\u00fczy\u0131l e\u011fitiminin temeli olarak kabul edilen d\u00f6rt unsuru i\u00e7erir:<span lang=\"en-us\" xml:lang=\"en-us\"><\/span><\/p>\n<p class=\"MsoNormal\">Yarat\u0131c\u0131l\u0131k, Ele\u015ftirel D\u00fc\u015f\u00fcnme, \u0130\u015fbirli\u011fi ve \u0130leti\u015fim<span lang=\"en-us\" xml:lang=\"en-us\"><\/span><\/p>\n<p class=\"MsoNormal\">E\u011fitim <span lang=\"en-us\" xml:lang=\"en-us\">ST<\/span>A<span lang=\"en-us\" xml:lang=\"en-us\">M<\/span> Art\u0131k 30&#039;dan fazla mesle\u011fin bilgi gerektirmesi nedeniyle bu \u00e7ok \u00f6nemlidir <span lang=\"en-us\" xml:lang=\"en-us\">ST<\/span>A<span lang=\"en-us\" xml:lang=\"en-us\">M<\/span> Yak\u0131n gelecekte!<span lang=\"en-us\" xml:lang=\"en-us\"><\/span><\/p>\n<p class=\"MsoNormal\">\n<p class=\"MsoNormal\">Yazarlar: Konstantinos Kalovrektis, Sarantos Psycharis<\/p>\n<p>Boyut: 21 <span lang=\"en-us\" xml:lang=\"en-us\">X<\/span> 29 cm.<\/p>\n<p class=\"MsoNormal\">\u03a3\u03b5\u03bb\u03af\u03b4\u03b5\u03c2: 88<\/p>\n<p class=\"MsoNormal\"><span lang=\"en-us\" xml:lang=\"en-us\">BARKOD<\/span>: 9789605634490<\/p>\n<p class=\"MsoNormal\"><span lang=\"en-us\" xml:lang=\"en-us\">ISBN<\/span>: 978-960-563-449-0<\/p>\n<p class=\"MsoNormal\">Kapak: Yumu\u015fak kapak<\/p>\n<p class=\"MsoNormal\">\u0397\u03bc\u03b5\u03c1. \u03ba\u03c5\u03ba\u03bb\u03bf\u03c6\u03bf\u03c1\u03af\u03b1\u03c2: 19-10-2021<\/p><\/p>","protected":false},"excerpt":{"rendered":"<p class=\"MsoNormal\">Dr STEM e\u011fitim serisi, 21. y\u00fczy\u0131l Ekonomisi ve D\u00f6rd\u00fcnc\u00fc Sanayi Devrimi&#039;nin gerektirdi\u011fi &quot;STE(A)M becerileri&quot;ni edinmelerine yard\u0131mc\u0131 olmak ve \u00f6zellikle Hesaplamal\u0131 D\u00fc\u015f\u00fcnme \u00fczerine odaklanarak Zihinsel Beceriler geli\u015ftirmeyi ama\u00e7layan 8 ya\u015f ve \u00fczeri \u00f6\u011fretmen ve \u00f6\u011frencilere y\u00f6neliktir.<\/p><\/p>","protected":false},"featured_media":5058,"comment_status":"open","ping_status":"closed","template":"","meta":{"site-sidebar-layout":"default","site-content-layout":"","ast-site-content-layout":"default","site-content-style":"default","site-sidebar-style":"default","ast-global-header-display":"","ast-banner-title-visibility":"","ast-main-header-display":"","ast-hfb-above-header-display":"","ast-hfb-below-header-display":"","ast-hfb-mobile-header-display":"","site-post-title":"","ast-breadcrumbs-content":"","ast-featured-img":"","footer-sml-layout":"","ast-disable-related-posts":"","theme-transparent-header-meta":"","adv-header-id-meta":"","stick-header-meta":"","header-above-stick-meta":"","header-main-stick-meta":"","header-below-stick-meta":"","astra-migrate-meta-layouts":"default","ast-page-background-enabled":"default","ast-page-background-meta":{"desktop":{"background-color":"var(--ast-global-color-5)","background-image":"","background-repeat":"repeat","background-position":"center center","background-size":"auto","background-attachment":"scroll","background-type":"","background-media":"","overlay-type":"","overlay-color":"","overlay-opacity":"","overlay-gradient":""},"tablet":{"background-color":"","background-image":"","background-repeat":"repeat","background-position":"center center","background-size":"auto","background-attachment":"scroll","background-type":"","background-media":"","overlay-type":"","overlay-color":"","overlay-opacity":"","overlay-gradient":""},"mobile":{"background-color":"","background-image":"","background-repeat":"repeat","background-position":"center center","background-size":"auto","background-attachment":"scroll","background-type":"","background-media":"","overlay-type":"","overlay-color":"","overlay-opacity":"","overlay-gradient":""}},"ast-content-background-meta":{"desktop":{"background-color":"var(--ast-global-color-4)","background-image":"","background-repeat":"repeat","background-position":"center center","background-size":"auto","background-attachment":"scroll","background-type":"","background-media":"","overlay-type":"","overlay-color":"","overlay-opacity":"","overlay-gradient":""},"tablet":{"background-color":"var(--ast-global-color-4)","background-image":"","background-repeat":"repeat","background-position":"center center","background-size":"auto","background-attachment":"scroll","background-type":"","background-media":"","overlay-type":"","overlay-color":"","overlay-opacity":"","overlay-gradient":""},"mobile":{"background-color":"var(--ast-global-color-4)","background-image":"","background-repeat":"repeat","background-position":"center center","background-size":"auto","background-attachment":"scroll","background-type":"","background-media":"","overlay-type":"","overlay-color":"","overlay-opacity":"","overlay-gradient":""}}},"product_brand":[111],"product_cat":[25],"product_tag":[],"class_list":{"0":"post-6878","1":"product","2":"type-product","3":"status-publish","4":"has-post-thumbnail","6":"product_brand-ellinoekdotiki","7":"product_cat--steam","8":"desktop-align-left","9":"tablet-align-left","10":"mobile-align-left","12":"first","13":"instock","14":"taxable","15":"shipping-taxable","16":"purchasable","17":"product-type-simple"},"_links":{"self":[{"href":"https:\/\/stem-eshop.gr\/tr\/wp-json\/wp\/v2\/product\/6878","targetHints":{"allow":["GET"]}}],"collection":[{"href":"https:\/\/stem-eshop.gr\/tr\/wp-json\/wp\/v2\/product"}],"about":[{"href":"https:\/\/stem-eshop.gr\/tr\/wp-json\/wp\/v2\/types\/product"}],"replies":[{"embeddable":true,"href":"https:\/\/stem-eshop.gr\/tr\/wp-json\/wp\/v2\/comments?post=6878"}],"wp:featuredmedia":[{"embeddable":true,"href":"https:\/\/stem-eshop.gr\/tr\/wp-json\/wp\/v2\/media\/5058"}],"wp:attachment":[{"href":"https:\/\/stem-eshop.gr\/tr\/wp-json\/wp\/v2\/media?parent=6878"}],"wp:term":[{"taxonomy":"product_brand","embeddable":true,"href":"https:\/\/stem-eshop.gr\/tr\/wp-json\/wp\/v2\/product_brand?post=6878"},{"taxonomy":"product_cat","embeddable":true,"href":"https:\/\/stem-eshop.gr\/tr\/wp-json\/wp\/v2\/product_cat?post=6878"},{"taxonomy":"product_tag","embeddable":true,"href":"https:\/\/stem-eshop.gr\/tr\/wp-json\/wp\/v2\/product_tag?post=6878"}],"curies":[{"name":"wp","href":"https:\/\/api.w.org\/{rel}","templated":true}]}}