{"id":6877,"date":"2025-05-19T08:54:50","date_gmt":"2025-05-19T08:54:50","guid":{"rendered":"https:\/\/stem-eshop.gr\/product\/%ce%b5%ce%bd%cf%83%cf%89%ce%bc%ce%b1%cf%84%cf%89%ce%bc%ce%ad%ce%bd%ce%b1-%cf%83%cf%85%cf%83%cf%84%ce%ae%ce%bc%ce%b1%cf%84%ce%b1-%ce%bf%ce%b9-%ce%bc%ce%b9%ce%ba%cf%81%ce%bf%ce%b5%ce%bb%ce%b5\/"},"modified":"2025-05-22T21:13:36","modified_gmt":"2025-05-22T18:13:36","slug":"%ce%b5%ce%bd%cf%83%cf%89%ce%bc%ce%b1%cf%84%cf%89%ce%bc%ce%ad%ce%bd%ce%b1-%cf%83%cf%85%cf%83%cf%84%ce%ae%ce%bc%ce%b1%cf%84%ce%b1-%ce%bf%ce%b9-%ce%bc%ce%b9%ce%ba%cf%81%ce%bf%ce%b5%ce%bb%ce%b5","status":"publish","type":"product","link":"https:\/\/stem-eshop.gr\/tr\/urun\/%ce%b5%ce%bd%cf%83%cf%89%ce%bc%ce%b1%cf%84%cf%89%ce%bc%ce%ad%ce%bd%ce%b1-%cf%83%cf%85%cf%83%cf%84%ce%ae%ce%bc%ce%b1%cf%84%ce%b1-%ce%bf%ce%b9-%ce%bc%ce%b9%ce%ba%cf%81%ce%bf%ce%b5%ce%bb%ce%b5\/","title":{"rendered":"G\u00f6m\u00fcl\u00fc Sistemler \u2013 AVR ve ARDUINO Mikrodenetleyiciler (3. Bask\u0131)"},"content":{"rendered":"<p class=\"MsoNormal\">Bu kitap, g\u00f6m\u00fcl\u00fc sistemlerin yap\u0131m\u0131nda kullan\u0131lan elektronik aksam\u0131n yan\u0131 s\u0131ra \u00e7e\u015fitli sens\u00f6r ve akt\u00fcat\u00f6rleri de sunmaktad\u0131r. ATmega8515 mikrodenetleyici ve Arduino ayr\u0131nt\u0131l\u0131 olarak tan\u0131t\u0131lmakta ve \u00e7ok say\u0131da programlama ve uygulama \u00f6rne\u011fiyle birlikte sunulmaktad\u0131r.<\/p>\n<\/p>\n<p class=\"MsoNormal\">\u00a0<\/p>\n<\/p>\n<p class=\"MsoNormal\">Kitapta ayr\u0131ca \u00f6\u011fretmenin s\u0131n\u0131ftaki sunumu i\u00e7in 630 sayfal\u0131k Power Point ve yazar\u0131n \u00f6\u011frenci ve m\u00fchendis i\u00e7in haz\u0131rlad\u0131\u011f\u0131 24 saatlik video \u00f6\u011fretim sunumlar\u0131 da yer al\u0131yor.<\/p>\n<\/p>\n<p class=\"MsoNormal\">\u00a0<\/p>\n<\/p>\n<p class=\"MsoNormal\">Kitab\u0131n destekleyici materyalini video derslerle birlikte bulabilirsiniz<\/p>\n<\/p>\n<p class=\"MsoNormal\">Bunlar\u0131 https:\/\/www.youtube.com\/user\/dimpogaridis\/playlists sayfas\u0131nda bulabilirsiniz<\/p>\n<\/p>\n<p class=\"MsoNormal\">\n<p>\u00a0<\/p>\n<p class=\"MsoNormal\">Yazarlar: Pogaridis Dimitrios<\/p>\n<\/p>\n<p class=\"MsoNormal\">Sayfalar: 696<\/p>\n<\/p>\n<p class=\"MsoNormal\">ISBN: 9786185242800<\/p>\n<\/p>\n<p class=\"MsoNormal\">Yay\u0131n Y\u0131l\u0131: 2020<\/p>\n<\/p>\n<p class=\"MsoNormal\">Boyutlar: 17\u00d724 cm<\/p>\n<\/p>\n<p class=\"MsoNormal\">Kitap \u0130\u00e7i: Renkli<\/p>\n<\/p>\n<p class=\"MsoNormal\">Dil: Yunanca<\/p>\n<\/p>\n<p class=\"MsoNormal\">Eudoxus Kanunu<span lang=\"en-us\" xml:lang=\"en-us\">:\u00a0<\/span>94689582<\/p><\/p>","protected":false},"excerpt":{"rendered":"<p class=\"MsoNormal\">G\u00f6m\u00fcl\u00fc sistemler, modern g\u00fcnl\u00fck ya\u015fam\u0131n bir par\u00e7as\u0131 haline gelmi\u015ftir. Yap\u0131sal olarak basit ve maliyet a\u00e7\u0131s\u0131ndan uygun olmalar\u0131 i\u00e7in, mikrodenetleyicilere dayal\u0131 ba\u011f\u0131ms\u0131z sistemler olarak in\u015fa edilirler.<\/p><\/p>","protected":false},"featured_media":5054,"comment_status":"open","ping_status":"closed","template":"","meta":{"site-sidebar-layout":"default","site-content-layout":"","ast-site-content-layout":"default","site-content-style":"default","site-sidebar-style":"default","ast-global-header-display":"","ast-banner-title-visibility":"","ast-main-header-display":"","ast-hfb-above-header-display":"","ast-hfb-below-header-display":"","ast-hfb-mobile-header-display":"","site-post-title":"","ast-breadcrumbs-content":"","ast-featured-img":"","footer-sml-layout":"","ast-disable-related-posts":"","theme-transparent-header-meta":"","adv-header-id-meta":"","stick-header-meta":"","header-above-stick-meta":"","header-main-stick-meta":"","header-below-stick-meta":"","astra-migrate-meta-layouts":"default","ast-page-background-enabled":"default","ast-page-background-meta":{"desktop":{"background-color":"var(--ast-global-color-5)","background-image":"","background-repeat":"repeat","background-position":"center center","background-size":"auto","background-attachment":"scroll","background-type":"","background-media":"","overlay-type":"","overlay-color":"","overlay-opacity":"","overlay-gradient":""},"tablet":{"background-color":"","background-image":"","background-repeat":"repeat","background-position":"center center","background-size":"auto","background-attachment":"scroll","background-type":"","background-media":"","overlay-type":"","overlay-color":"","overlay-opacity":"","overlay-gradient":""},"mobile":{"background-color":"","background-image":"","background-repeat":"repeat","background-position":"center center","background-size":"auto","background-attachment":"scroll","background-type":"","background-media":"","overlay-type":"","overlay-color":"","overlay-opacity":"","overlay-gradient":""}},"ast-content-background-meta":{"desktop":{"background-color":"var(--ast-global-color-4)","background-image":"","background-repeat":"repeat","background-position":"center center","background-size":"auto","background-attachment":"scroll","background-type":"","background-media":"","overlay-type":"","overlay-color":"","overlay-opacity":"","overlay-gradient":""},"tablet":{"background-color":"var(--ast-global-color-4)","background-image":"","background-repeat":"repeat","background-position":"center center","background-size":"auto","background-attachment":"scroll","background-type":"","background-media":"","overlay-type":"","overlay-color":"","overlay-opacity":"","overlay-gradient":""},"mobile":{"background-color":"var(--ast-global-color-4)","background-image":"","background-repeat":"repeat","background-position":"center center","background-size":"auto","background-attachment":"scroll","background-type":"","background-media":"","overlay-type":"","overlay-color":"","overlay-opacity":"","overlay-gradient":""}}},"product_brand":[108],"product_cat":[25],"product_tag":[],"class_list":{"0":"post-6877","1":"product","2":"type-product","3":"status-publish","4":"has-post-thumbnail","6":"product_brand-disigma","7":"product_cat--steam","8":"desktop-align-left","9":"tablet-align-left","10":"mobile-align-left","12":"first","13":"instock","14":"taxable","15":"shipping-taxable","16":"purchasable","17":"product-type-simple"},"_links":{"self":[{"href":"https:\/\/stem-eshop.gr\/tr\/wp-json\/wp\/v2\/product\/6877","targetHints":{"allow":["GET"]}}],"collection":[{"href":"https:\/\/stem-eshop.gr\/tr\/wp-json\/wp\/v2\/product"}],"about":[{"href":"https:\/\/stem-eshop.gr\/tr\/wp-json\/wp\/v2\/types\/product"}],"replies":[{"embeddable":true,"href":"https:\/\/stem-eshop.gr\/tr\/wp-json\/wp\/v2\/comments?post=6877"}],"wp:featuredmedia":[{"embeddable":true,"href":"https:\/\/stem-eshop.gr\/tr\/wp-json\/wp\/v2\/media\/5054"}],"wp:attachment":[{"href":"https:\/\/stem-eshop.gr\/tr\/wp-json\/wp\/v2\/media?parent=6877"}],"wp:term":[{"taxonomy":"product_brand","embeddable":true,"href":"https:\/\/stem-eshop.gr\/tr\/wp-json\/wp\/v2\/product_brand?post=6877"},{"taxonomy":"product_cat","embeddable":true,"href":"https:\/\/stem-eshop.gr\/tr\/wp-json\/wp\/v2\/product_cat?post=6877"},{"taxonomy":"product_tag","embeddable":true,"href":"https:\/\/stem-eshop.gr\/tr\/wp-json\/wp\/v2\/product_tag?post=6877"}],"curies":[{"name":"wp","href":"https:\/\/api.w.org\/{rel}","templated":true}]}}