{"id":6876,"date":"2025-05-19T08:54:49","date_gmt":"2025-05-19T08:54:49","guid":{"rendered":"https:\/\/stem-eshop.gr\/product\/%ce%b5%ce%ba%cf%80%ce%b1%ce%b9%ce%b4%ce%b5%cf%85%cf%84%ce%b9%ce%ba%ce%ae-%cf%81%ce%bf%ce%bc%cf%80%ce%bf%cf%84%ce%b9%ce%ba%ce%ae-%ce%bc%ce%b5-%cf%84%ce%b7-%cf%87%cf%81%ce%ae%cf%83%ce%b7-%cf%84%ce%bf\/"},"modified":"2025-10-23T12:49:15","modified_gmt":"2025-10-23T09:49:15","slug":"%ce%b5%ce%ba%cf%80%ce%b1%ce%b9%ce%b4%ce%b5%cf%85%cf%84%ce%b9%ce%ba%ce%ae-%cf%81%ce%bf%ce%bc%cf%80%ce%bf%cf%84%ce%b9%ce%ba%ce%ae-%ce%bc%ce%b5-%cf%84%ce%b7-%cf%87%cf%81%ce%ae%cf%83%ce%b7-%cf%84%ce%bf","status":"publish","type":"product","link":"https:\/\/stem-eshop.gr\/tr\/urun\/%ce%b5%ce%ba%cf%80%ce%b1%ce%b9%ce%b4%ce%b5%cf%85%cf%84%ce%b9%ce%ba%ce%ae-%cf%81%ce%bf%ce%bc%cf%80%ce%bf%cf%84%ce%b9%ce%ba%ce%ae-%ce%bc%ce%b5-%cf%84%ce%b7-%cf%87%cf%81%ce%ae%cf%83%ce%b7-%cf%84%ce%bf\/","title":{"rendered":"BBC Micro:bit Mikrodenetleyicisini Kullanan E\u011fitim Roboti\u011fi"},"content":{"rendered":"<p class=\"MsoNormal\">Bu kitap, BBC Micro:bit mikrodenetleyicisine nas\u0131l ba\u011flanaca\u011f\u0131n\u0131 ve Blocks kodu, JavaScript ve (Mikro) Python kullan\u0131larak nas\u0131l programlanaca\u011f\u0131n\u0131 g\u00f6steren kapsaml\u0131 bir rehberdir. Kitap, yeni ba\u015flayanlar i\u00e7in e\u011fitim senaryolar\u0131 gibi basit uygulamalarla ba\u015flar ve giderek uygulamalar\u0131n zorluk seviyesi artarak uzaktan kumanda ve harici ekranlarda mesaj g\u00f6r\u00fcnt\u00fcleme gibi daha karma\u015f\u0131k uygulamalara d\u00f6n\u00fc\u015f\u00fcr. T\u00fcm uygulamalar, okuyucudan elektrik devreleri ve programlama bilgisi gerektirmeden ad\u0131m ad\u0131m sunulur. Her tematik b\u00f6l\u00fcm, uygulamalar\u0131n geli\u015ftirilmesi i\u00e7in gerekli t\u00fcm bilgileri ve okuyucunun her bir etkinli\u011fi ba\u015far\u0131yla tamamlamas\u0131 i\u00e7in takip edebilece\u011fi ayr\u0131nt\u0131l\u0131 diyagramlar ve g\u00f6rselleri listeler.<\/p>\n<p class=\"MsoNormal\">\n<p class=\"MsoNormal\">Kitab\u0131n hitap etti\u011fi ki\u015filer:<\/p>\n<p class=\"MsoNormal\">a) BBC Micro:bit&#039;e kat\u0131lmak isteyen yeni ba\u015flayanlar ve ileri d\u00fczey mikrodenetleyici programc\u0131lar\u0131 i\u00e7in,<\/p>\n<p class=\"MsoNormal\">b) \u0130lk\u00f6\u011fretim ve orta\u00f6\u011fretim \u00f6\u011fretmenlerine,<\/p>\n<p class=\"MsoNormal\">c) Programlama, elektrik devreleri ve elektronik konular\u0131nda deneyimi olmasa bile e\u011fitimsel robotik ve STEM konular\u0131nda \u00e7al\u0131\u015fan \u00f6\u011frencilere,<\/p>\n<p class=\"MsoNormal\">d) BBC Micro:bit ile kendi uygulamalar\u0131n\u0131 tasarlayarak etkile\u015fimde bulunmak isteyen lisans\u00fcst\u00fc \u00f6\u011frenciler ve ara\u015ft\u0131rmac\u0131lar i\u00e7in - e\u011fitim senaryolar\u0131.<\/p>\n<p class=\"MsoNormal\">\n<p class=\"MsoNormal\">Son olarak kitapta BBC Micro:bit&#039;in hem ilk versiyonu hem de 2020 y\u0131l\u0131nda yay\u0131nlanan BBC Micro:bit&#039;in ikinci versiyonu ele al\u0131n\u0131yor.<\/p>\n<p class=\"MsoNormal\">\u03a3\u03c5\u03b3\u03b3\u03c1\u03b1\u03c6\u03b5\u03af\u03c2: \u039a\u03b1\u03c1\u03b2\u03bf\u03c5\u03bd\u03b9\u03ac\u03c1\u03b7\u03c2 \u0392\u03b1\u03c3\u03af\u03bb\u03b5\u03b9\u03bf\u03c2, \u039b\u03b1\u03b6\u03b1\u03c1\u03af\u03bd\u03b7\u03c2 \u03a6\u03ce\u03c4\u03b9\u03bf\u03c2<\/p>\n<p class=\"MsoNormal\">A\u011f\u0131rl\u0131k: 0,848 kg.<\/p>\n<p class=\"MsoNormal\">Sayfalar: 320<\/p>\n<p class=\"MsoNormal\">ISBN: 9786182020821<\/p>\n<p class=\"MsoNormal\">Yay\u0131n Y\u0131l\u0131: 2021<\/p>\n<p class=\"MsoNormal\">Boyutlar: 21\u00d729 cm<\/p>\n<p class=\"MsoNormal\">Kitap \u0130\u00e7i: Renkli<\/p>\n<p class=\"MsoNormal\">Dil: Yunanca<\/p>","protected":false},"excerpt":{"rendered":"<p class=\"MsoNormal\">BBC Micro:bit Mikrodenetleyici, STEM dersleri ve E\u011fitim Robotik uygulamalar\u0131 i\u00e7in \u00f6zel olarak tasarlanm\u0131\u015f uygun fiyatl\u0131 bir mikrodenetleyicidir. Teknik \u00f6zellikleri, k\u00fc\u00e7\u00fck boyutu ve entegre sens\u00f6rleri sayesinde, her d\u00fczeydeki e\u011fitim s\u00fcrecinde kullan\u0131m i\u00e7in cazip bir \u00e7\u00f6z\u00fcmd\u00fcr.<\/p>","protected":false},"featured_media":5050,"comment_status":"open","ping_status":"closed","template":"","meta":{"site-sidebar-layout":"default","site-content-layout":"","ast-site-content-layout":"default","site-content-style":"default","site-sidebar-style":"default","ast-global-header-display":"","ast-banner-title-visibility":"","ast-main-header-display":"","ast-hfb-above-header-display":"","ast-hfb-below-header-display":"","ast-hfb-mobile-header-display":"","site-post-title":"","ast-breadcrumbs-content":"","ast-featured-img":"","footer-sml-layout":"","ast-disable-related-posts":"","theme-transparent-header-meta":"default","adv-header-id-meta":"","stick-header-meta":"","header-above-stick-meta":"","header-main-stick-meta":"","header-below-stick-meta":"","astra-migrate-meta-layouts":"set","ast-page-background-enabled":"default","ast-page-background-meta":{"desktop":{"background-color":"var(--ast-global-color-5)","background-image":"","background-repeat":"repeat","background-position":"center center","background-size":"auto","background-attachment":"scroll","background-type":"","background-media":"","overlay-type":"","overlay-color":"","overlay-opacity":"","overlay-gradient":""},"tablet":{"background-color":"","background-image":"","background-repeat":"repeat","background-position":"center center","background-size":"auto","background-attachment":"scroll","background-type":"","background-media":"","overlay-type":"","overlay-color":"","overlay-opacity":"","overlay-gradient":""},"mobile":{"background-color":"","background-image":"","background-repeat":"repeat","background-position":"center center","background-size":"auto","background-attachment":"scroll","background-type":"","background-media":"","overlay-type":"","overlay-color":"","overlay-opacity":"","overlay-gradient":""}},"ast-content-background-meta":{"desktop":{"background-color":"var(--ast-global-color-4)","background-image":"","background-repeat":"repeat","background-position":"center center","background-size":"auto","background-attachment":"scroll","background-type":"","background-media":"","overlay-type":"","overlay-color":"","overlay-opacity":"","overlay-gradient":""},"tablet":{"background-color":"var(--ast-global-color-4)","background-image":"","background-repeat":"repeat","background-position":"center center","background-size":"auto","background-attachment":"scroll","background-type":"","background-media":"","overlay-type":"","overlay-color":"","overlay-opacity":"","overlay-gradient":""},"mobile":{"background-color":"var(--ast-global-color-4)","background-image":"","background-repeat":"repeat","background-position":"center center","background-size":"auto","background-attachment":"scroll","background-type":"","background-media":"","overlay-type":"","overlay-color":"","overlay-opacity":"","overlay-gradient":""}}},"product_brand":[108],"product_cat":[25],"product_tag":[],"class_list":{"0":"post-6876","1":"product","2":"type-product","3":"status-publish","4":"has-post-thumbnail","6":"product_brand-disigma","7":"product_cat--steam","8":"desktop-align-left","9":"tablet-align-left","10":"mobile-align-left","12":"first","13":"instock","14":"taxable","15":"shipping-taxable","16":"purchasable","17":"product-type-simple"},"_links":{"self":[{"href":"https:\/\/stem-eshop.gr\/tr\/wp-json\/wp\/v2\/product\/6876","targetHints":{"allow":["GET"]}}],"collection":[{"href":"https:\/\/stem-eshop.gr\/tr\/wp-json\/wp\/v2\/product"}],"about":[{"href":"https:\/\/stem-eshop.gr\/tr\/wp-json\/wp\/v2\/types\/product"}],"replies":[{"embeddable":true,"href":"https:\/\/stem-eshop.gr\/tr\/wp-json\/wp\/v2\/comments?post=6876"}],"wp:featuredmedia":[{"embeddable":true,"href":"https:\/\/stem-eshop.gr\/tr\/wp-json\/wp\/v2\/media\/5050"}],"wp:attachment":[{"href":"https:\/\/stem-eshop.gr\/tr\/wp-json\/wp\/v2\/media?parent=6876"}],"wp:term":[{"taxonomy":"product_brand","embeddable":true,"href":"https:\/\/stem-eshop.gr\/tr\/wp-json\/wp\/v2\/product_brand?post=6876"},{"taxonomy":"product_cat","embeddable":true,"href":"https:\/\/stem-eshop.gr\/tr\/wp-json\/wp\/v2\/product_cat?post=6876"},{"taxonomy":"product_tag","embeddable":true,"href":"https:\/\/stem-eshop.gr\/tr\/wp-json\/wp\/v2\/product_tag?post=6876"}],"curies":[{"name":"wp","href":"https:\/\/api.w.org\/{rel}","templated":true}]}}