{"id":6874,"date":"2025-05-19T08:54:49","date_gmt":"2025-05-19T08:54:49","guid":{"rendered":"https:\/\/stem-eshop.gr\/product\/%ce%b5%ce%ba%cf%80%ce%b1%ce%b9%ce%b4%ce%b5%cf%85%cf%84%ce%b9%ce%ba%ce%ae-%cf%81%ce%bf%ce%bc%cf%80%ce%bf%cf%84%ce%b9%ce%ba%ce%ae-%ce%bc%ce%b5-spike-prime-%cf%84%cf%8c%ce%bc%ce%bf%cf%82-2\/"},"modified":"2025-10-23T13:09:34","modified_gmt":"2025-10-23T10:09:34","slug":"%ce%b5%ce%ba%cf%80%ce%b1%ce%b9%ce%b4%ce%b5%cf%85%cf%84%ce%b9%ce%ba%ce%ae-%cf%81%ce%bf%ce%bc%cf%80%ce%bf%cf%84%ce%b9%ce%ba%ce%ae-%ce%bc%ce%b5-spike-prime-%cf%84%cf%8c%ce%bc%ce%bf%cf%82-2","status":"publish","type":"product","link":"https:\/\/stem-eshop.gr\/tr\/urun\/%ce%b5%ce%ba%cf%80%ce%b1%ce%b9%ce%b4%ce%b5%cf%85%cf%84%ce%b9%ce%ba%ce%ae-%cf%81%ce%bf%ce%bc%cf%80%ce%bf%cf%84%ce%b9%ce%ba%ce%ae-%ce%bc%ce%b5-spike-prime-%cf%84%cf%8c%ce%bc%ce%bf%cf%82-2\/","title":{"rendered":"Spike Prime ile E\u011fitim Roboti\u011fi (Cilt 2)"},"content":{"rendered":"<p class=\"MsoNormal\">Dizi, serinin ilk b\u00f6l\u00fcm\u00fcnden itibaren gerekli temel programlama bilgisini edinmi\u015f olan hem \u00f6\u011frencilere hem de yeti\u015fkinlere y\u00f6neliktir.<\/p>\n<p class=\"MsoNormal\">Bu kitab\u0131 edinen \u00f6\u011fretmenler, \u00f6\u011frencilerin s\u0131n\u0131fta uygulayabilecekleri etkinliklerin detayl\u0131 bir rehberine sahip olacaklar.<\/p>\n<p class=\"MsoNormal\">Her b\u00f6l\u00fcmde, Yunanistan ve yurt d\u0131\u015f\u0131nda d\u00fczenlenen resmi e\u011fitim robotik yar\u0131\u015fmalar\u0131nda kullan\u0131lan ileri d\u00fczey programlama kodlar\u0131 ad\u0131m ad\u0131m ayr\u0131nt\u0131l\u0131 olarak a\u00e7\u0131klan\u0131yor.<\/p>\n<p class=\"MsoNormal\">Ayr\u0131ca \u00f6\u011frencilerin e\u011fitimsel ilerlemelerinin izlenebilmesi i\u00e7in \u00e7\u00f6z\u00fcmlenmemi\u015f etkinlik \u00f6nerileri ve de\u011ferlendirme formlar\u0131 da sunulmaktad\u0131r.<\/p>\n<p class=\"MsoNormal\">Spike Prime d\u00fcnyas\u0131na b\u00fcy\u00fcl\u00fc yolculuk devam ediyor...<\/p>\n<p class=\"MsoNormal\">\n<p class=\"MsoNormal\">Yazarlar: Argyris Koureas, Konstantinos Natsikas, Alkiviadis Tsimiris<\/p>\n<p class=\"MsoNormal\">A\u011f\u0131rl\u0131k: 0,252 kg.<\/p>\n<p class=\"MsoNormal\">Sayfalar: 120<\/p>\n<p class=\"MsoNormal\">ISBN: 9786182021057<\/p>\n<p class=\"MsoNormal\">Yay\u0131n Y\u0131l\u0131: 2022<\/p>\n<p class=\"MsoNormal\">Boyutlar: 17\u00d724 cm<\/p>\n<p class=\"MsoNormal\">Kitap \u0130\u00e7i: Renkli<\/p>\n<p class=\"MsoNormal\">Dil: Yunanca<\/p>","protected":false},"excerpt":{"rendered":"<p class=\"MsoNormal\">Lego Education&#039;\u0131n yeni e\u011fitim paketi Spike Prime&#039;dan esinlenerek haz\u0131rlanan bu kitap, e\u011fitim roboti\u011fi (STEM) alan\u0131ndaki yeni kitap serisinin ikinci b\u00f6l\u00fcm\u00fcd\u00fcr.<\/p>","protected":false},"featured_media":5044,"comment_status":"open","ping_status":"closed","template":"","meta":{"site-sidebar-layout":"default","site-content-layout":"","ast-site-content-layout":"default","site-content-style":"default","site-sidebar-style":"default","ast-global-header-display":"","ast-banner-title-visibility":"","ast-main-header-display":"","ast-hfb-above-header-display":"","ast-hfb-below-header-display":"","ast-hfb-mobile-header-display":"","site-post-title":"","ast-breadcrumbs-content":"","ast-featured-img":"","footer-sml-layout":"","ast-disable-related-posts":"","theme-transparent-header-meta":"default","adv-header-id-meta":"","stick-header-meta":"","header-above-stick-meta":"","header-main-stick-meta":"","header-below-stick-meta":"","astra-migrate-meta-layouts":"set","ast-page-background-enabled":"default","ast-page-background-meta":{"desktop":{"background-color":"var(--ast-global-color-5)","background-image":"","background-repeat":"repeat","background-position":"center center","background-size":"auto","background-attachment":"scroll","background-type":"","background-media":"","overlay-type":"","overlay-color":"","overlay-opacity":"","overlay-gradient":""},"tablet":{"background-color":"","background-image":"","background-repeat":"repeat","background-position":"center center","background-size":"auto","background-attachment":"scroll","background-type":"","background-media":"","overlay-type":"","overlay-color":"","overlay-opacity":"","overlay-gradient":""},"mobile":{"background-color":"","background-image":"","background-repeat":"repeat","background-position":"center center","background-size":"auto","background-attachment":"scroll","background-type":"","background-media":"","overlay-type":"","overlay-color":"","overlay-opacity":"","overlay-gradient":""}},"ast-content-background-meta":{"desktop":{"background-color":"var(--ast-global-color-4)","background-image":"","background-repeat":"repeat","background-position":"center center","background-size":"auto","background-attachment":"scroll","background-type":"","background-media":"","overlay-type":"","overlay-color":"","overlay-opacity":"","overlay-gradient":""},"tablet":{"background-color":"var(--ast-global-color-4)","background-image":"","background-repeat":"repeat","background-position":"center center","background-size":"auto","background-attachment":"scroll","background-type":"","background-media":"","overlay-type":"","overlay-color":"","overlay-opacity":"","overlay-gradient":""},"mobile":{"background-color":"var(--ast-global-color-4)","background-image":"","background-repeat":"repeat","background-position":"center center","background-size":"auto","background-attachment":"scroll","background-type":"","background-media":"","overlay-type":"","overlay-color":"","overlay-opacity":"","overlay-gradient":""}}},"product_brand":[108],"product_cat":[25],"product_tag":[],"class_list":{"0":"post-6874","1":"product","2":"type-product","3":"status-publish","4":"has-post-thumbnail","6":"product_brand-disigma","7":"product_cat--steam","8":"desktop-align-left","9":"tablet-align-left","10":"mobile-align-left","12":"first","13":"instock","14":"taxable","15":"shipping-taxable","16":"purchasable","17":"product-type-simple"},"_links":{"self":[{"href":"https:\/\/stem-eshop.gr\/tr\/wp-json\/wp\/v2\/product\/6874","targetHints":{"allow":["GET"]}}],"collection":[{"href":"https:\/\/stem-eshop.gr\/tr\/wp-json\/wp\/v2\/product"}],"about":[{"href":"https:\/\/stem-eshop.gr\/tr\/wp-json\/wp\/v2\/types\/product"}],"replies":[{"embeddable":true,"href":"https:\/\/stem-eshop.gr\/tr\/wp-json\/wp\/v2\/comments?post=6874"}],"wp:featuredmedia":[{"embeddable":true,"href":"https:\/\/stem-eshop.gr\/tr\/wp-json\/wp\/v2\/media\/5044"}],"wp:attachment":[{"href":"https:\/\/stem-eshop.gr\/tr\/wp-json\/wp\/v2\/media?parent=6874"}],"wp:term":[{"taxonomy":"product_brand","embeddable":true,"href":"https:\/\/stem-eshop.gr\/tr\/wp-json\/wp\/v2\/product_brand?post=6874"},{"taxonomy":"product_cat","embeddable":true,"href":"https:\/\/stem-eshop.gr\/tr\/wp-json\/wp\/v2\/product_cat?post=6874"},{"taxonomy":"product_tag","embeddable":true,"href":"https:\/\/stem-eshop.gr\/tr\/wp-json\/wp\/v2\/product_tag?post=6874"}],"curies":[{"name":"wp","href":"https:\/\/api.w.org\/{rel}","templated":true}]}}