{"id":6867,"date":"2025-05-19T08:54:46","date_gmt":"2025-05-19T08:54:46","guid":{"rendered":"https:\/\/stem-eshop.gr\/product\/%ce%bc%ce%b9%ce%ba%cf%81%ce%ae-%ce%b2%ce%b9%ce%b2%ce%bb%ce%b9%ce%bf%ce%b8%ce%ae%ce%ba%ce%b7-%ce%b3%ce%b9%ce%b1-%ce%bd%ce%b5%ce%b1%cf%81%ce%ac-%ce%b1%ce%bd%ce%ae%cf%83%cf%85%cf%87%ce%b1-%cf%80%ce%bd\/"},"modified":"2025-05-22T21:13:35","modified_gmt":"2025-05-22T18:13:35","slug":"%ce%bc%ce%b9%ce%ba%cf%81%ce%ae-%ce%b2%ce%b9%ce%b2%ce%bb%ce%b9%ce%bf%ce%b8%ce%ae%ce%ba%ce%b7-%ce%b3%ce%b9%ce%b1-%ce%bd%ce%b5%ce%b1%cf%81%ce%ac-%ce%b1%ce%bd%ce%ae%cf%83%cf%85%cf%87%ce%b1-%cf%80%ce%bd","status":"publish","type":"product","link":"https:\/\/stem-eshop.gr\/tr\/urun\/%ce%bc%ce%b9%ce%ba%cf%81%ce%ae-%ce%b2%ce%b9%ce%b2%ce%bb%ce%b9%ce%bf%ce%b8%ce%ae%ce%ba%ce%b7-%ce%b3%ce%b9%ce%b1-%ce%bd%ce%b5%ce%b1%cf%81%ce%ac-%ce%b1%ce%bd%ce%ae%cf%83%cf%85%cf%87%ce%b1-%cf%80%ce%bd\/","title":{"rendered":"Gen\u00e7 ve Huzursuz Ruhlar \u0130\u00e7in K\u00fc\u00e7\u00fck K\u00fct\u00fcphane 3: Robotlar, Aletler ve Yapay Zeka... ve D\u00fcnyam\u0131z\u0131 Nas\u0131l D\u00f6n\u00fc\u015ft\u00fcr\u00fcyorlar?"},"content":{"rendered":"<p><span style=\"color:#222222;font-family:Commissioner, sans-serif;font-size:16px;background-color:#ffffff\">Yapay zekan\u0131n ne oldu\u011funu hi\u00e7 merak ettiniz mi? Robotlar\u0131n nas\u0131l \u00e7al\u0131\u015ft\u0131\u011f\u0131n\u0131 \u00f6\u011frenmek ister misiniz? Bu kitap size bilmeniz gereken her \u015feyi \u00f6\u011fretecek!<\/span><br style=\"margin:0px;padding:0px;font-family:Commissioner, sans-serif;line-height:normal;color:#222222;font-size:16px;background-color:#ffffff\" \/><span style=\"color:#222222;font-family:Commissioner, sans-serif;font-size:16px;background-color:#ffffff\">Yapay zekan\u0131n s\u0131rlar\u0131n\u0131 ve ge\u00e7mi\u015f ve gelece\u011fin robotlar\u0131 hakk\u0131nda bilgileri sizlere aktaracak.<\/span><br style=\"margin:0px;padding:0px;font-family:Commissioner, sans-serif;line-height:normal;color:#222222;font-size:16px;background-color:#ffffff\" \/><span style=\"color:#222222;font-family:Commissioner, sans-serif;font-size:16px;background-color:#ffffff\">Bir bilim insan\u0131 gibi konu\u015fabilmeniz i\u00e7in gereken ger\u00e7ekleri, rakamlar\u0131 ve terminolojiyi size sunacakt\u0131r.<\/span><br style=\"margin:0px;padding:0px;font-family:Commissioner, sans-serif;line-height:normal;color:#222222;font-size:16px;background-color:#ffffff\" \/><span style=\"color:#222222;font-family:Commissioner, sans-serif;font-size:16px;background-color:#ffffff\">Robot kahramanlarla ilgili foto\u011fraflar, g\u00f6rseller, \u00e7izimler ve hikayelerle size ilham verecek.<\/span><br style=\"margin:0px;padding:0px;font-family:Commissioner, sans-serif;line-height:normal;color:#222222;font-size:16px;background-color:#ffffff\" \/><br style=\"margin:0px;padding:0px;font-family:Commissioner, sans-serif;line-height:normal;color:#222222;font-size:16px;background-color:#ffffff\" \/><span style=\"color:#222222;font-family:Commissioner, sans-serif;font-size:16px;background-color:#ffffff\">Her kitapta 150-200 adet renkli resim (\u00e7izgi roman, foto\u011fraf ve diyagram), ayr\u0131ca s\u00f6zl\u00fck ve dizin yer al\u0131yor.<\/span><\/p>\n<p><span style=\"color:#222222;font-family:Commissioner, sans-serif;font-size:16px;background-color:#ffffff\">Dizi, Oxford University Press&#039;in orijinal \u0130ngilizce bask\u0131lar\u0131na dayan\u0131yor ve yeti\u015fkinlere y\u00f6nelik ayn\u0131 adl\u0131 ba\u015far\u0131l\u0131 serinin (\u015fu anda 700&#039;den fazla ba\u015fl\u0131\u011fa sahip ve 51 dile \u00e7evrilmi\u015f) geni\u015fletilmi\u015f hali.<\/span><br style=\"margin:0px;padding:0px;font-family:Commissioner, sans-serif;line-height:normal;color:#222222;font-size:16px;background-color:#ffffff\" \/><br style=\"margin:0px;padding:0px;font-family:Commissioner, sans-serif;line-height:normal;color:#222222;font-size:16px;background-color:#ffffff\" \/><img decoding=\"async\" src=\"https:\/\/api.metaixmio.gr\/data\/manager\/blogs\/oxford_university_press_logo.jpg\" alt=\"Oxford University Press\" style=\"margin:0px;padding:0px;max-width:none;vertical-align:middle;font-family:Commissioner, sans-serif;line-height:normal;color:#222222;font-size:16px;background-color:#ffffff;height:104px;width:300px\" \/><span style=\"color:#222222;font-family:Commissioner, sans-serif;font-size:16px;background-color:#ffffff\"><\/span><\/p>\n<p class=\"MsoNormal\"><span lang=\"en-us\" xml:lang=\"en-us\">BEN<\/span>SBN<span lang=\"en-us\" xml:lang=\"en-us\">: <\/span>978-618-03-3019-9<\/p>\n<\/p>\n<p class=\"MsoNormal\">Verili\u015f tarihi<span lang=\"en-us\" xml:lang=\"en-us\">: <\/span>13\/10\/2022<\/p>\n<\/p>\n<p class=\"MsoNormal\">Yazar: <a href=\"https:\/\/www.metaixmio.gr\/el\/contributor\/tom-jackson?code=author\" rel=\"noopener\"><span style=\"text-decoration:none\">Tom Jackson<\/span><\/a><\/p>\n<\/p>\n<p class=\"MsoNormal\">\u00c7eviri: Irini Paidousi<\/p>\n<\/p>\n<p class=\"MsoNormal\">\u0130ll\u00fcstrasyon<span lang=\"en-us\" xml:lang=\"en-us\">: <\/span><a href=\"https:\/\/www.metaixmio.gr\/el\/contributor\/ana-seixas?code=illustrator\" rel=\"noopener\"><span lang=\"en-us\" style=\"text-decoration:none\" xml:lang=\"en-us\">Ana Seixas,\u00a0<\/span><\/a><a href=\"https:\/\/www.metaixmio.gr\/el\/contributor\/adam-quest?code=illustrator\" rel=\"noopener\"><span lang=\"en-us\" style=\"text-decoration:none\" xml:lang=\"en-us\">Adam Quest<\/span><\/a><span lang=\"en-us\" xml:lang=\"en-us\"><\/span><\/p>\n<\/p>\n<p class=\"MsoNormal\">Ya\u015f kategorisi: <a href=\"https:\/\/www.metaixmio.gr\/categories\/catalog?q=attr:%CE%97%CE%BB%CE%B9%CE%BA%CE%B9%CE%B1%CE%BA%CE%AE%20%CE%BA%CE%B1%CF%84%CE%B7%CE%B3%CE%BF%CF%81%CE%AF%CE%B1;%CE%93%CE%B9%CE%B1%20%CF%80%CE%B1%CE%B9%CE%B4%CE%B9%CE%AC%20%CE%B1%CF%80%CF%8C%209%20%CE%B5%CF%84%CF%8E%CE%BD\" rel=\"noopener\"><span style=\"text-decoration:none\">9 ya\u015f\u0131ndan b\u00fcy\u00fck \u00e7ocuklar i\u00e7in<\/span><\/a><\/p>\n<\/p>\n<p class=\"MsoNormal\">Kitap serisi numaras\u0131: 3<\/p>\n<\/p>\n<p class=\"MsoNormal\">Sayfalar: 96<\/p>\n<\/p>\n<p class=\"MsoNormal\">Kapak t\u00fcr\u00fc: Yumu\u015fak kapak<\/p>\n<\/p>\n<p class=\"MsoNormal\">Boyutlar: 11,1 x 17,4<\/p>\n<\/p>\n<p class=\"MsoNormal\">Yabanc\u0131 dil ba\u015fl\u0131\u011f\u0131: <span lang=\"en-us\" xml:lang=\"en-us\">Robotlar<\/span>, <span lang=\"en-us\" xml:lang=\"en-us\">Aletler<\/span><span lang=\"en-us\" xml:lang=\"en-us\"> <\/span><span lang=\"en-us\" xml:lang=\"en-us\">Ve<\/span><span lang=\"en-us\" xml:lang=\"en-us\"> <\/span><span lang=\"en-us\" xml:lang=\"en-us\">Yapay<\/span><span lang=\"en-us\" xml:lang=\"en-us\"> <\/span><span lang=\"en-us\" xml:lang=\"en-us\">\u0130stihbarat<\/span><\/p><\/p>","protected":false},"excerpt":{"rendered":"<p><span style=\"color:#222222;font-family:Commissioner, sans-serif;font-size:16px;background-color:#ffffff\">Oxford University Press taraf\u0131ndan garanti edilen de\u011ferli bir ansiklopedik ara\u00e7 olan yeni bir bilgi kitaplar\u0131 serisi. Her alandaki uzmanlar, \u00e7ocuklar\u0131 her konuya sadece birka\u00e7 sayfada tan\u0131tacak \u015fekilde anla\u015f\u0131l\u0131r bir dille yaz\u0131yor.<\/span><\/p>","protected":false},"featured_media":5029,"comment_status":"open","ping_status":"closed","template":"","meta":{"site-sidebar-layout":"default","site-content-layout":"","ast-site-content-layout":"default","site-content-style":"default","site-sidebar-style":"default","ast-global-header-display":"","ast-banner-title-visibility":"","ast-main-header-display":"","ast-hfb-above-header-display":"","ast-hfb-below-header-display":"","ast-hfb-mobile-header-display":"","site-post-title":"","ast-breadcrumbs-content":"","ast-featured-img":"","footer-sml-layout":"","ast-disable-related-posts":"","theme-transparent-header-meta":"","adv-header-id-meta":"","stick-header-meta":"","header-above-stick-meta":"","header-main-stick-meta":"","header-below-stick-meta":"","astra-migrate-meta-layouts":"default","ast-page-background-enabled":"default","ast-page-background-meta":{"desktop":{"background-color":"var(--ast-global-color-5)","background-image":"","background-repeat":"repeat","background-position":"center center","background-size":"auto","background-attachment":"scroll","background-type":"","background-media":"","overlay-type":"","overlay-color":"","overlay-opacity":"","overlay-gradient":""},"tablet":{"background-color":"","background-image":"","background-repeat":"repeat","background-position":"center center","background-size":"auto","background-attachment":"scroll","background-type":"","background-media":"","overlay-type":"","overlay-color":"","overlay-opacity":"","overlay-gradient":""},"mobile":{"background-color":"","background-image":"","background-repeat":"repeat","background-position":"center center","background-size":"auto","background-attachment":"scroll","background-type":"","background-media":"","overlay-type":"","overlay-color":"","overlay-opacity":"","overlay-gradient":""}},"ast-content-background-meta":{"desktop":{"background-color":"var(--ast-global-color-4)","background-image":"","background-repeat":"repeat","background-position":"center center","background-size":"auto","background-attachment":"scroll","background-type":"","background-media":"","overlay-type":"","overlay-color":"","overlay-opacity":"","overlay-gradient":""},"tablet":{"background-color":"var(--ast-global-color-4)","background-image":"","background-repeat":"repeat","background-position":"center center","background-size":"auto","background-attachment":"scroll","background-type":"","background-media":"","overlay-type":"","overlay-color":"","overlay-opacity":"","overlay-gradient":""},"mobile":{"background-color":"var(--ast-global-color-4)","background-image":"","background-repeat":"repeat","background-position":"center center","background-size":"auto","background-attachment":"scroll","background-type":"","background-media":"","overlay-type":"","overlay-color":"","overlay-opacity":"","overlay-gradient":""}}},"product_brand":[115],"product_cat":[25],"product_tag":[],"class_list":{"0":"post-6867","1":"product","2":"type-product","3":"status-publish","4":"has-post-thumbnail","6":"product_brand-metaixmio","7":"product_cat--steam","8":"desktop-align-left","9":"tablet-align-left","10":"mobile-align-left","12":"first","13":"instock","14":"taxable","15":"shipping-taxable","16":"purchasable","17":"product-type-simple"},"_links":{"self":[{"href":"https:\/\/stem-eshop.gr\/tr\/wp-json\/wp\/v2\/product\/6867","targetHints":{"allow":["GET"]}}],"collection":[{"href":"https:\/\/stem-eshop.gr\/tr\/wp-json\/wp\/v2\/product"}],"about":[{"href":"https:\/\/stem-eshop.gr\/tr\/wp-json\/wp\/v2\/types\/product"}],"replies":[{"embeddable":true,"href":"https:\/\/stem-eshop.gr\/tr\/wp-json\/wp\/v2\/comments?post=6867"}],"wp:featuredmedia":[{"embeddable":true,"href":"https:\/\/stem-eshop.gr\/tr\/wp-json\/wp\/v2\/media\/5029"}],"wp:attachment":[{"href":"https:\/\/stem-eshop.gr\/tr\/wp-json\/wp\/v2\/media?parent=6867"}],"wp:term":[{"taxonomy":"product_brand","embeddable":true,"href":"https:\/\/stem-eshop.gr\/tr\/wp-json\/wp\/v2\/product_brand?post=6867"},{"taxonomy":"product_cat","embeddable":true,"href":"https:\/\/stem-eshop.gr\/tr\/wp-json\/wp\/v2\/product_cat?post=6867"},{"taxonomy":"product_tag","embeddable":true,"href":"https:\/\/stem-eshop.gr\/tr\/wp-json\/wp\/v2\/product_tag?post=6867"}],"curies":[{"name":"wp","href":"https:\/\/api.w.org\/{rel}","templated":true}]}}