{"id":6865,"date":"2025-05-19T08:54:46","date_gmt":"2025-05-19T08:54:46","guid":{"rendered":"https:\/\/stem-eshop.gr\/product\/%ce%b5%ce%b9%cf%83%ce%b1%ce%b3%cf%89%ce%b3%ce%b7-%cf%83%cf%84%ce%b7-%cf%81%ce%bf%ce%bc%cf%80%ce%bf%cf%84%ce%b9%ce%ba%ce%b7-4%ce%b7-%ce%b2%ce%b5%ce%bb%cf%84%ce%b9%cf%89%ce%bc%ce%ad%ce%bd%ce%b7-%ce%ad\/"},"modified":"2025-05-22T21:13:35","modified_gmt":"2025-05-22T18:13:35","slug":"%ce%b5%ce%b9%cf%83%ce%b1%ce%b3%cf%89%ce%b3%ce%b7-%cf%83%cf%84%ce%b7-%cf%81%ce%bf%ce%bc%cf%80%ce%bf%cf%84%ce%b9%ce%ba%ce%b7-4%ce%b7-%ce%b2%ce%b5%ce%bb%cf%84%ce%b9%cf%89%ce%bc%ce%ad%ce%bd%ce%b7-%ce%ad","status":"publish","type":"product","link":"https:\/\/stem-eshop.gr\/tr\/urun\/%ce%b5%ce%b9%cf%83%ce%b1%ce%b3%cf%89%ce%b3%ce%b7-%cf%83%cf%84%ce%b7-%cf%81%ce%bf%ce%bc%cf%80%ce%bf%cf%84%ce%b9%ce%ba%ce%b7-4%ce%b7-%ce%b2%ce%b5%ce%bb%cf%84%ce%b9%cf%89%ce%bc%ce%ad%ce%bd%ce%b7-%ce%ad\/","title":{"rendered":"ROBOT\u0130K G\u0130R\u0130\u015e, 4. G\u00f6zden Ge\u00e7irilmi\u015f Bask\u0131"},"content":{"rendered":"<p style=\"margin:0px 0px 30px;font-family:'Open Sans';font-size:14px;background-color:#ffffff;text-align:justify\">Robotik, bir\u00e7ok uzmanl\u0131k alan\u0131n\u0131n birle\u015fimini ve yaln\u0131zca kendini bu alana adam\u0131\u015f ve geli\u015fmelere \u00f6nemli katk\u0131larda bulunmu\u015f birinin aktarabilece\u011fi derinlik ve geni\u015flikte bir bilgi birikimini gerektirir. \u0130\u015fte Craig&#039;i &quot;foto\u011fraflayan&quot; \u00f6zellikler tam da bunlard\u0131r. D\u00fcnyaca \u00fcnl\u00fc ve takdir edilen bir ara\u015ft\u0131rmac\u0131 ve Robotik &quot;\u00f6\u011fretmeni&quot; olan yazar, kitab\u0131n 13 b\u00f6l\u00fcm\u00fc boyunca, bu g\u00fcncel ve ayn\u0131 zamanda ilgi \u00e7ekici bili\u015fsel konu hakk\u0131nda ad\u0131m ad\u0131m ve sistematik bir \u015fekilde b\u00fct\u00fcnle\u015fik bir yakla\u015f\u0131m geli\u015ftiriyor.<\/p>\n<p style=\"margin:0px 0px 30px;font-family:'Open Sans';font-size:14px;background-color:#ffffff;text-align:justify\">\u0130\u00e7erir: Giri\u015f \u2013 Mekansal G\u00f6sterimler ve D\u00f6n\u00fc\u015f\u00fcmler \u2013 Robotik Kollar\u0131n Kinemati\u011fi \u2013 Robotik Kollar\u0131n Ters Kinemati\u011fi \u2013 Jacobianlar: H\u0131zlar ve Statik Kuvvetler \u2013 Robotik Kollar\u0131n Dinamikleri \u2013 Y\u00f6r\u00fcnge Olu\u015fturma \u2013 Robotik Kollar\u0131n Mekanik Tasar\u0131m\u0131 \u2013 Robotik Kollar\u0131n Do\u011frusal Otomatik Kontrol\u00fc \u2013 Robotik Kollar\u0131n Do\u011frusal Olmayan Otomatik Kontrol\u00fc \u2013 Robotik Kollar\u0131n Otomatik Kuvvet Kontrol\u00fc \u2013 Robot Programlama Sistemleri ve Dilleri \u2013 Birbirine Ba\u011fl\u0131 Olmayan Programlama Sistemleri \u2013 Trigonometrik Kimlikler \u2013 24 A\u00e7\u0131 Kural\u0131 i\u00e7in E\u015fde\u011fer D\u00f6n\u00fc\u015f Tablolar\u0131 \u2013 Ters Kinematik Denklemleri \u2013 Se\u00e7ili Al\u0131\u015ft\u0131rmalar\u0131n \u00c7\u00f6z\u00fcmleri \u2013 Dizin<\/p>\n<p style=\"margin:0px 0px 30px;font-family:'Open Sans';font-size:14px;background-color:#ffffff;text-align:justify\">ISBN<span>: 978-618-221-113-7<\/span><br \/>Eudoxus Kanunu<span>: 133028825<\/span><br \/>Sorun<span>: 4. G\u00f6zden Ge\u00e7irilmi\u015f Bask\u0131<\/span><br \/>Yay\u0131n y\u0131l\u0131<span>: 2024<\/span><br \/>Sayfalar<span>: 512<\/span><br \/>Bilimsel D\u00fczenleme<span>: Aristides See Gogousis<\/span><br \/>\u00c7evirmen<span>: Aristides See Gogousis<\/span><br \/>Bask\u0131<span>: D\u00f6rt renkli<\/span><br \/>Boyutlar<span>: 17 x 24<\/span><br \/>Kapak<span>: Zor<\/span><br \/>Yay\u0131mc\u0131<span>: TZIOLA Yay\u0131nlar\u0131<\/span><\/p>","protected":false},"excerpt":{"rendered":"<p><span style=\"font-family:'Open Sans';font-size:14px;text-align:justify;background-color:#ffffff\">Bu kitap, Robotik Bilimi ve Teknolojisi&#039;ne eksiksiz ve anla\u015f\u0131l\u0131r bir giri\u015f niteli\u011findedir. \u0130lk bask\u0131s\u0131ndan bu yana, t\u00fcm yabanc\u0131 ve Yunan Robotik kitaplar\u0131nda ve uluslararas\u0131 bilimsel makalelerde temel bibliyografik kaynak olarak yer alm\u0131\u015ft\u0131r. John Craig&#039;in Stanford \u00dcniversitesi&#039;ndeki derslerinden do\u011fmu\u015ftur.<\/span><\/p>","protected":false},"featured_media":5024,"comment_status":"open","ping_status":"closed","template":"","meta":{"site-sidebar-layout":"default","site-content-layout":"","ast-site-content-layout":"default","site-content-style":"default","site-sidebar-style":"default","ast-global-header-display":"","ast-banner-title-visibility":"","ast-main-header-display":"","ast-hfb-above-header-display":"","ast-hfb-below-header-display":"","ast-hfb-mobile-header-display":"","site-post-title":"","ast-breadcrumbs-content":"","ast-featured-img":"","footer-sml-layout":"","ast-disable-related-posts":"","theme-transparent-header-meta":"","adv-header-id-meta":"","stick-header-meta":"","header-above-stick-meta":"","header-main-stick-meta":"","header-below-stick-meta":"","astra-migrate-meta-layouts":"default","ast-page-background-enabled":"default","ast-page-background-meta":{"desktop":{"background-color":"var(--ast-global-color-5)","background-image":"","background-repeat":"repeat","background-position":"center center","background-size":"auto","background-attachment":"scroll","background-type":"","background-media":"","overlay-type":"","overlay-color":"","overlay-opacity":"","overlay-gradient":""},"tablet":{"background-color":"","background-image":"","background-repeat":"repeat","background-position":"center center","background-size":"auto","background-attachment":"scroll","background-type":"","background-media":"","overlay-type":"","overlay-color":"","overlay-opacity":"","overlay-gradient":""},"mobile":{"background-color":"","background-image":"","background-repeat":"repeat","background-position":"center center","background-size":"auto","background-attachment":"scroll","background-type":"","background-media":"","overlay-type":"","overlay-color":"","overlay-opacity":"","overlay-gradient":""}},"ast-content-background-meta":{"desktop":{"background-color":"var(--ast-global-color-4)","background-image":"","background-repeat":"repeat","background-position":"center center","background-size":"auto","background-attachment":"scroll","background-type":"","background-media":"","overlay-type":"","overlay-color":"","overlay-opacity":"","overlay-gradient":""},"tablet":{"background-color":"var(--ast-global-color-4)","background-image":"","background-repeat":"repeat","background-position":"center center","background-size":"auto","background-attachment":"scroll","background-type":"","background-media":"","overlay-type":"","overlay-color":"","overlay-opacity":"","overlay-gradient":""},"mobile":{"background-color":"var(--ast-global-color-4)","background-image":"","background-repeat":"repeat","background-position":"center center","background-size":"auto","background-attachment":"scroll","background-type":"","background-media":"","overlay-type":"","overlay-color":"","overlay-opacity":"","overlay-gradient":""}}},"product_brand":[110],"product_cat":[25],"product_tag":[],"class_list":{"0":"post-6865","1":"product","2":"type-product","3":"status-publish","4":"has-post-thumbnail","6":"product_brand-tziola","7":"product_cat--steam","8":"desktop-align-left","9":"tablet-align-left","10":"mobile-align-left","12":"first","13":"instock","14":"taxable","15":"shipping-taxable","16":"purchasable","17":"product-type-simple"},"_links":{"self":[{"href":"https:\/\/stem-eshop.gr\/tr\/wp-json\/wp\/v2\/product\/6865","targetHints":{"allow":["GET"]}}],"collection":[{"href":"https:\/\/stem-eshop.gr\/tr\/wp-json\/wp\/v2\/product"}],"about":[{"href":"https:\/\/stem-eshop.gr\/tr\/wp-json\/wp\/v2\/types\/product"}],"replies":[{"embeddable":true,"href":"https:\/\/stem-eshop.gr\/tr\/wp-json\/wp\/v2\/comments?post=6865"}],"wp:featuredmedia":[{"embeddable":true,"href":"https:\/\/stem-eshop.gr\/tr\/wp-json\/wp\/v2\/media\/5024"}],"wp:attachment":[{"href":"https:\/\/stem-eshop.gr\/tr\/wp-json\/wp\/v2\/media?parent=6865"}],"wp:term":[{"taxonomy":"product_brand","embeddable":true,"href":"https:\/\/stem-eshop.gr\/tr\/wp-json\/wp\/v2\/product_brand?post=6865"},{"taxonomy":"product_cat","embeddable":true,"href":"https:\/\/stem-eshop.gr\/tr\/wp-json\/wp\/v2\/product_cat?post=6865"},{"taxonomy":"product_tag","embeddable":true,"href":"https:\/\/stem-eshop.gr\/tr\/wp-json\/wp\/v2\/product_tag?post=6865"}],"curies":[{"name":"wp","href":"https:\/\/api.w.org\/{rel}","templated":true}]}}