{"id":6862,"date":"2025-05-19T08:54:45","date_gmt":"2025-05-19T08:54:45","guid":{"rendered":"https:\/\/stem-eshop.gr\/product\/%ce%bf%ce%b9-%cf%84%cf%80%ce%b5-%cf%83%cf%84%ce%b9%cf%83-%ce%b5%cf%80%ce%b9%cf%83%cf%84%ce%b7%ce%bc%ce%b5%cf%83-%cf%84%ce%b7%cf%83-%ce%b1%ce%b3%cf%89%ce%b3%ce%b7%cf%83-%cf%83%cf%87%ce%b5%ce%b4%ce%b9\/"},"modified":"2025-05-22T21:13:35","modified_gmt":"2025-05-22T18:13:35","slug":"%ce%bf%ce%b9-%cf%84%cf%80%ce%b5-%cf%83%cf%84%ce%b9%cf%83-%ce%b5%cf%80%ce%b9%cf%83%cf%84%ce%b7%ce%bc%ce%b5%cf%83-%cf%84%ce%b7%cf%83-%ce%b1%ce%b3%cf%89%ce%b3%ce%b7%cf%83-%cf%83%cf%87%ce%b5%ce%b4%ce%b9","status":"publish","type":"product","link":"https:\/\/stem-eshop.gr\/tr\/urun\/%ce%bf%ce%b9-%cf%84%cf%80%ce%b5-%cf%83%cf%84%ce%b9%cf%83-%ce%b5%cf%80%ce%b9%cf%83%cf%84%ce%b7%ce%bc%ce%b5%cf%83-%cf%84%ce%b7%cf%83-%ce%b1%ce%b3%cf%89%ce%b3%ce%b7%cf%83-%cf%83%cf%87%ce%b5%ce%b4%ce%b9\/","title":{"rendered":"E\u011e\u0130T\u0130M B\u0130L\u0130MLER\u0130NDE B\u0130T: \u00d6\u011fretim Senaryolar\u0131n\u0131n Tasar\u0131m\u0131"},"content":{"rendered":"<p>\u0130\u00e7erir:<span style=\"font-family:'Open Sans';font-size:14px;text-align:justify;background-color:#ffffff\"> Bilgisayar bilimi, teknoloji, bilgi ve ileti\u015fim, bilgisayar ve e\u011fitim teknolojisi, \u00f6\u011frenme teorileri, h\u00fcmanistik, bili\u015fsel, sosyal, davran\u0131\u015fsal, modern \u00f6\u011fretim yakla\u015f\u0131mlar\u0131, \u00f6\u011fretim senaryolar\u0131 tasar\u0131m\u0131 ve B\u0130T, e\u011fitimde B\u0130T donan\u0131m ve yaz\u0131l\u0131mlar\u0131n\u0131n de\u011ferlendirilmesi, e\u011fitim yaz\u0131l\u0131mlar\u0131 ve WEB 2.0 ara\u00e7lar\u0131, sanal laboratuvarlar, CAD, GIS ve web sitesi tasar\u0131m\u0131, elektronik \u00f6\u011frenme ortamlar\u0131, mobil \u00f6\u011frenmeye giri\u015f, sanal ve art\u0131r\u0131lm\u0131\u015f ger\u00e7ekli\u011fe giri\u015f, g\u00f6rsel programlama, e\u011fitim roboti\u011fi, uzaktan e\u011fitim teknolojisine giri\u015f, yeti\u015fkin e\u011fitimi ve B\u0130T, \u00f6zel gereksinimli \u00f6\u011frenciler i\u00e7in bilgi ve ileti\u015fim teknolojileri, e\u011fitimde yapay zeka ve makine \u00f6\u011frenmesi.<\/span><\/p>\n<p><span style=\"font-family:'Open Sans';font-size:14px;text-align:justify;background-color:#ffffff\"><\/span><\/p>\n<p><span style=\"font-family:'Open Sans';font-size:14px;text-align:justify;background-color:#ffffff\"><strong>ISBN<\/strong><span>: 9789604188291<\/span><br \/><strong>Eudoxus Kanunu<\/strong><span>: 77115856<\/span><br \/><strong>Sorun<\/strong><span>: 1. Bask\u0131<\/span><br \/><strong>Yay\u0131n y\u0131l\u0131<\/strong><span>: 2020<\/span><br \/><strong>Sayfalar<\/strong><span>: 672<\/span><br \/><strong>Bask\u0131<\/strong><span>: D\u00f6rt renkli<\/span><br \/><strong>Boyutlar<\/strong><span>: 21 x 29<\/span><br \/><strong>Kapak<\/strong><span>: Zor<\/span><br \/><strong>Yay\u0131mc\u0131<\/strong><span>: TZIOLA Yay\u0131nlar\u0131<\/span><\/span><\/p>","protected":false},"excerpt":{"rendered":"<p>Kitap <em>&quot;E\u011fitim Bilimlerinde B\u0130T: \u00d6\u011fretim Senaryolar\u0131n\u0131n Tasar\u0131m\u0131&quot;<\/em> Bilgi ve \u0130leti\u015fim Teknolojilerini (B\u0130T) e\u011fitim prati\u011fine entegre etmek isteyen \u00f6\u011frenciler, \u00f6\u011fretmenler ve e\u011fitmenler i\u00e7in kapsaml\u0131 bir rehberdir. Dijital ara\u00e7lar kullan\u0131larak \u00f6\u011fretim senaryolar\u0131n\u0131n teorik dok\u00fcmantasyonu, pedagojik tasar\u0131m\u0131 ve pratik uygulamas\u0131na odaklan\u0131r.<\/p>","protected":false},"featured_media":5015,"comment_status":"open","ping_status":"closed","template":"","meta":{"site-sidebar-layout":"default","site-content-layout":"","ast-site-content-layout":"default","site-content-style":"default","site-sidebar-style":"default","ast-global-header-display":"","ast-banner-title-visibility":"","ast-main-header-display":"","ast-hfb-above-header-display":"","ast-hfb-below-header-display":"","ast-hfb-mobile-header-display":"","site-post-title":"","ast-breadcrumbs-content":"","ast-featured-img":"","footer-sml-layout":"","ast-disable-related-posts":"","theme-transparent-header-meta":"","adv-header-id-meta":"","stick-header-meta":"","header-above-stick-meta":"","header-main-stick-meta":"","header-below-stick-meta":"","astra-migrate-meta-layouts":"default","ast-page-background-enabled":"default","ast-page-background-meta":{"desktop":{"background-color":"var(--ast-global-color-5)","background-image":"","background-repeat":"repeat","background-position":"center center","background-size":"auto","background-attachment":"scroll","background-type":"","background-media":"","overlay-type":"","overlay-color":"","overlay-opacity":"","overlay-gradient":""},"tablet":{"background-color":"","background-image":"","background-repeat":"repeat","background-position":"center center","background-size":"auto","background-attachment":"scroll","background-type":"","background-media":"","overlay-type":"","overlay-color":"","overlay-opacity":"","overlay-gradient":""},"mobile":{"background-color":"","background-image":"","background-repeat":"repeat","background-position":"center center","background-size":"auto","background-attachment":"scroll","background-type":"","background-media":"","overlay-type":"","overlay-color":"","overlay-opacity":"","overlay-gradient":""}},"ast-content-background-meta":{"desktop":{"background-color":"var(--ast-global-color-4)","background-image":"","background-repeat":"repeat","background-position":"center center","background-size":"auto","background-attachment":"scroll","background-type":"","background-media":"","overlay-type":"","overlay-color":"","overlay-opacity":"","overlay-gradient":""},"tablet":{"background-color":"var(--ast-global-color-4)","background-image":"","background-repeat":"repeat","background-position":"center center","background-size":"auto","background-attachment":"scroll","background-type":"","background-media":"","overlay-type":"","overlay-color":"","overlay-opacity":"","overlay-gradient":""},"mobile":{"background-color":"var(--ast-global-color-4)","background-image":"","background-repeat":"repeat","background-position":"center center","background-size":"auto","background-attachment":"scroll","background-type":"","background-media":"","overlay-type":"","overlay-color":"","overlay-opacity":"","overlay-gradient":""}}},"product_brand":[110],"product_cat":[25],"product_tag":[],"class_list":{"0":"post-6862","1":"product","2":"type-product","3":"status-publish","4":"has-post-thumbnail","6":"product_brand-tziola","7":"product_cat--steam","8":"desktop-align-left","9":"tablet-align-left","10":"mobile-align-left","12":"first","13":"instock","14":"taxable","15":"shipping-taxable","16":"purchasable","17":"product-type-simple"},"_links":{"self":[{"href":"https:\/\/stem-eshop.gr\/tr\/wp-json\/wp\/v2\/product\/6862","targetHints":{"allow":["GET"]}}],"collection":[{"href":"https:\/\/stem-eshop.gr\/tr\/wp-json\/wp\/v2\/product"}],"about":[{"href":"https:\/\/stem-eshop.gr\/tr\/wp-json\/wp\/v2\/types\/product"}],"replies":[{"embeddable":true,"href":"https:\/\/stem-eshop.gr\/tr\/wp-json\/wp\/v2\/comments?post=6862"}],"wp:featuredmedia":[{"embeddable":true,"href":"https:\/\/stem-eshop.gr\/tr\/wp-json\/wp\/v2\/media\/5015"}],"wp:attachment":[{"href":"https:\/\/stem-eshop.gr\/tr\/wp-json\/wp\/v2\/media?parent=6862"}],"wp:term":[{"taxonomy":"product_brand","embeddable":true,"href":"https:\/\/stem-eshop.gr\/tr\/wp-json\/wp\/v2\/product_brand?post=6862"},{"taxonomy":"product_cat","embeddable":true,"href":"https:\/\/stem-eshop.gr\/tr\/wp-json\/wp\/v2\/product_cat?post=6862"},{"taxonomy":"product_tag","embeddable":true,"href":"https:\/\/stem-eshop.gr\/tr\/wp-json\/wp\/v2\/product_tag?post=6862"}],"curies":[{"name":"wp","href":"https:\/\/api.w.org\/{rel}","templated":true}]}}