{"id":6853,"date":"2025-05-19T08:54:33","date_gmt":"2025-05-19T08:54:33","guid":{"rendered":"https:\/\/stem-eshop.gr\/product\/gigo-easy-electric-circuits\/"},"modified":"2025-12-29T10:43:35","modified_gmt":"2025-12-29T07:43:35","slug":"gigo-easy-electric-circuits","status":"publish","type":"product","link":"https:\/\/stem-eshop.gr\/tr\/urun\/gigo-easy-electric-circuits\/","title":{"rendered":"Gigo Kolay Elektrik Devreleri"},"content":{"rendered":"<p><span style=\"color: #303030;font-family: Comfortaa, Arial, Helvetica, sans-serif;font-size: 14px;background-color: #ffffff\">Seri ve paralel \u00e7al\u0131\u015fan devreler aras\u0131ndaki fark\u0131 ke\u015ffedin.<\/span><\/p>\n<p><span style=\"color: #303030;font-family: Comfortaa, Arial, Helvetica, sans-serif;font-size: 14px;background-color: #ffffff\">5 model (aslan, ku\u015f, araba, zootrop ve ill\u00fczyon) in\u015fa edin ve 20 \u00e7e\u015fit deney ger\u00e7ekle\u015ftirin.<\/span><\/p>\n<p><span style=\"color: #303030;font-family: Comfortaa, Arial, Helvetica, sans-serif;font-size: 14px;background-color: #ffffff\">Bilimsel deneylerde motor ve LED&#039;lerin bir\u00e7ok kombinasyonu kullan\u0131l\u0131r.<\/span><\/p>\n<p><span style=\"color: #303030;font-family: Comfortaa, Arial, Helvetica, sans-serif;font-size: 14px;background-color: #ffffff\">2 adet AA\/LR06 pil gereklidir - piller dahil de\u011fildir.<\/span><\/p>\n<p>Gigo Easy Electric Circuits, s\u0131n\u0131flarda, okul sonras\u0131 aktivitelerde ve evde \u00f6\u011frenmede kullan\u0131ma uygundur. 8 ya\u015f ve \u00fczeri i\u00e7in idealdir ve elektrik ve fizik d\u00fcnyas\u0131na m\u00fckemmel bir giri\u015f niteli\u011findedir.<\/p>","protected":false},"excerpt":{"rendered":"<p><span style=\"color: #303030;font-family: Comfortaa, Arial, Helvetica, sans-serif;font-size: 14px;background-color: #ffffff\">Elektrik devrelerinin b\u00fcy\u00fcleyici d\u00fcnyas\u0131n\u0131 ke\u015ffedin!<\/span><\/p>","protected":false},"featured_media":4958,"comment_status":"open","ping_status":"closed","template":"","meta":{"site-sidebar-layout":"default","site-content-layout":"","ast-site-content-layout":"default","site-content-style":"default","site-sidebar-style":"default","ast-global-header-display":"","ast-banner-title-visibility":"","ast-main-header-display":"","ast-hfb-above-header-display":"","ast-hfb-below-header-display":"","ast-hfb-mobile-header-display":"","site-post-title":"","ast-breadcrumbs-content":"","ast-featured-img":"","footer-sml-layout":"","ast-disable-related-posts":"","theme-transparent-header-meta":"default","adv-header-id-meta":"","stick-header-meta":"","header-above-stick-meta":"","header-main-stick-meta":"","header-below-stick-meta":"","astra-migrate-meta-layouts":"set","ast-page-background-enabled":"default","ast-page-background-meta":{"desktop":{"background-color":"var(--ast-global-color-5)","background-image":"","background-repeat":"repeat","background-position":"center center","background-size":"auto","background-attachment":"scroll","background-type":"","background-media":"","overlay-type":"","overlay-color":"","overlay-opacity":"","overlay-gradient":""},"tablet":{"background-color":"","background-image":"","background-repeat":"repeat","background-position":"center center","background-size":"auto","background-attachment":"scroll","background-type":"","background-media":"","overlay-type":"","overlay-color":"","overlay-opacity":"","overlay-gradient":""},"mobile":{"background-color":"","background-image":"","background-repeat":"repeat","background-position":"center center","background-size":"auto","background-attachment":"scroll","background-type":"","background-media":"","overlay-type":"","overlay-color":"","overlay-opacity":"","overlay-gradient":""}},"ast-content-background-meta":{"desktop":{"background-color":"var(--ast-global-color-4)","background-image":"","background-repeat":"repeat","background-position":"center center","background-size":"auto","background-attachment":"scroll","background-type":"","background-media":"","overlay-type":"","overlay-color":"","overlay-opacity":"","overlay-gradient":""},"tablet":{"background-color":"var(--ast-global-color-4)","background-image":"","background-repeat":"repeat","background-position":"center center","background-size":"auto","background-attachment":"scroll","background-type":"","background-media":"","overlay-type":"","overlay-color":"","overlay-opacity":"","overlay-gradient":""},"mobile":{"background-color":"var(--ast-global-color-4)","background-image":"","background-repeat":"repeat","background-position":"center center","background-size":"auto","background-attachment":"scroll","background-type":"","background-media":"","overlay-type":"","overlay-color":"","overlay-opacity":"","overlay-gradient":""}}},"product_brand":[104],"product_cat":[39,52,38,29,56,35,30,59,58],"product_tag":[],"class_list":{"0":"post-6853","1":"product","2":"type-product","3":"status-publish","4":"has-post-thumbnail","6":"product_brand-gigo","7":"product_cat-39","8":"product_cat-52","9":"product_cat-38","10":"product_cat-29","11":"product_cat-56","12":"product_cat--10-12-","13":"product_cat--6-9-","14":"product_cat-59","15":"product_cat-58","16":"desktop-align-left","17":"tablet-align-left","18":"mobile-align-left","20":"first","21":"outofstock","22":"taxable","23":"shipping-taxable","24":"purchasable","25":"product-type-simple"},"_links":{"self":[{"href":"https:\/\/stem-eshop.gr\/tr\/wp-json\/wp\/v2\/product\/6853","targetHints":{"allow":["GET"]}}],"collection":[{"href":"https:\/\/stem-eshop.gr\/tr\/wp-json\/wp\/v2\/product"}],"about":[{"href":"https:\/\/stem-eshop.gr\/tr\/wp-json\/wp\/v2\/types\/product"}],"replies":[{"embeddable":true,"href":"https:\/\/stem-eshop.gr\/tr\/wp-json\/wp\/v2\/comments?post=6853"}],"wp:featuredmedia":[{"embeddable":true,"href":"https:\/\/stem-eshop.gr\/tr\/wp-json\/wp\/v2\/media\/4958"}],"wp:attachment":[{"href":"https:\/\/stem-eshop.gr\/tr\/wp-json\/wp\/v2\/media?parent=6853"}],"wp:term":[{"taxonomy":"product_brand","embeddable":true,"href":"https:\/\/stem-eshop.gr\/tr\/wp-json\/wp\/v2\/product_brand?post=6853"},{"taxonomy":"product_cat","embeddable":true,"href":"https:\/\/stem-eshop.gr\/tr\/wp-json\/wp\/v2\/product_cat?post=6853"},{"taxonomy":"product_tag","embeddable":true,"href":"https:\/\/stem-eshop.gr\/tr\/wp-json\/wp\/v2\/product_tag?post=6853"}],"curies":[{"name":"wp","href":"https:\/\/api.w.org\/{rel}","templated":true}]}}