{"id":6849,"date":"2025-05-19T08:54:27","date_gmt":"2025-05-19T08:54:27","guid":{"rendered":"https:\/\/stem-eshop.gr\/product\/%ce%bc%ce%b1%ce%b8%ce%b1%ce%af%ce%bd%ce%bf%ce%bd%cf%84%ce%b1%cf%82-%ce%b3%ce%b9%ce%b1-%cf%84%ce%b1-%ce%ac%ce%b3%cf%81%ce%b9%ce%b1-%ce%b6%cf%8e%ce%b1\/"},"modified":"2025-05-22T21:13:28","modified_gmt":"2025-05-22T18:13:28","slug":"%ce%bc%ce%b1%ce%b8%ce%b1%ce%af%ce%bd%ce%bf%ce%bd%cf%84%ce%b1%cf%82-%ce%b3%ce%b9%ce%b1-%cf%84%ce%b1-%ce%ac%ce%b3%cf%81%ce%b9%ce%b1-%ce%b6%cf%8e%ce%b1","status":"publish","type":"product","link":"https:\/\/stem-eshop.gr\/tr\/urun\/%ce%bc%ce%b1%ce%b8%ce%b1%ce%af%ce%bd%ce%bf%ce%bd%cf%84%ce%b1%cf%82-%ce%b3%ce%b9%ce%b1-%cf%84%ce%b1-%ce%ac%ce%b3%cf%81%ce%b9%ce%b1-%ce%b6%cf%8e%ce%b1\/","title":{"rendered":"Vah\u015fi hayvanlar hakk\u0131nda bilgi edinmek"},"content":{"rendered":"<p>\u00dcr\u00fcnler oyuncak-kitap olarak konumland\u0131r\u0131l\u0131yor, kutu ve kitap bir arada tutuluyor ve stre\u00e7 filmle birlikte paketleniyor.<\/p>\n<p>Okul \u00f6ncesi \u00e7ocuklar, bir yeti\u015fkinin yard\u0131m\u0131yla ad\u0131m ad\u0131m talimatlar\u0131 izleyerek modellerini olu\u015ftururken her konu hakk\u0131nda ilgin\u00e7 bilgiler \u00f6\u011frenebilirler. Resimleri boyama, noktalar\u0131 birle\u015ftirme ve alfabedeki say\u0131lar\u0131 veya harfleri takip etme gibi ek etkinlikler de mevcuttur.<\/p>\n<p>\u00c7ocuklar\u0131n \u015fekilleri, renkleri ve matemati\u011fi \u00f6\u011frenmelerine yard\u0131mc\u0131 olacak ek etkinlikler de mevcut! Bu kitaplar, i\u00e7eri\u011fi \u00e7ok daha ilgi \u00e7ekici ve e\u011flenceli hale getiren \u00fccretsiz bir Art\u0131r\u0131lm\u0131\u015f Ger\u00e7eklik (AR) uygulamas\u0131yla birlikte geliyor!<\/p>","protected":false},"excerpt":{"rendered":"<p>STEAM LABS JUNIOR\u2122 adl\u0131 yeni serimiz, hem k\u0131z hem de erkek okul \u00f6ncesi \u00e7ocuklar i\u00e7in geli\u015ftirildi.<\/p>\n<p>Ama\u00e7 \u00e7ocuklara temel becerileri \u00f6\u011fretmektir.<\/p>\n<p>Dizi, bu ya\u015f grubundaki \u00e7ocuklar\u0131n ilgisini \u00e7ekebilecek 4 farkl\u0131 konuyu ele al\u0131yor.<\/p>","protected":false},"featured_media":4934,"comment_status":"open","ping_status":"closed","template":"","meta":{"site-sidebar-layout":"default","site-content-layout":"","ast-site-content-layout":"default","site-content-style":"default","site-sidebar-style":"default","ast-global-header-display":"","ast-banner-title-visibility":"","ast-main-header-display":"","ast-hfb-above-header-display":"","ast-hfb-below-header-display":"","ast-hfb-mobile-header-display":"","site-post-title":"","ast-breadcrumbs-content":"","ast-featured-img":"","footer-sml-layout":"","ast-disable-related-posts":"","theme-transparent-header-meta":"default","adv-header-id-meta":"","stick-header-meta":"","header-above-stick-meta":"","header-main-stick-meta":"","header-below-stick-meta":"","astra-migrate-meta-layouts":"set","ast-page-background-enabled":"default","ast-page-background-meta":{"desktop":{"background-color":"var(--ast-global-color-5)","background-image":"","background-repeat":"repeat","background-position":"center center","background-size":"auto","background-attachment":"scroll","background-type":"","background-media":"","overlay-type":"","overlay-color":"","overlay-opacity":"","overlay-gradient":""},"tablet":{"background-color":"","background-image":"","background-repeat":"repeat","background-position":"center center","background-size":"auto","background-attachment":"scroll","background-type":"","background-media":"","overlay-type":"","overlay-color":"","overlay-opacity":"","overlay-gradient":""},"mobile":{"background-color":"","background-image":"","background-repeat":"repeat","background-position":"center center","background-size":"auto","background-attachment":"scroll","background-type":"","background-media":"","overlay-type":"","overlay-color":"","overlay-opacity":"","overlay-gradient":""}},"ast-content-background-meta":{"desktop":{"background-color":"var(--ast-global-color-4)","background-image":"","background-repeat":"repeat","background-position":"center center","background-size":"auto","background-attachment":"scroll","background-type":"","background-media":"","overlay-type":"","overlay-color":"","overlay-opacity":"","overlay-gradient":""},"tablet":{"background-color":"var(--ast-global-color-4)","background-image":"","background-repeat":"repeat","background-position":"center center","background-size":"auto","background-attachment":"scroll","background-type":"","background-media":"","overlay-type":"","overlay-color":"","overlay-opacity":"","overlay-gradient":""},"mobile":{"background-color":"var(--ast-global-color-4)","background-image":"","background-repeat":"repeat","background-position":"center center","background-size":"auto","background-attachment":"scroll","background-type":"","background-media":"","overlay-type":"","overlay-color":"","overlay-opacity":"","overlay-gradient":""}}},"product_brand":[95],"product_cat":[43,44,39,38,54,26,58],"product_tag":[],"class_list":{"0":"post-6849","1":"product","2":"type-product","3":"status-publish","4":"has-post-thumbnail","6":"product_brand-engino","7":"product_cat-43","8":"product_cat-44","9":"product_cat-39","10":"product_cat-38","11":"product_cat-54","12":"product_cat-26","13":"product_cat-58","14":"desktop-align-left","15":"tablet-align-left","16":"mobile-align-left","18":"first","19":"instock","20":"taxable","21":"shipping-taxable","22":"purchasable","23":"product-type-simple"},"_links":{"self":[{"href":"https:\/\/stem-eshop.gr\/tr\/wp-json\/wp\/v2\/product\/6849","targetHints":{"allow":["GET"]}}],"collection":[{"href":"https:\/\/stem-eshop.gr\/tr\/wp-json\/wp\/v2\/product"}],"about":[{"href":"https:\/\/stem-eshop.gr\/tr\/wp-json\/wp\/v2\/types\/product"}],"replies":[{"embeddable":true,"href":"https:\/\/stem-eshop.gr\/tr\/wp-json\/wp\/v2\/comments?post=6849"}],"wp:featuredmedia":[{"embeddable":true,"href":"https:\/\/stem-eshop.gr\/tr\/wp-json\/wp\/v2\/media\/4934"}],"wp:attachment":[{"href":"https:\/\/stem-eshop.gr\/tr\/wp-json\/wp\/v2\/media?parent=6849"}],"wp:term":[{"taxonomy":"product_brand","embeddable":true,"href":"https:\/\/stem-eshop.gr\/tr\/wp-json\/wp\/v2\/product_brand?post=6849"},{"taxonomy":"product_cat","embeddable":true,"href":"https:\/\/stem-eshop.gr\/tr\/wp-json\/wp\/v2\/product_cat?post=6849"},{"taxonomy":"product_tag","embeddable":true,"href":"https:\/\/stem-eshop.gr\/tr\/wp-json\/wp\/v2\/product_tag?post=6849"}],"curies":[{"name":"wp","href":"https:\/\/api.w.org\/{rel}","templated":true}]}}