{"id":6848,"date":"2025-05-19T08:54:25","date_gmt":"2025-05-19T08:54:25","guid":{"rendered":"https:\/\/stem-eshop.gr\/product\/qboidz-%ce%b5%ce%bb%ce%ad%cf%86%ce%b1%ce%bd%cf%84%ce%b1%cf%82-%ce%bc%ce%b5-10-%ce%b5%cf%80%ce%b9%cf%80%ce%bb%ce%ad%ce%bf%ce%bd-%ce%bc%ce%bf%ce%bd%cf%84%ce%ad%ce%bb%ce%b1\/"},"modified":"2025-05-22T21:13:28","modified_gmt":"2025-05-22T18:13:28","slug":"qboidz-%ce%b5%ce%bb%ce%ad%cf%86%ce%b1%ce%bd%cf%84%ce%b1%cf%82-%ce%bc%ce%b5-10-%ce%b5%cf%80%ce%b9%cf%80%ce%bb%ce%ad%ce%bf%ce%bd-%ce%bc%ce%bf%ce%bd%cf%84%ce%ad%ce%bb%ce%b1","status":"publish","type":"product","link":"https:\/\/stem-eshop.gr\/tr\/urun\/qboidz-%ce%b5%ce%bb%ce%ad%cf%86%ce%b1%ce%bd%cf%84%ce%b1%cf%82-%ce%bc%ce%b5-10-%ce%b5%cf%80%ce%b9%cf%80%ce%bb%ce%ad%ce%bf%ce%bd-%ce%bc%ce%bf%ce%bd%cf%84%ce%ad%ce%bb%ce%b1\/","title":{"rendered":"Qboidz &quot;fil&quot; 10 ek modelle"},"content":{"rendered":"<p>Qboidz\u2122, STEM&#039;in (Bilim, Teknoloji, M\u00fchendislik ve Matematik) en modern pedagojik ilkelerine dayanarak geli\u015ftirilmi\u015f olup, hem k\u0131z hem de erkek \u00e7ocuklar\u0131na gelece\u011fin teknolojik geli\u015fmeleriyle ba\u015fa \u00e7\u0131kabilmeleri i\u00e7in gerekli deneyim, beceri ve bilgiyi sa\u011flamay\u0131 ama\u00e7lamaktad\u0131r. Par\u00e7alar 2 ya\u015f ve \u00fczeri \u00e7ocuklar i\u00e7in bile uygundur, ancak baz\u0131 modellerin karma\u015f\u0131kl\u0131\u011f\u0131 nedeniyle 4-7 ya\u015f aras\u0131 \u00e7ocuklar i\u00e7in \u00f6nerilmektedir.<\/p>","protected":false},"excerpt":{"rendered":"<p>Yeni Qboidz\u2122 sistemi, Engino\u00ae sisteminin \u00f6d\u00fcll\u00fc ge\u00e7meli ba\u011flant\u0131s\u0131n\u0131, tu\u011flalar\u0131 istifleyerek kolayca in\u015fa etme yetene\u011fiyle birle\u015ftiriyor! Sistem, okul \u00f6ncesi \u00e7ocuklar\u0131n e\u011flenceli ve yarat\u0131c\u0131 oyunlar arac\u0131l\u0131\u011f\u0131yla bili\u015fsel, sosyal ve motor becerilerini geli\u015ftirmelerini te\u015fvik ediyor.\u00a0<\/p>","protected":false},"featured_media":4924,"comment_status":"open","ping_status":"closed","template":"","meta":{"site-sidebar-layout":"default","site-content-layout":"","ast-site-content-layout":"default","site-content-style":"default","site-sidebar-style":"default","ast-global-header-display":"","ast-banner-title-visibility":"","ast-main-header-display":"","ast-hfb-above-header-display":"","ast-hfb-below-header-display":"","ast-hfb-mobile-header-display":"","site-post-title":"","ast-breadcrumbs-content":"","ast-featured-img":"","footer-sml-layout":"","ast-disable-related-posts":"","theme-transparent-header-meta":"","adv-header-id-meta":"","stick-header-meta":"","header-above-stick-meta":"","header-main-stick-meta":"","header-below-stick-meta":"","astra-migrate-meta-layouts":"default","ast-page-background-enabled":"default","ast-page-background-meta":{"desktop":{"background-color":"var(--ast-global-color-5)","background-image":"","background-repeat":"repeat","background-position":"center center","background-size":"auto","background-attachment":"scroll","background-type":"","background-media":"","overlay-type":"","overlay-color":"","overlay-opacity":"","overlay-gradient":""},"tablet":{"background-color":"","background-image":"","background-repeat":"repeat","background-position":"center center","background-size":"auto","background-attachment":"scroll","background-type":"","background-media":"","overlay-type":"","overlay-color":"","overlay-opacity":"","overlay-gradient":""},"mobile":{"background-color":"","background-image":"","background-repeat":"repeat","background-position":"center center","background-size":"auto","background-attachment":"scroll","background-type":"","background-media":"","overlay-type":"","overlay-color":"","overlay-opacity":"","overlay-gradient":""}},"ast-content-background-meta":{"desktop":{"background-color":"var(--ast-global-color-4)","background-image":"","background-repeat":"repeat","background-position":"center center","background-size":"auto","background-attachment":"scroll","background-type":"","background-media":"","overlay-type":"","overlay-color":"","overlay-opacity":"","overlay-gradient":""},"tablet":{"background-color":"var(--ast-global-color-4)","background-image":"","background-repeat":"repeat","background-position":"center center","background-size":"auto","background-attachment":"scroll","background-type":"","background-media":"","overlay-type":"","overlay-color":"","overlay-opacity":"","overlay-gradient":""},"mobile":{"background-color":"var(--ast-global-color-4)","background-image":"","background-repeat":"repeat","background-position":"center center","background-size":"auto","background-attachment":"scroll","background-type":"","background-media":"","overlay-type":"","overlay-color":"","overlay-opacity":"","overlay-gradient":""}}},"product_brand":[95],"product_cat":[126,43,38,29,30,26,58],"product_tag":[],"class_list":{"0":"post-6848","1":"product","2":"type-product","3":"status-publish","4":"has-post-thumbnail","6":"product_brand-engino","7":"product_cat-126","8":"product_cat-43","9":"product_cat-38","10":"product_cat-29","11":"product_cat--6-9-","12":"product_cat-26","13":"product_cat-58","14":"desktop-align-left","15":"tablet-align-left","16":"mobile-align-left","18":"first","19":"instock","20":"taxable","21":"shipping-taxable","22":"purchasable","23":"product-type-simple"},"_links":{"self":[{"href":"https:\/\/stem-eshop.gr\/tr\/wp-json\/wp\/v2\/product\/6848","targetHints":{"allow":["GET"]}}],"collection":[{"href":"https:\/\/stem-eshop.gr\/tr\/wp-json\/wp\/v2\/product"}],"about":[{"href":"https:\/\/stem-eshop.gr\/tr\/wp-json\/wp\/v2\/types\/product"}],"replies":[{"embeddable":true,"href":"https:\/\/stem-eshop.gr\/tr\/wp-json\/wp\/v2\/comments?post=6848"}],"wp:featuredmedia":[{"embeddable":true,"href":"https:\/\/stem-eshop.gr\/tr\/wp-json\/wp\/v2\/media\/4924"}],"wp:attachment":[{"href":"https:\/\/stem-eshop.gr\/tr\/wp-json\/wp\/v2\/media?parent=6848"}],"wp:term":[{"taxonomy":"product_brand","embeddable":true,"href":"https:\/\/stem-eshop.gr\/tr\/wp-json\/wp\/v2\/product_brand?post=6848"},{"taxonomy":"product_cat","embeddable":true,"href":"https:\/\/stem-eshop.gr\/tr\/wp-json\/wp\/v2\/product_cat?post=6848"},{"taxonomy":"product_tag","embeddable":true,"href":"https:\/\/stem-eshop.gr\/tr\/wp-json\/wp\/v2\/product_tag?post=6848"}],"curies":[{"name":"wp","href":"https:\/\/api.w.org\/{rel}","templated":true}]}}