{"id":6845,"date":"2025-05-19T08:54:21","date_gmt":"2025-05-19T08:54:21","guid":{"rendered":"https:\/\/stem-eshop.gr\/product\/ngs-%ce%ba%cf%8d%ce%ba%ce%bb%cf%89%ce%bc%ce%b1-%ce%bc%ce%b5-%ce%ba%ce%bf%cf%85%ce%bc%cf%80%cf%8e%ce%bc%ce%b1%cf%84%ce%b1\/"},"modified":"2025-11-06T11:25:36","modified_gmt":"2025-11-06T08:25:36","slug":"ngs-%ce%ba%cf%8d%ce%ba%ce%bb%cf%89%ce%bc%ce%b1-%ce%bc%ce%b5-%ce%ba%ce%bf%cf%85%ce%bc%cf%80%cf%8e%ce%bc%ce%b1%cf%84%ce%b1","status":"publish","type":"product","link":"https:\/\/stem-eshop.gr\/tr\/urun\/ngs-%ce%ba%cf%8d%ce%ba%ce%bb%cf%89%ce%bc%ce%b1-%ce%bc%ce%b5-%ce%ba%ce%bf%cf%85%ce%bc%cf%80%cf%8e%ce%bc%ce%b1%cf%84%ce%b1\/","title":{"rendered":"\u00c7\u0131t\u00e7\u0131tl\u0131 NGS devresi"},"content":{"rendered":"<p>Snap Circuits \u00e7ocuklar\u0131n ve yeni ba\u015flayanlar\u0131n \u015funlar\u0131 anlamas\u0131na yard\u0131mc\u0131 olur:<\/p>\n<p>Elektronik devreler nelerdir ve nas\u0131l \u00e7al\u0131\u015f\u0131rlar?<\/p>\n<p>Ak\u0131m, diren\u00e7 ve gerilim gibi temel fizik kavramlar\u0131.<\/p>\n<p>\u00c7e\u015fitli elektronik bile\u015fenlerin etkile\u015fimi.<\/p>\n<p>Snap Circuits, kullan\u0131m kolayl\u0131\u011f\u0131 ve g\u00fcvenli yap\u0131s\u0131 sayesinde kullan\u0131c\u0131lar\u0131n elektrik \u00e7arpmas\u0131 veya ekipman hasar\u0131 riski olmadan, elektronik \u00f6\u011frenmesi i\u00e7in e\u011flenceli ve pratik bir yoldur.<\/p>","protected":false},"excerpt":{"rendered":"<p>Snap Devreler, \u00e7ocuklar ve yeni ba\u015flayanlar i\u00e7in elektronik ve elektri\u011fin temel kavramlar\u0131n\u0131 \u00f6\u011frenmeleri amac\u0131yla tasarlanm\u0131\u015f e\u011fitici elektronik devre kitleridir. \u00d6zellikleri, bile\u015fenlerin kablo veya lehimleme gerektirmeden &quot;snap&quot;lar ile kolayca birbirine ba\u011flanabilmesidir.<\/p>","protected":false},"featured_media":4905,"comment_status":"open","ping_status":"closed","template":"","meta":{"site-sidebar-layout":"default","site-content-layout":"","ast-site-content-layout":"default","site-content-style":"default","site-sidebar-style":"default","ast-global-header-display":"","ast-banner-title-visibility":"","ast-main-header-display":"","ast-hfb-above-header-display":"","ast-hfb-below-header-display":"","ast-hfb-mobile-header-display":"","site-post-title":"","ast-breadcrumbs-content":"","ast-featured-img":"","footer-sml-layout":"","ast-disable-related-posts":"","theme-transparent-header-meta":"","adv-header-id-meta":"","stick-header-meta":"","header-above-stick-meta":"","header-main-stick-meta":"","header-below-stick-meta":"","astra-migrate-meta-layouts":"default","ast-page-background-enabled":"default","ast-page-background-meta":{"desktop":{"background-color":"var(--ast-global-color-5)","background-image":"","background-repeat":"repeat","background-position":"center center","background-size":"auto","background-attachment":"scroll","background-type":"","background-media":"","overlay-type":"","overlay-color":"","overlay-opacity":"","overlay-gradient":""},"tablet":{"background-color":"","background-image":"","background-repeat":"repeat","background-position":"center center","background-size":"auto","background-attachment":"scroll","background-type":"","background-media":"","overlay-type":"","overlay-color":"","overlay-opacity":"","overlay-gradient":""},"mobile":{"background-color":"","background-image":"","background-repeat":"repeat","background-position":"center center","background-size":"auto","background-attachment":"scroll","background-type":"","background-media":"","overlay-type":"","overlay-color":"","overlay-opacity":"","overlay-gradient":""}},"ast-content-background-meta":{"desktop":{"background-color":"var(--ast-global-color-4)","background-image":"","background-repeat":"repeat","background-position":"center center","background-size":"auto","background-attachment":"scroll","background-type":"","background-media":"","overlay-type":"","overlay-color":"","overlay-opacity":"","overlay-gradient":""},"tablet":{"background-color":"var(--ast-global-color-4)","background-image":"","background-repeat":"repeat","background-position":"center center","background-size":"auto","background-attachment":"scroll","background-type":"","background-media":"","overlay-type":"","overlay-color":"","overlay-opacity":"","overlay-gradient":""},"mobile":{"background-color":"var(--ast-global-color-4)","background-image":"","background-repeat":"repeat","background-position":"center center","background-size":"auto","background-attachment":"scroll","background-type":"","background-media":"","overlay-type":"","overlay-color":"","overlay-opacity":"","overlay-gradient":""}}},"product_brand":[107],"product_cat":[39,52,38,29,56,30,59,58],"product_tag":[],"class_list":{"0":"post-6845","1":"product","2":"type-product","3":"status-publish","4":"has-post-thumbnail","6":"product_brand-ngs","7":"product_cat-39","8":"product_cat-52","9":"product_cat-38","10":"product_cat-29","11":"product_cat-56","12":"product_cat--6-9-","13":"product_cat-59","14":"product_cat-58","15":"desktop-align-left","16":"tablet-align-left","17":"mobile-align-left","19":"first","20":"instock","21":"taxable","22":"shipping-taxable","23":"purchasable","24":"product-type-simple"},"_links":{"self":[{"href":"https:\/\/stem-eshop.gr\/tr\/wp-json\/wp\/v2\/product\/6845","targetHints":{"allow":["GET"]}}],"collection":[{"href":"https:\/\/stem-eshop.gr\/tr\/wp-json\/wp\/v2\/product"}],"about":[{"href":"https:\/\/stem-eshop.gr\/tr\/wp-json\/wp\/v2\/types\/product"}],"replies":[{"embeddable":true,"href":"https:\/\/stem-eshop.gr\/tr\/wp-json\/wp\/v2\/comments?post=6845"}],"wp:featuredmedia":[{"embeddable":true,"href":"https:\/\/stem-eshop.gr\/tr\/wp-json\/wp\/v2\/media\/4905"}],"wp:attachment":[{"href":"https:\/\/stem-eshop.gr\/tr\/wp-json\/wp\/v2\/media?parent=6845"}],"wp:term":[{"taxonomy":"product_brand","embeddable":true,"href":"https:\/\/stem-eshop.gr\/tr\/wp-json\/wp\/v2\/product_brand?post=6845"},{"taxonomy":"product_cat","embeddable":true,"href":"https:\/\/stem-eshop.gr\/tr\/wp-json\/wp\/v2\/product_cat?post=6845"},{"taxonomy":"product_tag","embeddable":true,"href":"https:\/\/stem-eshop.gr\/tr\/wp-json\/wp\/v2\/product_tag?post=6845"}],"curies":[{"name":"wp","href":"https:\/\/api.w.org\/{rel}","templated":true}]}}