{"id":6844,"date":"2025-05-19T08:54:20","date_gmt":"2025-05-19T08:54:20","guid":{"rendered":"https:\/\/stem-eshop.gr\/product\/ngs-%ce%b5%ce%ba%cf%80%ce%b1%ce%b9%ce%b4%ce%b5%cf%85%cf%84%ce%b9%ce%ba%cf%8c-%cf%80%ce%b1%ce%b9%cf%87%ce%bd%ce%af%ce%b4%ce%b9-%ce%b4%ce%b9%ce%ac%ce%b8%ce%bb%ce%b1%cf%83%ce%b7-%cf%86%cf%89%cf%84%cf%8c\/"},"modified":"2025-05-22T07:40:43","modified_gmt":"2025-05-22T07:40:43","slug":"ngs-%ce%b5%ce%ba%cf%80%ce%b1%ce%b9%ce%b4%ce%b5%cf%85%cf%84%ce%b9%ce%ba%cf%8c-%cf%80%ce%b1%ce%b9%cf%87%ce%bd%ce%af%ce%b4%ce%b9-%ce%b4%ce%b9%ce%ac%ce%b8%ce%bb%ce%b1%cf%83%ce%b7-%cf%86%cf%89%cf%84%cf%8c","status":"publish","type":"product","link":"https:\/\/stem-eshop.gr\/tr\/urun\/ngs-%ce%b5%ce%ba%cf%80%ce%b1%ce%b9%ce%b4%ce%b5%cf%85%cf%84%ce%b9%ce%ba%cf%8c-%cf%80%ce%b1%ce%b9%cf%87%ce%bd%ce%af%ce%b4%ce%b9-%ce%b4%ce%b9%ce%ac%ce%b8%ce%bb%ce%b1%cf%83%ce%b7-%cf%86%cf%89%cf%84%cf%8c\/","title":{"rendered":"NGS e\u011fitim oyunu \u0131\u015f\u0131k k\u0131r\u0131lmas\u0131"},"content":{"rendered":"<p>Oyunda oyuncular, \u0131\u015f\u0131k huzmesini farkl\u0131 malzemelerden ge\u00e7irmek i\u00e7in mercekler, prizmalar veya di\u011fer \u015feffaf y\u00fczeyler kullanabilirler. Ama\u00e7, \u0131\u015f\u0131\u011f\u0131 belirli noktalara y\u00f6nlendirmek veya do\u011fru a\u00e7\u0131 ve malzeme kombinasyonuyla g\u00f6rsel efektler yaratmak olabilir. I\u015f\u0131\u011f\u0131 bir hedefe &quot;do\u011frultmak&quot;, belirli k\u0131r\u0131lma a\u00e7\u0131lar\u0131yla engelleri a\u015fmak veya prizmalarla g\u00f6kku\u015fa\u011f\u0131 olu\u015fturmak gibi zorluklarla kar\u015f\u0131la\u015fabilirsiniz.<\/p>\n<p>B\u00f6yle bir oyun, k\u0131r\u0131lmay\u0131 pratik ve etkile\u015fimli bir \u015fekilde anlamaya yard\u0131mc\u0131 olurken, ayn\u0131 zamanda oyuncular\u0131n d\u00fc\u015f\u00fcnme ve yarat\u0131c\u0131l\u0131klar\u0131n\u0131 da zorlayacakt\u0131r.<\/p>","protected":false},"excerpt":{"rendered":"<p>I\u015f\u0131\u011f\u0131n k\u0131r\u0131lmas\u0131na dayal\u0131 bir oyun, oyuncular\u0131n k\u0131r\u0131lma kavram\u0131n\u0131 anlamalar\u0131na yard\u0131mc\u0131 olarak e\u011fitici ve e\u011flenceli ama\u00e7larla tasarlanabilir. K\u0131r\u0131lma, \u0131\u015f\u0131\u011f\u0131n bir malzemeden di\u011ferine (\u00f6rne\u011fin havadan suya veya cama) ge\u00e7erken y\u00f6n de\u011fi\u015ftirmesi olay\u0131d\u0131r.<\/p>","protected":false},"featured_media":4903,"comment_status":"open","ping_status":"closed","template":"","meta":{"site-sidebar-layout":"default","site-content-layout":"","ast-site-content-layout":"default","site-content-style":"default","site-sidebar-style":"default","ast-global-header-display":"","ast-banner-title-visibility":"","ast-main-header-display":"","ast-hfb-above-header-display":"","ast-hfb-below-header-display":"","ast-hfb-mobile-header-display":"","site-post-title":"","ast-breadcrumbs-content":"","ast-featured-img":"","footer-sml-layout":"","ast-disable-related-posts":"","theme-transparent-header-meta":"","adv-header-id-meta":"","stick-header-meta":"","header-above-stick-meta":"","header-main-stick-meta":"","header-below-stick-meta":"","astra-migrate-meta-layouts":"default","ast-page-background-enabled":"default","ast-page-background-meta":{"desktop":{"background-color":"var(--ast-global-color-5)","background-image":"","background-repeat":"repeat","background-position":"center center","background-size":"auto","background-attachment":"scroll","background-type":"","background-media":"","overlay-type":"","overlay-color":"","overlay-opacity":"","overlay-gradient":""},"tablet":{"background-color":"","background-image":"","background-repeat":"repeat","background-position":"center center","background-size":"auto","background-attachment":"scroll","background-type":"","background-media":"","overlay-type":"","overlay-color":"","overlay-opacity":"","overlay-gradient":""},"mobile":{"background-color":"","background-image":"","background-repeat":"repeat","background-position":"center center","background-size":"auto","background-attachment":"scroll","background-type":"","background-media":"","overlay-type":"","overlay-color":"","overlay-opacity":"","overlay-gradient":""}},"ast-content-background-meta":{"desktop":{"background-color":"var(--ast-global-color-4)","background-image":"","background-repeat":"repeat","background-position":"center center","background-size":"auto","background-attachment":"scroll","background-type":"","background-media":"","overlay-type":"","overlay-color":"","overlay-opacity":"","overlay-gradient":""},"tablet":{"background-color":"var(--ast-global-color-4)","background-image":"","background-repeat":"repeat","background-position":"center center","background-size":"auto","background-attachment":"scroll","background-type":"","background-media":"","overlay-type":"","overlay-color":"","overlay-opacity":"","overlay-gradient":""},"mobile":{"background-color":"var(--ast-global-color-4)","background-image":"","background-repeat":"repeat","background-position":"center center","background-size":"auto","background-attachment":"scroll","background-type":"","background-media":"","overlay-type":"","overlay-color":"","overlay-opacity":"","overlay-gradient":""}}},"product_brand":[107],"product_cat":[39,52,38,29,56,35,30,58],"product_tag":[],"class_list":{"0":"post-6844","1":"product","2":"type-product","3":"status-publish","4":"has-post-thumbnail","6":"product_brand-ngs","7":"product_cat-39","8":"product_cat-52","9":"product_cat-38","10":"product_cat-29","11":"product_cat-56","12":"product_cat--10-12-","13":"product_cat--6-9-","14":"product_cat-58","15":"desktop-align-left","16":"tablet-align-left","17":"mobile-align-left","19":"first","20":"instock","21":"taxable","22":"shipping-taxable","23":"purchasable","24":"product-type-simple"},"_links":{"self":[{"href":"https:\/\/stem-eshop.gr\/tr\/wp-json\/wp\/v2\/product\/6844","targetHints":{"allow":["GET"]}}],"collection":[{"href":"https:\/\/stem-eshop.gr\/tr\/wp-json\/wp\/v2\/product"}],"about":[{"href":"https:\/\/stem-eshop.gr\/tr\/wp-json\/wp\/v2\/types\/product"}],"replies":[{"embeddable":true,"href":"https:\/\/stem-eshop.gr\/tr\/wp-json\/wp\/v2\/comments?post=6844"}],"wp:featuredmedia":[{"embeddable":true,"href":"https:\/\/stem-eshop.gr\/tr\/wp-json\/wp\/v2\/media\/4903"}],"wp:attachment":[{"href":"https:\/\/stem-eshop.gr\/tr\/wp-json\/wp\/v2\/media?parent=6844"}],"wp:term":[{"taxonomy":"product_brand","embeddable":true,"href":"https:\/\/stem-eshop.gr\/tr\/wp-json\/wp\/v2\/product_brand?post=6844"},{"taxonomy":"product_cat","embeddable":true,"href":"https:\/\/stem-eshop.gr\/tr\/wp-json\/wp\/v2\/product_cat?post=6844"},{"taxonomy":"product_tag","embeddable":true,"href":"https:\/\/stem-eshop.gr\/tr\/wp-json\/wp\/v2\/product_tag?post=6844"}],"curies":[{"name":"wp","href":"https:\/\/api.w.org\/{rel}","templated":true}]}}