{"id":6838,"date":"2025-05-19T08:53:49","date_gmt":"2025-05-19T08:53:49","guid":{"rendered":"https:\/\/stem-eshop.gr\/product\/ngs-%ce%bc%ce%bf%ce%bd%cf%84%ce%ad%ce%bb%ce%bf-%ce%ae%ce%bb%ce%b9%ce%bf%cf%85-%cf%86%ce%b5%ce%b3%ce%b3%ce%b1%cf%81%ce%b9%ce%bf%cf%8d-%ce%ba%ce%b1%ce%b9-%ce%b3%ce%b7%cf%82\/"},"modified":"2025-12-11T16:16:44","modified_gmt":"2025-12-11T13:16:44","slug":"ngs-%ce%bc%ce%bf%ce%bd%cf%84%ce%ad%ce%bb%ce%bf-%ce%ae%ce%bb%ce%b9%ce%bf%cf%85-%cf%86%ce%b5%ce%b3%ce%b3%ce%b1%cf%81%ce%b9%ce%bf%cf%8d-%ce%ba%ce%b1%ce%b9-%ce%b3%ce%b7%cf%82","status":"publish","type":"product","link":"https:\/\/stem-eshop.gr\/tr\/urun\/ngs-%ce%bc%ce%bf%ce%bd%cf%84%ce%ad%ce%bb%ce%bf-%ce%ae%ce%bb%ce%b9%ce%bf%cf%85-%cf%86%ce%b5%ce%b3%ce%b3%ce%b1%cf%81%ce%b9%ce%bf%cf%8d-%ce%ba%ce%b1%ce%b9-%ce%b3%ce%b7%cf%82\/","title":{"rendered":"NGS G\u00fcne\u015f Ay ve D\u00fcnya Modeli"},"content":{"rendered":"<p>Do\u011fan\u0131n ger\u00e7ekli\u011fini taklit etmek i\u00e7in, g\u00fcne\u015f sisteminin merkezindeki g\u00fcne\u015f, D\u00fcnya ve Ay&#039;\u0131 ayd\u0131nlatacak bir lambayla ayd\u0131nlat\u0131l\u0131r. D\u00fcnya, G\u00fcne\u015f etraf\u0131ndaki y\u00f6r\u00fcngesinde e\u011fiktir ve Ay&#039;\u0131n D\u00fcnya etraf\u0131ndaki y\u00f6r\u00fcngesi ile D\u00fcnya&#039;n\u0131n G\u00fcne\u015f etraf\u0131ndaki y\u00f6r\u00fcngesi bir a\u00e7\u0131yla kesi\u015fir. Bu \u015fekilde, G\u00fcne\u015f ve Ay tutulmalar\u0131, Ay&#039;\u0131n b\u00fcy\u00fcmesi ve k\u00fc\u00e7\u00fclmesi, D\u00fcnya&#039;n\u0131n d\u00f6n\u00fc\u015f\u00fc, gece ve g\u00fcnd\u00fcz\u00fcn de\u011fi\u015fimi ve mevsimler g\u00f6sterilebilir.<\/p>","protected":false},"excerpt":{"rendered":"<p>Do\u011fan\u0131n ger\u00e7ekli\u011fini taklit etmek i\u00e7in, g\u00fcne\u015f sisteminin merkezindeki g\u00fcne\u015f, D\u00fcnya ve Ay&#039;\u0131 ayd\u0131nlatacak bir lambayla ayd\u0131nlat\u0131l\u0131r. D\u00fcnya, G\u00fcne\u015f etraf\u0131ndaki y\u00f6r\u00fcngesinde e\u011fiktir ve Ay&#039;\u0131n D\u00fcnya etraf\u0131ndaki y\u00f6r\u00fcngesi ile D\u00fcnya&#039;n\u0131n G\u00fcne\u015f etraf\u0131ndaki y\u00f6r\u00fcngesi bir a\u00e7\u0131yla kesi\u015fir. Bu \u015fekilde, G\u00fcne\u015f ve Ay tutulmalar\u0131, Ay&#039;\u0131n b\u00fcy\u00fcmesi ve k\u00fc\u00e7\u00fclmesi, D\u00fcnya&#039;n\u0131n d\u00f6n\u00fc\u015f\u00fc, gece ve g\u00fcnd\u00fcz\u00fcn de\u011fi\u015fimi ve mevsimler g\u00f6sterilebilir.<\/p>","protected":false},"featured_media":5697,"comment_status":"open","ping_status":"closed","template":"","meta":{"site-sidebar-layout":"default","site-content-layout":"","ast-site-content-layout":"default","site-content-style":"default","site-sidebar-style":"default","ast-global-header-display":"","ast-banner-title-visibility":"","ast-main-header-display":"","ast-hfb-above-header-display":"","ast-hfb-below-header-display":"","ast-hfb-mobile-header-display":"","site-post-title":"","ast-breadcrumbs-content":"","ast-featured-img":"","footer-sml-layout":"","ast-disable-related-posts":"","theme-transparent-header-meta":"","adv-header-id-meta":"","stick-header-meta":"","header-above-stick-meta":"","header-main-stick-meta":"","header-below-stick-meta":"","astra-migrate-meta-layouts":"default","ast-page-background-enabled":"default","ast-page-background-meta":{"desktop":{"background-color":"var(--ast-global-color-5)","background-image":"","background-repeat":"repeat","background-position":"center center","background-size":"auto","background-attachment":"scroll","background-type":"","background-media":"","overlay-type":"","overlay-color":"","overlay-opacity":"","overlay-gradient":""},"tablet":{"background-color":"","background-image":"","background-repeat":"repeat","background-position":"center center","background-size":"auto","background-attachment":"scroll","background-type":"","background-media":"","overlay-type":"","overlay-color":"","overlay-opacity":"","overlay-gradient":""},"mobile":{"background-color":"","background-image":"","background-repeat":"repeat","background-position":"center center","background-size":"auto","background-attachment":"scroll","background-type":"","background-media":"","overlay-type":"","overlay-color":"","overlay-opacity":"","overlay-gradient":""}},"ast-content-background-meta":{"desktop":{"background-color":"var(--ast-global-color-4)","background-image":"","background-repeat":"repeat","background-position":"center center","background-size":"auto","background-attachment":"scroll","background-type":"","background-media":"","overlay-type":"","overlay-color":"","overlay-opacity":"","overlay-gradient":""},"tablet":{"background-color":"var(--ast-global-color-4)","background-image":"","background-repeat":"repeat","background-position":"center center","background-size":"auto","background-attachment":"scroll","background-type":"","background-media":"","overlay-type":"","overlay-color":"","overlay-opacity":"","overlay-gradient":""},"mobile":{"background-color":"var(--ast-global-color-4)","background-image":"","background-repeat":"repeat","background-position":"center center","background-size":"auto","background-attachment":"scroll","background-type":"","background-media":"","overlay-type":"","overlay-color":"","overlay-opacity":"","overlay-gradient":""}}},"product_brand":[107],"product_cat":[39,52,38,29,56,35,30,58],"product_tag":[],"class_list":{"0":"post-6838","1":"product","2":"type-product","3":"status-publish","4":"has-post-thumbnail","6":"product_brand-ngs","7":"product_cat-39","8":"product_cat-52","9":"product_cat-38","10":"product_cat-29","11":"product_cat-56","12":"product_cat--10-12-","13":"product_cat--6-9-","14":"product_cat-58","15":"desktop-align-left","16":"tablet-align-left","17":"mobile-align-left","19":"first","20":"instock","21":"taxable","22":"shipping-taxable","23":"purchasable","24":"product-type-simple"},"_links":{"self":[{"href":"https:\/\/stem-eshop.gr\/tr\/wp-json\/wp\/v2\/product\/6838","targetHints":{"allow":["GET"]}}],"collection":[{"href":"https:\/\/stem-eshop.gr\/tr\/wp-json\/wp\/v2\/product"}],"about":[{"href":"https:\/\/stem-eshop.gr\/tr\/wp-json\/wp\/v2\/types\/product"}],"replies":[{"embeddable":true,"href":"https:\/\/stem-eshop.gr\/tr\/wp-json\/wp\/v2\/comments?post=6838"}],"wp:featuredmedia":[{"embeddable":true,"href":"https:\/\/stem-eshop.gr\/tr\/wp-json\/wp\/v2\/media\/5697"}],"wp:attachment":[{"href":"https:\/\/stem-eshop.gr\/tr\/wp-json\/wp\/v2\/media?parent=6838"}],"wp:term":[{"taxonomy":"product_brand","embeddable":true,"href":"https:\/\/stem-eshop.gr\/tr\/wp-json\/wp\/v2\/product_brand?post=6838"},{"taxonomy":"product_cat","embeddable":true,"href":"https:\/\/stem-eshop.gr\/tr\/wp-json\/wp\/v2\/product_cat?post=6838"},{"taxonomy":"product_tag","embeddable":true,"href":"https:\/\/stem-eshop.gr\/tr\/wp-json\/wp\/v2\/product_tag?post=6838"}],"curies":[{"name":"wp","href":"https:\/\/api.w.org\/{rel}","templated":true}]}}