{"id":6834,"date":"2025-05-19T08:53:34","date_gmt":"2025-05-19T08:53:34","guid":{"rendered":"https:\/\/stem-eshop.gr\/product\/ngs-%ce%ba%ce%b9%cf%84-%ce%b5%cf%80%ce%b9%cf%83%cf%84%ce%b7%ce%bc%ce%bf%ce%bd%ce%b9%ce%ba%ce%bf%cf%8d-%cf%80%ce%b1%ce%b9%cf%87%ce%bd%ce%b9%ce%b4%ce%b9%ce%bf%cf%8d-%cf%85%cf%80%ce%bf%ce%b2%cf%81%cf%8d\/"},"modified":"2026-04-15T10:47:16","modified_gmt":"2026-04-15T07:47:16","slug":"ngs-%ce%ba%ce%b9%cf%84-%ce%b5%cf%80%ce%b9%cf%83%cf%84%ce%b7%ce%bc%ce%bf%ce%bd%ce%b9%ce%ba%ce%bf%cf%8d-%cf%80%ce%b1%ce%b9%cf%87%ce%bd%ce%b9%ce%b4%ce%b9%ce%bf%cf%8d-%cf%85%cf%80%ce%bf%ce%b2%cf%81%cf%8d","status":"publish","type":"product","link":"https:\/\/stem-eshop.gr\/tr\/urun\/ngs-%ce%ba%ce%b9%cf%84-%ce%b5%cf%80%ce%b9%cf%83%cf%84%ce%b7%ce%bc%ce%bf%ce%bd%ce%b9%ce%ba%ce%bf%cf%8d-%cf%80%ce%b1%ce%b9%cf%87%ce%bd%ce%b9%ce%b4%ce%b9%ce%bf%cf%8d-%cf%85%cf%80%ce%bf%ce%b2%cf%81%cf%8d\/","title":{"rendered":"\u00c7ocuklar \u0130\u00e7in NGS Sualt\u0131 Fizik Bilim Oyun Seti"},"content":{"rendered":"<p>Bir denizalt\u0131n\u0131n hareketi, a\u011f\u0131rl\u0131\u011f\u0131n\u0131 de\u011fi\u015ftirerek sa\u011flan\u0131r. Denizalt\u0131n\u0131n birden fazla depolama tank\u0131 vard\u0131r ve denizalt\u0131 batmak istedi\u011finde tank\u0131 suyla doldurur, bu da denizalt\u0131n\u0131n a\u011f\u0131rl\u0131\u011f\u0131n\u0131 art\u0131r\u0131r ve bu da deplasman\u0131ndan daha fazla olur ve denizalt\u0131 batar. Y\u00fczmek istedi\u011finde ise suyu d\u0131\u015far\u0131 bo\u015falt\u0131r, b\u00f6ylece denizalt\u0131n\u0131n a\u011f\u0131rl\u0131\u011f\u0131 deplasman\u0131ndan daha az olur ve denizalt\u0131 y\u00fczer.<\/p>","protected":false},"excerpt":{"rendered":"<p>Kendin Yap Denizalt\u0131 Y\u00fczd\u00fcrme Fizik Seti.<\/p>","protected":false},"featured_media":5686,"comment_status":"open","ping_status":"closed","template":"","meta":{"site-sidebar-layout":"default","site-content-layout":"","ast-site-content-layout":"default","site-content-style":"default","site-sidebar-style":"default","ast-global-header-display":"","ast-banner-title-visibility":"","ast-main-header-display":"","ast-hfb-above-header-display":"","ast-hfb-below-header-display":"","ast-hfb-mobile-header-display":"","site-post-title":"","ast-breadcrumbs-content":"","ast-featured-img":"","footer-sml-layout":"","ast-disable-related-posts":"","theme-transparent-header-meta":"","adv-header-id-meta":"","stick-header-meta":"","header-above-stick-meta":"","header-main-stick-meta":"","header-below-stick-meta":"","astra-migrate-meta-layouts":"default","ast-page-background-enabled":"default","ast-page-background-meta":{"desktop":{"background-color":"var(--ast-global-color-5)","background-image":"","background-repeat":"repeat","background-position":"center center","background-size":"auto","background-attachment":"scroll","background-type":"","background-media":"","overlay-type":"","overlay-color":"","overlay-opacity":"","overlay-gradient":""},"tablet":{"background-color":"","background-image":"","background-repeat":"repeat","background-position":"center center","background-size":"auto","background-attachment":"scroll","background-type":"","background-media":"","overlay-type":"","overlay-color":"","overlay-opacity":"","overlay-gradient":""},"mobile":{"background-color":"","background-image":"","background-repeat":"repeat","background-position":"center center","background-size":"auto","background-attachment":"scroll","background-type":"","background-media":"","overlay-type":"","overlay-color":"","overlay-opacity":"","overlay-gradient":""}},"ast-content-background-meta":{"desktop":{"background-color":"var(--ast-global-color-4)","background-image":"","background-repeat":"repeat","background-position":"center center","background-size":"auto","background-attachment":"scroll","background-type":"","background-media":"","overlay-type":"","overlay-color":"","overlay-opacity":"","overlay-gradient":""},"tablet":{"background-color":"var(--ast-global-color-4)","background-image":"","background-repeat":"repeat","background-position":"center center","background-size":"auto","background-attachment":"scroll","background-type":"","background-media":"","overlay-type":"","overlay-color":"","overlay-opacity":"","overlay-gradient":""},"mobile":{"background-color":"var(--ast-global-color-4)","background-image":"","background-repeat":"repeat","background-position":"center center","background-size":"auto","background-attachment":"scroll","background-type":"","background-media":"","overlay-type":"","overlay-color":"","overlay-opacity":"","overlay-gradient":""}}},"product_brand":[107],"product_cat":[39,52,38,29,56,35,30,59,58],"product_tag":[],"class_list":{"0":"post-6834","1":"product","2":"type-product","3":"status-publish","4":"has-post-thumbnail","6":"product_brand-ngs","7":"product_cat-39","8":"product_cat-52","9":"product_cat-38","10":"product_cat-29","11":"product_cat-56","12":"product_cat--10-12-","13":"product_cat--6-9-","14":"product_cat-59","15":"product_cat-58","16":"desktop-align-left","17":"tablet-align-left","18":"mobile-align-left","20":"first","21":"instock","22":"taxable","23":"shipping-taxable","24":"purchasable","25":"product-type-simple"},"_links":{"self":[{"href":"https:\/\/stem-eshop.gr\/tr\/wp-json\/wp\/v2\/product\/6834","targetHints":{"allow":["GET"]}}],"collection":[{"href":"https:\/\/stem-eshop.gr\/tr\/wp-json\/wp\/v2\/product"}],"about":[{"href":"https:\/\/stem-eshop.gr\/tr\/wp-json\/wp\/v2\/types\/product"}],"replies":[{"embeddable":true,"href":"https:\/\/stem-eshop.gr\/tr\/wp-json\/wp\/v2\/comments?post=6834"}],"wp:featuredmedia":[{"embeddable":true,"href":"https:\/\/stem-eshop.gr\/tr\/wp-json\/wp\/v2\/media\/5686"}],"wp:attachment":[{"href":"https:\/\/stem-eshop.gr\/tr\/wp-json\/wp\/v2\/media?parent=6834"}],"wp:term":[{"taxonomy":"product_brand","embeddable":true,"href":"https:\/\/stem-eshop.gr\/tr\/wp-json\/wp\/v2\/product_brand?post=6834"},{"taxonomy":"product_cat","embeddable":true,"href":"https:\/\/stem-eshop.gr\/tr\/wp-json\/wp\/v2\/product_cat?post=6834"},{"taxonomy":"product_tag","embeddable":true,"href":"https:\/\/stem-eshop.gr\/tr\/wp-json\/wp\/v2\/product_tag?post=6834"}],"curies":[{"name":"wp","href":"https:\/\/api.w.org\/{rel}","templated":true}]}}