{"id":6819,"date":"2025-05-19T08:52:08","date_gmt":"2025-05-19T08:52:08","guid":{"rendered":"https:\/\/stem-eshop.gr\/product\/soft-clemmy-%ce%b1%ce%b9%cf%83%ce%b8%ce%b7%cf%84%ce%b7%cf%81%ce%b9%ce%b1%ce%ba%cf%8c%cf%82-%ce%ba%ce%bf%cf%85%ce%b2%ce%ac%cf%82-%ce%bc%ce%b5-15-%ce%bc%ce%b1%ce%bb%ce%b1%ce%ba%ce%ac-premium-%cf%84\/"},"modified":"2025-10-15T17:09:12","modified_gmt":"2025-10-15T14:09:12","slug":"soft-clemmy-%ce%b1%ce%b9%cf%83%ce%b8%ce%b7%cf%84%ce%b7%cf%81%ce%b9%ce%b1%ce%ba%cf%8c%cf%82-%ce%ba%ce%bf%cf%85%ce%b2%ce%ac%cf%82-%ce%bc%ce%b5-15-%ce%bc%ce%b1%ce%bb%ce%b1%ce%ba%ce%ac-premium-%cf%84","status":"publish","type":"product","link":"https:\/\/stem-eshop.gr\/tr\/urun\/soft-clemmy-%ce%b1%ce%b9%cf%83%ce%b8%ce%b7%cf%84%ce%b7%cf%81%ce%b9%ce%b1%ce%ba%cf%8c%cf%82-%ce%ba%ce%bf%cf%85%ce%b2%ce%ac%cf%82-%ce%bc%ce%b5-15-%ce%bc%ce%b1%ce%bb%ce%b1%ce%ba%ce%ac-premium-%cf%84\/","title":{"rendered":"6-36 Ay \u0130\u00e7in 15 Yumu\u015fak Premium Tu\u011fla \u0130\u00e7eren Yumu\u015fak Clemmy Duyusal Kova"},"content":{"rendered":"<p class=\"MsoNormal\">Yumu\u015fak ve renkli tu\u011flalar, \u00e7ocu\u011fun el becerilerinin, dokunma duyusunun ve g\u00f6rsel alg\u0131s\u0131n\u0131n geli\u015fmesine yard\u0131mc\u0131 oluyor. <span lang=\"en-us\" xml:lang=\"en-us\"><\/span><\/p>\n<p class=\"MsoNormal\">Yeni kapak oyunun bir par\u00e7as\u0131, tu\u011flalar yuvalara istiflenebiliyor veya \u00e7i\u00e7ek \u015feklindeki a\u00e7\u0131kl\u0131ktan kutuya yerle\u015ftirilebiliyor.<\/p>\n<p class=\"MsoNormal\">\u0130talya&#039;da \u00fcretilmektedir. <span lang=\"en-us\" xml:lang=\"en-us\"><\/span><\/p>\n<p class=\"MsoNormal\">Clemmy&#039;nin yumu\u015fak ve renkli d\u00fcnyas\u0131, \u00e7ocu\u011funuzu g\u00fcvenle e\u011flendirmek ve e\u011flendirmek i\u00e7in burada. \u0130lk aylarda, 6 ila 36 ay aras\u0131 \u00e7ocuklar i\u00e7in \u00f6zel olarak tasarlanm\u0131\u015f Soft Clemmy yumu\u015fak bloklar\u0131 idealdir. Toksik olmayan malzemelerden \u00fcretilen bu bloklar, kolayca y\u0131kan\u0131p temizlenebilir ve tamamen g\u00fcvenlidir! Son derece dayan\u0131kl\u0131d\u0131rlar ve saatlerce yarat\u0131c\u0131 oyun deneyimi sunarlar! Clementoni&#039;ye \u00f6zel patentli Clemmy yumu\u015fak bloklar\u0131, \u00e7ocu\u011funuzun g\u00f6rsel alg\u0131s\u0131n\u0131, hayal g\u00fcc\u00fcn\u00fc ve g\u00f6zlem yetene\u011fini harekete ge\u00e7irir.<\/p><\/p>","protected":false},"excerpt":{"rendered":"<p class=\"MsoNormal\">Farkl\u0131 dokular\u0131 bir araya getiren yumu\u015fak kapakl\u0131 yeni bir kova. Kabartmal\u0131 y\u00fczeyler ve sonsuz oyun i\u00e7in 15 yumu\u015fak Clemmy tu\u011flas\u0131.<\/p><\/p>","protected":false},"featured_media":5657,"comment_status":"open","ping_status":"closed","template":"","meta":{"site-sidebar-layout":"default","site-content-layout":"","ast-site-content-layout":"default","site-content-style":"default","site-sidebar-style":"default","ast-global-header-display":"","ast-banner-title-visibility":"","ast-main-header-display":"","ast-hfb-above-header-display":"","ast-hfb-below-header-display":"","ast-hfb-mobile-header-display":"","site-post-title":"","ast-breadcrumbs-content":"","ast-featured-img":"","footer-sml-layout":"","ast-disable-related-posts":"","theme-transparent-header-meta":"","adv-header-id-meta":"","stick-header-meta":"","header-above-stick-meta":"","header-main-stick-meta":"","header-below-stick-meta":"","astra-migrate-meta-layouts":"default","ast-page-background-enabled":"default","ast-page-background-meta":{"desktop":{"background-color":"var(--ast-global-color-5)","background-image":"","background-repeat":"repeat","background-position":"center center","background-size":"auto","background-attachment":"scroll","background-type":"","background-media":"","overlay-type":"","overlay-color":"","overlay-opacity":"","overlay-gradient":""},"tablet":{"background-color":"","background-image":"","background-repeat":"repeat","background-position":"center center","background-size":"auto","background-attachment":"scroll","background-type":"","background-media":"","overlay-type":"","overlay-color":"","overlay-opacity":"","overlay-gradient":""},"mobile":{"background-color":"","background-image":"","background-repeat":"repeat","background-position":"center center","background-size":"auto","background-attachment":"scroll","background-type":"","background-media":"","overlay-type":"","overlay-color":"","overlay-opacity":"","overlay-gradient":""}},"ast-content-background-meta":{"desktop":{"background-color":"var(--ast-global-color-4)","background-image":"","background-repeat":"repeat","background-position":"center center","background-size":"auto","background-attachment":"scroll","background-type":"","background-media":"","overlay-type":"","overlay-color":"","overlay-opacity":"","overlay-gradient":""},"tablet":{"background-color":"var(--ast-global-color-4)","background-image":"","background-repeat":"repeat","background-position":"center center","background-size":"auto","background-attachment":"scroll","background-type":"","background-media":"","overlay-type":"","overlay-color":"","overlay-opacity":"","overlay-gradient":""},"mobile":{"background-color":"var(--ast-global-color-4)","background-image":"","background-repeat":"repeat","background-position":"center center","background-size":"auto","background-attachment":"scroll","background-type":"","background-media":"","overlay-type":"","overlay-color":"","overlay-opacity":"","overlay-gradient":""}}},"product_brand":[102],"product_cat":[126,43,50,29,55,26],"product_tag":[],"class_list":{"0":"post-6819","1":"product","2":"type-product","3":"status-publish","4":"has-post-thumbnail","6":"product_brand-clementoni","7":"product_cat-126","8":"product_cat-43","9":"product_cat-50","10":"product_cat-29","11":"product_cat-55","12":"product_cat-26","13":"desktop-align-left","14":"tablet-align-left","15":"mobile-align-left","17":"first","18":"instock","19":"taxable","20":"shipping-taxable","21":"purchasable","22":"product-type-simple"},"_links":{"self":[{"href":"https:\/\/stem-eshop.gr\/tr\/wp-json\/wp\/v2\/product\/6819","targetHints":{"allow":["GET"]}}],"collection":[{"href":"https:\/\/stem-eshop.gr\/tr\/wp-json\/wp\/v2\/product"}],"about":[{"href":"https:\/\/stem-eshop.gr\/tr\/wp-json\/wp\/v2\/types\/product"}],"replies":[{"embeddable":true,"href":"https:\/\/stem-eshop.gr\/tr\/wp-json\/wp\/v2\/comments?post=6819"}],"wp:featuredmedia":[{"embeddable":true,"href":"https:\/\/stem-eshop.gr\/tr\/wp-json\/wp\/v2\/media\/5657"}],"wp:attachment":[{"href":"https:\/\/stem-eshop.gr\/tr\/wp-json\/wp\/v2\/media?parent=6819"}],"wp:term":[{"taxonomy":"product_brand","embeddable":true,"href":"https:\/\/stem-eshop.gr\/tr\/wp-json\/wp\/v2\/product_brand?post=6819"},{"taxonomy":"product_cat","embeddable":true,"href":"https:\/\/stem-eshop.gr\/tr\/wp-json\/wp\/v2\/product_cat?post=6819"},{"taxonomy":"product_tag","embeddable":true,"href":"https:\/\/stem-eshop.gr\/tr\/wp-json\/wp\/v2\/product_tag?post=6819"}],"curies":[{"name":"wp","href":"https:\/\/api.w.org\/{rel}","templated":true}]}}