{"id":6814,"date":"2025-05-19T08:51:59","date_gmt":"2025-05-19T08:51:59","guid":{"rendered":"https:\/\/stem-eshop.gr\/product\/pop-bubbles-simple-dimple-fidget-spinners\/"},"modified":"2025-10-30T18:24:22","modified_gmt":"2025-10-30T15:24:22","slug":"pop-bubbles-simple-dimple-fidget-spinners","status":"publish","type":"product","link":"https:\/\/stem-eshop.gr\/tr\/urun\/pop-bubbles-simple-dimple-fidget-spinners\/","title":{"rendered":"Pop Bubbles Simple Dimple Fidget Spinners"},"content":{"rendered":"<p class=\"MsoNormal\">Ayr\u0131nt\u0131l\u0131 olarak:<\/p>\n<p class=\"MsoNormal\">Etkile\u015fimli Tasar\u0131m:<\/p>\n<p class=\"MsoNormal\">Klasik spinner&#039;\u0131 \u015f\u0131k pop baloncuklar\u0131yla birle\u015ftirerek \u00e7ift i\u015flevli bir kullan\u0131m sunuyor.<\/p>\n<p class=\"MsoNormal\">Pop Bubbles, s\u0131k\u0131labilen, ho\u015f bir his ve ses \u00e7\u0131karan esnek y\u00fczeylerdir.<\/p>\n<p class=\"MsoNormal\">Y\u00fcksek Kaliteli Malzemeler:<\/p>\n<p class=\"MsoNormal\">Baloncuklar i\u00e7in g\u00fcvenli, toksik olmayan silikon malzemeden ve d\u00f6ner taban i\u00e7in dayan\u0131kl\u0131 plastikten yap\u0131lm\u0131\u015ft\u0131r.<\/p>\n<p class=\"MsoNormal\">S\u0131k kullan\u0131ma dayan\u0131kl\u0131d\u0131r, y\u0131pranmaz.<\/p>\n<p class=\"MsoNormal\">Kullan\u0131m Kolayl\u0131\u011f\u0131:<\/p>\n<p class=\"MsoNormal\">Hafif ve ergonomiktir, \u00e7ocuklar ve yeti\u015fkinler i\u00e7in idealdir.<\/p>\n<p class=\"MsoNormal\">Ta\u015f\u0131mas\u0131 kolayd\u0131r, evde, okulda veya ofiste kullan\u0131ma uygundur.<\/p>\n<p class=\"MsoNormal\">Faydalar:<\/p>\n<p class=\"MsoNormal\">Duyusal oyun yoluyla stresi azalt\u0131r ve rahatlamaya yard\u0131mc\u0131 olur.<\/p>\n<p class=\"MsoNormal\">Konsantrasyonu ve odaklanmay\u0131 art\u0131r\u0131r.<\/p>\n<p class=\"MsoNormal\">\u00d6\u011frenci, \u00e7al\u0131\u015fan gibi ellerini me\u015fgul edecek bir \u015feye ihtiya\u00e7 duyanlar i\u00e7in idealdir.<\/p>\n<p class=\"MsoNormal\">Renkler ve Stiller:<\/p>\n<p class=\"MsoNormal\">Daha da \u00e7ekici hale getiren \u00e7e\u015fitli canl\u0131 renkler mevcuttur.<\/p>\n<p class=\"MsoNormal\">\u00c7oklu E\u011flence:<\/p>\n<p class=\"MsoNormal\">Fidget spinner&#039;\u0131n d\u00f6nme hareketini baloncuklar\u0131n sakinle\u015ftirici etkisiyle birle\u015ftiriyor.<\/p>\n<p class=\"MsoNormal\">Pop Bubbles Simple Dimple Fidget Spinners, her ya\u015ftan insan i\u00e7in e\u011flence, stres atma ve duyusal rahatlama sa\u011flayan m\u00fckemmel bir aksesuard\u0131r.<\/p>","protected":false},"excerpt":{"rendered":"<p>Pop Bubbles Simple Dimple Fidget Spinners, e\u011flence ve rahatlaman\u0131n birle\u015fimi olup benzersiz bir duyusal oyun deneyimi sunar.<\/p>","protected":false},"featured_media":4868,"comment_status":"open","ping_status":"closed","template":"","meta":{"site-sidebar-layout":"default","site-content-layout":"","ast-site-content-layout":"default","site-content-style":"default","site-sidebar-style":"default","ast-global-header-display":"","ast-banner-title-visibility":"","ast-main-header-display":"","ast-hfb-above-header-display":"","ast-hfb-below-header-display":"","ast-hfb-mobile-header-display":"","site-post-title":"","ast-breadcrumbs-content":"","ast-featured-img":"","footer-sml-layout":"","ast-disable-related-posts":"","theme-transparent-header-meta":"default","adv-header-id-meta":"","stick-header-meta":"","header-above-stick-meta":"","header-main-stick-meta":"","header-below-stick-meta":"","astra-migrate-meta-layouts":"set","ast-page-background-enabled":"default","ast-page-background-meta":{"desktop":{"background-color":"var(--ast-global-color-5)","background-image":"","background-repeat":"repeat","background-position":"center center","background-size":"auto","background-attachment":"scroll","background-type":"","background-media":"","overlay-type":"","overlay-color":"","overlay-opacity":"","overlay-gradient":""},"tablet":{"background-color":"","background-image":"","background-repeat":"repeat","background-position":"center center","background-size":"auto","background-attachment":"scroll","background-type":"","background-media":"","overlay-type":"","overlay-color":"","overlay-opacity":"","overlay-gradient":""},"mobile":{"background-color":"","background-image":"","background-repeat":"repeat","background-position":"center center","background-size":"auto","background-attachment":"scroll","background-type":"","background-media":"","overlay-type":"","overlay-color":"","overlay-opacity":"","overlay-gradient":""}},"ast-content-background-meta":{"desktop":{"background-color":"var(--ast-global-color-4)","background-image":"","background-repeat":"repeat","background-position":"center center","background-size":"auto","background-attachment":"scroll","background-type":"","background-media":"","overlay-type":"","overlay-color":"","overlay-opacity":"","overlay-gradient":""},"tablet":{"background-color":"var(--ast-global-color-4)","background-image":"","background-repeat":"repeat","background-position":"center center","background-size":"auto","background-attachment":"scroll","background-type":"","background-media":"","overlay-type":"","overlay-color":"","overlay-opacity":"","overlay-gradient":""},"mobile":{"background-color":"var(--ast-global-color-4)","background-image":"","background-repeat":"repeat","background-position":"center center","background-size":"auto","background-attachment":"scroll","background-type":"","background-media":"","overlay-type":"","overlay-color":"","overlay-opacity":"","overlay-gradient":""}}},"product_brand":[107],"product_cat":[126,44,56,47,35,40,30,55,26],"product_tag":[],"class_list":{"0":"post-6814","1":"product","2":"type-product","3":"status-publish","4":"has-post-thumbnail","6":"product_brand-ngs","7":"product_cat-126","8":"product_cat-44","9":"product_cat-56","10":"product_cat-47","11":"product_cat--10-12-","12":"product_cat--12-","13":"product_cat--6-9-","14":"product_cat-55","15":"product_cat-26","16":"desktop-align-left","17":"tablet-align-left","18":"mobile-align-left","20":"first","21":"instock","22":"taxable","23":"shipping-taxable","24":"purchasable","25":"product-type-simple"},"_links":{"self":[{"href":"https:\/\/stem-eshop.gr\/tr\/wp-json\/wp\/v2\/product\/6814","targetHints":{"allow":["GET"]}}],"collection":[{"href":"https:\/\/stem-eshop.gr\/tr\/wp-json\/wp\/v2\/product"}],"about":[{"href":"https:\/\/stem-eshop.gr\/tr\/wp-json\/wp\/v2\/types\/product"}],"replies":[{"embeddable":true,"href":"https:\/\/stem-eshop.gr\/tr\/wp-json\/wp\/v2\/comments?post=6814"}],"wp:featuredmedia":[{"embeddable":true,"href":"https:\/\/stem-eshop.gr\/tr\/wp-json\/wp\/v2\/media\/4868"}],"wp:attachment":[{"href":"https:\/\/stem-eshop.gr\/tr\/wp-json\/wp\/v2\/media?parent=6814"}],"wp:term":[{"taxonomy":"product_brand","embeddable":true,"href":"https:\/\/stem-eshop.gr\/tr\/wp-json\/wp\/v2\/product_brand?post=6814"},{"taxonomy":"product_cat","embeddable":true,"href":"https:\/\/stem-eshop.gr\/tr\/wp-json\/wp\/v2\/product_cat?post=6814"},{"taxonomy":"product_tag","embeddable":true,"href":"https:\/\/stem-eshop.gr\/tr\/wp-json\/wp\/v2\/product_tag?post=6814"}],"curies":[{"name":"wp","href":"https:\/\/api.w.org\/{rel}","templated":true}]}}