{"id":6813,"date":"2025-05-19T08:51:57","date_gmt":"2025-05-19T08:51:57","guid":{"rendered":"https:\/\/stem-eshop.gr\/product\/fidget-spinner-%ce%bc%ce%b5%cf%84%ce%b1%cf%83%cf%87%ce%b7%ce%bc%ce%b1%cf%84%ce%b9%ce%b6%cf%8c%ce%bc%ce%b5%ce%bd%ce%b7-%ce%b1%ce%bb%cf%85%cf%83%ce%af%ce%b4%ce%b1-%ce%bc%ce%b7%cf%87%ce%b1%ce%bd\/"},"modified":"2025-10-30T18:24:22","modified_gmt":"2025-10-30T15:24:22","slug":"fidget-spinner-%ce%bc%ce%b5%cf%84%ce%b1%cf%83%cf%87%ce%b7%ce%bc%ce%b1%cf%84%ce%b9%ce%b6%cf%8c%ce%bc%ce%b5%ce%bd%ce%b7-%ce%b1%ce%bb%cf%85%cf%83%ce%af%ce%b4%ce%b1-%ce%bc%ce%b7%cf%87%ce%b1%ce%bd","status":"publish","type":"product","link":"https:\/\/stem-eshop.gr\/tr\/urun\/fidget-spinner-%ce%bc%ce%b5%cf%84%ce%b1%cf%83%cf%87%ce%b7%ce%bc%ce%b1%cf%84%ce%b9%ce%b6%cf%8c%ce%bc%ce%b5%ce%bd%ce%b7-%ce%b1%ce%bb%cf%85%cf%83%ce%af%ce%b4%ce%b1-%ce%bc%ce%b7%cf%87%ce%b1%ce%bd\/","title":{"rendered":"Fidget Spinner \u2013 D\u00f6n\u00fc\u015ft\u00fcr\u00fclebilir Zincir ve Mekanik Spinner"},"content":{"rendered":"<p class=\"MsoNormal\">Ayr\u0131nt\u0131l\u0131 olarak:<\/p>\n<p class=\"MsoNormal\">Benzersiz Tasar\u0131m:<\/p>\n<p class=\"MsoNormal\">\u0130plik\u00e7inin \u00e7e\u015fitli \u015fekillere d\u00f6n\u00fc\u015fmesini sa\u011flayan konnekt\u00f6rler i\u00e7erir.<\/p>\n<p class=\"MsoNormal\">Ki\u015fiselle\u015ftirmeye ve ki\u015fisel stile olanak tan\u0131r.<\/p>\n<p class=\"MsoNormal\">Mekanik Rotasyon:<\/p>\n<p class=\"MsoNormal\">Sessiz ve d\u00fczg\u00fcn d\u00f6n\u00fc\u015f i\u00e7in y\u00fcksek kaliteli rulmanlarla donat\u0131lm\u0131\u015ft\u0131r.<\/p>\n<p class=\"MsoNormal\">Kullan\u0131m keyfini ve deneyimini artt\u0131ran mekanik olarak hareket eden par\u00e7alara sahiptir.<\/p>\n<p class=\"MsoNormal\">\u0130n\u015faat Malzemeleri:<\/p>\n<p class=\"MsoNormal\">Uzun \u00f6m\u00fcrl\u00fc olmas\u0131 i\u00e7in metal ala\u015f\u0131m veya y\u00fcksek kaliteli plastik gibi dayan\u0131kl\u0131 malzemeler.<\/p>\n<p class=\"MsoNormal\">Rahat ve g\u00fcvenli kullan\u0131m i\u00e7in p\u00fcr\u00fczs\u00fcz ve g\u00fcvenli kenarlar.<\/p>\n<p class=\"MsoNormal\">Polimorfik Kullan\u0131m:<\/p>\n<p class=\"MsoNormal\">Klasik bir stres \u00e7ark\u0131 olarak kullan\u0131labilece\u011fi gibi, d\u00f6n\u00fc\u015fen zincirleri ile bir in\u015faat oyunca\u011f\u0131 olarak da kullan\u0131labilir.<\/p>\n<p class=\"MsoNormal\">M\u00fchendislik ve yarat\u0131c\u0131l\u0131kla deney yapmaktan ho\u015flananlar i\u00e7in ideal.<\/p>\n<p class=\"MsoNormal\">Faydalar:<\/p>\n<p class=\"MsoNormal\">Rahatlamaya yard\u0131mc\u0131 olur, stresi azalt\u0131r ve konsantrasyonu art\u0131r\u0131r.<\/p>\n<p class=\"MsoNormal\">Hayal g\u00fcc\u00fcn\u00fc ve el sanatlar\u0131n\u0131 te\u015fvik ederek, e\u011flence ve beceri geli\u015fiminin e\u015fsiz bir birle\u015fimini sunar.<\/p>\n<p class=\"MsoNormal\">Ta\u015f\u0131nabilir ve Hafif:<\/p>\n<p class=\"MsoNormal\">Kompakt boyutu sayesinde cebinizde veya \u00e7antan\u0131zda rahatl\u0131kla ta\u015f\u0131yabilirsiniz.<\/p>\n<p><span style=\"font-size: 11pt; line-height: 107%; font-family: Calibri, sans-serif;\">Fidget Spinner, yenilik, yarat\u0131c\u0131l\u0131k ve e\u011flenceyi bir arada arayanlar i\u00e7in ideal bir se\u00e7imdir.<\/span><\/p>","protected":false},"excerpt":{"rendered":"<p>Fidget Spinner \u2013 D\u00f6n\u00fc\u015ft\u00fcr\u00fclebilir Zincir ve Mekanik D\u00f6nd\u00fcr\u00fcc\u00fc, yarat\u0131c\u0131l\u0131\u011f\u0131, i\u015flevselli\u011fi ve e\u011flenceyi bir araya getiren yenilik\u00e7i bir oyuncakt\u0131r.<\/p>","protected":false},"featured_media":4863,"comment_status":"open","ping_status":"closed","template":"","meta":{"site-sidebar-layout":"default","site-content-layout":"","ast-site-content-layout":"default","site-content-style":"default","site-sidebar-style":"default","ast-global-header-display":"","ast-banner-title-visibility":"","ast-main-header-display":"","ast-hfb-above-header-display":"","ast-hfb-below-header-display":"","ast-hfb-mobile-header-display":"","site-post-title":"","ast-breadcrumbs-content":"","ast-featured-img":"","footer-sml-layout":"","ast-disable-related-posts":"","theme-transparent-header-meta":"default","adv-header-id-meta":"","stick-header-meta":"","header-above-stick-meta":"","header-main-stick-meta":"","header-below-stick-meta":"","astra-migrate-meta-layouts":"set","ast-page-background-enabled":"default","ast-page-background-meta":{"desktop":{"background-color":"var(--ast-global-color-5)","background-image":"","background-repeat":"repeat","background-position":"center center","background-size":"auto","background-attachment":"scroll","background-type":"","background-media":"","overlay-type":"","overlay-color":"","overlay-opacity":"","overlay-gradient":""},"tablet":{"background-color":"","background-image":"","background-repeat":"repeat","background-position":"center center","background-size":"auto","background-attachment":"scroll","background-type":"","background-media":"","overlay-type":"","overlay-color":"","overlay-opacity":"","overlay-gradient":""},"mobile":{"background-color":"","background-image":"","background-repeat":"repeat","background-position":"center center","background-size":"auto","background-attachment":"scroll","background-type":"","background-media":"","overlay-type":"","overlay-color":"","overlay-opacity":"","overlay-gradient":""}},"ast-content-background-meta":{"desktop":{"background-color":"var(--ast-global-color-4)","background-image":"","background-repeat":"repeat","background-position":"center center","background-size":"auto","background-attachment":"scroll","background-type":"","background-media":"","overlay-type":"","overlay-color":"","overlay-opacity":"","overlay-gradient":""},"tablet":{"background-color":"var(--ast-global-color-4)","background-image":"","background-repeat":"repeat","background-position":"center center","background-size":"auto","background-attachment":"scroll","background-type":"","background-media":"","overlay-type":"","overlay-color":"","overlay-opacity":"","overlay-gradient":""},"mobile":{"background-color":"var(--ast-global-color-4)","background-image":"","background-repeat":"repeat","background-position":"center center","background-size":"auto","background-attachment":"scroll","background-type":"","background-media":"","overlay-type":"","overlay-color":"","overlay-opacity":"","overlay-gradient":""}}},"product_brand":[107],"product_cat":[126,50,56,47,37,35,40,30,55],"product_tag":[],"class_list":{"0":"post-6813","1":"product","2":"type-product","3":"status-publish","4":"has-post-thumbnail","6":"product_brand-ngs","7":"product_cat-126","8":"product_cat-50","9":"product_cat-56","10":"product_cat-47","11":"product_cat-37","12":"product_cat--10-12-","13":"product_cat--12-","14":"product_cat--6-9-","15":"product_cat-55","16":"desktop-align-left","17":"tablet-align-left","18":"mobile-align-left","20":"first","21":"instock","22":"taxable","23":"shipping-taxable","24":"purchasable","25":"product-type-simple"},"_links":{"self":[{"href":"https:\/\/stem-eshop.gr\/tr\/wp-json\/wp\/v2\/product\/6813","targetHints":{"allow":["GET"]}}],"collection":[{"href":"https:\/\/stem-eshop.gr\/tr\/wp-json\/wp\/v2\/product"}],"about":[{"href":"https:\/\/stem-eshop.gr\/tr\/wp-json\/wp\/v2\/types\/product"}],"replies":[{"embeddable":true,"href":"https:\/\/stem-eshop.gr\/tr\/wp-json\/wp\/v2\/comments?post=6813"}],"wp:featuredmedia":[{"embeddable":true,"href":"https:\/\/stem-eshop.gr\/tr\/wp-json\/wp\/v2\/media\/4863"}],"wp:attachment":[{"href":"https:\/\/stem-eshop.gr\/tr\/wp-json\/wp\/v2\/media?parent=6813"}],"wp:term":[{"taxonomy":"product_brand","embeddable":true,"href":"https:\/\/stem-eshop.gr\/tr\/wp-json\/wp\/v2\/product_brand?post=6813"},{"taxonomy":"product_cat","embeddable":true,"href":"https:\/\/stem-eshop.gr\/tr\/wp-json\/wp\/v2\/product_cat?post=6813"},{"taxonomy":"product_tag","embeddable":true,"href":"https:\/\/stem-eshop.gr\/tr\/wp-json\/wp\/v2\/product_tag?post=6813"}],"curies":[{"name":"wp","href":"https:\/\/api.w.org\/{rel}","templated":true}]}}