{"id":6812,"date":"2025-05-19T08:51:55","date_gmt":"2025-05-19T08:51:55","guid":{"rendered":"https:\/\/stem-eshop.gr\/product\/3d-fidget-spinner\/"},"modified":"2025-12-31T09:06:27","modified_gmt":"2025-12-31T06:06:27","slug":"3d-fidget-spinner","status":"publish","type":"product","link":"https:\/\/stem-eshop.gr\/tr\/urun\/3d-fidget-spinner\/","title":{"rendered":"3D Fidget Spinner"},"content":{"rendered":"<p class=\"MsoNormal\">A\u00e7\u0131klama \u015f\u00f6yle:<\/p>\n<p class=\"MsoNormal\">Devrim Niteli\u011finde Tasar\u0131m:<\/p>\n<p class=\"MsoNormal\">Geometrik 3D sonsuzluk tasar\u0131m\u0131yla in\u015fa edilmi\u015f olup, d\u00f6nerken etkileyici bir g\u00f6rsel hareket sunar.<\/p>\n<p class=\"MsoNormal\">F\u00fct\u00fcristik esteti\u011fe sahip modern aletleri sevenler i\u00e7in ideal.<\/p>\n<p class=\"MsoNormal\">Y\u00fcksek Kaliteli Malzemeler:<\/p>\n<p class=\"MsoNormal\">Dayan\u0131kl\u0131l\u0131k ve sorunsuz \u00e7al\u0131\u015fma i\u00e7in dayan\u0131kl\u0131 metal veya y\u00fcksek kaliteli plastikten \u00fcretilmi\u015ftir.<\/p>\n<p class=\"MsoNormal\">Rahat kullan\u0131m i\u00e7in p\u00fcr\u00fczs\u00fcz ve g\u00fcvenli kenarlar.<\/p>\n<p class=\"MsoNormal\">Y\u00fcksek Performans:<\/p>\n<p class=\"MsoNormal\">H\u0131zl\u0131, sessiz ve d\u00fczg\u00fcn d\u00f6n\u00fc\u015f i\u00e7in hassas mekanizma ve y\u00fcksek kaliteli rulmanlarla donat\u0131lm\u0131\u015ft\u0131r.<\/p>\n<p class=\"MsoNormal\">Maksimum keyif i\u00e7in uzat\u0131lm\u0131\u015f d\u00f6n\u00fc\u015f s\u00fcresi.<\/p>\n<p class=\"MsoNormal\">Ta\u015f\u0131nabilir ve Hafif:<\/p>\n<p class=\"MsoNormal\">Kompakt boyutu ve hafif yap\u0131s\u0131yla \u00e7antan\u0131zda veya cebinizde ta\u015f\u0131mak i\u00e7in idealdir.<\/p>\n<p class=\"MsoNormal\">Ofisten g\u00fcnl\u00fck hayat\u0131n\u0131za kadar her yerde kullanabilirsiniz.<\/p>\n<p class=\"MsoNormal\">Faydalar:<\/p>\n<p class=\"MsoNormal\">Stresi azalt\u0131r ve rahatlamaya yard\u0131mc\u0131 olur.<\/p>\n<p class=\"MsoNormal\">Ders \u00e7al\u0131\u015f\u0131rken veya \u00e7al\u0131\u015f\u0131rken konsantrasyonu ve odaklanmay\u0131 art\u0131r\u0131r.<\/p>\n<p class=\"MsoNormal\">\u0130stihdam ve e\u011flence i\u00e7in m\u00fckemmel bir ara\u00e7.<\/p>\n<p class=\"MsoNormal\">3D Fidget Spinner, e\u011flence, stil ve i\u015flevselli\u011fi bir araya getirerek hediye veya ki\u015fisel kullan\u0131m i\u00e7in e\u015fsiz bir se\u00e7imdir!<\/p>","protected":false},"excerpt":{"rendered":"<p>3D Fidget Spinner, e\u011flence ve huzurun e\u015fsiz bir deneyimini sunmak i\u00e7in tasarlanm\u0131\u015f, yenilik\u00e7i ve modern bir rahatlama oyunca\u011f\u0131d\u0131r.<\/p>","protected":false},"featured_media":4858,"comment_status":"open","ping_status":"closed","template":"","meta":{"site-sidebar-layout":"default","site-content-layout":"","ast-site-content-layout":"default","site-content-style":"default","site-sidebar-style":"default","ast-global-header-display":"","ast-banner-title-visibility":"","ast-main-header-display":"","ast-hfb-above-header-display":"","ast-hfb-below-header-display":"","ast-hfb-mobile-header-display":"","site-post-title":"","ast-breadcrumbs-content":"","ast-featured-img":"","footer-sml-layout":"","ast-disable-related-posts":"","theme-transparent-header-meta":"default","adv-header-id-meta":"","stick-header-meta":"","header-above-stick-meta":"","header-main-stick-meta":"","header-below-stick-meta":"","astra-migrate-meta-layouts":"set","ast-page-background-enabled":"default","ast-page-background-meta":{"desktop":{"background-color":"var(--ast-global-color-5)","background-image":"","background-repeat":"repeat","background-position":"center center","background-size":"auto","background-attachment":"scroll","background-type":"","background-media":"","overlay-type":"","overlay-color":"","overlay-opacity":"","overlay-gradient":""},"tablet":{"background-color":"","background-image":"","background-repeat":"repeat","background-position":"center center","background-size":"auto","background-attachment":"scroll","background-type":"","background-media":"","overlay-type":"","overlay-color":"","overlay-opacity":"","overlay-gradient":""},"mobile":{"background-color":"","background-image":"","background-repeat":"repeat","background-position":"center center","background-size":"auto","background-attachment":"scroll","background-type":"","background-media":"","overlay-type":"","overlay-color":"","overlay-opacity":"","overlay-gradient":""}},"ast-content-background-meta":{"desktop":{"background-color":"var(--ast-global-color-4)","background-image":"","background-repeat":"repeat","background-position":"center center","background-size":"auto","background-attachment":"scroll","background-type":"","background-media":"","overlay-type":"","overlay-color":"","overlay-opacity":"","overlay-gradient":""},"tablet":{"background-color":"var(--ast-global-color-4)","background-image":"","background-repeat":"repeat","background-position":"center center","background-size":"auto","background-attachment":"scroll","background-type":"","background-media":"","overlay-type":"","overlay-color":"","overlay-opacity":"","overlay-gradient":""},"mobile":{"background-color":"var(--ast-global-color-4)","background-image":"","background-repeat":"repeat","background-position":"center center","background-size":"auto","background-attachment":"scroll","background-type":"","background-media":"","overlay-type":"","overlay-color":"","overlay-opacity":"","overlay-gradient":""}}},"product_brand":[107],"product_cat":[126,50,56,47,37,35,40,30,55],"product_tag":[],"class_list":{"0":"post-6812","1":"product","2":"type-product","3":"status-publish","4":"has-post-thumbnail","6":"product_brand-ngs","7":"product_cat-126","8":"product_cat-50","9":"product_cat-56","10":"product_cat-47","11":"product_cat-37","12":"product_cat--10-12-","13":"product_cat--12-","14":"product_cat--6-9-","15":"product_cat-55","16":"desktop-align-left","17":"tablet-align-left","18":"mobile-align-left","20":"first","21":"outofstock","22":"taxable","23":"shipping-taxable","24":"purchasable","25":"product-type-simple"},"_links":{"self":[{"href":"https:\/\/stem-eshop.gr\/tr\/wp-json\/wp\/v2\/product\/6812","targetHints":{"allow":["GET"]}}],"collection":[{"href":"https:\/\/stem-eshop.gr\/tr\/wp-json\/wp\/v2\/product"}],"about":[{"href":"https:\/\/stem-eshop.gr\/tr\/wp-json\/wp\/v2\/types\/product"}],"replies":[{"embeddable":true,"href":"https:\/\/stem-eshop.gr\/tr\/wp-json\/wp\/v2\/comments?post=6812"}],"wp:featuredmedia":[{"embeddable":true,"href":"https:\/\/stem-eshop.gr\/tr\/wp-json\/wp\/v2\/media\/4858"}],"wp:attachment":[{"href":"https:\/\/stem-eshop.gr\/tr\/wp-json\/wp\/v2\/media?parent=6812"}],"wp:term":[{"taxonomy":"product_brand","embeddable":true,"href":"https:\/\/stem-eshop.gr\/tr\/wp-json\/wp\/v2\/product_brand?post=6812"},{"taxonomy":"product_cat","embeddable":true,"href":"https:\/\/stem-eshop.gr\/tr\/wp-json\/wp\/v2\/product_cat?post=6812"},{"taxonomy":"product_tag","embeddable":true,"href":"https:\/\/stem-eshop.gr\/tr\/wp-json\/wp\/v2\/product_tag?post=6812"}],"curies":[{"name":"wp","href":"https:\/\/api.w.org\/{rel}","templated":true}]}}