{"id":6810,"date":"2025-05-19T08:51:52","date_gmt":"2025-05-19T08:51:52","guid":{"rendered":"https:\/\/stem-eshop.gr\/product\/%ce%bc%ce%af%ce%bd%ce%b9-%ce%bc%cf%80%cf%81%ce%b5%ce%bb%cf%8c%ce%ba-%ce%ba%cf%8d%ce%b2%ce%bf%cf%82-%cf%84%ce%bf%cf%85-rubik-3x3\/"},"modified":"2025-05-22T07:40:45","modified_gmt":"2025-05-22T07:40:45","slug":"%ce%bc%ce%af%ce%bd%ce%b9-%ce%bc%cf%80%cf%81%ce%b5%ce%bb%cf%8c%ce%ba-%ce%ba%cf%8d%ce%b2%ce%bf%cf%82-%cf%84%ce%bf%cf%85-rubik-3x3","status":"publish","type":"product","link":"https:\/\/stem-eshop.gr\/tr\/urun\/%ce%bc%ce%af%ce%bd%ce%b9-%ce%bc%cf%80%cf%81%ce%b5%ce%bb%cf%8c%ce%ba-%ce%ba%cf%8d%ce%b2%ce%bf%cf%82-%cf%84%ce%bf%cf%85-rubik-3x3\/","title":{"rendered":"Mini Anahtarl\u0131k Rubik K\u00fcp\u00fc 3\u00d73"},"content":{"rendered":"<p class=\"MsoNormal\">Boyutlar\u0131: Genellikle her iki tarafta 3 cm&#039;den azd\u0131r, bu nedenle ta\u015f\u0131nmas\u0131 kolayd\u0131r.<\/p>\n<\/p>\n<p class=\"MsoNormal\">\u0130\u015flevsellik: K\u00fc\u00e7\u00fck boyutuna ra\u011fmen, normal bir 3x3 k\u00fcp gibi kenarlar\u0131n\u0131 d\u00f6nd\u00fcrme yetene\u011fi ile tam i\u015flevseldir.<\/p>\n<\/p>\n<p class=\"MsoNormal\">Yap\u0131 Malzemesi: Kal\u0131n, a\u00e7\u0131k\u00e7a g\u00f6r\u00fclebilen renkli kenarlara sahip dayan\u0131kl\u0131 plastikten yap\u0131lm\u0131\u015ft\u0131r.<\/p>\n<\/p>\n<p class=\"MsoNormal\">Ba\u011flant\u0131: Anahtarlara, \u00e7antalara veya fermuarlara kolayca takabilmeniz i\u00e7in zincir veya anahtarl\u0131k i\u00e7erir.<\/p>\n<\/p>\n<p class=\"MsoNormal\">Uygulamalar: Koleksiyoncular, Rubik K\u00fcp\u00fc merakl\u0131lar\u0131 veya her zaman yanlar\u0131nda k\u00fc\u00e7\u00fck ve e\u011flenceli bir bulmaca bulundurmak isteyen herkes i\u00e7in idealdir.<\/p>\n<\/p>\n<p class=\"MsoNormal\">A\u011f\u0131rl\u0131k: Hafif, g\u00fcnl\u00fck kullan\u0131ma uygundur.<\/p>\n<\/p>\n<p class=\"MsoNormal\">Bu mini anahtarl\u0131k, kullan\u0131m ve oyunun benzersiz bir birle\u015fimi olup, k\u00fc\u00e7\u00fck boyutuyla e\u011flenceli bir meydan okuma sunuyor!<\/p><\/p>","protected":false},"excerpt":{"rendered":"<p>Mini Rubik K\u00fcp\u00fc 3\u00d73 Anahtarl\u0131k, hareket halindeyken e\u011flence sa\u011flamak i\u00e7in tasarlanm\u0131\u015f klasik Rubik K\u00fcp\u00fcn\u00fcn minyat\u00fcr versiyonudur.<\/p>","protected":false},"featured_media":4849,"comment_status":"open","ping_status":"closed","template":"","meta":{"site-sidebar-layout":"default","site-content-layout":"","ast-site-content-layout":"default","site-content-style":"default","site-sidebar-style":"default","ast-global-header-display":"","ast-banner-title-visibility":"","ast-main-header-display":"","ast-hfb-above-header-display":"","ast-hfb-below-header-display":"","ast-hfb-mobile-header-display":"","site-post-title":"","ast-breadcrumbs-content":"","ast-featured-img":"","footer-sml-layout":"","ast-disable-related-posts":"","theme-transparent-header-meta":"","adv-header-id-meta":"","stick-header-meta":"","header-above-stick-meta":"","header-main-stick-meta":"","header-below-stick-meta":"","astra-migrate-meta-layouts":"default","ast-page-background-enabled":"default","ast-page-background-meta":{"desktop":{"background-color":"var(--ast-global-color-5)","background-image":"","background-repeat":"repeat","background-position":"center center","background-size":"auto","background-attachment":"scroll","background-type":"","background-media":"","overlay-type":"","overlay-color":"","overlay-opacity":"","overlay-gradient":""},"tablet":{"background-color":"","background-image":"","background-repeat":"repeat","background-position":"center center","background-size":"auto","background-attachment":"scroll","background-type":"","background-media":"","overlay-type":"","overlay-color":"","overlay-opacity":"","overlay-gradient":""},"mobile":{"background-color":"","background-image":"","background-repeat":"repeat","background-position":"center center","background-size":"auto","background-attachment":"scroll","background-type":"","background-media":"","overlay-type":"","overlay-color":"","overlay-opacity":"","overlay-gradient":""}},"ast-content-background-meta":{"desktop":{"background-color":"var(--ast-global-color-4)","background-image":"","background-repeat":"repeat","background-position":"center center","background-size":"auto","background-attachment":"scroll","background-type":"","background-media":"","overlay-type":"","overlay-color":"","overlay-opacity":"","overlay-gradient":""},"tablet":{"background-color":"var(--ast-global-color-4)","background-image":"","background-repeat":"repeat","background-position":"center center","background-size":"auto","background-attachment":"scroll","background-type":"","background-media":"","overlay-type":"","overlay-color":"","overlay-opacity":"","overlay-gradient":""},"mobile":{"background-color":"var(--ast-global-color-4)","background-image":"","background-repeat":"repeat","background-position":"center center","background-size":"auto","background-attachment":"scroll","background-type":"","background-media":"","overlay-type":"","overlay-color":"","overlay-opacity":"","overlay-gradient":""}}},"product_brand":[107],"product_cat":[126,50,56,47,37,35,40,30,55],"product_tag":[],"class_list":{"0":"post-6810","1":"product","2":"type-product","3":"status-publish","4":"has-post-thumbnail","6":"product_brand-ngs","7":"product_cat-126","8":"product_cat-50","9":"product_cat-56","10":"product_cat-47","11":"product_cat-37","12":"product_cat--10-12-","13":"product_cat--12-","14":"product_cat--6-9-","15":"product_cat-55","16":"desktop-align-left","17":"tablet-align-left","18":"mobile-align-left","20":"first","21":"instock","22":"taxable","23":"shipping-taxable","24":"purchasable","25":"product-type-simple"},"_links":{"self":[{"href":"https:\/\/stem-eshop.gr\/tr\/wp-json\/wp\/v2\/product\/6810","targetHints":{"allow":["GET"]}}],"collection":[{"href":"https:\/\/stem-eshop.gr\/tr\/wp-json\/wp\/v2\/product"}],"about":[{"href":"https:\/\/stem-eshop.gr\/tr\/wp-json\/wp\/v2\/types\/product"}],"replies":[{"embeddable":true,"href":"https:\/\/stem-eshop.gr\/tr\/wp-json\/wp\/v2\/comments?post=6810"}],"wp:featuredmedia":[{"embeddable":true,"href":"https:\/\/stem-eshop.gr\/tr\/wp-json\/wp\/v2\/media\/4849"}],"wp:attachment":[{"href":"https:\/\/stem-eshop.gr\/tr\/wp-json\/wp\/v2\/media?parent=6810"}],"wp:term":[{"taxonomy":"product_brand","embeddable":true,"href":"https:\/\/stem-eshop.gr\/tr\/wp-json\/wp\/v2\/product_brand?post=6810"},{"taxonomy":"product_cat","embeddable":true,"href":"https:\/\/stem-eshop.gr\/tr\/wp-json\/wp\/v2\/product_cat?post=6810"},{"taxonomy":"product_tag","embeddable":true,"href":"https:\/\/stem-eshop.gr\/tr\/wp-json\/wp\/v2\/product_tag?post=6810"}],"curies":[{"name":"wp","href":"https:\/\/api.w.org\/{rel}","templated":true}]}}