{"id":6802,"date":"2025-05-19T08:51:40","date_gmt":"2025-05-19T08:51:40","guid":{"rendered":"https:\/\/stem-eshop.gr\/product\/%ce%ba%cf%8d%ce%b2%ce%bf%cf%82-%cf%84%ce%bf%cf%85-rubik-6x6\/"},"modified":"2025-05-22T07:50:33","modified_gmt":"2025-05-22T07:50:33","slug":"%ce%ba%cf%8d%ce%b2%ce%bf%cf%82-%cf%84%ce%bf%cf%85-rubik-6x6","status":"publish","type":"product","link":"https:\/\/stem-eshop.gr\/tr\/urun\/%ce%ba%cf%8d%ce%b2%ce%bf%cf%82-%cf%84%ce%bf%cf%85-rubik-6x6\/","title":{"rendered":"Rubik K\u00fcp\u00fc 6\u00d76"},"content":{"rendered":"<p class=\"MsoNormal\">\u00d6zellikler:<\/p>\n<p>Geli\u015fmi\u015f Tasar\u0131m: 6x6 k\u00fcp, klasik k\u00fcplerden daha fazla zorluk sundu\u011fundan ileri d\u00fczey kullan\u0131c\u0131lar i\u00e7in idealdir.<\/p>\n<p>Y\u00fcksek Kaliteli Malzemeler: Kolay kullan\u0131m i\u00e7in yumu\u015fak d\u00f6n\u00fc\u015fl\u00fc dayan\u0131kl\u0131 plastikten \u00fcretilmi\u015ftir.<\/p>\n<p>Duyusal Uyar\u0131m: El-g\u00f6z koordinasyonunu ve ince motor becerilerini geli\u015ftirmeye yard\u0131mc\u0131 olur.<\/p>\n<p>Ta\u015f\u0131nabilir ve Hafif: Her yere ta\u015f\u0131mak ve e\u011flenmek i\u00e7in idealdir.<\/p>\n<p class=\"MsoNormal\">Faydalar:<\/p>\n<p>Zihinsel Geli\u015fim: Mant\u0131ksal d\u00fc\u015f\u00fcnmeyi, problem \u00e7\u00f6zmeyi ve sabr\u0131 geli\u015ftirir.<\/p>\n<p>E\u011flenceli \u00d6\u011frenme: \u00c7ocuklar\u0131n \u00f6nemli beceriler \u00f6\u011frenirken me\u015fgul olmalar\u0131n\u0131 sa\u011flaman\u0131n bir yolu.<\/p>\n<p>Her Ya\u015fa Uygun: Bulmacalar\u0131 seven hem \u00e7ocuklar hem de yeti\u015fkinler i\u00e7in bir meydan okuma sunuyor.<\/p>\n<p class=\"MsoNormal\">Onun K\u00fcp\u00fc\u00a0<span lang=\"en-us\" xml:lang=\"en-us\">Rubik<\/span> Bulmaca \u00e7\u00f6zmekten ho\u015flanan ve becerilerini geli\u015ftirmek isteyen \u00e7ocuklar i\u00e7in harika bir hediye olan 6x6, ayn\u0131 zamanda e\u011flence ve e\u011fitim de\u011feri de sunuyor!<\/p>","protected":false},"excerpt":{"rendered":"<p>Rubik K\u00fcp\u00fc 6x6, \u00e7ocuklar\u0131n zihinsel geli\u015fimi i\u00e7in tasarlanm\u0131\u015f, stratejik d\u00fc\u015f\u00fcnme, sab\u0131r ve problem \u00e7\u00f6zme becerilerini geli\u015ftiren e\u011fitici bir oyuncakt\u0131r. 6 farkl\u0131 zorluk seviyesiyle, en deneyimli k\u00fcp bulmaca merakl\u0131lar\u0131 i\u00e7in bile zorlu bir oyundur.<\/p>","protected":false},"featured_media":4803,"comment_status":"open","ping_status":"closed","template":"","meta":{"site-sidebar-layout":"default","site-content-layout":"","ast-site-content-layout":"default","site-content-style":"default","site-sidebar-style":"default","ast-global-header-display":"","ast-banner-title-visibility":"","ast-main-header-display":"","ast-hfb-above-header-display":"","ast-hfb-below-header-display":"","ast-hfb-mobile-header-display":"","site-post-title":"","ast-breadcrumbs-content":"","ast-featured-img":"","footer-sml-layout":"","ast-disable-related-posts":"","theme-transparent-header-meta":"default","adv-header-id-meta":"","stick-header-meta":"","header-above-stick-meta":"","header-main-stick-meta":"","header-below-stick-meta":"","astra-migrate-meta-layouts":"set","ast-page-background-enabled":"default","ast-page-background-meta":{"desktop":{"background-color":"var(--ast-global-color-5)","background-image":"","background-repeat":"repeat","background-position":"center center","background-size":"auto","background-attachment":"scroll","background-type":"","background-media":"","overlay-type":"","overlay-color":"","overlay-opacity":"","overlay-gradient":""},"tablet":{"background-color":"","background-image":"","background-repeat":"repeat","background-position":"center center","background-size":"auto","background-attachment":"scroll","background-type":"","background-media":"","overlay-type":"","overlay-color":"","overlay-opacity":"","overlay-gradient":""},"mobile":{"background-color":"","background-image":"","background-repeat":"repeat","background-position":"center center","background-size":"auto","background-attachment":"scroll","background-type":"","background-media":"","overlay-type":"","overlay-color":"","overlay-opacity":"","overlay-gradient":""}},"ast-content-background-meta":{"desktop":{"background-color":"var(--ast-global-color-4)","background-image":"","background-repeat":"repeat","background-position":"center center","background-size":"auto","background-attachment":"scroll","background-type":"","background-media":"","overlay-type":"","overlay-color":"","overlay-opacity":"","overlay-gradient":""},"tablet":{"background-color":"var(--ast-global-color-4)","background-image":"","background-repeat":"repeat","background-position":"center center","background-size":"auto","background-attachment":"scroll","background-type":"","background-media":"","overlay-type":"","overlay-color":"","overlay-opacity":"","overlay-gradient":""},"mobile":{"background-color":"var(--ast-global-color-4)","background-image":"","background-repeat":"repeat","background-position":"center center","background-size":"auto","background-attachment":"scroll","background-type":"","background-media":"","overlay-type":"","overlay-color":"","overlay-opacity":"","overlay-gradient":""}}},"product_brand":[107],"product_cat":[126,50,56,47,37,35,40,55],"product_tag":[],"class_list":{"0":"post-6802","1":"product","2":"type-product","3":"status-publish","4":"has-post-thumbnail","6":"product_brand-ngs","7":"product_cat-126","8":"product_cat-50","9":"product_cat-56","10":"product_cat-47","11":"product_cat-37","12":"product_cat--10-12-","13":"product_cat--12-","14":"product_cat-55","15":"desktop-align-left","16":"tablet-align-left","17":"mobile-align-left","19":"first","20":"instock","21":"taxable","22":"shipping-taxable","23":"purchasable","24":"product-type-simple"},"_links":{"self":[{"href":"https:\/\/stem-eshop.gr\/tr\/wp-json\/wp\/v2\/product\/6802","targetHints":{"allow":["GET"]}}],"collection":[{"href":"https:\/\/stem-eshop.gr\/tr\/wp-json\/wp\/v2\/product"}],"about":[{"href":"https:\/\/stem-eshop.gr\/tr\/wp-json\/wp\/v2\/types\/product"}],"replies":[{"embeddable":true,"href":"https:\/\/stem-eshop.gr\/tr\/wp-json\/wp\/v2\/comments?post=6802"}],"wp:featuredmedia":[{"embeddable":true,"href":"https:\/\/stem-eshop.gr\/tr\/wp-json\/wp\/v2\/media\/4803"}],"wp:attachment":[{"href":"https:\/\/stem-eshop.gr\/tr\/wp-json\/wp\/v2\/media?parent=6802"}],"wp:term":[{"taxonomy":"product_brand","embeddable":true,"href":"https:\/\/stem-eshop.gr\/tr\/wp-json\/wp\/v2\/product_brand?post=6802"},{"taxonomy":"product_cat","embeddable":true,"href":"https:\/\/stem-eshop.gr\/tr\/wp-json\/wp\/v2\/product_cat?post=6802"},{"taxonomy":"product_tag","embeddable":true,"href":"https:\/\/stem-eshop.gr\/tr\/wp-json\/wp\/v2\/product_tag?post=6802"}],"curies":[{"name":"wp","href":"https:\/\/api.w.org\/{rel}","templated":true}]}}