{"id":6797,"date":"2025-05-19T08:51:31","date_gmt":"2025-05-19T08:51:31","guid":{"rendered":"https:\/\/stem-eshop.gr\/product\/%ce%be%cf%8d%ce%bb%ce%b9%ce%bd%ce%bf-%cf%80%ce%b1%ce%b6%ce%bb-%ce%bc%ce%b1%ce%b3%ce%b9%ce%ba%ce%ae-%ce%bc%cf%80%ce%ac%ce%bb%ce%b1-%ce%b5%ce%ba%cf%80%ce%b1%ce%b9%ce%b4%ce%b5%cf%85%cf%84%ce%b9%ce%ba\/"},"modified":"2025-12-21T15:23:06","modified_gmt":"2025-12-21T12:23:06","slug":"%ce%be%cf%8d%ce%bb%ce%b9%ce%bd%ce%bf-%cf%80%ce%b1%ce%b6%ce%bb-%ce%bc%ce%b1%ce%b3%ce%b9%ce%ba%ce%ae-%ce%bc%cf%80%ce%ac%ce%bb%ce%b1-%ce%b5%ce%ba%cf%80%ce%b1%ce%b9%ce%b4%ce%b5%cf%85%cf%84%ce%b9%ce%ba","status":"publish","type":"product","link":"https:\/\/stem-eshop.gr\/tr\/urun\/%ce%be%cf%8d%ce%bb%ce%b9%ce%bd%ce%bf-%cf%80%ce%b1%ce%b6%ce%bb-%ce%bc%ce%b1%ce%b3%ce%b9%ce%ba%ce%ae-%ce%bc%cf%80%ce%ac%ce%bb%ce%b1-%ce%b5%ce%ba%cf%80%ce%b1%ce%b9%ce%b4%ce%b5%cf%85%cf%84%ce%b9%ce%ba\/","title":{"rendered":"Ah\u015fap Bulmaca &quot;Sihirli Top&quot; \u2013 E\u011fitici Zeka Oyunu"},"content":{"rendered":"<p class=\"MsoNormal\">\u00d6zellikler:<\/p>\n<p class=\"MsoNormal\">Yenilik\u00e7i Tasar\u0131m: &quot;Sihirli Top&quot;, k\u00fcresel bir \u015fekil olu\u015fturacak \u015fekilde bir araya getirilmesi gereken ah\u015fap par\u00e7alardan olu\u015fuyor. Stratejik d\u00fc\u015f\u00fcnme ve sab\u0131r gerektiriyor.<\/p>\n<p class=\"MsoNormal\">E\u011flenceyle E\u011fitim: Mant\u0131ksal d\u00fc\u015f\u00fcnmeyi, yarat\u0131c\u0131l\u0131\u011f\u0131 ve problem \u00e7\u00f6zmeyi geli\u015ftirir.<\/p>\n<p class=\"MsoNormal\">Y\u00fcksek Kaliteli Malzemeler: G\u00fcvenlik ve dayan\u0131kl\u0131l\u0131k i\u00e7in p\u00fcr\u00fczs\u00fcz bir y\u00fczeye sahip, do\u011fal, \u00e7evre dostu ah\u015faptan \u00fcretilmi\u015ftir.<\/p>\n<p class=\"MsoNormal\">Ta\u015f\u0131nabilir Boyut: Ta\u015f\u0131mas\u0131 kolayd\u0131r, sonsuz e\u011flence i\u00e7in her yere g\u00f6t\u00fcrebilirsiniz.<\/p>\n<p class=\"MsoNormal\">Faydalar:<\/p>\n<p class=\"MsoNormal\">Konsantrasyonu ve sabr\u0131 artt\u0131r\u0131r.<\/p>\n<p class=\"MsoNormal\">Motor becerilerini ve el-g\u00f6z koordinasyonunu geli\u015ftirmek i\u00e7in idealdir.<\/p>\n<p class=\"MsoNormal\">Her ya\u015fa uygun, e\u011flenceli ve zorlu bir deneyim sunuyor.<\/p>\n<p><span style=\"font-size: 11pt; line-height: 107%; font-family: Calibri, sans-serif;\">Bu oyun, zorluklar\u0131 sevenler i\u00e7in m\u00fckemmel bir hediye olmas\u0131n\u0131n yan\u0131 s\u0131ra, \u00e7ocuklarla birlikte e\u011fitim ama\u00e7l\u0131 da kullan\u0131labilecek m\u00fckemmel bir ara\u00e7t\u0131r!!<\/span><\/p>","protected":false},"excerpt":{"rendered":"<p>Ah\u015fap Bulmaca \u201cSihirli Top\u201d<strong>&#8220;<\/strong> E\u011flenceyi zihinsel becerilerle birle\u015ftiren e\u011fitici bir oyundur. Benzersiz tasar\u0131m\u0131yla, hem \u00e7ocuklar hem de yeti\u015fkinler i\u00e7in ideal, zorlu bir bulmaca \u00e7\u00f6zme deneyimi sunar.<\/p>","protected":false},"featured_media":4776,"comment_status":"open","ping_status":"closed","template":"","meta":{"site-sidebar-layout":"default","site-content-layout":"","ast-site-content-layout":"default","site-content-style":"default","site-sidebar-style":"default","ast-global-header-display":"","ast-banner-title-visibility":"","ast-main-header-display":"","ast-hfb-above-header-display":"","ast-hfb-below-header-display":"","ast-hfb-mobile-header-display":"","site-post-title":"","ast-breadcrumbs-content":"","ast-featured-img":"","footer-sml-layout":"","ast-disable-related-posts":"","theme-transparent-header-meta":"default","adv-header-id-meta":"","stick-header-meta":"","header-above-stick-meta":"","header-main-stick-meta":"","header-below-stick-meta":"","astra-migrate-meta-layouts":"set","ast-page-background-enabled":"default","ast-page-background-meta":{"desktop":{"background-color":"var(--ast-global-color-5)","background-image":"","background-repeat":"repeat","background-position":"center center","background-size":"auto","background-attachment":"scroll","background-type":"","background-media":"","overlay-type":"","overlay-color":"","overlay-opacity":"","overlay-gradient":""},"tablet":{"background-color":"","background-image":"","background-repeat":"repeat","background-position":"center center","background-size":"auto","background-attachment":"scroll","background-type":"","background-media":"","overlay-type":"","overlay-color":"","overlay-opacity":"","overlay-gradient":""},"mobile":{"background-color":"","background-image":"","background-repeat":"repeat","background-position":"center center","background-size":"auto","background-attachment":"scroll","background-type":"","background-media":"","overlay-type":"","overlay-color":"","overlay-opacity":"","overlay-gradient":""}},"ast-content-background-meta":{"desktop":{"background-color":"var(--ast-global-color-4)","background-image":"","background-repeat":"repeat","background-position":"center center","background-size":"auto","background-attachment":"scroll","background-type":"","background-media":"","overlay-type":"","overlay-color":"","overlay-opacity":"","overlay-gradient":""},"tablet":{"background-color":"var(--ast-global-color-4)","background-image":"","background-repeat":"repeat","background-position":"center center","background-size":"auto","background-attachment":"scroll","background-type":"","background-media":"","overlay-type":"","overlay-color":"","overlay-opacity":"","overlay-gradient":""},"mobile":{"background-color":"var(--ast-global-color-4)","background-image":"","background-repeat":"repeat","background-position":"center center","background-size":"auto","background-attachment":"scroll","background-type":"","background-media":"","overlay-type":"","overlay-color":"","overlay-opacity":"","overlay-gradient":""}}},"product_brand":[107],"product_cat":[43,56,47,37,40,55],"product_tag":[],"class_list":{"0":"post-6797","1":"product","2":"type-product","3":"status-publish","4":"has-post-thumbnail","6":"product_brand-ngs","7":"product_cat-43","8":"product_cat-56","9":"product_cat-47","10":"product_cat-37","11":"product_cat--12-","12":"product_cat-55","13":"desktop-align-left","14":"tablet-align-left","15":"mobile-align-left","17":"first","18":"outofstock","19":"taxable","20":"shipping-taxable","21":"purchasable","22":"product-type-simple"},"_links":{"self":[{"href":"https:\/\/stem-eshop.gr\/tr\/wp-json\/wp\/v2\/product\/6797","targetHints":{"allow":["GET"]}}],"collection":[{"href":"https:\/\/stem-eshop.gr\/tr\/wp-json\/wp\/v2\/product"}],"about":[{"href":"https:\/\/stem-eshop.gr\/tr\/wp-json\/wp\/v2\/types\/product"}],"replies":[{"embeddable":true,"href":"https:\/\/stem-eshop.gr\/tr\/wp-json\/wp\/v2\/comments?post=6797"}],"wp:featuredmedia":[{"embeddable":true,"href":"https:\/\/stem-eshop.gr\/tr\/wp-json\/wp\/v2\/media\/4776"}],"wp:attachment":[{"href":"https:\/\/stem-eshop.gr\/tr\/wp-json\/wp\/v2\/media?parent=6797"}],"wp:term":[{"taxonomy":"product_brand","embeddable":true,"href":"https:\/\/stem-eshop.gr\/tr\/wp-json\/wp\/v2\/product_brand?post=6797"},{"taxonomy":"product_cat","embeddable":true,"href":"https:\/\/stem-eshop.gr\/tr\/wp-json\/wp\/v2\/product_cat?post=6797"},{"taxonomy":"product_tag","embeddable":true,"href":"https:\/\/stem-eshop.gr\/tr\/wp-json\/wp\/v2\/product_tag?post=6797"}],"curies":[{"name":"wp","href":"https:\/\/api.w.org\/{rel}","templated":true}]}}