{"id":6794,"date":"2025-05-19T08:51:26","date_gmt":"2025-05-19T08:51:26","guid":{"rendered":"https:\/\/stem-eshop.gr\/product\/%ce%bc%ce%b1%ce%b8%ce%b1%ce%af%ce%bd%cf%89-%ce%ba%ce%b1%ce%b9-%ce%b4%ce%b7%ce%bc%ce%b9%ce%bf%cf%85%cf%81%ce%b3%cf%8e-lab-%ce%b5%ce%ba%cf%80%ce%b1%ce%b9%ce%b4%ce%b5%cf%85%cf%84%ce%b9%ce%ba%cf%8c-4\/"},"modified":"2025-05-22T21:13:26","modified_gmt":"2025-05-22T18:13:26","slug":"%ce%bc%ce%b1%ce%b8%ce%b1%ce%af%ce%bd%cf%89-%ce%ba%ce%b1%ce%b9-%ce%b4%ce%b7%ce%bc%ce%b9%ce%bf%cf%85%cf%81%ce%b3%cf%8e-lab-%ce%b5%ce%ba%cf%80%ce%b1%ce%b9%ce%b4%ce%b5%cf%85%cf%84%ce%b9%ce%ba%cf%8c-4","status":"publish","type":"product","link":"https:\/\/stem-eshop.gr\/tr\/urun\/%ce%bc%ce%b1%ce%b8%ce%b1%ce%af%ce%bd%cf%89-%ce%ba%ce%b1%ce%b9-%ce%b4%ce%b7%ce%bc%ce%b9%ce%bf%cf%85%cf%81%ce%b3%cf%8e-lab-%ce%b5%ce%ba%cf%80%ce%b1%ce%b9%ce%b4%ce%b5%cf%85%cf%84%ce%b9%ce%ba%cf%8c-4\/","title":{"rendered":"Harika Beyinler \u0130\u00e7in Laboratuvar E\u011fitici Oyun Anatomisi \u00d6\u011freniyorum ve Olu\u015fturuyorum"},"content":{"rendered":"<p class=\"MsoNormal\">Oyun \u015funlar\u0131 i\u00e7erir:<\/p>\n<\/p>\n<p>Beyin ve omurlar aras\u0131 diskler i\u00e7in kal\u0131p<\/p>\n<\/p>\n<p>Omurga kal\u0131b\u0131<\/p>\n<\/p>\n<p>Plastik kafatas\u0131<\/p>\n<\/p>\n<p>Di\u015fler<\/p>\n<\/p>\n<p>G\u00f6zler ve yaylar<\/p>\n<\/p>\n<p>Ayakl\u0131 taban<\/p>\n<\/p>\n<p>Boru<\/p>\n<\/p>\n<p>Al\u00e7\u0131 torbas\u0131<\/p>\n<\/p>\n<p>Ludogel \u00c7antas\u0131<\/p>\n<\/p>\n<p>G\u00f6z \u00e7\u0131kartmalar\u0131<\/p>\n<\/p>\n<p>Resimli kartlar<\/p>\n<\/p>\n<p>Spatula<\/p>\n<\/p>\n<p>Resimli k\u0131lavuz<\/p><\/p>","protected":false},"excerpt":{"rendered":"<p class=\"MsoNormal\">Zihninizin i\u00e7indekileri g\u00f6rmeye haz\u0131r m\u0131s\u0131n\u0131z?<\/p>\n<\/p>\n<p class=\"MsoNormal\">\u0130nan\u0131lmaz bile\u015fenlerle bir araya getirilmeyi bekleyen bir insan kafatas\u0131 modeli! Jel beyin, al\u00e7\u0131 omurlar, diledi\u011finiz gibi ki\u015fiselle\u015ftirebilece\u011finiz g\u00f6zler ve ger\u00e7ekmi\u015f gibi hareket eden bir \u00e7ene! \u0130nsan anatomisi d\u00fcnyas\u0131n\u0131 en trend ve e\u011flenceli \u015fekilde ke\u015ffetmeniz i\u00e7in ger\u00e7ek bir bilimsel set. Beyni temsil eden malzemeler ve daha bir\u00e7ok aktiviteyle e\u011flence garanti! \u0130nsan anatomisiyle ilgili t\u00fcm konularda detayl\u0131 bilgiler i\u00e7eren resimli bir k\u0131lavuz da dahildir.<\/p><\/p>","protected":false},"featured_media":4761,"comment_status":"open","ping_status":"closed","template":"","meta":{"site-sidebar-layout":"default","site-content-layout":"","ast-site-content-layout":"default","site-content-style":"default","site-sidebar-style":"default","ast-global-header-display":"","ast-banner-title-visibility":"","ast-main-header-display":"","ast-hfb-above-header-display":"","ast-hfb-below-header-display":"","ast-hfb-mobile-header-display":"","site-post-title":"","ast-breadcrumbs-content":"","ast-featured-img":"","footer-sml-layout":"","ast-disable-related-posts":"","theme-transparent-header-meta":"","adv-header-id-meta":"","stick-header-meta":"","header-above-stick-meta":"","header-main-stick-meta":"","header-below-stick-meta":"","astra-migrate-meta-layouts":"default","ast-page-background-enabled":"default","ast-page-background-meta":{"desktop":{"background-color":"var(--ast-global-color-5)","background-image":"","background-repeat":"repeat","background-position":"center center","background-size":"auto","background-attachment":"scroll","background-type":"","background-media":"","overlay-type":"","overlay-color":"","overlay-opacity":"","overlay-gradient":""},"tablet":{"background-color":"","background-image":"","background-repeat":"repeat","background-position":"center center","background-size":"auto","background-attachment":"scroll","background-type":"","background-media":"","overlay-type":"","overlay-color":"","overlay-opacity":"","overlay-gradient":""},"mobile":{"background-color":"","background-image":"","background-repeat":"repeat","background-position":"center center","background-size":"auto","background-attachment":"scroll","background-type":"","background-media":"","overlay-type":"","overlay-color":"","overlay-opacity":"","overlay-gradient":""}},"ast-content-background-meta":{"desktop":{"background-color":"var(--ast-global-color-4)","background-image":"","background-repeat":"repeat","background-position":"center center","background-size":"auto","background-attachment":"scroll","background-type":"","background-media":"","overlay-type":"","overlay-color":"","overlay-opacity":"","overlay-gradient":""},"tablet":{"background-color":"var(--ast-global-color-4)","background-image":"","background-repeat":"repeat","background-position":"center center","background-size":"auto","background-attachment":"scroll","background-type":"","background-media":"","overlay-type":"","overlay-color":"","overlay-opacity":"","overlay-gradient":""},"mobile":{"background-color":"var(--ast-global-color-4)","background-image":"","background-repeat":"repeat","background-position":"center center","background-size":"auto","background-attachment":"scroll","background-type":"","background-media":"","overlay-type":"","overlay-color":"","overlay-opacity":"","overlay-gradient":""}}},"product_brand":[114],"product_cat":[53,43,44,39,38,56,35,30,58],"product_tag":[],"class_list":{"0":"post-6794","1":"product","2":"type-product","3":"status-publish","4":"has-post-thumbnail","6":"product_brand-mathenw","7":"product_cat-53","8":"product_cat-43","9":"product_cat-44","10":"product_cat-39","11":"product_cat-38","12":"product_cat-56","13":"product_cat--10-12-","14":"product_cat--6-9-","15":"product_cat-58","16":"desktop-align-left","17":"tablet-align-left","18":"mobile-align-left","20":"first","21":"instock","22":"taxable","23":"shipping-taxable","24":"purchasable","25":"product-type-simple"},"_links":{"self":[{"href":"https:\/\/stem-eshop.gr\/tr\/wp-json\/wp\/v2\/product\/6794","targetHints":{"allow":["GET"]}}],"collection":[{"href":"https:\/\/stem-eshop.gr\/tr\/wp-json\/wp\/v2\/product"}],"about":[{"href":"https:\/\/stem-eshop.gr\/tr\/wp-json\/wp\/v2\/types\/product"}],"replies":[{"embeddable":true,"href":"https:\/\/stem-eshop.gr\/tr\/wp-json\/wp\/v2\/comments?post=6794"}],"wp:featuredmedia":[{"embeddable":true,"href":"https:\/\/stem-eshop.gr\/tr\/wp-json\/wp\/v2\/media\/4761"}],"wp:attachment":[{"href":"https:\/\/stem-eshop.gr\/tr\/wp-json\/wp\/v2\/media?parent=6794"}],"wp:term":[{"taxonomy":"product_brand","embeddable":true,"href":"https:\/\/stem-eshop.gr\/tr\/wp-json\/wp\/v2\/product_brand?post=6794"},{"taxonomy":"product_cat","embeddable":true,"href":"https:\/\/stem-eshop.gr\/tr\/wp-json\/wp\/v2\/product_cat?post=6794"},{"taxonomy":"product_tag","embeddable":true,"href":"https:\/\/stem-eshop.gr\/tr\/wp-json\/wp\/v2\/product_tag?post=6794"}],"curies":[{"name":"wp","href":"https:\/\/api.w.org\/{rel}","templated":true}]}}